{"id":9140,"date":"2025-10-20T04:11:25","date_gmt":"2025-10-20T04:11:25","guid":{"rendered":"https:\/\/thanglongbeauty.vn\/san-pham\/kem-duong-nhu-hoa-hanayuki-pinkish-nipple\/"},"modified":"2026-05-14T09:32:34","modified_gmt":"2026-05-14T09:32:34","slug":"kem-duong-nhu-hoa-hanayuki-pinkish-nipple","status":"publish","type":"product","link":"https:\/\/thanglongbeauty.vn\/?product=kem-duong-nhu-hoa-hanayuki-pinkish-nipple","title":{"rendered":"kem D\u01b0\u1ee1ng nh\u0169 hoa hanayuki pinkish nipple"},"content":{"rendered":"<p>C\u00d4NG D\u1ee4NG:+\u00a0Pinkish Nipple Hanayuki l\u00e0 s\u1ea3n ph\u1ea9m d\u01b0\u1ee1ng da v\u00f9ng nh\u0169 hoa h\u1eb1ng ng\u00e0y, gi\u00fap nh\u0169 hoa lu\u00f4n tr\u1eafng h\u1ed3ng t\u01b0\u01a1i t\u1eafn, ng\u0103n ng\u1eeba nh\u0103n, n\u1ee9t da. \u0110\u1ed3ng th\u1eddi gi\u00fap da m\u1ecbn m\u00e0ng, t\u01b0\u01a1i t\u1eafn h\u01a1n.<br \/>\nTH\u00c0NH PH\u1ea6N CH\u00cdNH:<br \/>\n+ Niacinamide (Vitamin B3)<br \/>\n+ Alpha Arbutin (Chi\u1ebft xu\u1ea5t t\u1eeb c\u00e2y Bearberry)<br \/>\n+ Simmondsia Chinensis Seed Oil (d\u1ea7u Jojoba)<br \/>\n+ Centella Asiatica Extract (Chi\u1ebft xu\u1ea5t rau m\u00e1)<br \/>\n+ Chi\u1ebft xu\u1ea5t L\u00f4 h\u1ed9i<br \/>\n+ Lactic acid<br \/>\n+ Chi\u1ebft xu\u1ea5t n\u1ea5m men (Yeast extract)<\/p>\n<p>H\u01b0\u1edbng d\u1eabn s\u1eed d\u1ee5ng:<br \/>\n\u2013 L\u00e0m s\u1ea1ch v\u00f9ng nh\u0169 hoa<br \/>\n\u2013 Thoa l\u01b0\u1ee3ng kem v\u1eeba \u0111\u1ee7 l\u00ean v\u00f9ng nh\u0169 hoa<br \/>\n\u2013 S\u1eed d\u1ee5ng h\u1eb1ng ng\u00e0y \u0111\u1ec3 duy tr\u00ec v\u00f9ng nh\u0169 hoa lu\u00f4n s\u00e1ng h\u1ed3ng, m\u1ec1m m\u1ea1i.<br \/>\nN\u00ean s\u1eed d\u1ee5ng\u00a0Kem gi\u1ea3m th\u00e2m nh\u0169 hoa Hanayuki Pink Nipple\u00a0tr\u01b0\u1edbc khi d\u00f9ng s\u1ea3n ph\u1ea9m n\u00e0y. Khi n\u00e0o v\u00f9ng nh\u0169 hoa s\u00e1ng h\u1ed3ng \u01b0ng \u00fd m\u1edbi chuy\u1ec3n sang d\u00f9ng s\u1ea3n ph\u1ea9m n\u00e0y.<br \/>\nL\u01afU \u00dd:\u00a0<br \/>\n\u2013 Kh\u00f4ng s\u1eed d\u1ee5ng cho ph\u1ee5 n\u1eef mang thai v\u00e0 cho con b\u00fa.<\/p>\n","protected":false},"excerpt":{"rendered":"<p>C\u00d4NG D\u1ee4NG:+\u00a0Pinkish Nipple Hanayuki l\u00e0 s\u1ea3n ph\u1ea9m d\u01b0\u1ee1ng da v\u00f9ng nh\u0169 hoa h\u1eb1ng ng\u00e0y, gi\u00fap nh\u0169 hoa lu\u00f4n tr\u1eafng h\u1ed3ng t\u01b0\u01a1i t\u1eafn, ng\u0103n ng\u1eeba nh\u0103n, n\u1ee9t da. \u0110\u1ed3ng th\u1eddi gi\u00fap da m\u1ecbn m\u00e0ng, t\u01b0\u01a1i t\u1eafn h\u01a1n. TH\u00c0NH PH\u1ea6N CH\u00cdNH: + Niacinamide (Vitamin B3) + Alpha Arbutin (Chi\u1ebft xu\u1ea5t t\u1eeb c\u00e2y Bearberry) + Simmondsia Chinensis Seed&#8230;<\/p>\n","protected":false},"featured_media":8180,"comment_status":"open","ping_status":"closed","template":"","meta":[],"product_brand":[1556],"product_cat":[15,1479],"product_tag":[196],"class_list":{"0":"post-9140","1":"product","2":"type-product","3":"status-publish","4":"has-post-thumbnail","6":"product_brand-hanayuki","7":"product_cat-chua-phan-loai","8":"product_cat-hanayuki-thuong-hieu-ban-yeu-thich","9":"product_tag-hanayuki","11":"first","12":"outofstock","13":"sale","14":"shipping-taxable","15":"purchasable","16":"product-type-simple"},"acf":[],"_links":{"self":[{"href":"https:\/\/thanglongbeauty.vn\/index.php?rest_route=\/wp\/v2\/product\/9140","targetHints":{"allow":["GET"]}}],"collection":[{"href":"https:\/\/thanglongbeauty.vn\/index.php?rest_route=\/wp\/v2\/product"}],"about":[{"href":"https:\/\/thanglongbeauty.vn\/index.php?rest_route=\/wp\/v2\/types\/product"}],"replies":[{"embeddable":true,"href":"https:\/\/thanglongbeauty.vn\/index.php?rest_route=%2Fwp%2Fv2%2Fcomments&post=9140"}],"wp:featuredmedia":[{"embeddable":true,"href":"https:\/\/thanglongbeauty.vn\/index.php?rest_route=\/wp\/v2\/media\/8180"}],"wp:attachment":[{"href":"https:\/\/thanglongbeauty.vn\/index.php?rest_route=%2Fwp%2Fv2%2Fmedia&parent=9140"}],"wp:term":[{"taxonomy":"product_brand","embeddable":true,"href":"https:\/\/thanglongbeauty.vn\/index.php?rest_route=%2Fwp%2Fv2%2Fproduct_brand&post=9140"},{"taxonomy":"product_cat","embeddable":true,"href":"https:\/\/thanglongbeauty.vn\/index.php?rest_route=%2Fwp%2Fv2%2Fproduct_cat&post=9140"},{"taxonomy":"product_tag","embeddable":true,"href":"https:\/\/thanglongbeauty.vn\/index.php?rest_route=%2Fwp%2Fv2%2Fproduct_tag&post=9140"}],"curies":[{"name":"wp","href":"https:\/\/api.w.org\/{rel}","templated":true}]}}