{"id":9151,"date":"2025-10-20T04:11:30","date_gmt":"2025-10-20T04:11:30","guid":{"rendered":"https:\/\/thanglongbeauty.vn\/?post_type=product&#038;p=9151"},"modified":"2025-10-31T08:01:44","modified_gmt":"2025-10-31T08:01:44","slug":"khan-giay-animerry-lau-mat-hong","status":"publish","type":"product","link":"https:\/\/thanglongbeauty.vn\/?product=khan-giay-animerry-lau-mat-hong","title":{"rendered":"kh\u0103n gi\u1ea5y Animerry lau m\u1eb7t h\u1ed3ng"},"content":{"rendered":"<p>Kh\u0103n Lau M\u1eb7t D\u00f9ng 1 L\u1ea7n Cotton Cao C\u1ea5p ANIMERRY, Kh\u0103n M\u1eb7t Kh\u00f4 Animerry D\u00f9ng 1 L\u1ea7n lau kh\u00f4, lau \u01b0\u1edbt<br \/>\nKh\u0103n Lau M\u1eb7t D\u00f9ng 1 L\u1ea7n ANIMERRY Cotton, M\u1ec1m M\u1ea1i \u2013 Cu\u1ed9n 40 T\u1edd<br \/>\n\u00a0<br \/>\n\u01afU \u0110I\u1ec2M KH\u0102N LAU M\u1eb6T D\u00d9NG 1 L\u1ea6N COTTON CAO C\u1ea4P ANIMERRYKh\u0103n c\u00f3 ch\u1ea5t li\u1ec7u v\u1ea3i kh\u00f4ng d\u1ec7t th\u00e0nh ph\u1ea7n 100% Cotton t\u1eeb b\u00f4ng t\u1ef1 nhi\u00ean n\u00ean th\u1ea5m n\u01b0\u1edbc tuy\u1ec7t \u0111\u1ed1i v\u00e0 m\u1ec1m m\u1ecbn.Kh\u0103n lau m\u1eb7t 1 l\u1ea7n c\u0169ng kh\u00e1c bi\u1ec7t v\u1edbi c\u00e1c s\u1ea3n ph\u1ea9m kh\u0103n d\u00f9ng 1 l\u1ea7n th\u00f4ng th\u01b0\u1eddng do v\u1ea3i kh\u0103n c\u00f3 th\u1ec3 s\u1eed d\u1ee5ng 1 ph\u1ea7n x\u01a1 PET l\u00e0m kh\u0103n th\u1ea5m n\u01b0\u1edbc ch\u01b0a t\u1ed1t, b\u1ec1 m\u1eb7t v\u1ea3i c\u1ee9ng, ra x\u01a1 khi s\u1eed d\u1ee5ng v\u00e0 c\u00f3 m\u00f9i kh\u00f3 ch\u1ecbu.Gi\u1ea5y d\u00f9ng 1 l\u1ea7n r\u1ea5t ti\u1ec7n l\u1ee3i trong gia \u0111\u00ecnhGi\u1ea5y lau d\u00f9ng 1 l\u1ea7n c\u0169ng c\u00f3 th\u00eam l\u1edbp t\u00fai l\u00f3t b\u00ean trong, \u0111\u1ea3m b\u1ea3o t\u00ednh v\u1ec7 sinh t\u1ed1i \u0111a.C\u00c1CH D\u00d9NG KH\u0102N LAU M\u1eb6T D\u00d9NG 1 L\u1ea6N COTTON CAO C\u1ea4P ANIMERRYI \u2013 V\u1ec6 SINH C\u00c1 NH\u00c2N :<br \/>\nC\u00e1ch 1:<br \/>\n\u2013 S\u1eed d\u1ee5ng kh\u0103n sau khi l\u00e0m s\u1ea1ch da m\u1eb7t b\u1eb1ng n\u01b0\u1edbc<br \/>\n\u2013 Kh\u0103n gi\u00fap th\u1ea5m kh\u00f4 n\u01b0\u1edbc m\u1ed9t c\u00e1ch d\u1ec5 ch\u1ecbu<br \/>\nC\u00e1ch 2:<br \/>\n\u2013 Th\u1ea5m n\u01b0\u1edbc tr\u1ef1c ti\u1ebfp l\u00ean kh\u0103n \u0111\u1ec3 l\u00e0m s\u1ea1ch da m\u1eb7t\/c\u01a1 th\u1ec3<br \/>\nII \u2013 QUY TR\u00ccNH T\u1ea8Y TRANG V\u00c0 CH\u0102M S\u00d3C DA M\u1eb6T C\u00d9NG KH\u0102N LAU M\u1eb6T ANIMERRY\u2013 S\u1eed d\u1ee5ng kh\u0103n sau khi k\u1ebft th\u00fac c\u00e1c b\u01b0\u1edbc t\u1ea9y trang v\u00e0 l\u00e0m s\u1ea1ch da m\u1eb7t b\u1eb1ng n\u01b0\u1edbc<br \/>\n\u2013 Kh\u0103n gi\u00fap th\u1ea5m kh\u00f4 n\u01b0\u1edbc m\u1ed9t c\u00e1ch d\u1ec5 ch\u1ecbu<br \/>\n(\u0110\u01b0\u1ee3c s\u1eed d\u1ee5ng kh\u0103n \u0111\u1ec3 t\u1ea9y trang, \u0111\u1eafp toner, lotion\u2026)<br \/>\n\u2013 D\u00f9ng lau mi\u1ec7ng sau khi \u0103n ho\u1eb7c lau tay<br \/>\n\u2013 D\u00f9ng \u0111\u1ec3 l\u00f3t \u0111\u1ed3 \u0103n (th\u1ea5m h\u00fat d\u1ea7u m\u1ee1,\u2026)<br \/>\n* Kh\u0103n c\u00f3 th\u1ec3 \u0111\u01b0\u1ee3c t\u00e1i s\u1eed d\u1ee5ng \u0111\u1ec3 lau c\u00e1c v\u1eadt d\u1ee5ng gia \u0111\u00ecnh trong su\u1ed1t c\u1ea3 ng\u00e0y:<br \/>\n\u2013 Th\u1ea5m s\u1ea1ch n\u01b0\u1edbc v\u00e0 v\u1ec7 sinh c\u00e1c v\u1eadt d\u1ee5ng t\u1ea1i khu v\u1ef1c b\u1ed3n r\u1eeda<br \/>\n\u2013 L\u00e0m s\u1ea1ch b\u1ee5i t\u1ea1i b\u00e0n gh\u1ebf, gi\u01b0\u1eddng t\u1ee7, thi\u1ebft b\u1ecb, \u0111\u1ed3 gia d\u1ee5ng\u2026<br \/>\n\u2013 Lau gi\u1ea7y, d\u00e9p\u2026<br \/>\n\u2013 D\u00f9ng l\u00e0m kh\u0103n lau b\u1ebfp, lau k\u00ednh<\/p>\n<p>TH\u00d4NG TIN S\u1ea2N PH\u1ea8M KH\u0102N LAU M\u1eb6T D\u00d9NG 1 L\u1ea6N COTTON CAO C\u1ea4P ANIMERRY\u2013 Kh\u0103n lau m\u1eb7t d\u00f9ng 1 l\u1ea7n (lau kh\u00f4, lau \u01b0\u1edbt)<br \/>\n\u2013 S\u1ed1 l\u01b0\u1ee3ng: 1 cu\u1ed9n<br \/>\n\u2013 Cu\u1ed9n Original: 40 kh\u0103n\/cu\u1ed9n<br \/>\n\u2013 Th\u00e0nh ph\u1ea7n: 100% Cotton t\u1eeb b\u00f4ng t\u1ef1 nhi\u00ean<br \/>\n\u2013 V\u1ea3i kh\u0103n Animerry r\u1ea5t m\u1ec1m m\u1ecbn, th\u1ea5m n\u01b0\u1edbc tuy\u1ec7t \u0111\u1ed1i, ch\u1ea5t v\u1ea3i r\u1ea5t d\u00e0y, kh\u00f4ng ra x\u01a1 v\u00e0 kh\u00f4ng m\u00f9i kh\u00f3 ch\u1ecbu<br \/>\n\u2013 K\u00edch th\u01b0\u1edbc kh\u0103n: 18\u00d720 cm<br \/>\n\u2013 Bao b\u00ec cao c\u1ea5p, c\u00f9ng d\u00e2y r\u00fat ti\u1ec7n l\u1ee3i<br \/>\n\u2013 Xu\u1ea5t x\u1ee9 : Trung Qu\u1ed1c<br \/>\n\u2013 Kh\u0103n lau m\u1eb7t d\u00f9ng 1 l\u1ea7n l\u00e0 gi\u1ea3i ph\u00e1p t\u1ed1i \u01b0u khi kh\u00f4ng c\u00f2n c\u1ea3m gi\u00e1c th\u00f4 r\u00e1p, \u1ea9m m\u1ed1c v\u00e0 m\u00f9i kh\u00f3 ch\u1ecbu.<\/p>\n<p>2.H\u01af\u1edaNG D\u1eaaN S\u1eec D\u1ee4NG<br \/>\n\u2013 B\u01b0\u1edbc 1: L\u1ea5y cu\u1ed9n kh\u0103n ra kh\u1ecfi bao b\u00ec<br \/>\n\u2013 B\u01b0\u1edbc 2: Lo\u1ea1i b\u1ecf ph\u1ea7n b\u0103ng d\u00ednh nh\u1ecf \u0111\u1ea7u cu\u1ed9n<br \/>\n\u2013 B\u01b0\u1edbc 3: \u0110\u1eb7t l\u1ea1i cu\u1ed9n kh\u0103n v\u00e0o bao b\u00ec v\u00e0 k\u00e9o d\u00e2y r\u00fat<br \/>\n* L\u01b0u \u00fd:<br \/>\n\u2013 C\u00f3 th\u1ec3 s\u1eed d\u1ee5ng d\u00e2y r\u00fat \u0111\u1ec3 treo cu\u1ed9n kh\u0103n l\u00ean thanh inox trong nh\u00e0 t\u1eafm cho thu\u1eadn ti\u1ec7n<br \/>\n\u2013 Kh\u00f4ng lo\u1ea1i b\u1ecf kh\u0103n v\u00e0o b\u1ed3n c\u1ea7u sau khi s\u1eed d\u1ee5ng<br \/>\nMUA H\u00c0NG\u00a0KH\u0102N LAU M\u1eb6T ANIMERRY \u1ede \u0110\u00c2U?B\u1ea1n \u0111ang t\u00ecm n\u01a1i mua b\u00f4ng trang gi\u00e1 r\u1ebb, ch\u00ednh h\u00e3ng ? H\u00e3y \u0111\u1ebfn v\u1edbi\u00a0\u00a0Th\u0103ng Long Beauty\u00a0\u00a0\u2013 \u0111\u1ecba ch\u1ec9 uy t\u00edn chuy\u00ean cung c\u1ea5p s\u1ec9 v\u00e0 l\u1ebb c\u00e1c s\u1ea3n ph\u1ea9m b\u00f4ng t\u1ea9y trang ch\u1ea5t l\u01b0\u1ee3ng cao v\u1edbi gi\u00e1 c\u1ea1nh tranh.<br \/>\n\ud83d\uded2TAI SAO N\u00caN MUA B\u00d4NG T\u1ea8Y TRANG TAI TH\u0102NG LONG \u0110\u1eb8P?\u0110a d\u1ea1ng s\u1ea3n ph\u1ea9m:\u00a0\u00a0Cung c\u1ea5p nhi\u1ec1u lo\u1ea1i b\u00f4ng t\u1ea9y trang t\u1eeb c\u00e1c th\u01b0\u01a1ng hi\u1ec7u n\u1ed5i ti\u1ebfng nh\u01b0 Inci, MinHo, Olea, Bob, Bora, Silcot, Lily Bell, Ipek, Aura Plus,\u2026Gi\u00e1 c\u1ea3 c\u1ea1nh tranh:\u00a0\u00a0Gi\u00e1 h\u1ea5p h\u1ea5p d\u1eabn, s\u1ed1 l\u01b0\u1ee3ng c\u00e0ng l\u1edbn, gi\u00e1 c\u00e0ng t\u1ed1t.H\u1ed7 tr\u1ee3 ch\u00ednh s\u00e1ch:\u00a0\u00a0H\u1ed7 tr\u1ee3 c\u1ed9ng t\u00e1c vi\u00ean (CTV), nh\u00e0 ph\u00e2n ph\u1ed1i (NPP) v\u1edbi ch\u00ednh s\u00e1ch \u01b0u \u0111\u00e3i, giao h\u00e0ng nhanh v\u00e0 linh ho\u1ea1t.Cam k\u1ebft ch\u1ea5t l\u01b0\u1ee3ng:\u00a0\u00a0S\u1ea3n ph\u1ea9m ch\u00ednh h\u00e3ng, \u0111\u1ea3m b\u1ea3o an to\u00e0n cho da, ph\u00f9 h\u1ee3p v\u1edbi m\u1ecdi lo\u1ea1i da, k\u1ec3 c\u1ea3 da nh\u1ea1y c\u1ea3m.\u0110\u1ed9i ng\u0169 t\u01b0 v\u1ea5n chuy\u00ean nghi\u1ec7p:\u00a0nhi\u1ec7t t\u00ecnh, h\u1ed7 tr\u1ee3 gi\u1ea3i \u0111\u00e1p th\u1eafc m\u1eafc trong th\u1eddi gian ng\u1eafn nh\u1ea5t.\u260e\ufe0f081 870 9009 \u2013 0963964401\ud83d\udccdNguy\u1ec5n H\u1eefu D\u1eadt, T\u00e2y Th\u1ea1nh, T\u00e2n Ph\u00fa, HCM Ho Chi Minh City,\ud83d\udceehttps:\/\/www.thanglongbeauty.vn\/Link s\u1ec9: https:\/\/zalo.me\/g\/dfdmjh848#sibongtaytrang #simypham #thanglongbeauty#sibongtaytrang #nguonsibongtaytrang #sibingtaytrangtron #khosibongtaytrang #sinuoctaytrang #sihanayuki #sidungichvesinhhanayuki #sibongtaytrangipek<br \/>\n#bongtaytranglilybell #bongtaytrang150mieng #bongtaytrangcotton #bongtaytrangchinhhang #bongtaytrangnhatban #bongtaytrangkhongxo #bongtaytrangdanhaycam #bongtaytranggiatot #bongtaytranglilybell150mieng #bongtaytrang #bongtaytranggiare #bongtaytrangchinhhang #thanglongbeauty #muabongtaytrang #bongtaytrangminhoo #bongtaytranginci #bongtaytrangolea #bongtaytrangbob #bongtaytrangsilcot<br \/>\n#bongtaytrang #khanmatcuon #khanlaumatdung1lan #khankho #khancuon #giaytaytrang #taytrang #khanvaikho #khansua #khancotton #khanvaikhodanang #khantaytrang #nuoctaytrang #khangiay #khanmatdung1lan #khangiaydung1lan #khangiay #khandanang #khanlaubep #khanlaukinh<\/p>\n","protected":false},"excerpt":{"rendered":"<p>Kh\u0103n Lau M\u1eb7t D\u00f9ng 1 L\u1ea7n Cotton Cao C\u1ea5p ANIMERRY, Kh\u0103n M\u1eb7t Kh\u00f4 Animerry D\u00f9ng 1 L\u1ea7n lau kh\u00f4, lau \u01b0\u1edbt Kh\u0103n Lau M\u1eb7t D\u00f9ng 1 L\u1ea7n ANIMERRY Cotton, M\u1ec1m M\u1ea1i \u2013 Cu\u1ed9n 40 T\u1edd \u00a0 \u01afU \u0110I\u1ec2M KH\u0102N LAU M\u1eb6T D\u00d9NG 1 L\u1ea6N COTTON CAO C\u1ea4P ANIMERRYKh\u0103n c\u00f3 ch\u1ea5t li\u1ec7u v\u1ea3i kh\u00f4ng d\u1ec7t th\u00e0nh&#8230;<\/p>\n","protected":false},"featured_media":8431,"comment_status":"open","ping_status":"closed","template":"","meta":[],"product_brand":[1569],"product_cat":[1472,1475,1486,1398],"product_tag":[148,532,197,520,212,214],"class_list":{"0":"post-9151","1":"product","2":"type-product","3":"status-publish","4":"has-post-thumbnail","6":"product_brand-animerry","7":"product_cat-animerry","8":"product_cat-bong-tay-trang","9":"product_cat-bong-tay-trang-2","10":"product_cat-cham-soc-da","11":"product_tag-bong-tay-trang","12":"product_tag-bong-tay-trang-150-mieng","13":"product_tag-bong-tay-trang-222","14":"product_tag-bong-tay-trang-cotton","15":"product_tag-bong-tay-trang-han-quoc","16":"product_tag-cotton-pads","18":"first","19":"onbackorder","20":"sale","21":"shipping-taxable","22":"purchasable","23":"product-type-simple"},"acf":[],"_links":{"self":[{"href":"https:\/\/thanglongbeauty.vn\/index.php?rest_route=\/wp\/v2\/product\/9151","targetHints":{"allow":["GET"]}}],"collection":[{"href":"https:\/\/thanglongbeauty.vn\/index.php?rest_route=\/wp\/v2\/product"}],"about":[{"href":"https:\/\/thanglongbeauty.vn\/index.php?rest_route=\/wp\/v2\/types\/product"}],"replies":[{"embeddable":true,"href":"https:\/\/thanglongbeauty.vn\/index.php?rest_route=%2Fwp%2Fv2%2Fcomments&post=9151"}],"wp:featuredmedia":[{"embeddable":true,"href":"https:\/\/thanglongbeauty.vn\/index.php?rest_route=\/wp\/v2\/media\/8431"}],"wp:attachment":[{"href":"https:\/\/thanglongbeauty.vn\/index.php?rest_route=%2Fwp%2Fv2%2Fmedia&parent=9151"}],"wp:term":[{"taxonomy":"product_brand","embeddable":true,"href":"https:\/\/thanglongbeauty.vn\/index.php?rest_route=%2Fwp%2Fv2%2Fproduct_brand&post=9151"},{"taxonomy":"product_cat","embeddable":true,"href":"https:\/\/thanglongbeauty.vn\/index.php?rest_route=%2Fwp%2Fv2%2Fproduct_cat&post=9151"},{"taxonomy":"product_tag","embeddable":true,"href":"https:\/\/thanglongbeauty.vn\/index.php?rest_route=%2Fwp%2Fv2%2Fproduct_tag&post=9151"}],"curies":[{"name":"wp","href":"https:\/\/api.w.org\/{rel}","templated":true}]}}