{"id":9154,"date":"2025-10-20T04:11:31","date_gmt":"2025-10-20T04:11:31","guid":{"rendered":"https:\/\/thanglongbeauty.vn\/san-pham\/bong-tay-trang-ipek-130-free-mieng\/"},"modified":"2026-01-13T09:36:35","modified_gmt":"2026-01-13T09:36:35","slug":"bong-tay-trang-ipek-130-free-mieng","status":"publish","type":"product","link":"https:\/\/thanglongbeauty.vn\/?product=bong-tay-trang-ipek-130-free-mieng","title":{"rendered":"B\u00f4ng T\u1ea9y Trang Ipek 130 Free Mi\u1ebfng"},"content":{"rendered":"<p>B\u00f4ng T\u1ea9y Trang Ipek Klasik v\u1edbi l\u1edbp b\u00f4ng d\u1ea1ng tr\u00f2n, m\u1ec1m gi\u00fap b\u1ea1n nh\u1eb9 nh\u00e0ng ch\u0103m s\u00f3c l\u00e0n da khi t\u1ea9y trang ho\u1eb7c khi thoa n\u01b0\u1edbc hoa h\u1ed3ng. Ngo\u00e0i ra, b\u1ea1n ho\u00e0n to\u00e0n c\u00f3 th\u1ec3 d\u00f9ng b\u00f4ng t\u1ea9y trang nh\u01b0 m\u1ed9t lo\u1ea1i m\u1eb7t n\u1ea1 \u0111\u1ec3 d\u01b0\u1ee1ng da. \u0110\u00e2y l\u00e0 m\u1ed9t trong nh\u1eefng c\u00e1ch ch\u0103m s\u00f3c da tuy\u1ec7t v\u1eddi \u0111\u01b0\u1ee3c m\u1ed9t chuy\u00ean gia ng\u01b0\u1eddi Nh\u1eadt \u2013 b\u00e0 Chiru Saeki s\u00e1ng t\u1ea1o n\u00ean. Lotion mask l\u00e0 m\u1ed9t trong nh\u1eefng c\u00e1ch tuy\u1ec7t v\u1eddi nh\u1ea5t \u0111\u1ec3 c\u1ea5p n\u01b0\u1edbc cho l\u00e0n da, \u0111\u1eb7c bi\u1ec7t h\u1eefu d\u1ee5ng trong nh\u1eefng ng\u00e0y kh\u00f4 n\u00f3ng, da nhanh m\u1ea5t n\u01b0\u1edbc. L\u1ea5y 1 mi\u1ebfng B\u00f4ng T\u1ea9y Trang Ipek Klasik, nh\u00fang \u0111\u1eabm n\u01b0\u1edbc, \u00e9p cho b\u1edbt n\u01b0\u1edbc. Nh\u1ecf th\u00eam v\u00e0i gi\u1ecdt lotion y\u00eau th\u00edch c\u1ee7a b\u1ea1n v\u00e0o. T\u00e1ch mi\u1ebfng t\u1ea9y trang d\u00e0y th\u00e0nh 5 l\u1edbp m\u1ecfng v\u00e0 \u0111\u1eafp k\u00edn m\u1eb7t. \u0110\u1ee3i 3 ph\u00fat r\u1ed3i g\u1ee1 ra. Sau \u0111\u00f3 ti\u1ebfp t\u1ee5c c\u00e1c b\u01b0\u1edbc d\u01b0\u1ee1ng kh\u00e1c c\u1ee7a b\u1ea1n.<\/p>\n<p>N\u1ebfu t\u00ecm t\u00f2i, b\u1ea1n c\u00f2n c\u00f3 th\u1ec3 d\u00f9ng B\u00f4ng T\u1ea9y Trang Ipek Klasik l\u00e0m s\u1ea1ch b\u00e3 nh\u1eddn, v\u00f9ng t\u00edch t\u1ee5 m\u1ee5n c\u00e1m, m\u1ee5n \u0111\u1ea7u \u0111en. Sau khi t\u1ea9y da ch\u1ebft, l\u00e0m s\u1ea1ch da m\u1eb7t, b\u1ea1n s\u1eed d\u1ee5ng l\u00f2ng tr\u1eafng tr\u1ee9ng th\u1ea5m \u0111\u1eabm mi\u1ebfng B\u00f4ng T\u1ea9y Trang Ipek Klasik (t\u1ed1t nh\u1ea5t l\u00e0 t\u00e1ch m\u1ecfng mi\u1ebfng b\u00f4ng t\u1ea9y trang), r\u1ed3i \u0111\u1eafp l\u00ean v\u00f9ng nhi\u1ec1u m\u1ee5n \u0111\u1ea7u \u0111en. Ch\u1ec9 c\u1ea7n ch\u1edd kh\u00f4 sau \u0111\u00f3 b\u00f3c mi\u1ebfng b\u00f4ng t\u1ea9y trang ra l\u00e0 ph\u1ea7n m\u1ee5n \u0111\u1ea7u \u0111en s\u1ebd nhanh ch\u00f3ng \u0111\u01b0\u1ee3c lo\u1ea1i b\u1ecf. <\/p>\n<p>C\u00f4ng d\u1ee5ng:<\/p>\n<p>\u2013 Gi\u00fap t\u1ea9y trang l\u00e0m s\u1ea1ch da m\u1eb7t.<\/p>\n<p>\u2013 Th\u00edch h\u1ee3p cho m\u1ecdi lo\u1ea1i da.<\/p>\n<p>B\u1ea3o qu\u1ea3n<\/p>\n<p>\u2013 \u0110\u1ec3 n\u01a1i xa t\u1ea7m tr\u1ebb em.<\/p>\n<p>\u2013 Kh\u00f4ng \u0111\u1eb7t \u1edf nh\u1eefng n\u01a1i c\u00f3 \u00e1nh s\u00e1ng tr\u1ef1c ti\u1ebfp chi\u1ebfu v\u00e0o, hay nh\u1eefng n\u01a1i c\u00f3 nhi\u1ec7t \u0111\u1ed9 qu\u00e1 cao ho\u1eb7c qu\u00e1 th\u1ea5p.<\/p>\n<p>Quy c\u00e1ch: 130 mi\u1ebfng<\/p>\n<p>Th\u01b0\u01a1ng hi\u1ec7u: Ipek Klasik<\/p>\n<p>Xu\u1ea5t x\u1ee9: Th\u1ed5 Nh\u0129 K\u1ef3<\/p>\n","protected":false},"excerpt":{"rendered":"<p>B\u00f4ng T\u1ea9y Trang Ipek Klasik v\u1edbi l\u1edbp b\u00f4ng d\u1ea1ng tr\u00f2n, m\u1ec1m gi\u00fap b\u1ea1n nh\u1eb9 nh\u00e0ng ch\u0103m s\u00f3c l\u00e0n da khi t\u1ea9y trang ho\u1eb7c khi thoa n\u01b0\u1edbc hoa h\u1ed3ng. Ngo\u00e0i ra, b\u1ea1n ho\u00e0n to\u00e0n c\u00f3 th\u1ec3 d\u00f9ng b\u00f4ng t\u1ea9y trang nh\u01b0 m\u1ed9t lo\u1ea1i m\u1eb7t n\u1ea1 \u0111\u1ec3 d\u01b0\u1ee1ng da. \u0110\u00e2y l\u00e0 m\u1ed9t trong nh\u1eefng c\u00e1ch ch\u0103m s\u00f3c&#8230;<\/p>\n","protected":false},"featured_media":6912,"comment_status":"open","ping_status":"closed","template":"","meta":[],"product_brand":[1565],"product_cat":[1475,1486,1398,655],"product_tag":[148,532,197,520,212,214],"class_list":{"0":"post-9154","1":"product","2":"type-product","3":"status-publish","4":"has-post-thumbnail","6":"product_brand-ipek","7":"product_cat-bong-tay-trang","8":"product_cat-bong-tay-trang-2","9":"product_cat-cham-soc-da","10":"product_cat-ipek","11":"product_tag-bong-tay-trang","12":"product_tag-bong-tay-trang-150-mieng","13":"product_tag-bong-tay-trang-222","14":"product_tag-bong-tay-trang-cotton","15":"product_tag-bong-tay-trang-han-quoc","16":"product_tag-cotton-pads","18":"first","19":"instock","20":"sale","21":"shipping-taxable","22":"purchasable","23":"product-type-simple"},"acf":[],"_links":{"self":[{"href":"https:\/\/thanglongbeauty.vn\/index.php?rest_route=\/wp\/v2\/product\/9154","targetHints":{"allow":["GET"]}}],"collection":[{"href":"https:\/\/thanglongbeauty.vn\/index.php?rest_route=\/wp\/v2\/product"}],"about":[{"href":"https:\/\/thanglongbeauty.vn\/index.php?rest_route=\/wp\/v2\/types\/product"}],"replies":[{"embeddable":true,"href":"https:\/\/thanglongbeauty.vn\/index.php?rest_route=%2Fwp%2Fv2%2Fcomments&post=9154"}],"wp:featuredmedia":[{"embeddable":true,"href":"https:\/\/thanglongbeauty.vn\/index.php?rest_route=\/wp\/v2\/media\/6912"}],"wp:attachment":[{"href":"https:\/\/thanglongbeauty.vn\/index.php?rest_route=%2Fwp%2Fv2%2Fmedia&parent=9154"}],"wp:term":[{"taxonomy":"product_brand","embeddable":true,"href":"https:\/\/thanglongbeauty.vn\/index.php?rest_route=%2Fwp%2Fv2%2Fproduct_brand&post=9154"},{"taxonomy":"product_cat","embeddable":true,"href":"https:\/\/thanglongbeauty.vn\/index.php?rest_route=%2Fwp%2Fv2%2Fproduct_cat&post=9154"},{"taxonomy":"product_tag","embeddable":true,"href":"https:\/\/thanglongbeauty.vn\/index.php?rest_route=%2Fwp%2Fv2%2Fproduct_tag&post=9154"}],"curies":[{"name":"wp","href":"https:\/\/api.w.org\/{rel}","templated":true}]}}