{"id":9159,"date":"2025-10-20T04:11:32","date_gmt":"2025-10-20T04:11:32","guid":{"rendered":"https:\/\/thanglongbeauty.vn\/san-pham\/bong-tay-trang-tnk-aura-beauty-12030\/"},"modified":"2025-10-25T03:48:38","modified_gmt":"2025-10-25T03:48:38","slug":"bong-tay-trang-tnk-aura-beauty-12030","status":"publish","type":"product","link":"https:\/\/thanglongbeauty.vn\/?product=bong-tay-trang-tnk-aura-beauty-12030","title":{"rendered":"B\u00f4ng t\u1ea9y trang TNK Aura Beauty 120+30"},"content":{"rendered":"<p>B\u00f4ng T\u1ea9y Trang Aura Beauty Cotton Pads 150 Mi\u1ebfng l\u00e0 b\u00f4ng t\u1ea9y trang \u0111\u1ebfn t\u1eeb th\u01b0\u01a1ng hi\u1ec7u m\u1ef9 ph\u1ea9m Aura Beauty c\u1ee7a Ch\u00e2u \u00c2u, v\u1edbi th\u00e0nh ph\u1ea7n 100% cotton t\u1ef1 nhi\u00ean gi\u00fap t\u1ea9y trang v\u00e0 l\u00e0m s\u1ea1ch b\u1ee5i b\u1ea9n tr\u00ean da. Mi\u1ebfng b\u00f4ng \u0111\u01b0\u1ee3c thi\u1ebft k\u1ebf th\u00e0nh 2 m\u1eb7t kh\u00e1c nhau m\u1ec1m m\u1ecbn, nh\u1eb9 nh\u00e0ng kh\u00f4ng \u0111\u1ec3 l\u1ea1i x\u01a1 b\u00f4ng tr\u00ean da.<\/p>\n<p>Hi\u1ec7n s\u1ea3n ph\u1ea9m B\u00f4ng T\u1ea9y Trang Aura Beauty Cotton Pads 150 Mi\u1ebfng<br \/>\n# Lo\u1ea1i da ph\u00f9 h\u1ee3p:<br \/>\nS\u1ea3n ph\u1ea9m ph\u00f9 h\u1ee3p v\u1edbi m\u1ecdi lo\u1ea1i da.<br \/>\n# Gi\u1ea3i ph\u00e1p t\u00ecnh tr\u1ea1ng da:<br \/>\nT\u1ea9y trang sau khi trang \u0111i\u1ec3m, d\u00f9ng kem ch\u1ed1ng n\u1eafng.<br \/>\nL\u00e0m s\u1ea1ch b\u1ee5i b\u1ea9n b\u00e1m tr\u00ean da sau m\u1ed9t ng\u00e0y d\u00e0i.<\/p>\n<p>\u01afu th\u1ebf n\u1ed5i b\u1eadt:<br \/>\n&#8211; Th\u00e0nh ph\u1ea7n 100% cotton thi\u00ean nhi\u00ean, r\u1ea5t dai v\u00e0 m\u1ec1m m\u1ea1i, m\u1ecbn m\u00e0ng cho da.<br \/>\n&#8211; Thi\u1ebft k\u1ebf \u0111\u1ed9c \u0111\u00e1o m\u1ed9t m\u1eb7t l\u01b0\u1edbi, m\u1ed9t m\u1eb7t b\u00f4ng \u0111\u1ec1u d\u00e0n m\u1eb7t, gi\u00fap n\u01b0\u1edbc t\u1ea9y r\u1eeda lan \u0111\u1ec1u mi\u1ebfng th\u1ea5m, kh\u00f4ng b\u1ecb \u0111\u1ea9y n\u01b0\u1edbc l\u00ean ph\u00eda tr\u00ean gi\u00fap b\u1ea1n t\u1ea9y trang hi\u1ec7u qu\u1ea3 s\u1ea1ch s\u1ebd, tho\u1ea3i m\u00e1i.<br \/>\n&#8211; Thi\u1ebft k\u1ebf b\u1eb1ng c\u00f4ng ngh\u1ec7 hi\u1ec7n \u0111\u1ea1i c\u00f3 l\u1edbp l\u01b0\u1edbi m\u00e0ng m\u1ecfng ng\u0103n ch\u1eb7n v\u00e0 \u0111\u01b0\u1eddng d\u1eadp c\u1ed1 \u0111\u1ecbnh kh\u00f4ng \u0111\u1ec3 l\u1ea1i x\u01a1 b\u00f4ng tr\u00ean da m\u1ed7i l\u1ea7n s\u1eed d\u1ee5ng.<br \/>\nB\u00f4ng T\u1ea9y Trang Aura Beauty Cotton Pads 150 Mi\u1ebfng<br \/>\nB\u1ea3o qu\u1ea3n:<br \/>\nN\u01a1i kh\u00f4 r\u00e1o tho\u00e1ng m\u00e1t.<br \/>\nTr\u00e1nh \u00e1nh n\u1eafng tr\u1ef1c ti\u1ebfp, n\u01a1i c\u00f3 nhi\u1ec7t \u0111\u1ed9 cao ho\u1eb7c \u1ea9m \u01b0\u1edbt.<br \/>\nQui c\u00e1ch: 150 Mi\u1ebfng<br \/>\nTh\u01b0\u01a1ng hi\u1ec7u: Aura Beauty<\/p>\n<p>*T\u00e1c d\u1ee5ng c\u00f3 th\u1ec3 kh\u00e1c nhau tu\u1ef3 c\u01a1 \u0111\u1ecba c\u1ee7a ng\u01b0\u1eddi d\u00f9ng<\/p>\n","protected":false},"excerpt":{"rendered":"<p>B\u00f4ng T\u1ea9y Trang Aura Beauty Cotton Pads 150 Mi\u1ebfng l\u00e0 b\u00f4ng t\u1ea9y trang \u0111\u1ebfn t\u1eeb th\u01b0\u01a1ng hi\u1ec7u m\u1ef9 ph\u1ea9m Aura Beauty c\u1ee7a Ch\u00e2u \u00c2u, v\u1edbi th\u00e0nh ph\u1ea7n 100% cotton t\u1ef1 nhi\u00ean gi\u00fap t\u1ea9y trang v\u00e0 l\u00e0m s\u1ea1ch b\u1ee5i b\u1ea9n tr\u00ean da. Mi\u1ebfng b\u00f4ng \u0111\u01b0\u1ee3c thi\u1ebft k\u1ebf th\u00e0nh 2 m\u1eb7t kh\u00e1c nhau m\u1ec1m m\u1ecbn, nh\u1eb9 nh\u00e0ng&#8230;<\/p>\n","protected":false},"featured_media":6951,"comment_status":"open","ping_status":"closed","template":"","meta":[],"product_brand":[1568],"product_cat":[1438,1475,1486,1398],"product_tag":[148,532,197,520,212,214],"class_list":{"0":"post-9159","1":"product","2":"type-product","3":"status-publish","4":"has-post-thumbnail","6":"product_brand-aura","7":"product_cat-aura-thuong-hieu-ban-yeu-thich","8":"product_cat-bong-tay-trang","9":"product_cat-bong-tay-trang-2","10":"product_cat-cham-soc-da","11":"product_tag-bong-tay-trang","12":"product_tag-bong-tay-trang-150-mieng","13":"product_tag-bong-tay-trang-222","14":"product_tag-bong-tay-trang-cotton","15":"product_tag-bong-tay-trang-han-quoc","16":"product_tag-cotton-pads","18":"first","19":"instock","20":"sale","21":"shipping-taxable","22":"purchasable","23":"product-type-simple"},"acf":[],"_links":{"self":[{"href":"https:\/\/thanglongbeauty.vn\/index.php?rest_route=\/wp\/v2\/product\/9159","targetHints":{"allow":["GET"]}}],"collection":[{"href":"https:\/\/thanglongbeauty.vn\/index.php?rest_route=\/wp\/v2\/product"}],"about":[{"href":"https:\/\/thanglongbeauty.vn\/index.php?rest_route=\/wp\/v2\/types\/product"}],"replies":[{"embeddable":true,"href":"https:\/\/thanglongbeauty.vn\/index.php?rest_route=%2Fwp%2Fv2%2Fcomments&post=9159"}],"wp:featuredmedia":[{"embeddable":true,"href":"https:\/\/thanglongbeauty.vn\/index.php?rest_route=\/wp\/v2\/media\/6951"}],"wp:attachment":[{"href":"https:\/\/thanglongbeauty.vn\/index.php?rest_route=%2Fwp%2Fv2%2Fmedia&parent=9159"}],"wp:term":[{"taxonomy":"product_brand","embeddable":true,"href":"https:\/\/thanglongbeauty.vn\/index.php?rest_route=%2Fwp%2Fv2%2Fproduct_brand&post=9159"},{"taxonomy":"product_cat","embeddable":true,"href":"https:\/\/thanglongbeauty.vn\/index.php?rest_route=%2Fwp%2Fv2%2Fproduct_cat&post=9159"},{"taxonomy":"product_tag","embeddable":true,"href":"https:\/\/thanglongbeauty.vn\/index.php?rest_route=%2Fwp%2Fv2%2Fproduct_tag&post=9159"}],"curies":[{"name":"wp","href":"https:\/\/api.w.org\/{rel}","templated":true}]}}