{"id":9167,"date":"2025-10-20T10:09:02","date_gmt":"2025-10-20T10:09:02","guid":{"rendered":"https:\/\/thanglongbeauty.vn\/?post_type=product&#038;p=9167"},"modified":"2025-10-20T10:09:03","modified_gmt":"2025-10-20T10:09:03","slug":"gang-tay-tay-te-bao-da-mizuki-hieu-qua","status":"publish","type":"product","link":"https:\/\/thanglongbeauty.vn\/?product=gang-tay-tay-te-bao-da-mizuki-hieu-qua","title":{"rendered":"G\u0103ng Tay T\u1ea9y T\u1ebf B\u00e0o Da MIZUKI Hi\u1ec7u Qu\u1ea3"},"content":{"rendered":"<p>G\u0103ng Tay T\u1eafm T\u1ea9y T\u1ebf B\u00e0o Ch\u1ebft Body Mizuki Shower Gloves<br \/>\n [ 1 C\u00c1I &#8211; GIAO M\u00c0U NG\u1eaaU NHI\u00caN ]\n **L\u01b0u \u00fd: S\u1ea3n ph\u1ea9m s\u1ed1 l\u01b0\u1ee3ng 1 g\u0103ng tay, kh\u00f4ng ph\u1ea3i 1 c\u1eb7p v\u00e0 m\u00e0u giao l\u00e0 ng\u1eabu nhi\u00ean<br \/>\n G\u0103ng tay t\u1eafm t\u1ea9y t\u1ebf b\u00e0o ch\u1ebft gi\u00fap l\u00e0m s\u1ea1ch da, l\u1ea5y \u0111i t\u1ebf b\u00e0o ch\u1ebft b\u00e1m tr\u00ean da, nh\u1eb9 nh\u00e0ng massage th\u01b0 gi\u00e3n cho l\u00e0n da<\/p>\n<p> \u0110\u1eb6C \u0110I\u1ec2M:<br \/>\n &#8211; V\u1edbi s\u1ea3n ph\u1ea9m n\u00e0y, vi\u1ec7c t\u1eafm ch\u00e0 x\u00e1t h\u00e0ng ng\u00e0y c\u1ee7a b\u1ea1n s\u1ebd tr\u1edf n\u00ean nh\u1eb9 nh\u00e0ng v\u00e0 d\u1ec5 ch\u1ecbu h\u01a1n.<br \/>\n &#8211; Gi\u00fap massage th\u01b0 gi\u00e3n l\u00e0n da, gi\u00fap c\u00e1c m\u1ea1ch m\u00e1u d\u01b0\u1edbi da \u0111\u01b0\u1ee3c l\u01b0u th\u00f4ng t\u1ed1t h\u01a1n, l\u00e0m t\u0103ng qu\u00e1 tr\u00ecnh t\u00e1i t\u1ea1o, ph\u1ee5c h\u1ed3i s\u1ee9c s\u1ed1ng cho da<br \/>\n &#8211; B\u00ean c\u1ea1nh vi\u1ec7c gi\u00fap l\u1ea5y \u0111i l\u1edbp t\u1ebf b\u00e0o ch\u1ebft, s\u1ea3n ph\u1ea9m c\u00f2n gi\u00fap lo\u1ea1i b\u1ecf c\u1ea3 nh\u1eefng ch\u1ea5t c\u1eb7n b\u00e3 l\u1eabn \u0111\u1ed9c t\u1ed1 tr\u00ean b\u1ec1 m\u1eb7t da, \u0111em l\u1ea1i cho l\u00e0n da v\u1ebb s\u00e1ng m\u1ecbn, t\u01b0\u01a1i tr\u1ebb v\u00e0 m\u1ec1m m\u1ea1i.<br \/>\n &#8211; Ngo\u00e0i ra, qu\u00e1 tr\u00ecnh n\u00e0y c\u00f2n l\u00e0m gi\u1ea3m \u0111\u1ed1m n\u00e2u v\u00e0 s\u1ea1ch l\u1ed7 ch\u00e2n l\u00f4ng, da b\u1ea1n c\u0169ng s\u1ebd d\u1ec5 h\u1ea5p th\u1ee5 m\u1ef9 ph\u1ea9m d\u01b0\u1ee1ng da t\u1ed1t h\u01a1n.<br \/>\n &#8211; Thi\u1ebft k\u1ebf \u00f4m s\u00e1t v\u00e0o tay, ch\u1ed1ng tr\u01b0\u1ee3t gi\u00fap thao t\u00e1c t\u1ea9y t\u1ebf b\u00e0o ch\u1ebft d\u1ec5 d\u00e0ng v\u00e0 hi\u1ec7u qu\u1ea3 h\u01a1n.<br \/>\n &#8211; Th\u00e0nh ph\u1ea7n: V\u1ea3i, s\u1ee3i nylon.<\/p>\n<p> H\u01af\u1edaNG D\u1eaaN S\u1eec D\u1ee4NG:<br \/>\n &#8211; B\u01b0\u1edbc 1: L\u00e0m \u01b0\u1edbt c\u01a1 th\u1ec3 v\u00e0 g\u0103ng tay<br \/>\n &#8211; B\u01b0\u1edbc 2: \u0110eo g\u0103ng tay v\u00e0 cho l\u00ean \u0111\u00f3 m\u1ed9t \u00edt s\u1eefa t\u1eafm ho\u1eb7c s\u1ea3n ph\u1ea9m t\u1ea9y t\u1ebf b\u00e0o ch\u1ebft chuy\u00ean d\u1ee5ng. Th\u00eam n\u01b0\u1edbc v\u00e0 t\u1ea1o b\u1ecdt n\u1ebfu s\u1eed d\u1ee5ng s\u1eefa t\u1eafm<br \/>\n &#8211; B\u01b0\u1edbc 3: Massage nh\u1eb9 nh\u00e0ng l\u00e0n da v\u1edbi chuy\u1ec3n \u0111\u1ed9ng xoay tr\u00f2n v\u00e0 nh\u1edb \u0111\u1eebng b\u1ecf s\u00f3t v\u1ecb tr\u00ed n\u00e0o tr\u00ean c\u01a1 th\u1ec3<br \/>\n &#8211; B\u01b0\u1edbc 4: Khi \u0111\u00e3 t\u1ea9y t\u1ebf b\u00e0o ch\u1ebft to\u00e0n th\u00e2n th\u00ec t\u1eafm s\u1ea1ch l\u1ea1i v\u00e0 d\u00f9ng th\u00eam c\u00e1c s\u1ea3n ph\u1ea9m d\u01b0\u1ee1ng th\u1ec3 sau \u0111\u00f3<br \/>\n ***Bao b\u00ec c\u00f3 th\u1ec3 thay \u0111\u1ed5i t\u00f9y theo \u0111\u1ee3t v\u1ec1 h\u00e0ng<br \/>\n &#8212;&#8212;&#8212;&#8212;&#8212;&#8212;&#8212;&#8212;&#8212;&#8212;&#8212;&#8212;&#8212;&#8212;&#8212;&#8212;&#8212;&#8212;&#8212;&#8211;<br \/>\n H\u00e3y l\u01b0u \u00fd m\u00e0u s\u1eafc s\u1ea3n ph\u1ea9m ph\u1ee5 thu\u1ed9c r\u1ea5t nhi\u1ec1u v\u00e0o t\u00f4ng da c\u1ee7a m\u1ed7i ng\u01b0\u1eddi v\u00e0 m\u1ee9c \u0111\u1ed9 ph\u00e2n gi\u1ea3i c\u1ee7a thi\u1ebft b\u1ecb \u0111i\u1ec7n t\u1eed (smartphone, ipad, laptop,\u2026)<br \/>\n  M\u00e0u s\u1eafc trong \u1ea3nh minh h\u1ecda c\u00f3 th\u1ec3 l\u00ean m\u00e0u kh\u00e1c nhau do m\u00e0u \u1ea3nh, \u00e1nh s\u00e1ng v\u00e0 \u0111\u1ed9 PH c\u1ee7a da m\u1ed7i ng\u01b0\u1eddi.<\/p>\n","protected":false},"excerpt":{"rendered":"<p>G\u0103ng Tay T\u1eafm T\u1ea9y T\u1ebf B\u00e0o Ch\u1ebft Body Mizuki Shower Gloves [ 1 C\u00c1I &#8211; GIAO M\u00c0U NG\u1eaaU NHI\u00caN ] **L\u01b0u \u00fd: S\u1ea3n ph\u1ea9m s\u1ed1 l\u01b0\u1ee3ng 1 g\u0103ng tay, kh\u00f4ng ph\u1ea3i 1 c\u1eb7p v\u00e0 m\u00e0u giao l\u00e0 ng\u1eabu nhi\u00ean G\u0103ng tay t\u1eafm t\u1ea9y t\u1ebf b\u00e0o ch\u1ebft gi\u00fap l\u00e0m s\u1ea1ch da, l\u1ea5y \u0111i t\u1ebf b\u00e0o ch\u1ebft&#8230;<\/p>\n","protected":false},"featured_media":6827,"comment_status":"open","ping_status":"closed","template":"","meta":[],"product_brand":[1559],"product_cat":[15],"product_tag":[],"class_list":{"0":"post-9167","1":"product","2":"type-product","3":"status-publish","4":"has-post-thumbnail","6":"product_brand-mizuki","7":"product_cat-chua-phan-loai","9":"first","10":"instock","11":"shipping-taxable","12":"purchasable","13":"product-type-simple"},"acf":[],"_links":{"self":[{"href":"https:\/\/thanglongbeauty.vn\/index.php?rest_route=\/wp\/v2\/product\/9167","targetHints":{"allow":["GET"]}}],"collection":[{"href":"https:\/\/thanglongbeauty.vn\/index.php?rest_route=\/wp\/v2\/product"}],"about":[{"href":"https:\/\/thanglongbeauty.vn\/index.php?rest_route=\/wp\/v2\/types\/product"}],"replies":[{"embeddable":true,"href":"https:\/\/thanglongbeauty.vn\/index.php?rest_route=%2Fwp%2Fv2%2Fcomments&post=9167"}],"wp:featuredmedia":[{"embeddable":true,"href":"https:\/\/thanglongbeauty.vn\/index.php?rest_route=\/wp\/v2\/media\/6827"}],"wp:attachment":[{"href":"https:\/\/thanglongbeauty.vn\/index.php?rest_route=%2Fwp%2Fv2%2Fmedia&parent=9167"}],"wp:term":[{"taxonomy":"product_brand","embeddable":true,"href":"https:\/\/thanglongbeauty.vn\/index.php?rest_route=%2Fwp%2Fv2%2Fproduct_brand&post=9167"},{"taxonomy":"product_cat","embeddable":true,"href":"https:\/\/thanglongbeauty.vn\/index.php?rest_route=%2Fwp%2Fv2%2Fproduct_cat&post=9167"},{"taxonomy":"product_tag","embeddable":true,"href":"https:\/\/thanglongbeauty.vn\/index.php?rest_route=%2Fwp%2Fv2%2Fproduct_tag&post=9167"}],"curies":[{"name":"wp","href":"https:\/\/api.w.org\/{rel}","templated":true}]}}