{"id":9177,"date":"2025-10-20T10:09:04","date_gmt":"2025-10-20T10:09:04","guid":{"rendered":"https:\/\/thanglongbeauty.vn\/san-pham\/khan-an-posy-100-to-t\/"},"modified":"2026-01-13T09:31:32","modified_gmt":"2026-01-13T09:31:32","slug":"khan-an-posy-100-to-t","status":"publish","type":"product","link":"https:\/\/thanglongbeauty.vn\/?product=khan-an-posy-100-to-t","title":{"rendered":"Kh\u0103n \u0103n posy 100 t\u1edd\/T"},"content":{"rendered":"<p>&#8220;Kh\u0103n gi\u1ea5y \u0103n Posy 100 t\u1edd\/t\u00fai<br \/>\n  &#8211; S\u1ea3n ph\u1ea9m \u0111\u01b0\u1ee3c kh\u00e1ch h\u00e0ng y\u00eau th\u00edch<br \/>\n =========================<br \/>\n  + Gi\u1ea5y \u0111\u01b0\u1ee3c s\u1ea3n xu\u1ea5t theo c\u00f4ng ngh\u1ec7 Nh\u1eadt B\u1ea3n<br \/>\n  + Th\u00e1nh ph\u1ea7n : b\u1ed9t gi\u1ea5y nguy\u00ean sinh<br \/>\n  + Kh\u00f4ng ch\u1ee9a c\u00e1c h\u00f3a ch\u1ea5t t\u1ea9y tr\u1eafng \u0111\u1ed9c h\u1ea1i, kh\u00f4ng g\u00e2y k\u00edch \u1ee9ng da,<br \/>\n  + \u0110\u1ea3m b\u1ea3o an to\u00e0n tuy\u1ec7t \u0111\u1ed1i cho ng\u01b0\u1eddi d\u00f9ng ngay c\u1ea3 tr\u1ebb em<br \/>\n  + Bao b\u00ec \u0111\u1eb9p ph\u00f9 h\u1ee3p s\u1eed d\u1ee5ng \u1edf ph\u00f2ng kh\u00e1ch, ph\u00f2ng \u0103n, b\u1ebfp<br \/>\n =========================<br \/>\n  + S\u1ea3n ph\u1ea9m g\u1ed3m 100 t\u1edd c\u00f3 \u0111\u1ed9 dai, m\u1ec1m, m\u1ecbn v\u00e0 kh\u1ea3 n\u0103ng th\u1ea5m h\u00fat n\u01b0\u1edbc cao, mang l\u1ea1i s\u1ef1 tho\u1ea3i m\u00e1i v\u00e0 y\u00ean t\u00e2m tuy\u1ec7t \u0111\u1ed1i khi s\u1eed d\u1ee5ng, \u0111\u1eb7c bi\u1ec7t d\u1ec5 ch\u1ecbu khi ti\u1ebfp x\u00fac v\u1edbi l\u00e0n da.<\/p>\n<p>  + Thi\u1ebft k\u1ebf d\u1ea1ng vu\u00f4ng 330&#215;330 mm gi\u00fap b\u1ea1n ti\u1ec7n s\u1eed d\u1ee5ng, mang l\u1ea1i s\u1ef1 ti\u1ec7n l\u1ee3i khi s\u1eed d\u1ee5ng, \u0111\u00e1p \u1ee9ng t\u1ed1i \u0111a nhu c\u1ea7u \u0111a d\u1ea1ng v\u00e0 ng\u00e0y c\u00e0ng kh\u1eaft khe c\u1ee7a ng\u01b0\u1eddi ti\u00eau d\u00f9ng.<\/p>\n<p> T\u00fai : 100 t\u1edd<br \/>\n K\u00edch th\u01b0\u1edbc : 330x330mm<br \/>\n H\u1ea1n s\u1eed d\u1ee5ng : 5 n\u0103m<br \/>\n Xu\u1ea5t x\u1ee9 : Vi\u1ec7t Nam<br \/>\n Th\u01b0\u01a1ng hi\u1ec7u : Posy<\/p>\n<p> #giayvesinh #giaycuon #giayposy #giayvesinhcuon #giayposy #giayvietnam<br \/>\n &#8220;<\/p>\n","protected":false},"excerpt":{"rendered":"<p>&#8220;Kh\u0103n gi\u1ea5y \u0103n Posy 100 t\u1edd\/t\u00fai &#8211; S\u1ea3n ph\u1ea9m \u0111\u01b0\u1ee3c kh\u00e1ch h\u00e0ng y\u00eau th\u00edch ========================= + Gi\u1ea5y \u0111\u01b0\u1ee3c s\u1ea3n xu\u1ea5t theo c\u00f4ng ngh\u1ec7 Nh\u1eadt B\u1ea3n + Th\u00e1nh ph\u1ea7n : b\u1ed9t gi\u1ea5y nguy\u00ean sinh + Kh\u00f4ng ch\u1ee9a c\u00e1c h\u00f3a ch\u1ea5t t\u1ea9y tr\u1eafng \u0111\u1ed9c h\u1ea1i, kh\u00f4ng g\u00e2y k\u00edch \u1ee9ng da, + \u0110\u1ea3m b\u1ea3o an to\u00e0n tuy\u1ec7t \u0111\u1ed1i&#8230;<\/p>\n","protected":false},"featured_media":8035,"comment_status":"open","ping_status":"closed","template":"","meta":[],"product_brand":[],"product_cat":[15,1404],"product_tag":[1768,1769,516,519],"class_list":{"0":"post-9177","1":"product","2":"type-product","3":"status-publish","4":"has-post-thumbnail","6":"product_cat-chua-phan-loai","7":"product_cat-khan-giay","8":"product_tag-giay","9":"product_tag-giay-an","10":"product_tag-khan-giay","11":"product_tag-khan-giay-rut","13":"first","14":"onbackorder","15":"shipping-taxable","16":"purchasable","17":"product-type-simple"},"acf":[],"_links":{"self":[{"href":"https:\/\/thanglongbeauty.vn\/index.php?rest_route=\/wp\/v2\/product\/9177","targetHints":{"allow":["GET"]}}],"collection":[{"href":"https:\/\/thanglongbeauty.vn\/index.php?rest_route=\/wp\/v2\/product"}],"about":[{"href":"https:\/\/thanglongbeauty.vn\/index.php?rest_route=\/wp\/v2\/types\/product"}],"replies":[{"embeddable":true,"href":"https:\/\/thanglongbeauty.vn\/index.php?rest_route=%2Fwp%2Fv2%2Fcomments&post=9177"}],"wp:featuredmedia":[{"embeddable":true,"href":"https:\/\/thanglongbeauty.vn\/index.php?rest_route=\/wp\/v2\/media\/8035"}],"wp:attachment":[{"href":"https:\/\/thanglongbeauty.vn\/index.php?rest_route=%2Fwp%2Fv2%2Fmedia&parent=9177"}],"wp:term":[{"taxonomy":"product_brand","embeddable":true,"href":"https:\/\/thanglongbeauty.vn\/index.php?rest_route=%2Fwp%2Fv2%2Fproduct_brand&post=9177"},{"taxonomy":"product_cat","embeddable":true,"href":"https:\/\/thanglongbeauty.vn\/index.php?rest_route=%2Fwp%2Fv2%2Fproduct_cat&post=9177"},{"taxonomy":"product_tag","embeddable":true,"href":"https:\/\/thanglongbeauty.vn\/index.php?rest_route=%2Fwp%2Fv2%2Fproduct_tag&post=9177"}],"curies":[{"name":"wp","href":"https:\/\/api.w.org\/{rel}","templated":true}]}}