{"id":9178,"date":"2025-10-20T10:09:04","date_gmt":"2025-10-20T10:09:04","guid":{"rendered":"https:\/\/thanglongbeauty.vn\/san-pham\/khan-giay-bo-tui-letgreen\/"},"modified":"2026-01-13T09:31:33","modified_gmt":"2026-01-13T09:31:33","slug":"khan-giay-bo-tui-letgreen","status":"publish","type":"product","link":"https:\/\/thanglongbeauty.vn\/?product=khan-giay-bo-tui-letgreen","title":{"rendered":"Kh\u0103n gi\u1ea5y b\u1ecf t\u00fai LETGREEN"},"content":{"rendered":"<p>Kh\u0103n gi\u1ea5y th\u01b0\u01a1ng hi\u1ec7u Let-green th\u01b0\u01a1ng hi\u1ec7u Vi\u1ec7t Nam 100% b\u1ed9t gi\u1ea5y nguy\u00ean ch\u1ea5t. Kh\u0103n gi\u1ea5y b\u1ecf t\u00fai Let-green 2 l\u1edbp 9 g\u00f3i x 10 t\u1edd h\u01b0\u01a1ng hoa, m\u1ec1m m\u1ea1i, m\u1ecbn m\u00e0ng v\u00e0 v\u1edbi kh\u1ea3 n\u0103ng th\u1ea5m h\u00fat t\u1ed1t n\u00ean c\u00f3 th\u1ec3 s\u1eed d\u1ee5ng \u0111\u1ec3 v\u1ec7 sinh c\u00e1 nh\u00e2n, d\u1ec5 d\u00e0ng \u0111em theo b\u00ean m\u00ecnh<br \/>\n Th\u01b0\u01a1ng hi\u1ec7u Let-green (Vi\u1ec7t Nam)<br \/>\n Ch\u1ea5t li\u1ec7u 100% b\u1ed9t gi\u1ea5y nguy\u00ean ch\u1ea5t<br \/>\n M\u00f9i h\u01b0\u01a1ng H\u01b0\u01a1ng hoa<br \/>\n S\u1ed1 l\u01b0\u1ee3ng 9 g\u00f3i x 10 t\u1edd<br \/>\n S\u1ed1 l\u1edbp 2 l\u1edbp<br \/>\n Kh\u1ed5 gi\u1ea5y 20cm x 21cm<br \/>\n Ch\u00fa \u00fd \u0110\u1ec3 tr\u00e1nh nguy hi\u1ec3m ng\u1ea1t th\u1edf, y\u00eau c\u1ea7u \u0111\u1ec3 bao b\u00ec s\u1ea3n ph\u1ea9m kh\u1ecfi t\u1ea7m tay c\u1ee7a tr\u1ebb em<br \/>\n S\u1ea3n xu\u1ea5t t\u1ea1i Vi\u1ec7t Nam<\/p>\n<p> #kh\u0103n\u01b0\u1edbt #kh\u0103n_\u01b0\u1edbt #khanuot #khan_uot #kh\u0103n\u01b0\u1edbtemb\u00e9<br \/>\n #kh\u0103n_\u01b0\u1edbt_em_b\u00e9 #khanuotembe #khan_uot_em_be #kh\u0103n\u01b0\u1edbtbobby #kh\u0103n_\u01b0\u1edbt_bobby #khanuotbobby #khan_uot_bobby #kh\u0103n\u01b0\u1edbtallcare #kh\u0103n_\u01b0\u1edbt_all_care #khanuotallcare<br \/>\n #khan_uot_all_care #kh\u0103n\u01b0\u1edbtallfressicare #kh\u0103n_\u01b0\u1edbt_all_fressi_care #khanuotallfressicare #khan_uot_all_fressi_care #Kh\u0103n\u01b0\u1edbtgi\u00e1b\u1ea3onhi\u1ec1u #Kh\u0103n_\u01b0\u1edbt_gi\u00e1_b\u1ea3o_nhi\u1ec1u #khanuotgiabaonhieu #khan_uot_gia_bao_nhieu #Kh\u0103n\u01b0\u1edbtBobby #Kh\u0103n_\u01b0\u1edbt_Bobby #Gi\u00e1kh\u0103n\u01b0\u1edbtBaby #Gi\u00e1_kh\u0103n_\u01b0\u1edbt_Baby #giakhanuotbaby #gia_khan_uot_baby #Kh\u0103n\u01b0\u1edbtkh\u00f4ngm\u00f9i #Kh\u0103n_\u01b0\u1edbt_kh\u00f4ng_m\u00f9i #khanuotkhongmui #khan_uot_khong_mui #Kh\u0103ngi\u1ea5y\u01b0\u1edbtAgi #Kh\u0103n_gi\u1ea5y_\u01b0\u1edbt_Agi #khangiayuotagi<br \/>\n #khan_giay_uot_agi #Kh\u0103ngi\u1ea5y\u01b0\u1edbtqu\u00e1nan #Kh\u0103n_gi\u1ea5y_\u01b0\u1edbt_qu\u00e1n_an #khangiayuotquanan #khan_giay_uot_quan_an #Kh\u0103n\u01b0\u1edbt100to #Kh\u0103n_\u01b0\u1edbt_100_to #khanuot100to #khan_uot_100_to #Kh\u0103ngi\u1ea5y\u01b0\u1edbtgi\u00e1s\u1ec9 #Kh\u0103n_gi\u1ea5y_\u01b0\u1edbt_gi\u00e1_s\u1ec9 #khangiayuotgiasi #khan_giay_uot_gia_si<br \/>\n &#8212;<br \/>\n Th\u0103ng Long_beauty- C\u00f4ng TY TNHH D\u1ecaCH V\u1ee4 PH\u00c2N PH\u1ed0I TH\u0102NG LONG l\u00e0 m\u1ed9t c\u00f4ng ty chuy\u00ean cung c\u1ea5p c\u00e1c s\u1ea3n ph\u1ea9m \u0111\u1ed3 cho m\u1eb9 v\u00e0 b\u00e9, nh\u1eefng s\u1ea3n ph\u1ea9m ch\u0103m s\u00f3c s\u1ee9c kh\u1ecfe \u2013 l\u00e0m \u0111\u1eb9p v\u00e0 kh\u1ea9u trang y t\u1ebf.<br \/>\n Li\u00ean h\u1ec7 \u0111\u1ec3 \u0111\u01b0\u1ee3c mua gi\u00e1 s\u1ec9 c\u1ef1c \u01b0u \u0111\u00e3i&#8221;&#8221;&#8221;<\/p>\n","protected":false},"excerpt":{"rendered":"<p>Kh\u0103n gi\u1ea5y th\u01b0\u01a1ng hi\u1ec7u Let-green th\u01b0\u01a1ng hi\u1ec7u Vi\u1ec7t Nam 100% b\u1ed9t gi\u1ea5y nguy\u00ean ch\u1ea5t. Kh\u0103n gi\u1ea5y b\u1ecf t\u00fai Let-green 2 l\u1edbp 9 g\u00f3i x 10 t\u1edd h\u01b0\u01a1ng hoa, m\u1ec1m m\u1ea1i, m\u1ecbn m\u00e0ng v\u00e0 v\u1edbi kh\u1ea3 n\u0103ng th\u1ea5m h\u00fat t\u1ed1t n\u00ean c\u00f3 th\u1ec3 s\u1eed d\u1ee5ng \u0111\u1ec3 v\u1ec7 sinh c\u00e1 nh\u00e2n, d\u1ec5 d\u00e0ng \u0111em theo b\u00ean m\u00ecnh&#8230;<\/p>\n","protected":false},"featured_media":8037,"comment_status":"open","ping_status":"closed","template":"","meta":[],"product_brand":[],"product_cat":[15,1404],"product_tag":[1768,1769,516,519],"class_list":{"0":"post-9178","1":"product","2":"type-product","3":"status-publish","4":"has-post-thumbnail","6":"product_cat-chua-phan-loai","7":"product_cat-khan-giay","8":"product_tag-giay","9":"product_tag-giay-an","10":"product_tag-khan-giay","11":"product_tag-khan-giay-rut","13":"first","14":"onbackorder","15":"shipping-taxable","16":"purchasable","17":"product-type-simple"},"acf":[],"_links":{"self":[{"href":"https:\/\/thanglongbeauty.vn\/index.php?rest_route=\/wp\/v2\/product\/9178","targetHints":{"allow":["GET"]}}],"collection":[{"href":"https:\/\/thanglongbeauty.vn\/index.php?rest_route=\/wp\/v2\/product"}],"about":[{"href":"https:\/\/thanglongbeauty.vn\/index.php?rest_route=\/wp\/v2\/types\/product"}],"replies":[{"embeddable":true,"href":"https:\/\/thanglongbeauty.vn\/index.php?rest_route=%2Fwp%2Fv2%2Fcomments&post=9178"}],"wp:featuredmedia":[{"embeddable":true,"href":"https:\/\/thanglongbeauty.vn\/index.php?rest_route=\/wp\/v2\/media\/8037"}],"wp:attachment":[{"href":"https:\/\/thanglongbeauty.vn\/index.php?rest_route=%2Fwp%2Fv2%2Fmedia&parent=9178"}],"wp:term":[{"taxonomy":"product_brand","embeddable":true,"href":"https:\/\/thanglongbeauty.vn\/index.php?rest_route=%2Fwp%2Fv2%2Fproduct_brand&post=9178"},{"taxonomy":"product_cat","embeddable":true,"href":"https:\/\/thanglongbeauty.vn\/index.php?rest_route=%2Fwp%2Fv2%2Fproduct_cat&post=9178"},{"taxonomy":"product_tag","embeddable":true,"href":"https:\/\/thanglongbeauty.vn\/index.php?rest_route=%2Fwp%2Fv2%2Fproduct_tag&post=9178"}],"curies":[{"name":"wp","href":"https:\/\/api.w.org\/{rel}","templated":true}]}}