{"id":9179,"date":"2025-10-20T10:09:04","date_gmt":"2025-10-20T10:09:04","guid":{"rendered":"https:\/\/thanglongbeauty.vn\/san-pham\/giay-rut-hoa-qua\/"},"modified":"2026-01-13T09:28:32","modified_gmt":"2026-01-13T09:28:32","slug":"giay-rut-hoa-qua","status":"publish","type":"product","link":"https:\/\/thanglongbeauty.vn\/?product=giay-rut-hoa-qua","title":{"rendered":"Gi\u1ea5y R\u00fat Hoa qu\u1ea3"},"content":{"rendered":"<p>Kh\u0103n gi\u1ea5y EMOS r\u00fat 2 l\u1edbp hoa qu\u1ea3 24mm l\u00e0 g\u00ec?Kh\u0103n gi\u1ea5y EMOS r\u00fat 2 l\u1edbp hoa qu\u1ea3 24mm l\u00e0 lo\u1ea1i kh\u0103n gi\u1ea5y m\u1ec1m m\u1ecbn, c\u00f3 thi\u1ebft k\u1ebf 2 l\u1edbp, th\u00edch h\u1ee3p s\u1eed d\u1ee5ng trong c\u00e1c ho\u1ea1t \u0111\u1ed9ng h\u00e0ng ng\u00e0y nh\u01b0 lau m\u1eb7t, tay, v\u00e0 c\u00e1c b\u1ec1 m\u1eb7t kh\u00e1c.<br \/>\n Th\u00e0nh ph\u1ea7n Kh\u0103n gi\u1ea5y EMOS r\u00fat 2 l\u1edbp hoa qu\u1ea3 24mmKh\u0103n gi\u1ea5y<br \/>\n C\u00f4ng d\u1ee5ng c\u1ee7a Kh\u0103n gi\u1ea5y EMOS r\u00fat 2 l\u1edbp hoa qu\u1ea3 24mmS\u1eed d\u1ee5ng \u0111\u1ec3 lau m\u1eb7t, tay, v\u00e0 c\u00e1c b\u1ec1 m\u1eb7t kh\u00e1c.M\u1ec1m m\u1ecbn, kh\u00f4ng g\u00e2y k\u00edch \u1ee9ng da.Th\u1ea5m h\u00fat t\u1ed1t, thu\u1eadn ti\u1ec7n cho m\u1ecdi nhu c\u1ea7u s\u1eed d\u1ee5ng.Gi\u1ea5y l\u1ee5a cao c\u1ea5p E\u2019mos Premium m\u1ec1m h\u01a1i dai h\u01a1n, s\u1ebd mang l\u1ea1i cho b\u1ea1n c\u1ea3m gi\u00e1c \u0111\u01b0\u1ee3c ch\u0103m s\u00f3c v\u00f4 c\u00f9ng nh\u1eb9 nh\u00e0ng v\u00e0 tinh t\u1ebf.C\u00e1ch s\u1eed d\u1ee5ng Kh\u0103n gi\u1ea5y EMOS r\u00fat 2 l\u1edbp hoa qu\u1ea3 24mmC\u00e1ch d\u00f9ngS\u1eed d\u1ee5ng tr\u1ef1c ti\u1ebfp \u0111\u1ec3 lau ch\u00f9i ho\u1eb7c v\u1ec7 sinh theo nhu c\u1ea7u.<br \/>\n Th\u00f4ng tin s\u1ea3n xu\u1ea5tB\u1ea3o qu\u1ea3n: B\u1ea3o qu\u1ea3n n\u01a1i kh\u00f4 r\u00e1o, tho\u00e1ng m\u00e1t, tr\u00e1nh \u00e1nh n\u1eafng tr\u1ef1c ti\u1ebfp.<br \/>\n \u0110\u00f3ng g\u00f3i: G\u00f3i 230 t\u1edd.<br \/>\n Th\u01b0\u01a1ng hi\u1ec7u: EMOS.<br \/>\n Nh\u00e0 s\u1ea3n xu\u1ea5t: Diana<br \/>\n C\u00e2u h\u1ecfi th\u01b0\u1eddng g\u1eb7pKh\u0103n gi\u1ea5y EMOS c\u00f3 m\u1ec1m m\u1ea1i v\u00e0 an to\u00e0n cho da kh\u00f4ng?Kh\u0103n gi\u1ea5y EMOS \u0111\u01b0\u1ee3c l\u00e0m t\u1eeb ch\u1ea5t li\u1ec7u m\u1ec1m m\u1ea1i, an to\u00e0n cho da, kh\u00f4ng g\u00e2y k\u00edch \u1ee9ng khi s\u1eed d\u1ee5ng.<br \/>\n Kh\u0103n gi\u1ea5y EMOS c\u00f3 s\u1eed d\u1ee5ng \u0111\u01b0\u1ee3c trong nh\u00e0 b\u1ebfp kh\u00f4ng?C\u00f3, kh\u0103n gi\u1ea5y EMOS c\u00f3 th\u1ec3 s\u1eed d\u1ee5ng trong nh\u00e0 b\u1ebfp \u0111\u1ec3 lau ch\u00f9i b\u1ec1 m\u1eb7t ho\u1eb7c v\u1ec7 sinh tay.<br \/>\n Kh\u0103n gi\u1ea5y EMOS c\u1ea7n b\u1ea3o qu\u1ea3n nh\u01b0 th\u1ebf n\u00e0o \u0111\u1ec3 tr\u00e1nh b\u1ecb \u01b0\u1edbt?B\u1ea3o qu\u1ea3n s\u1ea3n ph\u1ea9m n\u01a1i kh\u00f4 r\u00e1o, tho\u00e1ng m\u00e1t, tr\u00e1nh ti\u1ebfp x\u00fac v\u1edbi n\u01b0\u1edbc v\u00e0 \u00e1nh n\u1eafng tr\u1ef1c ti\u1ebfp.<\/p>\n","protected":false},"excerpt":{"rendered":"<p>Kh\u0103n gi\u1ea5y EMOS r\u00fat 2 l\u1edbp hoa qu\u1ea3 24mm l\u00e0 g\u00ec?Kh\u0103n gi\u1ea5y EMOS r\u00fat 2 l\u1edbp hoa qu\u1ea3 24mm l\u00e0 lo\u1ea1i kh\u0103n gi\u1ea5y m\u1ec1m m\u1ecbn, c\u00f3 thi\u1ebft k\u1ebf 2 l\u1edbp, th\u00edch h\u1ee3p s\u1eed d\u1ee5ng trong c\u00e1c ho\u1ea1t \u0111\u1ed9ng h\u00e0ng ng\u00e0y nh\u01b0 lau m\u1eb7t, tay, v\u00e0 c\u00e1c b\u1ec1 m\u1eb7t kh\u00e1c. Th\u00e0nh ph\u1ea7n Kh\u0103n gi\u1ea5y EMOS r\u00fat&#8230;<\/p>\n","protected":false},"featured_media":8039,"comment_status":"open","ping_status":"closed","template":"","meta":[],"product_brand":[1596],"product_cat":[15,1404],"product_tag":[1768,1769,516,519],"class_list":{"0":"post-9179","1":"product","2":"type-product","3":"status-publish","4":"has-post-thumbnail","6":"product_brand-emos","7":"product_cat-chua-phan-loai","8":"product_cat-khan-giay","9":"product_tag-giay","10":"product_tag-giay-an","11":"product_tag-khan-giay","12":"product_tag-khan-giay-rut","14":"first","15":"onbackorder","16":"shipping-taxable","17":"purchasable","18":"product-type-simple"},"acf":[],"_links":{"self":[{"href":"https:\/\/thanglongbeauty.vn\/index.php?rest_route=\/wp\/v2\/product\/9179","targetHints":{"allow":["GET"]}}],"collection":[{"href":"https:\/\/thanglongbeauty.vn\/index.php?rest_route=\/wp\/v2\/product"}],"about":[{"href":"https:\/\/thanglongbeauty.vn\/index.php?rest_route=\/wp\/v2\/types\/product"}],"replies":[{"embeddable":true,"href":"https:\/\/thanglongbeauty.vn\/index.php?rest_route=%2Fwp%2Fv2%2Fcomments&post=9179"}],"wp:featuredmedia":[{"embeddable":true,"href":"https:\/\/thanglongbeauty.vn\/index.php?rest_route=\/wp\/v2\/media\/8039"}],"wp:attachment":[{"href":"https:\/\/thanglongbeauty.vn\/index.php?rest_route=%2Fwp%2Fv2%2Fmedia&parent=9179"}],"wp:term":[{"taxonomy":"product_brand","embeddable":true,"href":"https:\/\/thanglongbeauty.vn\/index.php?rest_route=%2Fwp%2Fv2%2Fproduct_brand&post=9179"},{"taxonomy":"product_cat","embeddable":true,"href":"https:\/\/thanglongbeauty.vn\/index.php?rest_route=%2Fwp%2Fv2%2Fproduct_cat&post=9179"},{"taxonomy":"product_tag","embeddable":true,"href":"https:\/\/thanglongbeauty.vn\/index.php?rest_route=%2Fwp%2Fv2%2Fproduct_tag&post=9179"}],"curies":[{"name":"wp","href":"https:\/\/api.w.org\/{rel}","templated":true}]}}