{"id":9180,"date":"2025-10-20T10:09:05","date_gmt":"2025-10-20T10:09:05","guid":{"rendered":"https:\/\/thanglongbeauty.vn\/san-pham\/giay-an-emos-tim-01-lop100-to-l2-6582\/"},"modified":"2026-01-13T09:28:32","modified_gmt":"2026-01-13T09:28:32","slug":"giay-an-emos-tim-01-lop100-to-l2-6582","status":"publish","type":"product","link":"https:\/\/thanglongbeauty.vn\/?product=giay-an-emos-tim-01-lop100-to-l2-6582","title":{"rendered":"Gi\u1ea5y \u0102n E&#8217;mos T\u00edm 01 L\u1edbp100 T\u1edd L2 6582"},"content":{"rendered":"<p>&#8220;Kh\u0103n Gi\u1ea5y Vu\u00f4ng Premium g\u00f3i 100 T\u1edd H\u00c0NG KHUY\u1ebeN M\u00c3I GI\u00c1 R\u1eba- lo\u1ea1i 2<br \/>\n Kh\u0103n gi\u1ea5y vu\u00f4ng Premium g\u00f3i 100 t\u1edd h\u00e0ng sale khuy\u1ebfn m\u00e3i<br \/>\n Th\u00e0nh ph\u1ea7n v\u00e0 c\u00f4ng d\u1ee5ng:<br \/>\n Gi\u1ea5y \u0103n Premium 100 t\u1edd 1 l\u1edbp \u0111\u01b0\u1ee3c l\u00e0m t\u1eeb th\u00e0nh ph\u1ea7n b\u1ed9t gi\u1ea5y nguy\u00ean sinh t\u1ef1 nhi\u00ean, kh\u00f4ng ch\u1ee9a h\u00f3a ch\u1ea5t t\u1ea9y tr\u1eafng \u0111\u1ed9c h\u1ea1i, an to\u00e0n cho da, kh\u00f4ng g\u00e2y k\u00edch \u1ee9ng, d\u1ecb \u1ee9ng.<br \/>\n \u1ee8ng d\u1ee5ng c\u00f4ng ngh\u1ec7 \u0111\u1ed9c \u0111\u00e1o, ch\u1ecdn l\u1ef1a v\u00e0 k\u1ebft n\u1ed1i theo c\u1ea5u tr\u00fac ti\u00ean ti\u1ebfn nh\u1eefng s\u1ee3i gi\u1ea5y thu\u1ea7n khi\u1ebft nh\u1ea5t, gi\u1ea5y \u0103n m\u1ec1m m\u1ea1i, d\u1ebbo dai, th\u1ea5m h\u00fat \u1ea9m t\u1ed1t, l\u00e0m s\u1ea1ch d\u1ec5 d\u00e0ng.<br \/>\n Gi\u1ea5y \u0103n kh\u00f4ng c\u00f3 m\u00f9i, kh\u00f4ng g\u00e2y g\u1eaft m\u0169i, kh\u00f3 ch\u1ecbu cho m\u1ecdi ng\u01b0\u1eddi khi s\u1eed d\u1ee5ng.<br \/>\n H\u01b0\u1edbng d\u1eabn s\u1eed d\u1ee5ng:<br \/>\n M\u1edf bao b\u00ec \u1edf m\u00e9p b\u00ean c\u1ea1nh s\u1ea3n ph\u1ea9m, r\u00fat gi\u1ea5y ra s\u1eed d\u1ee5ng.<br \/>\n L\u01b0u \u00fd: \u0110\u1ec3 bao b\u00ec s\u1ea3n ph\u1ea9m xa t\u1ea7m tay tr\u1ebb em \u0111\u1ec3 tr\u00e1nh nguy hi\u1ec3m ng\u1ea1t th\u1edf.<br \/>\n B\u1ea3o qu\u1ea3n:<br \/>\n \u0110\u1eb7t \u1edf n\u01a1i kh\u00f4 r\u00e1o, tho\u00e1ng m\u00e1t.<br \/>\n \u0110\u1eccC K\u1ef8 TH\u00d4NG TIN S\u1ea2N PH\u1ea8M TR\u01af\u1edaC KHI MUA H\u00c0NG NHA C\u00c1C B\u1ea0N <\/p>\n<p> #gi\u1ea5y #giay #v\u1ec7 #sinh #vesinh #giayvesinh #tay #s\u1ea1ch #s\u1ebd<br \/>\n #s\u1ec9 #l\u1ebb #ch\u1ea5t #l\u01b0\u1ee3ng &#8220;<\/p>\n","protected":false},"excerpt":{"rendered":"<p>&#8220;Kh\u0103n Gi\u1ea5y Vu\u00f4ng Premium g\u00f3i 100 T\u1edd H\u00c0NG KHUY\u1ebeN M\u00c3I GI\u00c1 R\u1eba- lo\u1ea1i 2 Kh\u0103n gi\u1ea5y vu\u00f4ng Premium g\u00f3i 100 t\u1edd h\u00e0ng sale khuy\u1ebfn m\u00e3i Th\u00e0nh ph\u1ea7n v\u00e0 c\u00f4ng d\u1ee5ng: Gi\u1ea5y \u0103n Premium 100 t\u1edd 1 l\u1edbp \u0111\u01b0\u1ee3c l\u00e0m t\u1eeb th\u00e0nh ph\u1ea7n b\u1ed9t gi\u1ea5y nguy\u00ean sinh t\u1ef1 nhi\u00ean, kh\u00f4ng ch\u1ee9a h\u00f3a ch\u1ea5t t\u1ea9y tr\u1eafng \u0111\u1ed9c&#8230;<\/p>\n","protected":false},"featured_media":8042,"comment_status":"open","ping_status":"closed","template":"","meta":[],"product_brand":[],"product_cat":[15,1404],"product_tag":[1768,1769,516,519],"class_list":{"0":"post-9180","1":"product","2":"type-product","3":"status-publish","4":"has-post-thumbnail","6":"product_cat-chua-phan-loai","7":"product_cat-khan-giay","8":"product_tag-giay","9":"product_tag-giay-an","10":"product_tag-khan-giay","11":"product_tag-khan-giay-rut","13":"first","14":"onbackorder","15":"shipping-taxable","16":"purchasable","17":"product-type-simple"},"acf":[],"_links":{"self":[{"href":"https:\/\/thanglongbeauty.vn\/index.php?rest_route=\/wp\/v2\/product\/9180","targetHints":{"allow":["GET"]}}],"collection":[{"href":"https:\/\/thanglongbeauty.vn\/index.php?rest_route=\/wp\/v2\/product"}],"about":[{"href":"https:\/\/thanglongbeauty.vn\/index.php?rest_route=\/wp\/v2\/types\/product"}],"replies":[{"embeddable":true,"href":"https:\/\/thanglongbeauty.vn\/index.php?rest_route=%2Fwp%2Fv2%2Fcomments&post=9180"}],"wp:featuredmedia":[{"embeddable":true,"href":"https:\/\/thanglongbeauty.vn\/index.php?rest_route=\/wp\/v2\/media\/8042"}],"wp:attachment":[{"href":"https:\/\/thanglongbeauty.vn\/index.php?rest_route=%2Fwp%2Fv2%2Fmedia&parent=9180"}],"wp:term":[{"taxonomy":"product_brand","embeddable":true,"href":"https:\/\/thanglongbeauty.vn\/index.php?rest_route=%2Fwp%2Fv2%2Fproduct_brand&post=9180"},{"taxonomy":"product_cat","embeddable":true,"href":"https:\/\/thanglongbeauty.vn\/index.php?rest_route=%2Fwp%2Fv2%2Fproduct_cat&post=9180"},{"taxonomy":"product_tag","embeddable":true,"href":"https:\/\/thanglongbeauty.vn\/index.php?rest_route=%2Fwp%2Fv2%2Fproduct_tag&post=9180"}],"curies":[{"name":"wp","href":"https:\/\/api.w.org\/{rel}","templated":true}]}}