{"id":9182,"date":"2025-10-20T10:09:05","date_gmt":"2025-10-20T10:09:05","guid":{"rendered":"https:\/\/thanglongbeauty.vn\/san-pham\/giay-hop-emos-premium-180-to\/"},"modified":"2026-01-13T09:28:32","modified_gmt":"2026-01-13T09:28:32","slug":"giay-hop-emos-premium-180-to","status":"publish","type":"product","link":"https:\/\/thanglongbeauty.vn\/?product=giay-hop-emos-premium-180-to","title":{"rendered":"Gi\u1ea5y h\u1ed9p Emos Premium 180 t\u1edd"},"content":{"rendered":"<p>&#8220;Gi\u1ea5y Emos Premium l\u00e0 s\u1ea3n ph\u1ea9m \u0111\u1eb7c bi\u1ec7t cao c\u1ea5p c\u1ee7a nh\u00e3n h\u00e0ng Emos. \u0110\u01b0\u1ee3c s\u1ea3n xu\u1ea5t v\u1edbi c\u00f4ng ngh\u1ec7 \u0111\u1ed9c \u0111\u00e1o, gi\u1ea5y ho\u00e0n to\u00e0n kh\u00f4ng c\u00f3 ch\u1ea5t t\u1ea9y tr\u1eafng v\u00e0 \u0111\u1ed9c h\u1ea1i, s\u1ee3i gi\u1ea5y thu\u1ea7n khi\u1ebft t\u1eeb thi\u00ean nhi\u00ean, Gi\u1ea5y Emos Premium m\u1ec1m h\u01a1n, dai h\u01a1n s\u1ebd mang \u0111\u1ebfn cho b\u1ea1n c\u1ea3m gi\u00e1c \u0111\u01b0\u1ee3c ch\u0103m s\u00f3c v\u00f4 c\u00f9ng nh\u1eb9 nh\u00e0ng v\u00e0 tinh t\u1ebf.<br \/>\n \u0110\u1ecbnh l\u01b0\u1ee3ng gi\u1ea5y 13g\/m2<br \/>\n H\u1ed9p 180 t\u1edd \u00d7 2 l\u1edbp &#8211; 186mm \u00d7 190mm<br \/>\n H\u1ea1n s\u1eed d\u1ee5ng 5 n\u0103m k\u1ec3 t\u1eeb ng\u00e0y s\u1ea3n xu\u1ea5t<br \/>\n  Cam k\u1ebft 100% s\u1ea3n ph\u1ea9m gi\u1ea5y c\u00e1c lo\u1ea1i shop \u0111\u0103ng b\u00e1n \u0111\u1ec1u l\u00e0 lo\u1ea1i 1, gi\u1ea5y ch\u1ea5t l\u01b0\u1ee3ng nh\u1ea5t, shop kh\u00f4ng b\u00e1n lo\u1ea1i 2.<br \/>\n  https:\/\/www.facebook.com\/vietlottdoanhuyen&#8221;<\/p>\n","protected":false},"excerpt":{"rendered":"<p>&#8220;Gi\u1ea5y Emos Premium l\u00e0 s\u1ea3n ph\u1ea9m \u0111\u1eb7c bi\u1ec7t cao c\u1ea5p c\u1ee7a nh\u00e3n h\u00e0ng Emos. \u0110\u01b0\u1ee3c s\u1ea3n xu\u1ea5t v\u1edbi c\u00f4ng ngh\u1ec7 \u0111\u1ed9c \u0111\u00e1o, gi\u1ea5y ho\u00e0n to\u00e0n kh\u00f4ng c\u00f3 ch\u1ea5t t\u1ea9y tr\u1eafng v\u00e0 \u0111\u1ed9c h\u1ea1i, s\u1ee3i gi\u1ea5y thu\u1ea7n khi\u1ebft t\u1eeb thi\u00ean nhi\u00ean, Gi\u1ea5y Emos Premium m\u1ec1m h\u01a1n, dai h\u01a1n s\u1ebd mang \u0111\u1ebfn cho b\u1ea1n c\u1ea3m gi\u00e1c \u0111\u01b0\u1ee3c&#8230;<\/p>\n","protected":false},"featured_media":8047,"comment_status":"open","ping_status":"closed","template":"","meta":[],"product_brand":[],"product_cat":[15,1404],"product_tag":[1768,1769,516,519],"class_list":{"0":"post-9182","1":"product","2":"type-product","3":"status-publish","4":"has-post-thumbnail","6":"product_cat-chua-phan-loai","7":"product_cat-khan-giay","8":"product_tag-giay","9":"product_tag-giay-an","10":"product_tag-khan-giay","11":"product_tag-khan-giay-rut","13":"first","14":"onbackorder","15":"shipping-taxable","16":"purchasable","17":"product-type-simple"},"acf":[],"_links":{"self":[{"href":"https:\/\/thanglongbeauty.vn\/index.php?rest_route=\/wp\/v2\/product\/9182","targetHints":{"allow":["GET"]}}],"collection":[{"href":"https:\/\/thanglongbeauty.vn\/index.php?rest_route=\/wp\/v2\/product"}],"about":[{"href":"https:\/\/thanglongbeauty.vn\/index.php?rest_route=\/wp\/v2\/types\/product"}],"replies":[{"embeddable":true,"href":"https:\/\/thanglongbeauty.vn\/index.php?rest_route=%2Fwp%2Fv2%2Fcomments&post=9182"}],"wp:featuredmedia":[{"embeddable":true,"href":"https:\/\/thanglongbeauty.vn\/index.php?rest_route=\/wp\/v2\/media\/8047"}],"wp:attachment":[{"href":"https:\/\/thanglongbeauty.vn\/index.php?rest_route=%2Fwp%2Fv2%2Fmedia&parent=9182"}],"wp:term":[{"taxonomy":"product_brand","embeddable":true,"href":"https:\/\/thanglongbeauty.vn\/index.php?rest_route=%2Fwp%2Fv2%2Fproduct_brand&post=9182"},{"taxonomy":"product_cat","embeddable":true,"href":"https:\/\/thanglongbeauty.vn\/index.php?rest_route=%2Fwp%2Fv2%2Fproduct_cat&post=9182"},{"taxonomy":"product_tag","embeddable":true,"href":"https:\/\/thanglongbeauty.vn\/index.php?rest_route=%2Fwp%2Fv2%2Fproduct_tag&post=9182"}],"curies":[{"name":"wp","href":"https:\/\/api.w.org\/{rel}","templated":true}]}}