{"id":9184,"date":"2025-10-20T10:09:05","date_gmt":"2025-10-20T10:09:05","guid":{"rendered":"https:\/\/thanglongbeauty.vn\/san-pham\/khan-uot-teencare-204-to-tim\/"},"modified":"2025-10-25T09:49:24","modified_gmt":"2025-10-25T09:49:24","slug":"khan-uot-teencare-204-to-tim","status":"publish","type":"product","link":"https:\/\/thanglongbeauty.vn\/?product=khan-uot-teencare-204-to-tim","title":{"rendered":"kh\u0103n \u01b0\u1edbt teencare 20+4 t\u1edd T\u00cdM"},"content":{"rendered":"<p>V\u1edbi th\u00e0nh ph\u1ea7n chi\u1ebft xu\u1ea5t l\u00f4 h\u1ed9i d\u1ecbu nh\u1eb9, L\u1ed1c 5 g\u00f3i kh\u0103n \u01b0\u1edbt Teen Care h\u1ed3ng h\u01b0\u01a1ng d\u1ecbu nh\u1eb9 20 mi\u1ebfng ti\u1ec7n l\u1ee3i, gi\u00fap ch\u0103m s\u00f3c, n\u00e2ng niu l\u00e0n da hi\u1ec7u qu\u1ea3. V\u1edbi c\u00f4ng th\u1ee9c s\u1ee3i kh\u0103n m\u1ec1m m\u1ea1i \u0111\u1ebfn t\u1eeb th\u01b0\u01a1ng hi\u1ec7u kh\u0103n \u01b0\u1edbt Teen Care, lo\u1ea1i kh\u0103n \u01b0\u1edbt n\u00e0y an to\u00e0n c\u1ef1c k\u1ef3 cho da ng\u01b0\u1eddi d\u00f9ng.<br \/>\n Th\u01b0\u01a1ng hi\u1ec7u Teen Care (Vi\u1ec7t Nam)<br \/>\n S\u1ea3n xu\u1ea5t t\u1ea1i Vi\u1ec7t Nam<br \/>\n Lo\u1ea1i kh\u0103n Kh\u0103n \u01b0\u1edbt cho tu\u1ed5i Teen<br \/>\n M\u00f9i h\u01b0\u01a1ng H\u01b0\u01a1ng d\u1ecbu nh\u1eb9<br \/>\n S\u1ed1 l\u01b0\u1ee3ng 20 mi\u1ebfng (t\u1eb7ng th\u00eam 4 mi\u1ebfng)<br \/>\n Th\u00e0nh ph\u1ea7n V\u1ea3i kh\u00f4ng d\u1ec7t, n\u01b0\u1edbc tinh khi\u1ebft, Propylene Glycol, Fragrance, Cetylpyridinium Chloride, Aloe Barbadensis Leaf Extract, Chamomilla Recutita Extract<br \/>\n L\u01b0u \u00fd Kh\u00f4ng b\u1ecf v\u00e0o b\u1ed3n c\u1ea7u. Khi lau tr\u00e1nh ti\u1ebfp x\u00fac v\u00f9ng m\u1eaft. \u0110\u1ec3 xa t\u1ea7m tay tr\u1ebb em. Kh\u0103n s\u1eed d\u1ee5ng m\u1ed9t l\u1ea7n<br \/>\n B\u1ea3o qu\u1ea3n B\u1ea3o qu\u1ea3n n\u01a1i kh\u00f4 m\u00e1t, tr\u00e1nh \u00e1nh n\u1eafng tr\u1ef1c ti\u1ebfp v\u00e0 nh\u1eefng n\u01a1i c\u00f3 nhi\u1ec7t \u0111\u1ed9 cao<br \/>\n #kh\u0103n\u01b0\u1edbt #kh\u0103n_\u01b0\u1edbt #khanuot #khan_uot #kh\u0103n\u01b0\u1edbtemb\u00e9<br \/>\n #kh\u0103n_\u01b0\u1edbt_em_b\u00e9 #khanuotembe #khan_uot_em_be #kh\u0103n\u01b0\u1edbtbobby #kh\u0103n_\u01b0\u1edbt_bobby #khanuotbobby #khan_uot_bobby #kh\u0103n\u01b0\u1edbtallcare #kh\u0103n_\u01b0\u1edbt_all_care #khanuotallcare<br \/>\n #khan_uot_all_care #kh\u0103n\u01b0\u1edbtallfressicare #kh\u0103n_\u01b0\u1edbt_all_fressi_care #khanuotallfressicare #khan_uot_all_fressi_care #Kh\u0103n\u01b0\u1edbtgi\u00e1b\u1ea3onhi\u1ec1u #Kh\u0103n_\u01b0\u1edbt_gi\u00e1_b\u1ea3o_nhi\u1ec1u #khanuotgiabaonhieu #khan_uot_gia_bao_nhieu #Kh\u0103n\u01b0\u1edbtBobby #Kh\u0103n_\u01b0\u1edbt_Bobby #Gi\u00e1kh\u0103n\u01b0\u1edbtBaby #Gi\u00e1_kh\u0103n_\u01b0\u1edbt_Baby #giakhanuotbaby #gia_khan_uot_baby #Kh\u0103n\u01b0\u1edbtkh\u00f4ngm\u00f9i #Kh\u0103n_\u01b0\u1edbt_kh\u00f4ng_m\u00f9i #khanuotkhongmui #khan_uot_khong_mui #Kh\u0103ngi\u1ea5y\u01b0\u1edbtAgi #Kh\u0103n_gi\u1ea5y_\u01b0\u1edbt_Agi #khangiayuotagi<br \/>\n #khan_giay_uot_agi #Kh\u0103ngi\u1ea5y\u01b0\u1edbtqu\u00e1nan #Kh\u0103n_gi\u1ea5y_\u01b0\u1edbt_qu\u00e1n_an #khangiayuotquanan #khan_giay_uot_quan_an #Kh\u0103n\u01b0\u1edbt100to #Kh\u0103n_\u01b0\u1edbt_100_to #khanuot100to #khan_uot_100_to #Kh\u0103ngi\u1ea5y\u01b0\u1edbtgi\u00e1s\u1ec9 #Kh\u0103n_gi\u1ea5y_\u01b0\u1edbt_gi\u00e1_s\u1ec9 #khangiayuotgiasi #khan_giay_uot_gia_si<br \/>\n &#8212;<br \/>\n Th\u0103ng Long_beauty- C\u00f4ng TY TNHH D\u1ecaCH V\u1ee4 PH\u00c2N PH\u1ed0I TH\u0102NG LONG l\u00e0 m\u1ed9t c\u00f4ng ty chuy\u00ean cung c\u1ea5p c\u00e1c s\u1ea3n ph\u1ea9m \u0111\u1ed3 cho m\u1eb9 v\u00e0 b\u00e9, nh\u1eefng s\u1ea3n ph\u1ea9m ch\u0103m s\u00f3c s\u1ee9c kh\u1ecfe \u2013 l\u00e0m \u0111\u1eb9p v\u00e0 kh\u1ea9u trang y t\u1ebf.<br \/>\n Li\u00ean h\u1ec7 \u0111\u1ec3 \u0111\u01b0\u1ee3c mua gi\u00e1 s\u1ec9 c\u1ef1c \u01b0u \u0111\u00e3i&#8221;&#8221;&#8221;<\/p>\n","protected":false},"excerpt":{"rendered":"<p>V\u1edbi th\u00e0nh ph\u1ea7n chi\u1ebft xu\u1ea5t l\u00f4 h\u1ed9i d\u1ecbu nh\u1eb9, L\u1ed1c 5 g\u00f3i kh\u0103n \u01b0\u1edbt Teen Care h\u1ed3ng h\u01b0\u01a1ng d\u1ecbu nh\u1eb9 20 mi\u1ebfng ti\u1ec7n l\u1ee3i, gi\u00fap ch\u0103m s\u00f3c, n\u00e2ng niu l\u00e0n da hi\u1ec7u qu\u1ea3. V\u1edbi c\u00f4ng th\u1ee9c s\u1ee3i kh\u0103n m\u1ec1m m\u1ea1i \u0111\u1ebfn t\u1eeb th\u01b0\u01a1ng hi\u1ec7u kh\u0103n \u01b0\u1edbt Teen Care, lo\u1ea1i kh\u0103n \u01b0\u1edbt n\u00e0y an to\u00e0n c\u1ef1c&#8230;<\/p>\n","protected":false},"featured_media":6330,"comment_status":"open","ping_status":"closed","template":"","meta":[],"product_brand":[1500],"product_cat":[15,1401],"product_tag":[516,1615,1617,1616,1620,1618,1619,1703],"class_list":{"0":"post-9184","1":"product","2":"type-product","3":"status-publish","4":"has-post-thumbnail","6":"product_brand-teen-care","7":"product_cat-chua-phan-loai","8":"product_cat-khan-uot","9":"product_tag-khan-giay","10":"product_tag-khan-uot","11":"product_tag-khan-uot-bobby","12":"product_tag-khan-uot-cho-be","13":"product_tag-khan-uot-khong-con","14":"product_tag-khan-uot-khong-mui","15":"product_tag-khan-uot-mini","16":"product_tag-khan-uot-nguoi-lon","18":"first","19":"outofstock","20":"shipping-taxable","21":"purchasable","22":"product-type-simple"},"acf":[],"_links":{"self":[{"href":"https:\/\/thanglongbeauty.vn\/index.php?rest_route=\/wp\/v2\/product\/9184","targetHints":{"allow":["GET"]}}],"collection":[{"href":"https:\/\/thanglongbeauty.vn\/index.php?rest_route=\/wp\/v2\/product"}],"about":[{"href":"https:\/\/thanglongbeauty.vn\/index.php?rest_route=\/wp\/v2\/types\/product"}],"replies":[{"embeddable":true,"href":"https:\/\/thanglongbeauty.vn\/index.php?rest_route=%2Fwp%2Fv2%2Fcomments&post=9184"}],"wp:featuredmedia":[{"embeddable":true,"href":"https:\/\/thanglongbeauty.vn\/index.php?rest_route=\/wp\/v2\/media\/6330"}],"wp:attachment":[{"href":"https:\/\/thanglongbeauty.vn\/index.php?rest_route=%2Fwp%2Fv2%2Fmedia&parent=9184"}],"wp:term":[{"taxonomy":"product_brand","embeddable":true,"href":"https:\/\/thanglongbeauty.vn\/index.php?rest_route=%2Fwp%2Fv2%2Fproduct_brand&post=9184"},{"taxonomy":"product_cat","embeddable":true,"href":"https:\/\/thanglongbeauty.vn\/index.php?rest_route=%2Fwp%2Fv2%2Fproduct_cat&post=9184"},{"taxonomy":"product_tag","embeddable":true,"href":"https:\/\/thanglongbeauty.vn\/index.php?rest_route=%2Fwp%2Fv2%2Fproduct_tag&post=9184"}],"curies":[{"name":"wp","href":"https:\/\/api.w.org\/{rel}","templated":true}]}}