{"id":9190,"date":"2025-10-20T10:09:08","date_gmt":"2025-10-20T10:09:08","guid":{"rendered":"https:\/\/thanglongbeauty.vn\/?post_type=product&#038;p=9190"},"modified":"2026-01-13T11:05:00","modified_gmt":"2026-01-13T11:05:00","slug":"khan-uot-unifesh-mau-xanh-la-cay-aloevera-100-mieng","status":"publish","type":"product","link":"https:\/\/thanglongbeauty.vn\/?product=khan-uot-unifesh-mau-xanh-la-cay-aloevera-100-mieng","title":{"rendered":"Kh\u0103n \u01af\u1edbt Unifesh M\u00e0u xanh l\u00e1 c\u00e2y Aloevera 100 Mi\u1ebfng"},"content":{"rendered":"<p>&#8220;KH\u0102N \u01af\u1edaT UNIFRESH ALOEVERA \u2013 80 mi\u1ebfng<\/p>\n<p>  Unifresh Aloevera l\u00e0 s\u1ea3n ph\u1ea9m c\u1ea7n thi\u1ebft cho m\u1eb9 v\u00e0 b\u00e9 gi\u00fap c\u1ea3 nh\u00e0 lu\u00f4n s\u1ea1ch s\u1ebd, d\u1ecbu \u00eam, tr\u00e1nh xa vi khu\u1ea9n. Kh\u0103n \u01b0\u1edbt Unifresh \u0111\u01b0\u1ee3c l\u00e0m t\u1eeb v\u1ea3i kh\u00f4ng d\u1ec7t, kh\u00f4ng m\u00f9i, kh\u00f4ng ch\u1ee9a c\u1ed3n v\u00e0 paraben g\u00e2y h\u1ea1i cho l\u00e0n da b\u00e9. Ngo\u00e0i ra, Kh\u0103n \u01af\u1edbt Unifresh Aloevera 80M (80 Mi\u1ebfng) c\u00f2n b\u1ed5 sung tinh ch\u1ea5t nha \u0111am l\u00e0 tinh ch\u1ea5t thi\u00ean nhi\u00ean, gi\u00fap d\u01b0\u1ee1ng \u1ea9m cho da \u0111\u1ec3 l\u00e0n da lu\u00f4n m\u1ecbn m\u00e0ng, t\u01b0\u01a1i m\u00e1t.<\/p>\n<p> \u0110\u1eb6C \u0110I\u1ec2M N\u1ed4I TR\u1ed8I:<\/p>\n<p> &#8211; Kh\u00f4ng ch\u1ee9a c\u00e1c ch\u1ea5t b\u1ea3o qu\u1ea3n Paraben, MIT, MCT<\/p>\n<p> &#8211; S\u1eed d\u1ee5ng n\u01b0\u1edbc tinh khi\u1ebft 100%<\/p>\n<p> &#8211; \u0110\u1ed9 pH 5.0: c\u00e2n b\u1eb1ng \u0111\u1ed9 \u1ea9m t\u1ef1 nhi\u00ean c\u1ee7a da<\/p>\n<p> &#8211; C\u00f4ng th\u1ee9c kh\u00e1ng khu\u1ea9n t\u0103ng c\u01b0\u1eddng kh\u1ea3 n\u0103ng lo\u1ea1i b\u1ecf b\u1ee5i b\u1ea9n v\u00e0 t\u1ea1p ch\u1ea5t tr\u00ean da<\/p>\n<p> &#8211; Th\u00e0nh ph\u1ea7n kh\u00f4ng ch\u1ee9a c\u1ed3n, kh\u00f4ng nh\u1eddn, kh\u00f4ng g\u00e2y k\u00edch \u1ee9ng da<\/p>\n<p> TH\u00d4NG TIN TH\u01af\u01a0NG HI\u1ec6U<br \/>\n Unifresh l\u00e0 m\u1ed9t th\u01b0\u01a1ng hi\u1ec7u c\u1ee7a Taisun Vi\u1ec7t Nam \u2013 c\u00f4ng ty \u0111\u1ee9ng th\u1ee9 3 trong ng\u00e0nh h\u00e0ng ch\u0103m s\u00f3c v\u1ec7 sinh tr\u00ean th\u1ecb tr\u01b0\u1eddng n\u01b0\u1edbc Vi\u1ec7t. C\u00f4ng ty \u0111\u01b0\u1ee3c th\u00e0nh l\u1eadp v\u00e0o n\u0103m 2001 v\u00e0 c\u00f3 18 n\u0103m kinh nghi\u1ec7m trong ng\u00e0nh s\u1ea3n xu\u1ea5t t\u00e3, b\u0103ng v\u1ec7 sinh. Taisun Vi\u1ec7t Nam mang s\u1ee9 m\u1ec7nh ch\u0103m s\u00f3c v\u00e0 b\u1ea3o v\u1ec7 s\u1ee9c kh\u1ecfe cho m\u1ecdi l\u1ee9a tu\u1ed5i, h\u01b0\u1edbng \u0111\u1ebfn nh\u1eefng gi\u00e1 tr\u1ecb to\u00e0n di\u1ec7n nh\u1eb1m \u0111\u00e1p \u1ee9ng nhu c\u1ea7u c\u1ee7a kh\u00e1ch h\u00e0ng.&#8221;<\/p>\n","protected":false},"excerpt":{"rendered":"<p>&#8220;KH\u0102N \u01af\u1edaT UNIFRESH ALOEVERA \u2013 80 mi\u1ebfng Unifresh Aloevera l\u00e0 s\u1ea3n ph\u1ea9m c\u1ea7n thi\u1ebft cho m\u1eb9 v\u00e0 b\u00e9 gi\u00fap c\u1ea3 nh\u00e0 lu\u00f4n s\u1ea1ch s\u1ebd, d\u1ecbu \u00eam, tr\u00e1nh xa vi khu\u1ea9n. Kh\u0103n \u01b0\u1edbt Unifresh \u0111\u01b0\u1ee3c l\u00e0m t\u1eeb v\u1ea3i kh\u00f4ng d\u1ec7t, kh\u00f4ng m\u00f9i, kh\u00f4ng ch\u1ee9a c\u1ed3n v\u00e0 paraben g\u00e2y h\u1ea1i cho l\u00e0n da b\u00e9. Ngo\u00e0i ra, Kh\u0103n&#8230;<\/p>\n","protected":false},"featured_media":7986,"comment_status":"open","ping_status":"closed","template":"","meta":[],"product_brand":[1528],"product_cat":[15,1401,1699,1392],"product_tag":[516,1615,1617,1616,1620,1618,1619,1702,1701,1700],"class_list":{"0":"post-9190","1":"product","2":"type-product","3":"status-publish","4":"has-post-thumbnail","6":"product_brand-unidry","7":"product_cat-chua-phan-loai","8":"product_cat-khan-uot","9":"product_cat-khan-uot-cho-be","10":"product_cat-me-va-be","11":"product_tag-khan-giay","12":"product_tag-khan-uot","13":"product_tag-khan-uot-bobby","14":"product_tag-khan-uot-cho-be","15":"product_tag-khan-uot-khong-con","16":"product_tag-khan-uot-khong-mui","17":"product_tag-khan-uot-mini","18":"product_tag-khan-uot-tre-em","19":"product_tag-khan-uot-unidry","20":"product_tag-unidry","22":"first","23":"outofstock","24":"shipping-taxable","25":"purchasable","26":"product-type-simple"},"acf":[],"_links":{"self":[{"href":"https:\/\/thanglongbeauty.vn\/index.php?rest_route=\/wp\/v2\/product\/9190","targetHints":{"allow":["GET"]}}],"collection":[{"href":"https:\/\/thanglongbeauty.vn\/index.php?rest_route=\/wp\/v2\/product"}],"about":[{"href":"https:\/\/thanglongbeauty.vn\/index.php?rest_route=\/wp\/v2\/types\/product"}],"replies":[{"embeddable":true,"href":"https:\/\/thanglongbeauty.vn\/index.php?rest_route=%2Fwp%2Fv2%2Fcomments&post=9190"}],"wp:featuredmedia":[{"embeddable":true,"href":"https:\/\/thanglongbeauty.vn\/index.php?rest_route=\/wp\/v2\/media\/7986"}],"wp:attachment":[{"href":"https:\/\/thanglongbeauty.vn\/index.php?rest_route=%2Fwp%2Fv2%2Fmedia&parent=9190"}],"wp:term":[{"taxonomy":"product_brand","embeddable":true,"href":"https:\/\/thanglongbeauty.vn\/index.php?rest_route=%2Fwp%2Fv2%2Fproduct_brand&post=9190"},{"taxonomy":"product_cat","embeddable":true,"href":"https:\/\/thanglongbeauty.vn\/index.php?rest_route=%2Fwp%2Fv2%2Fproduct_cat&post=9190"},{"taxonomy":"product_tag","embeddable":true,"href":"https:\/\/thanglongbeauty.vn\/index.php?rest_route=%2Fwp%2Fv2%2Fproduct_tag&post=9190"}],"curies":[{"name":"wp","href":"https:\/\/api.w.org\/{rel}","templated":true}]}}