{"id":9194,"date":"2025-10-20T10:09:08","date_gmt":"2025-10-20T10:09:08","guid":{"rendered":"https:\/\/thanglongbeauty.vn\/?post_type=product&#038;p=9194"},"modified":"2026-01-13T11:05:00","modified_gmt":"2026-01-13T11:05:00","slug":"khan-uot-agi-100-mieng","status":"publish","type":"product","link":"https:\/\/thanglongbeauty.vn\/?product=khan-uot-agi-100-mieng","title":{"rendered":"Kh\u0103n \u01af\u1edbt Agi 100 mi\u1ebfng"},"content":{"rendered":"<p>Kh\u0103n \u01b0\u1edbt em b\u00e9 Agi v\u1edbi th\u00e0nh ph\u1ea7n t\u1ef1 nhi\u00ean, an to\u00e0n v\u00e0 l\u00e0nh t\u00ednh cho da c\u1ee7a b\u00e9. Kh\u0103n \u01b0\u1edbt m\u1ec1m m\u1ea1i, kh\u00f4ng x\u01a1, kh\u00f4ng l\u00e0m nh\u1edbt da khi lau. Kh\u0103n \u01b0\u1edbt em b\u00e9 Agi con ong\/chim c\u00e1nh c\u1ee5t kh\u00f4ng m\u00f9i g\u00f3i 100 mi\u1ebfng h\u00ecnh d\u00e1ng d\u1ec5 th\u01b0\u01a1ng, g\u00f3i 100 mi\u1ebfng s\u1eed d\u1ee5ng l\u00e2u d\u00e0i, ti\u1ebft ki\u1ec7m h\u01a1n<br \/>\n Th\u01b0\u01a1ng hi\u1ec7u Agi (H\u00e0n Qu\u1ed1c)<br \/>\n S\u1ea3n xu\u1ea5t t\u1ea1i Vi\u1ec7t Nam<br \/>\n Lo\u1ea1i kh\u0103n Kh\u0103n \u01b0\u1edbt em b\u00e9<br \/>\n \u0110\u1eb7c t\u00ednh s\u1ea3n ph\u1ea9m Kh\u0103n m\u1ec1m m\u1ea1i, kh\u00f4ng x\u01a1, kh\u00f4ng l\u00e0m nh\u1edbt da khi lau. S\u1ea3n ph\u1ea9m c\u00f3 ch\u1ee9a th\u00e0nh ph\u1ea7n ch\u1ed1ng vi khu\u1ea9n<br \/>\n M\u00f9i h\u01b0\u01a1ng Kh\u00f4ng m\u00f9i<br \/>\n Ph\u00f9 h\u1ee3p v\u1edbi Da nh\u1ea1y c\u1ea3m<br \/>\n \u0110\u1ed9 tu\u1ed5i s\u1eed d\u1ee5ng Tr\u1ebb d\u01b0\u1edbi 36 th\u00e1ng<br \/>\n S\u1ed1 l\u01b0\u1ee3ng 100 mi\u1ebfng<br \/>\n Th\u00e0nh ph\u1ea7n V\u1ea3i kh\u00f4ng d\u1ec7t, n\u01b0\u1edbc tinh khi\u1ebft, Citric Acid, Cetypyridinium Chloride, 4-hydroxyacetophenone<br \/>\n L\u01b0u \u00fd S\u1ea3n ph\u1ea9m h\u00ecnh con ong ho\u1eb7c chim c\u00e1nh c\u1ee5t giao h\u00e0ng ng\u1eabu nhi\u00ean<br \/>\n \u01afu \u0111i\u1ec3m Kh\u00f4ng c\u1ed3n, kh\u00f4ng Paraben v\u00e0 Methylisothiazolinone<br \/>\n B\u1ea3o qu\u1ea3n B\u1ea3o qu\u1ea3n n\u01a1i kh\u00f4 m\u00e1t, tr\u00e1nh \u00e1nh n\u1eafng tr\u1ef1c ti\u1ebfp v\u00e0 nh\u1eefng n\u01a1i c\u00f3 nhi\u1ec7t \u0111\u1ed9 cao<br \/>\n H\u01b0\u1edbng d\u1eabn s\u1eed d\u1ee5ng<br \/>\n D\u00f9ng m\u1ed9t l\u1ea7n.<br \/>\n D\u00f9ng \u0111\u1ec3 v\u1ec7 sinh da, t\u1ea9y trang, lau v\u1ebft b\u1ea9n tr\u00ean \u0111\u1ed3 v\u1eadt.<br \/>\n \u0110\u00f3ng k\u00edn mi\u1ec7ng bao b\u00ec sau khi d\u00f9ng<br \/>\n #kh\u0103n\u01b0\u1edbt #kh\u0103n_\u01b0\u1edbt #khanuot #khan_uot #kh\u0103n\u01b0\u1edbtemb\u00e9<br \/>\n #kh\u0103n_\u01b0\u1edbt_em_b\u00e9 #khanuotembe #khan_uot_em_be #kh\u0103n\u01b0\u1edbtbobby #kh\u0103n_\u01b0\u1edbt_bobby #khanuotbobby #khan_uot_bobby #kh\u0103n\u01b0\u1edbtallcare #kh\u0103n_\u01b0\u1edbt_all_care #khanuotallcare<br \/>\n #khan_uot_all_care #kh\u0103n\u01b0\u1edbtallfressicare #kh\u0103n_\u01b0\u1edbt_all_fressi_care #khanuotallfressicare #khan_uot_all_fressi_care #Kh\u0103n\u01b0\u1edbtgi\u00e1b\u1ea3onhi\u1ec1u #Kh\u0103n_\u01b0\u1edbt_gi\u00e1_b\u1ea3o_nhi\u1ec1u #khanuotgiabaonhieu #khan_uot_gia_bao_nhieu #Kh\u0103n\u01b0\u1edbtBobby #Kh\u0103n_\u01b0\u1edbt_Bobby #Gi\u00e1kh\u0103n\u01b0\u1edbtBaby #Gi\u00e1_kh\u0103n_\u01b0\u1edbt_Baby #giakhanuotbaby #gia_khan_uot_baby #Kh\u0103n\u01b0\u1edbtkh\u00f4ngm\u00f9i #Kh\u0103n_\u01b0\u1edbt_kh\u00f4ng_m\u00f9i #khanuotkhongmui #khan_uot_khong_mui #Kh\u0103ngi\u1ea5y\u01b0\u1edbtAgi #Kh\u0103n_gi\u1ea5y_\u01b0\u1edbt_Agi #khangiayuotagi<br \/>\n #khan_giay_uot_agi #Kh\u0103ngi\u1ea5y\u01b0\u1edbtqu\u00e1nan #Kh\u0103n_gi\u1ea5y_\u01b0\u1edbt_qu\u00e1n_an #khangiayuotquanan #khan_giay_uot_quan_an #Kh\u0103n\u01b0\u1edbt100to #Kh\u0103n_\u01b0\u1edbt_100_to #khanuot100to #khan_uot_100_to #Kh\u0103ngi\u1ea5y\u01b0\u1edbtgi\u00e1s\u1ec9 #Kh\u0103n_gi\u1ea5y_\u01b0\u1edbt_gi\u00e1_s\u1ec9 #khangiayuotgiasi #khan_giay_uot_gia_si<br \/>\n &#8212;<br \/>\n Th\u0103ng Long_beauty- C\u00f4ng TY TNHH D\u1ecaCH V\u1ee4 PH\u00c2N PH\u1ed0I TH<\/p>\n","protected":false},"excerpt":{"rendered":"<p>Kh\u0103n \u01b0\u1edbt em b\u00e9 Agi v\u1edbi th\u00e0nh ph\u1ea7n t\u1ef1 nhi\u00ean, an to\u00e0n v\u00e0 l\u00e0nh t\u00ednh cho da c\u1ee7a b\u00e9. Kh\u0103n \u01b0\u1edbt m\u1ec1m m\u1ea1i, kh\u00f4ng x\u01a1, kh\u00f4ng l\u00e0m nh\u1edbt da khi lau. Kh\u0103n \u01b0\u1edbt em b\u00e9 Agi con ong\/chim c\u00e1nh c\u1ee5t kh\u00f4ng m\u00f9i g\u00f3i 100 mi\u1ebfng h\u00ecnh d\u00e1ng d\u1ec5 th\u01b0\u01a1ng, g\u00f3i 100 mi\u1ebfng s\u1eed d\u1ee5ng l\u00e2u&#8230;<\/p>\n","protected":false},"featured_media":8034,"comment_status":"open","ping_status":"closed","template":"","meta":[],"product_brand":[1546],"product_cat":[15,1401,1699,1392],"product_tag":[516,1615,1617,1616,1620,1618,1619],"class_list":{"0":"post-9194","1":"product","2":"type-product","3":"status-publish","4":"has-post-thumbnail","6":"product_brand-agi","7":"product_cat-chua-phan-loai","8":"product_cat-khan-uot","9":"product_cat-khan-uot-cho-be","10":"product_cat-me-va-be","11":"product_tag-khan-giay","12":"product_tag-khan-uot","13":"product_tag-khan-uot-bobby","14":"product_tag-khan-uot-cho-be","15":"product_tag-khan-uot-khong-con","16":"product_tag-khan-uot-khong-mui","17":"product_tag-khan-uot-mini","19":"first","20":"instock","21":"shipping-taxable","22":"purchasable","23":"product-type-simple"},"acf":[],"_links":{"self":[{"href":"https:\/\/thanglongbeauty.vn\/index.php?rest_route=\/wp\/v2\/product\/9194","targetHints":{"allow":["GET"]}}],"collection":[{"href":"https:\/\/thanglongbeauty.vn\/index.php?rest_route=\/wp\/v2\/product"}],"about":[{"href":"https:\/\/thanglongbeauty.vn\/index.php?rest_route=\/wp\/v2\/types\/product"}],"replies":[{"embeddable":true,"href":"https:\/\/thanglongbeauty.vn\/index.php?rest_route=%2Fwp%2Fv2%2Fcomments&post=9194"}],"wp:featuredmedia":[{"embeddable":true,"href":"https:\/\/thanglongbeauty.vn\/index.php?rest_route=\/wp\/v2\/media\/8034"}],"wp:attachment":[{"href":"https:\/\/thanglongbeauty.vn\/index.php?rest_route=%2Fwp%2Fv2%2Fmedia&parent=9194"}],"wp:term":[{"taxonomy":"product_brand","embeddable":true,"href":"https:\/\/thanglongbeauty.vn\/index.php?rest_route=%2Fwp%2Fv2%2Fproduct_brand&post=9194"},{"taxonomy":"product_cat","embeddable":true,"href":"https:\/\/thanglongbeauty.vn\/index.php?rest_route=%2Fwp%2Fv2%2Fproduct_cat&post=9194"},{"taxonomy":"product_tag","embeddable":true,"href":"https:\/\/thanglongbeauty.vn\/index.php?rest_route=%2Fwp%2Fv2%2Fproduct_tag&post=9194"}],"curies":[{"name":"wp","href":"https:\/\/api.w.org\/{rel}","templated":true}]}}