{"id":9197,"date":"2025-10-20T10:09:09","date_gmt":"2025-10-20T10:09:09","guid":{"rendered":"https:\/\/thanglongbeauty.vn\/san-pham\/khan-uot-unifesh-mau-vang-vitamine-80m\/"},"modified":"2026-01-13T11:05:00","modified_gmt":"2026-01-13T11:05:00","slug":"khan-uot-unifesh-mau-vang-vitamine-80m","status":"publish","type":"product","link":"https:\/\/thanglongbeauty.vn\/?product=khan-uot-unifesh-mau-vang-vitamine-80m","title":{"rendered":"Kh\u0103n \u01af\u1edbt Unifesh M\u00e0u V\u00e0ng VitaminE 80M"},"content":{"rendered":"<p>Th\u0103ng long chuy\u00ean cung c\u1ea5p c\u00e1c d\u00f2ng kh\u0103n \u01b0\u1edbt ch\u00ednh h\u00e3ng gi\u00e1 r\u1ebb<br \/>\n Combo 6 Kh\u0103n \u01b0\u1edbt Unifresh Vitamin E (80 mi\u1ebfng) bao g\u1ed3m:<br \/>\n 06 x Kh\u0103n \u01b0\u1edbt Unifresh Baby Vitamin E 80 mi\u1ebfng<\/p>\n<p> Th\u00f4ng tin chi ti\u1ebft:<br \/>\n Kh\u0103n \u01b0\u1edbt Unifresh Baby Vitamin E 80 mi\u1ebfng l\u00e0 s\u1ea3n ph\u1ea9m c\u1ea7n thi\u1ebft \u0111\u1ec3 c\u00e1c c\u00f4 n\u00e0ng mang \u0111i kh\u1eafp n\u01a1i. V\u1edbi ch\u1ea5t li\u1ec7u v\u1ea3i kh\u00f4ng d\u1ec7t m\u1ec1m m\u1ea1i, kh\u00f4ng c\u00f3 ch\u1ea5t b\u1ea3o qu\u1ea3n, s\u1ea3n ph\u1ea9m kh\u00f4ng l\u00e0m kh\u00f4 da tay m\u00e0 c\u00f2n lau s\u1ea1ch m\u1ecdi v\u1ebft b\u1ea9n. <\/p>\n<p> \u0110\u1eb7c \u0111i\u1ec3m n\u1ed5i b\u1eadt:<br \/>\n &#8211; Ch\u1ea5t li\u1ec7u v\u1ea3i kh\u00f4ng d\u1ec7t, m\u1ec1m m\u1ea1i, kh\u00f4ng x\u01a1, th\u1ea5m h\u00fat t\u1ed1t c\u00f9ng c\u00f4ng th\u1ee9c kh\u00e1ng khu\u1ea9n \u01b0u vi\u1ec7t s\u1ebd x\u00f3a tan n\u1ed7i v\u1ec1 c\u00e1c ch\u1ea5t b\u1ea9n.<br \/>\n &#8211; S\u1ea3n ph\u1ea9m kh\u00f4ng ch\u1ee9a h\u00f3a ch\u1ea5t b\u1ea3o qu\u1ea3n g\u1ed1c Paraben, MIT, Phenoxyethanol, kh\u00f4ng c\u1ed3n.<br \/>\n &#8211; M\u00f9i h\u01b0\u01a1ng nh\u1eb9 nh\u00e0ng, th\u01b0 gi\u00e3n.<br \/>\n &#8211; \u0110\u1ed9 pH 5.0 th\u00e2n thi\u1ec7n v\u1edbi l\u00e0n da.<br \/>\n &#8211; Tinh ch\u1ea5t Vitamin E v\u00e0 l\u00f4 h\u1ed9i gi\u1eef \u1ea9m cho da. <\/p>\n<p> H\u01b0\u1edbng d\u1eabn s\u1eed d\u1ee5ng:<br \/>\n &#8211; B\u00f3c mi\u1ebfng decal v\u00e0 r\u00fat nh\u1eb9 t\u1eebng chi\u1ebfc kh\u0103n khi s\u1eed d\u1ee5ng.<br \/>\n &#8211; D\u00e1n l\u1ea1i mi\u1ebfng decal sau khi s\u1eed d\u1ee5ng \u0111\u1ec3 gi\u1eef \u1ea9m v\u00e0 tr\u00e1nh nhi\u1ec5m khu\u1ea9n.<br \/>\n &#8211; S\u1eed d\u1ee5ng t\u1ed1t nh\u1ea5t trong th\u1eddi gian 30 th\u00e1ng k\u1ec3 t\u1eeb ng\u00e0y s\u1ea3n xu\u1ea5t.<\/p>\n<p> HSD: 03 n\u0103m k\u1ec3 t\u1eeb NSX (NSX: xem &#8220;MFG&#8221; tr\u00ean bao b\u00ec)<br \/>\n Xu\u1ea5t x\u1ee9 th\u01b0\u01a1ng hi\u1ec7u: Vi\u1ec7t Nam<br \/>\n N\u01a1i s\u1ea3n xu\u1ea5t: Vi\u1ec7t Nam<br \/>\n T\u00ean c\u00f4ng ty: C\u00d4NG TY TR\u00c1CH NHI\u1ec6M H\u1eeeU H\u1ea0N TAISUN VI\u1ec6T NAM<br \/>\n \u0110\u1ecba ch\u1ec9: L\u00f4 A1-6, \u0111\u01b0\u1eddng s\u1ed1 N5, KCN T\u00e2y B\u1eafc C\u1ee7 Chi, X\u00e3 T\u00e2n An H\u1ed9i, Huy\u1ec7n C\u1ee7 Chi, Th\u00e0nh ph\u1ed1 H\u1ed3 Ch\u00ed Minh, Vi\u1ec7t Nam<\/p>\n<p> Th\u00f4ng tin th\u01b0\u01a1ng hi\u1ec7u:<br \/>\n Unifresh l\u00e0 m\u1ed9t th\u01b0\u01a1ng hi\u1ec7u c\u1ee7a Taisun Vi\u1ec7t Nam. C\u00f4ng ty \u0111\u01b0\u1ee3c th\u00e0nh l\u1eadp v\u00e0o n\u0103m 2001 v\u00e0 c\u00f3 18 n\u0103m kinh nghi\u1ec7m trong ng\u00e0nh s\u1ea3n xu\u1ea5t t\u00e3, b\u0103ng v\u1ec7 sinh. L\u00e0 th\u01b0\u01a1ng hi\u1ec7u \u0111\u1ee9ng th\u1ee9 3 \u1edf Vi\u1ec7t Nam, \u0111\u00e1p \u1ee9ng nhu c\u1ea7u ti\u00eau d\u00f9ng c\u1ee7a th\u1ecb tr\u01b0\u1eddng to\u00e0n qu\u1ed1c v\u00e0 xu\u1ea5t kh\u1ea9u tr\u00ean 20 qu\u1ed1c gia. Taisun Vi\u1ec7t Nam mang s\u1ee9 m\u1ec7nh ch\u0103m s\u00f3c v\u00e0 b\u1ea3o v\u1ec7 s\u1ee9c kh\u1ecfe cho m\u1ecdi l\u1ee9a tu\u1ed5i, h\u01b0\u1edbng \u0111\u1ebfn nh\u1eefng gi\u00e1 t.r.\u1ecb to\u00e0n di\u1ec7n nh\u1eb1m \u0111\u00e1p \u1ee9ng nhu c\u1ea7u c\u1ee7a kh\u00e1ch h\u00e0ng.<br \/>\n \u274c B\u1ea1n l\u01b0u \u00fd:<br \/>\n &#8211; Sau khi nh\u1eadn \u0111\u01b0\u1ee3c h\u00e0ng, phi\u1ec1n b\u1ea1n quay l\u1ea1i qu\u00e1 tr\u00ecnh b\u00f3c h\u00e0ng \u0111\u1ec3 ti\u1ec7n \u0111\u1ed5i tr\u1ea3 n\u1ebfu c\u00f3 v\u1ea5n \u0111\u1ec1 ph\u00e1t sinh \u1ea1. ^^<br \/>\n B\u1ea1n nh\u1eadn \u0111\u01b0\u1ee3c s\u1ea3n ph\u1ea9m v\u00e0 \u01b0ng \u00fd th\u00ec \u0111\u00e1nh gi\u00e1 gi\u00fap Shop 5 sao \u0111\u1ec3 nh\u1eadn th\u00eam nhi\u1ec1u \u01b0u \u0111\u00e3i<\/p>\n","protected":false},"excerpt":{"rendered":"<p>Th\u0103ng long chuy\u00ean cung c\u1ea5p c\u00e1c d\u00f2ng kh\u0103n \u01b0\u1edbt ch\u00ednh h\u00e3ng gi\u00e1 r\u1ebb Combo 6 Kh\u0103n \u01b0\u1edbt Unifresh Vitamin E (80 mi\u1ebfng) bao g\u1ed3m: 06 x Kh\u0103n \u01b0\u1edbt Unifresh Baby Vitamin E 80 mi\u1ebfng Th\u00f4ng tin chi ti\u1ebft: Kh\u0103n \u01b0\u1edbt Unifresh Baby Vitamin E 80 mi\u1ebfng l\u00e0 s\u1ea3n ph\u1ea9m c\u1ea7n thi\u1ebft \u0111\u1ec3 c\u00e1c c\u00f4 n\u00e0ng&#8230;<\/p>\n","protected":false},"featured_media":7983,"comment_status":"open","ping_status":"closed","template":"","meta":[],"product_brand":[1528],"product_cat":[15,1401,1699,1392],"product_tag":[516,1615,1617,1616,1620,1618,1619,1702,1701,1700],"class_list":{"0":"post-9197","1":"product","2":"type-product","3":"status-publish","4":"has-post-thumbnail","6":"product_brand-unidry","7":"product_cat-chua-phan-loai","8":"product_cat-khan-uot","9":"product_cat-khan-uot-cho-be","10":"product_cat-me-va-be","11":"product_tag-khan-giay","12":"product_tag-khan-uot","13":"product_tag-khan-uot-bobby","14":"product_tag-khan-uot-cho-be","15":"product_tag-khan-uot-khong-con","16":"product_tag-khan-uot-khong-mui","17":"product_tag-khan-uot-mini","18":"product_tag-khan-uot-tre-em","19":"product_tag-khan-uot-unidry","20":"product_tag-unidry","22":"first","23":"outofstock","24":"shipping-taxable","25":"purchasable","26":"product-type-simple"},"acf":[],"_links":{"self":[{"href":"https:\/\/thanglongbeauty.vn\/index.php?rest_route=\/wp\/v2\/product\/9197","targetHints":{"allow":["GET"]}}],"collection":[{"href":"https:\/\/thanglongbeauty.vn\/index.php?rest_route=\/wp\/v2\/product"}],"about":[{"href":"https:\/\/thanglongbeauty.vn\/index.php?rest_route=\/wp\/v2\/types\/product"}],"replies":[{"embeddable":true,"href":"https:\/\/thanglongbeauty.vn\/index.php?rest_route=%2Fwp%2Fv2%2Fcomments&post=9197"}],"wp:featuredmedia":[{"embeddable":true,"href":"https:\/\/thanglongbeauty.vn\/index.php?rest_route=\/wp\/v2\/media\/7983"}],"wp:attachment":[{"href":"https:\/\/thanglongbeauty.vn\/index.php?rest_route=%2Fwp%2Fv2%2Fmedia&parent=9197"}],"wp:term":[{"taxonomy":"product_brand","embeddable":true,"href":"https:\/\/thanglongbeauty.vn\/index.php?rest_route=%2Fwp%2Fv2%2Fproduct_brand&post=9197"},{"taxonomy":"product_cat","embeddable":true,"href":"https:\/\/thanglongbeauty.vn\/index.php?rest_route=%2Fwp%2Fv2%2Fproduct_cat&post=9197"},{"taxonomy":"product_tag","embeddable":true,"href":"https:\/\/thanglongbeauty.vn\/index.php?rest_route=%2Fwp%2Fv2%2Fproduct_tag&post=9197"}],"curies":[{"name":"wp","href":"https:\/\/api.w.org\/{rel}","templated":true}]}}