{"id":9200,"date":"2025-10-20T10:09:10","date_gmt":"2025-10-20T10:09:10","guid":{"rendered":"https:\/\/thanglongbeauty.vn\/san-pham\/khan-uot-mamamy-10020-to\/"},"modified":"2026-01-13T11:05:00","modified_gmt":"2026-01-13T11:05:00","slug":"khan-uot-mamamy-10020-to","status":"publish","type":"product","link":"https:\/\/thanglongbeauty.vn\/?product=khan-uot-mamamy-10020-to","title":{"rendered":"Kh\u0103n \u01af\u1edbt mamamy 100+20 t\u1edd"},"content":{"rendered":"<p>Kh\u0103n \u01b0\u1edbt cho b\u00e9 c\u00f3 th\u00e0nh ph\u1ea7n an to\u00e0n v\u00e0 d\u1ecbu nh\u1eb9 cho da b\u00e9, t\u0103ng g\u1ea5p \u0111\u00f4i ch\u1ea5t ch\u1ed1ng h\u0103m, ch\u1ed1ng r\u00f4m x\u1ea3y. Kh\u0103n \u01b0\u1edbt em b\u00e9 Mamamy kh\u00f4ng ho\u00e1 ch\u1ea5t b\u1ea3o qu\u1ea3n cho l\u00e0n da b\u00e9 m\u1ec1m m\u1ecbn. Kh\u0103n \u01b0\u1edbt em b\u00e9 Mamamy kh\u00f4ng m\u00f9i g\u00f3i 100 mi\u1ebfng g\u00f3i l\u1edbn d\u00f9ng l\u00e2u d\u00e0i v\u00e0 ti\u1ebft ki\u1ec7mTh\u01b0\u01a1ng hi\u1ec7uMamamyS\u1ea3n xu\u1ea5t t\u1ea1iVi\u1ec7t NamTh\u00e0nh ph\u1ea7nV\u1ea3i kh\u00f4ng d\u1ec7t 2 chi\u1ec1u, n\u01b0\u1edbc tinh khi\u1ebft 99.9%, Coco phosphatidyl PG-Dimonium Chloride, Stearyldimoniumhydroxypropyl Laurylglucosides Chloride, Chlorhexidine Gluconate Solution\u0110\u1eb7c t\u00ednh s\u1ea3n ph\u1ea9mCh\u1ed1ng h\u0103m, ch\u1ed1ng r\u00f4m s\u1ea9y, d\u01b0\u1ee1ng \u1ea9m, l\u00e0m m\u1ec1m daM\u00f9i h\u01b0\u01a1ngKh\u00f4ng m\u00f9iPh\u00f9 h\u1ee3p v\u1edbiDa nh\u1ea1y c\u1ea3mS\u1ed1 l\u01b0\u1ee3ng100 mi\u1ebfngL\u01b0u \u00fdS\u1ea3n ph\u1ea9m kh\u00f4ng tan trong n\u01b0\u1edbc, xin \u0111\u1eebng v\u1ee9t v\u00e0o toiletB\u1ea3o qu\u1ea3nB\u1ea3o qu\u1ea3n n\u01a1i kh\u00f4 m\u00e1t, tr\u00e1nh \u00e1nh n\u1eafng tr\u1ef1c ti\u1ebfp v\u00e0 nh\u1eefng n\u01a1i c\u00f3 nhi\u1ec7t \u0111\u1ed9 caoB\u00e0i vi\u1ebft s\u1ea3n ph\u1ea9m<br \/>\n \u0110\u00f4i n\u00e9t v\u1ec1 th\u01b0\u01a1ng hi\u1ec7uMamamy l\u00e0 th\u01b0\u01a1ng hi\u1ec7u chuy\u00ean kinh doanh c\u00e1c s\u1ea3n ph\u1ea9m ch\u0103m s\u00f3c d\u00e0nh cho tr\u1ebb em thu\u1ed9c C\u00f4ng ty TNHH \u0110\u00f4ng Hi\u1ec7p (DHTI), Vi\u1ec7t Nam. Th\u01b0\u01a1ng hi\u1ec7u Mamamy \u0111\u01b0\u1ee3c bi\u1ebft \u0111\u1ebfn v\u1edbi c\u00e1c s\u1ea3n ph\u1ea9m ch\u0103m s\u00f3c cho b\u00e9 nh\u01b0 b\u00ecnh s\u1eefa, n\u00fam v\u00fa, kh\u0103n \u01b0\u1edbt,&#8230; L\u00e0 th\u01b0\u01a1ng hi\u1ec7u Vi\u1ec7t ch\u1ea5t l\u01b0\u1ee3ng, gi\u00e1 c\u1ea3 ph\u1ea3i ch\u0103ng n\u00ean c\u00e1c s\u1ea3n ph\u1ea9m c\u1ee7a Mamamy \u0111\u01b0\u1ee3c r\u1ea5t nhi\u1ec1u b\u1ed1 m\u1eb9 tin t\u01b0\u1edfng l\u1ef1a ch\u1ecdn cho con y\u00eau c\u1ee7a m\u00ecnh.<br \/>\n \u01afu \u0111i\u1ec3m s\u1ea3n ph\u1ea9mKh\u0103n \u01b0\u1edbt em b\u00e9 Mamamy kh\u00f4ng m\u00f9i l\u00e0 s\u1ea3n ph\u1ea9m kh\u0103n \u01b0\u1edbt ch\u1ea5t l\u01b0\u1ee3ng \u0111\u01b0\u1ee3c H\u1ed9i ph\u1ee5 s\u1ea3n khoa Vi\u1ec7t Nam khuy\u00ean d\u00f9ng, kh\u0103n \u01b0\u1edbt c\u00f3 nhi\u1ec1u nh\u1eefng \u01b0u \u0111i\u1ec3m nh\u01b0:<br \/>\n T\u0103ng g\u1ea5p \u0111\u00f4i ch\u1ea5t ch\u1ed1ng h\u0103m, ch\u1ed1ng r\u00f4m s\u1ea3y.<br \/>\n Gi\u00fap kh\u00e1ng khu\u1ea9n, d\u01b0\u1ee1ng \u1ea9m v\u00e0 l\u00e0m m\u1ec1m da.<br \/>\n C\u00f3 n\u1eafp \u0111\u1eady ti\u1ec7n l\u1ee3i.<br \/>\n Kh\u00f4ng ch\u1ee9a h\u00f3a ch\u1ea5t b\u1ea3o qu\u1ea3n Paraben, MIT, Phenoxyethanol.<br \/>\n Kh\u00f4ng g\u00e2y k\u00edch \u1ee9ng da.<br \/>\n S\u1eed d\u1ee5ng ti\u1ec7n l\u1ee3i, ph\u00f9 h\u1ee3p d\u00f9ng cho em b\u00e9, \u0111\u1eb7c bi\u1ec7t l\u00e0 l\u00fac thay t\u00e3, c\u00f3 th\u1ec3 mang theo b\u00ean ng\u01b0\u1eddi khi \u0111i c\u00f4ng t\u00e1c, \u0111i du l\u1ecbch,&#8230;<\/p>\n<p> \u0110\u1ed1i t\u01b0\u1ee3ng s\u1eed d\u1ee5ngKh\u0103n \u01b0\u1edbt em b\u00e9 Mamamy an to\u00e0n s\u1eed d\u1ee5ng cho em b\u00e9 v\u00e0 c\u1ea3 gia \u0111\u00ecnh.<br \/>\n H\u01b0\u1edbng d\u1eabn s\u1eed d\u1ee5ngM\u1edf n\u1eafp tr\u00ean m\u1eb7t, r\u00fat kh\u0103n c\u1ea7n s\u1eed d\u1ee5ng.<br \/>\n Sau khi s\u1eed d\u1ee5ng, \u0111\u1eady n\u1eafp l\u1ea1i v\u1ecb tr\u00ed c\u0169, \u0111\u1ec3 gi\u1eef \u1ea9m v\u00e0 tr\u00e1nh khu\u1ea9n.<br \/>\n Kh\u0103n \u01b0\u1edbt Mamamy ch\u1ec9 d\u00f9ng m\u1ed9t l\u1ea7n, kh\u00f4ng n\u00ean t\u00e1i s\u1eed d\u1ee5ng.<\/p>\n<p> C\u00e1ch b\u1ea3o qu\u1ea3n v\u00e0 l\u01b0u \u00fd khi s\u1eed d\u1ee5ng kh\u0103n \u01b0\u1edbt em b\u00e9 Mamamy kh\u00f4ng m\u00f9i g\u00f3i<\/p>\n","protected":false},"excerpt":{"rendered":"<p>Kh\u0103n \u01b0\u1edbt cho b\u00e9 c\u00f3 th\u00e0nh ph\u1ea7n an to\u00e0n v\u00e0 d\u1ecbu nh\u1eb9 cho da b\u00e9, t\u0103ng g\u1ea5p \u0111\u00f4i ch\u1ea5t ch\u1ed1ng h\u0103m, ch\u1ed1ng r\u00f4m x\u1ea3y. Kh\u0103n \u01b0\u1edbt em b\u00e9 Mamamy kh\u00f4ng ho\u00e1 ch\u1ea5t b\u1ea3o qu\u1ea3n cho l\u00e0n da b\u00e9 m\u1ec1m m\u1ecbn. Kh\u0103n \u01b0\u1edbt em b\u00e9 Mamamy kh\u00f4ng m\u00f9i g\u00f3i 100 mi\u1ebfng g\u00f3i l\u1edbn d\u00f9ng l\u00e2u d\u00e0i&#8230;<\/p>\n","protected":false},"featured_media":7997,"comment_status":"open","ping_status":"closed","template":"","meta":[],"product_brand":[1542],"product_cat":[15,1401,1699,1392],"product_tag":[516,1615,1617,1616,1620,1618,1619],"class_list":{"0":"post-9200","1":"product","2":"type-product","3":"status-publish","4":"has-post-thumbnail","6":"product_brand-mamamy","7":"product_cat-chua-phan-loai","8":"product_cat-khan-uot","9":"product_cat-khan-uot-cho-be","10":"product_cat-me-va-be","11":"product_tag-khan-giay","12":"product_tag-khan-uot","13":"product_tag-khan-uot-bobby","14":"product_tag-khan-uot-cho-be","15":"product_tag-khan-uot-khong-con","16":"product_tag-khan-uot-khong-mui","17":"product_tag-khan-uot-mini","19":"first","20":"outofstock","21":"shipping-taxable","22":"purchasable","23":"product-type-simple"},"acf":[],"_links":{"self":[{"href":"https:\/\/thanglongbeauty.vn\/index.php?rest_route=\/wp\/v2\/product\/9200","targetHints":{"allow":["GET"]}}],"collection":[{"href":"https:\/\/thanglongbeauty.vn\/index.php?rest_route=\/wp\/v2\/product"}],"about":[{"href":"https:\/\/thanglongbeauty.vn\/index.php?rest_route=\/wp\/v2\/types\/product"}],"replies":[{"embeddable":true,"href":"https:\/\/thanglongbeauty.vn\/index.php?rest_route=%2Fwp%2Fv2%2Fcomments&post=9200"}],"wp:featuredmedia":[{"embeddable":true,"href":"https:\/\/thanglongbeauty.vn\/index.php?rest_route=\/wp\/v2\/media\/7997"}],"wp:attachment":[{"href":"https:\/\/thanglongbeauty.vn\/index.php?rest_route=%2Fwp%2Fv2%2Fmedia&parent=9200"}],"wp:term":[{"taxonomy":"product_brand","embeddable":true,"href":"https:\/\/thanglongbeauty.vn\/index.php?rest_route=%2Fwp%2Fv2%2Fproduct_brand&post=9200"},{"taxonomy":"product_cat","embeddable":true,"href":"https:\/\/thanglongbeauty.vn\/index.php?rest_route=%2Fwp%2Fv2%2Fproduct_cat&post=9200"},{"taxonomy":"product_tag","embeddable":true,"href":"https:\/\/thanglongbeauty.vn\/index.php?rest_route=%2Fwp%2Fv2%2Fproduct_tag&post=9200"}],"curies":[{"name":"wp","href":"https:\/\/api.w.org\/{rel}","templated":true}]}}