{"id":9201,"date":"2025-10-20T10:09:10","date_gmt":"2025-10-20T10:09:10","guid":{"rendered":"https:\/\/thanglongbeauty.vn\/san-pham\/khan-uot-letgreen-15-to\/"},"modified":"2025-10-25T09:49:23","modified_gmt":"2025-10-25T09:49:23","slug":"khan-uot-letgreen-15-to","status":"publish","type":"product","link":"https:\/\/thanglongbeauty.vn\/?product=khan-uot-letgreen-15-to","title":{"rendered":"Kh\u0103n \u01af\u1edbt LETGREEN 15 t\u1edd"},"content":{"rendered":"<p>Th\u00f4ng tin s\u1ea3n ph\u1ea9mKh\u0103n \u01b0\u1edbt Let-Green v\u1edbi th\u00e0nh ph\u1ea7n t\u1ef1 nhi\u00ean, an to\u00e0n v\u00e0 l\u00e0nh t\u00ednh cho da. Kh\u0103n \u01b0\u1edbt m\u1ec1m m\u1ea1i, kh\u00f4ng x\u01a1, kh\u00f4ng l\u00e0m nh\u1edbt da khi lau. Kh\u0103n \u01b0\u1edbt Let-green kh\u00e1ng khu\u1ea9n kh\u1eed m\u00f9i g\u00f3i 15 mi\u1ebfng gi\u00fap v\u1ec7 sinh da, kh\u1eed m\u00f9i, d\u01b0\u1ee1ng \u1ea9m da, kh\u00e1ng khu\u1ea9n 99.9%Th\u01b0\u01a1ng hi\u1ec7uLet-green (Vi\u1ec7t Nam)S\u1ea3n xu\u1ea5t t\u1ea1iVi\u1ec7t NamLo\u1ea1i kh\u0103nKh\u0103n \u01b0\u1edbt kh\u00e1ng khu\u1ea9nC\u00f4ng d\u1ee5ngV\u1ec7 sinh da, kh\u1eed m\u00f9i, d\u01b0\u1ee1ng \u1ea9m da, kh\u00e1ng khu\u1ea9n 99.9%M\u00f9i h\u01b0\u01a1ngTr\u00e0 xanhPh\u00f9 h\u1ee3p v\u1edbiM\u1ecdi lo\u1ea1i daK\u00edch th\u01b0\u1edbc20 x 15cmS\u1ed1 l\u01b0\u1ee3ng15 mi\u1ebfngTh\u00e0nh ph\u1ea7nV\u1ea3i kh\u00f4ng d\u1ec7t, n\u01b0\u1edbc tinh khi\u1ebft R.O, Benzalkonium, Citric Acid,&#8230;L\u01b0u \u00fdKh\u00f4ng b\u1ecf v\u00e0o b\u1ed3n c\u1ea7u. \u0110\u1ec3 xa t\u1ea7m tay tr\u1ebb emB\u1ea3o qu\u1ea3nB\u1ea3o qu\u1ea3n n\u01a1i kh\u00f4 m\u00e1t, tr\u00e1nh \u00e1nh n\u1eafng tr\u1ef1c ti\u1ebfp v\u00e0 nh\u1eefng n\u01a1i c\u00f3 nhi\u1ec7t \u0111\u1ed9 caoB\u00e0i vi\u1ebft s\u1ea3n ph\u1ea9m<br \/>\n \u0110\u00f4i n\u00e9t v\u1ec1 th\u01b0\u01a1ng hi\u1ec7uLet-green l\u00e0 m\u1ed9t th\u01b0\u01a1ng hi\u1ec7u n\u1ed5i ti\u1ebfng trong l\u0129nh v\u1ef1c s\u1ea3n ph\u1ea9m ch\u0103m s\u00f3c c\u00e1 nh\u00e2n v\u00e0 gia \u0111\u00ecnh. V\u1edbi cam k\u1ebft mang l\u1ea1i s\u1ef1 ti\u1ec7n l\u1ee3i v\u00e0 an to\u00e0n cho ng\u01b0\u1eddi ti\u00eau d\u00f9ng, Let-green lu\u00f4n ch\u00fa tr\u1ecdng v\u00e0o vi\u1ec7c s\u1eed d\u1ee5ng c\u00e1c th\u00e0nh ph\u1ea7n t\u1ef1 nhi\u00ean v\u00e0 c\u00f4ng ngh\u1ec7 ti\u00ean ti\u1ebfn \u0111\u1ec3 s\u1ea3n xu\u1ea5t c\u00e1c s\u1ea3n ph\u1ea9m ch\u1ea5t l\u01b0\u1ee3ng cao. Kh\u0103n \u01b0\u1edbt Let-green kh\u00e1ng khu\u1ea9n kh\u1eed m\u00f9i g\u00f3i 15 mi\u1ebfng l\u00e0 m\u1ed9t trong nh\u1eefng s\u1ea3n ph\u1ea9m ti\u00eau bi\u1ec3u c\u1ee7a th\u01b0\u01a1ng hi\u1ec7u, \u0111\u01b0\u1ee3c thi\u1ebft k\u1ebf \u0111\u1ec3 \u0111\u00e1p \u1ee9ng nhu c\u1ea7u v\u1ec7 sinh h\u00e0ng ng\u00e0y m\u1ed9t c\u00e1ch hi\u1ec7u qu\u1ea3 v\u00e0 ti\u1ec7n l\u1ee3i.<br \/>\n \u01afu \u0111i\u1ec3m c\u1ee7a s\u1ea3n ph\u1ea9mKh\u00e1ng khu\u1ea9n v\u00e0 kh\u1eed m\u00f9i hi\u1ec7u qu\u1ea3: S\u1ea3n ph\u1ea9m \u0111\u01b0\u1ee3c b\u1ed5 sung c\u00e1c ch\u1ea5t kh\u00e1ng khu\u1ea9n, gi\u00fap lo\u1ea1i b\u1ecf vi khu\u1ea9n v\u00e0 m\u00f9i kh\u00f3 ch\u1ecbu, mang l\u1ea1i c\u1ea3m gi\u00e1c s\u1ea1ch s\u1ebd v\u00e0 th\u01a1m m\u00e1t.<br \/>\n Th\u00e0nh ph\u1ea7n an to\u00e0n: Kh\u00f4ng ch\u1ee9a c\u1ed3n v\u00e0 c\u00e1c ch\u1ea5t g\u00e2y k\u00edch \u1ee9ng da, kh\u0103n \u01b0\u1edbt Let-green an to\u00e0n cho m\u1ecdi lo\u1ea1i da, k\u1ec3 c\u1ea3 da nh\u1ea1y c\u1ea3m.<br \/>\n Gi\u1eef da \u1ea9m m\u01b0\u1ee3t: S\u1ea3n ph\u1ea9m ch\u1ee9a th\u00e0nh ph\u1ea7n HA gi\u00fap da kh\u00f4ng b\u1ecb kh\u00f4 c\u0103ng khi s\u1eed d\u1ee5ng.<br \/>\n H\u01b0\u01a1ng th\u01a1m d\u1ec5 ch\u1ecbu: S\u1ea3n ph\u1ea9m c\u00f3 h\u01b0\u01a1ng tr\u00e0 xanh th\u01a1m m\u00e1t, d\u1ecbu nh\u1eb9 kh\u00f4ng g\u00e2y kh\u00f3 ch\u1ecbu khi s\u1eed d\u1ee5ng tr\u00ean da.<br \/>\n Ch\u1ea5t li\u1ec7u m\u1ec1m m\u1ea1i: Kh\u0103n \u01b0\u1edbt \u0111\u01b0\u1ee3c l\u00e0m t\u1eeb ch\u1ea5t li\u1ec7u v\u1ea3i m\u1ec1m m\u1ea1i, kh\u00f4ng g\u00e2y t\u1ed5n th\u01b0\u01a1ng cho da, \u0111\u1ed3ng th\u1eddi cung c\u1ea5p \u0111\u1ed9 \u1ea9m c\u1ea7n thi\u1ebft, gi\u1eef cho da lu\u00f4n m\u1ec1m m\u1ecbn.<br \/>\n Thi\u1ebft k\u1ebf nh\u1ecf g\u1ecdn: G\u00f3i 15 mi\u1ebfng ti\u1ec7n l\u1ee3i, d\u1ec5 d\u00e0ng mang theo khi \u0111i du l\u1ecbch, c\u00f4ng t\u00e1c ho\u1eb7c s\u1eed d\u1ee5ng h\u00e0ng ng\u00e0y.<br \/>\n \u0110\u1ed1i t\u01b0\u1ee3ng s\u1eed d\u1ee5ngPh\u00f9 h\u1ee3p cho m\u1ecdi l\u1ee9a<\/p>\n","protected":false},"excerpt":{"rendered":"<p>Th\u00f4ng tin s\u1ea3n ph\u1ea9mKh\u0103n \u01b0\u1edbt Let-Green v\u1edbi th\u00e0nh ph\u1ea7n t\u1ef1 nhi\u00ean, an to\u00e0n v\u00e0 l\u00e0nh t\u00ednh cho da. Kh\u0103n \u01b0\u1edbt m\u1ec1m m\u1ea1i, kh\u00f4ng x\u01a1, kh\u00f4ng l\u00e0m nh\u1edbt da khi lau. Kh\u0103n \u01b0\u1edbt Let-green kh\u00e1ng khu\u1ea9n kh\u1eed m\u00f9i g\u00f3i 15 mi\u1ebfng gi\u00fap v\u1ec7 sinh da, kh\u1eed m\u00f9i, d\u01b0\u1ee1ng \u1ea9m da, kh\u00e1ng khu\u1ea9n 99.9%Th\u01b0\u01a1ng hi\u1ec7uLet-green (Vi\u1ec7t Nam)S\u1ea3n&#8230;<\/p>\n","protected":false},"featured_media":8004,"comment_status":"open","ping_status":"closed","template":"","meta":[],"product_brand":[1526],"product_cat":[15,1401],"product_tag":[516,1615,1617,1616,1620,1618,1619,1703],"class_list":{"0":"post-9201","1":"product","2":"type-product","3":"status-publish","4":"has-post-thumbnail","6":"product_brand-let-geen","7":"product_cat-chua-phan-loai","8":"product_cat-khan-uot","9":"product_tag-khan-giay","10":"product_tag-khan-uot","11":"product_tag-khan-uot-bobby","12":"product_tag-khan-uot-cho-be","13":"product_tag-khan-uot-khong-con","14":"product_tag-khan-uot-khong-mui","15":"product_tag-khan-uot-mini","16":"product_tag-khan-uot-nguoi-lon","18":"first","19":"outofstock","20":"shipping-taxable","21":"purchasable","22":"product-type-simple"},"acf":[],"_links":{"self":[{"href":"https:\/\/thanglongbeauty.vn\/index.php?rest_route=\/wp\/v2\/product\/9201","targetHints":{"allow":["GET"]}}],"collection":[{"href":"https:\/\/thanglongbeauty.vn\/index.php?rest_route=\/wp\/v2\/product"}],"about":[{"href":"https:\/\/thanglongbeauty.vn\/index.php?rest_route=\/wp\/v2\/types\/product"}],"replies":[{"embeddable":true,"href":"https:\/\/thanglongbeauty.vn\/index.php?rest_route=%2Fwp%2Fv2%2Fcomments&post=9201"}],"wp:featuredmedia":[{"embeddable":true,"href":"https:\/\/thanglongbeauty.vn\/index.php?rest_route=\/wp\/v2\/media\/8004"}],"wp:attachment":[{"href":"https:\/\/thanglongbeauty.vn\/index.php?rest_route=%2Fwp%2Fv2%2Fmedia&parent=9201"}],"wp:term":[{"taxonomy":"product_brand","embeddable":true,"href":"https:\/\/thanglongbeauty.vn\/index.php?rest_route=%2Fwp%2Fv2%2Fproduct_brand&post=9201"},{"taxonomy":"product_cat","embeddable":true,"href":"https:\/\/thanglongbeauty.vn\/index.php?rest_route=%2Fwp%2Fv2%2Fproduct_cat&post=9201"},{"taxonomy":"product_tag","embeddable":true,"href":"https:\/\/thanglongbeauty.vn\/index.php?rest_route=%2Fwp%2Fv2%2Fproduct_tag&post=9201"}],"curies":[{"name":"wp","href":"https:\/\/api.w.org\/{rel}","templated":true}]}}