{"id":9203,"date":"2025-10-20T10:09:10","date_gmt":"2025-10-20T10:09:10","guid":{"rendered":"https:\/\/thanglongbeauty.vn\/san-pham\/khan-uot-caryn-100-mieng\/"},"modified":"2025-10-25T09:49:23","modified_gmt":"2025-10-25T09:49:23","slug":"khan-uot-caryn-100-mieng","status":"publish","type":"product","link":"https:\/\/thanglongbeauty.vn\/?product=khan-uot-caryn-100-mieng","title":{"rendered":"Kh\u0103n \u01af\u1edbt Caryn 100 mi\u1ebfng"},"content":{"rendered":"<p>G\u00f3i 100 Kh\u0103n \u01af\u1edbt Cho Ng\u01b0\u1eddi L\u1edbn Caryn l\u00e0 lo\u1ea1i kh\u0103n \u01b0\u1edbt \u0111\u01b0\u1ee3c l\u00e0m t\u1eeb ch\u1ea5t li\u1ec7u Spunlace m\u1ec1m m\u1ecbn c\u00f9ng n\u01b0\u1edbc tinh khi\u1ebft cho kh\u1ea3 n\u0103ng lau s\u1ea1ch nhanh m\u00e0 kh\u00f4ng l\u00e0m t\u1ed5n th\u01b0\u01a1ng da. Kh\u0103n s\u1eed d\u1ee5ng c\u00f4ng ngh\u1ec7 Nano Silver v\u1edbi c\u00e1c h\u1ea1t ph\u00e2n t\u1eed b\u1ea1c h\u00e0 gi\u00fap t\u0103ng c\u01b0\u1eddng kh\u1ea3 n\u0103ng l\u00e0m s\u1ea1ch da, kh\u00e1ng khu\u1ea9n v\u00e0 ng\u0103n m\u00f9i t\u1ed1i \u01b0u. \u0110\u00e2y l\u00e0 d\u00f2ng s\u1ea3n ph\u1ea9m chuy\u00ean d\u1ee5ng cho ng\u01b0\u1eddi l\u1edbn tu\u1ed5i, gi\u00fap ch\u0103m s\u00f3c l\u00e0n da s\u1ea1ch s\u1ebd, kh\u1ecfe m\u1ea1nh h\u01a1n.<\/p>\n<p> Th\u00f4ng tin s\u1ea3n ph\u1ea9m<br \/>\n Ch\u1ea5t li\u1ec7u Spunlace m\u1ec1m m\u1ecbn v\u00e0 n\u01b0\u1edbc tinh khi\u1ebft<br \/>\n Kh\u0103n \u01b0\u1edbt cho ng\u01b0\u1eddi l\u1edbn Caryn \u0111\u01b0\u1ee3c l\u00e0m t\u1eeb ch\u1ea5t li\u1ec7u Spunlace m\u1ec1m m\u1ecbn, d\u00e0y d\u1eb7n. Th\u00eam v\u00e0o \u0111\u00f3 l\u00e0 th\u00e0nh ph\u1ea7n n\u01b0\u1edbc tinh khi\u1ebft, s\u1ea3n xu\u1ea5t v\u1edbi c\u00f4ng ngh\u1ec7 v\u00f4 tr\u00f9ng, tuy\u1ec7t \u0111\u1ed1i an to\u00e0n cho ng\u01b0\u1eddi s\u1eed d\u1ee5ng.<br \/>\n C\u00f4ng ngh\u1ec7 Nano Silver an to\u00e0n<br \/>\n Kh\u0103n \u1ee9ng d\u1ee5ng c\u00f4ng ngh\u1ec7 Nano Silver ch\u1ee9a h\u1ea1t ph\u00e2n t\u1eed b\u1ea1c h\u00e0 gi\u00fap t\u0103ng c\u01b0\u1eddng kh\u1ea3 n\u0103ng l\u00e0m s\u1ea1ch da, kh\u00e1ng khu\u1ea9n, ng\u0103n m\u00f9i, ch\u0103m s\u00f3c l\u00e0n da lu\u00f4n s\u1ea1ch s\u1ebd, kh\u1ecfe m\u1ea1nh.<br \/>\n Ti\u1ec7n s\u1eed d\u1ee5ng<br \/>\n Kh\u0103n \u0111\u01b0\u1ee3c \u0111\u00f3ng g\u00f3i nh\u1ecf g\u1ecdn, ti\u1ec7n mang theo \u0111\u1ec3 s\u1eed d\u1ee5ng khi \u0111i ch\u01a1i ho\u1eb7c \u0103n u\u1ed1ng. D\u1ea1ng g\u00f3i c\u00f3 n\u1eafp cung gi\u00fap b\u1ea3o qu\u1ea3n \u0111\u1ed9 \u1ea3m c\u1ee7a kh\u0103n trong th\u1eddi gian d\u00e0i h\u01a1n.<br \/>\n H\u01b0\u1edbng d\u1eabn s\u1eed d\u1ee5ng v\u00e0 b\u1ea3o qu\u1ea3n<br \/>\n M\u1edf n\u1eafp, th\u00e1o mi\u1ebfng ni\u00eam phong v\u00e0 r\u00fat mi\u1ebfng kh\u0103n \u01b0\u1edbt \u0111\u1ec3 s\u1eed d\u1ee5ng<br \/>\n Gi\u1ea5y d\u00f9ng m\u1ed9t l\u1ea7n<br \/>\n B\u1ea3o qu\u1ea3n n\u01a1i kh\u00f4 r\u00e1o, tho\u00e1ng m\u00e1t, tr\u00e1nh \u00e1nh n\u1eafng tr\u1ef1c ti\u1ebfp v\u00e0 nhi\u1ec7t \u0111\u1ed9 cao<br \/>\n \u0110\u1ec3 xa t\u1ea7m tay tr\u1ebb em<\/p>\n<p> Kh\u0103n \u01b0\u1edbt Caryn v\u1edbi c\u00f4ng th\u1ee9c kh\u00e1ng khu\u1ea9n \u2013 ng\u0103n m\u00f9i, \u1ee9ng d\u1ee5ng c\u00f4ng ngh\u1ec7 Nano Silver v\u1edbi c\u00e1c h\u1ea1t ph\u00e2n t\u1eed Nano B\u1ea1c gi\u00fap t\u0103ng c\u01b0\u1eddng kh\u1ea3 n\u0103ng l\u00e0m s\u1ea1ch khu\u1ea9n, ch\u0103m s\u00f3c cho l\u00e0n da lu\u00f4n s\u1ea1ch s\u1ebd v\u00e0 kh\u1ecfe m\u1ea1nh.<br \/>\n S\u1ea3n ph\u1ea9m \u0111\u01b0\u1ee3c l\u00e0m t\u1eeb spunlace d\u00e0y, m\u1ec1m v\u00e0 m\u1ecbn<br \/>\n Th\u00e0nh ph\u1ea7n kh\u00f4ng ch\u1ee9a parabel, an to\u00e0n d\u1ecbu nh\u1eb9 cho l\u00e0n da<br \/>\n \u0110\u01b0\u1ee3c s\u1ea3n xu\u1ea5t trong m\u00f4i tr\u01b0\u1eddng v\u00f4 tr\u00f9ng<br \/>\n * Nh\u1edd h\u1ea1t Polyme v\u00e0 h\u1ee3p ch\u1ea5t Cyclodextrins c\u00f3 hi\u1ec7u qu\u1ea3 kh\u1eed m\u00f9i v\u1edbi Amoniac ( V\u1edbi lo\u1ea1i 15cc, 50cc)<br \/>\n ** Theo k\u1ebft qu\u1ea3 ki\u1ec3m nghi\u1ec7m c\u1ee7a c\u1ee5c Ti\u00eau chu\u1ea9n \u0111o l\u01b0\u1eddng ch\u1ea5t l\u01b0\u1ee3ng th\u00e1ng 12\/2017, trong c\u00f9ng 1 m\u00f4i tr\u01b0\u1eddng th\u00ed nghi\u1ec7m, v\u1edbi c\u00f9ng 1 lo\u1ea1i ch\u1ea5t l\u1ecfng m\u00f4 ph\u1ecfng, b\u0103ng th\u1ea5m ti\u1ec3u th\u1ea5m \u0111\u01b0\u1ee3c 2ml ch\u1ea5t l\u1ecfng trong 1s trong khi BVS h\u00e0ng ng\u00e0y th\u00f4ng th\u01b0\u1eddng ch\u1ec9 th\u1ea5m \u0111\u01b0\u1ee3c 0.6ml<\/p>\n","protected":false},"excerpt":{"rendered":"<p>G\u00f3i 100 Kh\u0103n \u01af\u1edbt Cho Ng\u01b0\u1eddi L\u1edbn Caryn l\u00e0 lo\u1ea1i kh\u0103n \u01b0\u1edbt \u0111\u01b0\u1ee3c l\u00e0m t\u1eeb ch\u1ea5t li\u1ec7u Spunlace m\u1ec1m m\u1ecbn c\u00f9ng n\u01b0\u1edbc tinh khi\u1ebft cho kh\u1ea3 n\u0103ng lau s\u1ea1ch nhanh m\u00e0 kh\u00f4ng l\u00e0m t\u1ed5n th\u01b0\u01a1ng da. Kh\u0103n s\u1eed d\u1ee5ng c\u00f4ng ngh\u1ec7 Nano Silver v\u1edbi c\u00e1c h\u1ea1t ph\u00e2n t\u1eed b\u1ea1c h\u00e0 gi\u00fap t\u0103ng c\u01b0\u1eddng kh\u1ea3 n\u0103ng&#8230;<\/p>\n","protected":false},"featured_media":8016,"comment_status":"open","ping_status":"closed","template":"","meta":[],"product_brand":[1539],"product_cat":[15,1401,1410,1411],"product_tag":[153,516,1615,1617,1616,1620,1618,1619,1703],"class_list":{"0":"post-9203","1":"product","2":"type-product","3":"status-publish","4":"has-post-thumbnail","6":"product_brand-caryn","7":"product_cat-chua-phan-loai","8":"product_cat-khan-uot","9":"product_cat-ta-nguoi-lon","10":"product_cat-ta-nguoi-lon-caryn","11":"product_tag-caryn","12":"product_tag-khan-giay","13":"product_tag-khan-uot","14":"product_tag-khan-uot-bobby","15":"product_tag-khan-uot-cho-be","16":"product_tag-khan-uot-khong-con","17":"product_tag-khan-uot-khong-mui","18":"product_tag-khan-uot-mini","19":"product_tag-khan-uot-nguoi-lon","21":"first","22":"onbackorder","23":"shipping-taxable","24":"purchasable","25":"product-type-simple"},"acf":[],"_links":{"self":[{"href":"https:\/\/thanglongbeauty.vn\/index.php?rest_route=\/wp\/v2\/product\/9203","targetHints":{"allow":["GET"]}}],"collection":[{"href":"https:\/\/thanglongbeauty.vn\/index.php?rest_route=\/wp\/v2\/product"}],"about":[{"href":"https:\/\/thanglongbeauty.vn\/index.php?rest_route=\/wp\/v2\/types\/product"}],"replies":[{"embeddable":true,"href":"https:\/\/thanglongbeauty.vn\/index.php?rest_route=%2Fwp%2Fv2%2Fcomments&post=9203"}],"wp:featuredmedia":[{"embeddable":true,"href":"https:\/\/thanglongbeauty.vn\/index.php?rest_route=\/wp\/v2\/media\/8016"}],"wp:attachment":[{"href":"https:\/\/thanglongbeauty.vn\/index.php?rest_route=%2Fwp%2Fv2%2Fmedia&parent=9203"}],"wp:term":[{"taxonomy":"product_brand","embeddable":true,"href":"https:\/\/thanglongbeauty.vn\/index.php?rest_route=%2Fwp%2Fv2%2Fproduct_brand&post=9203"},{"taxonomy":"product_cat","embeddable":true,"href":"https:\/\/thanglongbeauty.vn\/index.php?rest_route=%2Fwp%2Fv2%2Fproduct_cat&post=9203"},{"taxonomy":"product_tag","embeddable":true,"href":"https:\/\/thanglongbeauty.vn\/index.php?rest_route=%2Fwp%2Fv2%2Fproduct_tag&post=9203"}],"curies":[{"name":"wp","href":"https:\/\/api.w.org\/{rel}","templated":true}]}}