{"id":9204,"date":"2025-10-20T10:09:10","date_gmt":"2025-10-20T10:09:10","guid":{"rendered":"https:\/\/thanglongbeauty.vn\/san-pham\/khan-uot-em-be-babyhood-80-mieng\/"},"modified":"2026-01-13T11:05:00","modified_gmt":"2026-01-13T11:05:00","slug":"khan-uot-em-be-babyhood-80-mieng","status":"publish","type":"product","link":"https:\/\/thanglongbeauty.vn\/?product=khan-uot-em-be-babyhood-80-mieng","title":{"rendered":"Kh\u0103n \u01af\u1edbt Em B\u00e9 BabyHood 80 Mi\u1ebfng"},"content":{"rendered":"<p>Kh\u0103n \u01b0\u1edbt em b\u00e9 Babyhood kh\u00f4ng m\u00f9i g\u00f3i 80 mi\u1ebfng v\u1edbi nh\u1eefng th\u00e0nh ph\u1ea7n t\u1ef1 nhi\u00ean, kh\u0103n \u01b0\u1edbt em b\u00e9 kh\u00f4ng g\u00e2y nh\u1eddn da, an to\u00e0n cho c\u1ea3 l\u00e0n da nh\u1ea1y c\u1ea3m nh\u1ea5t. C\u00e1c m\u1eb9 c\u00f3 th\u1ec3 ho\u00e0n to\u00e0n y\u00ean t\u00e2m s\u1eed d\u1ee5ng lau cho b\u00e9. Kh\u0103n \u01b0\u1edbt em b\u00e9 Babyhood s\u1ea3n ph\u1ea9m h\u00e0ng Vi\u1ec7t Nam ch\u1ea5t l\u01b0\u01a1ng caoTh\u01b0\u01a1ng hi\u1ec7uBabyhoodS\u1ea3n xu\u1ea5t t\u1ea1iVi\u1ec7t NamTh\u00e0nh ph\u1ea7nV\u1ea3i kh\u00f4ng d\u1ec7t Rayon, n\u01b0\u1edbc tinh khi\u1ebft R.O, Citric Acid,&#8230;C\u00f4ng d\u1ee5ngGi\u00fap lau s\u1ea1ch nh\u1eb9 nh\u00e0ng, an to\u00e0n cho b\u00e9\u0110\u1eb7c t\u00ednh s\u1ea3n ph\u1ea9mGi\u00fap lau s\u1ea1ch nh\u1eb9 nh\u00e0ng, an to\u00e0n cho b\u00e9M\u00f9i h\u01b0\u01a1ngKh\u00f4ng m\u00f9iPh\u00f9 h\u1ee3p v\u1edbiDa nh\u1ea1y c\u1ea3mS\u1ed1 l\u01b0\u1ee3ng80 mi\u1ebfngL\u01b0u \u00fdSau khi s\u1eed d\u1ee5ng xin \u0111\u1eebng b\u1ecf v\u00e0o toilet.B\u1ea3o qu\u1ea3nB\u1ea3o qu\u1ea3n n\u01a1i kh\u00f4 r\u00e1o, tho\u00e1ng m\u00e1tB\u00e0i vi\u1ebft s\u1ea3n ph\u1ea9m<br \/>\n \u0110\u00f4i n\u00e9t v\u1ec1 th\u01b0\u01a1ng hi\u1ec7u Babyhood l\u00e0 th\u01b0\u01a1ng hi\u1ec7u chuy\u00ean cung c\u1ea5p c\u00e1c s\u1ea3n ph\u1ea9m ch\u0103m s\u00f3c b\u00e9 ch\u1ea5t l\u01b0\u1ee3ng \u0111\u01b0\u1ee3c nhi\u1ec1u b\u00e0 m\u1eb9 l\u1ef1a ch\u1ecdn s\u1eed d\u1ee5ng. Babyhood tr\u00ean th\u1ecb tr\u01b0\u1eddng Vi\u1ec7t Nam v\u00e0 ng\u00e0y c\u00e0ng kh\u1eb3ng \u0111\u1ecbnh v\u1ecb th\u1ebf c\u1ee7a m\u00ecnh b\u1edfi cung c\u1ea5p nh\u1eefng s\u1ea3n ph\u1ea9m ch\u1ea5t l\u01b0\u1ee3ng \u0111\u00e1p \u1ee9ng \u0111\u01b0\u1ee3c nhu c\u1ea7u s\u1eed d\u1ee5ng ng\u00e0y c\u00e0ng cao c\u1ee7a ng\u01b0\u1eddi ti\u00eau d\u00f9ng. M\u1ed9t trong nh\u1eefng s\u1ea3n ph\u1ea9m n\u1ed5i ti\u1ebfng t\u1ea1o n\u00ean th\u01b0\u01a1ng hi\u1ec7u n\u00e0y \u0111\u00f3 ch\u00ednh l\u00e0 kh\u0103n \u01b0\u1edbt em b\u00e9 Babyhood.<br \/>\n \u01afu \u0111i\u1ec3m c\u1ee7a s\u1ea3n ph\u1ea9m Kh\u0103n \u01b0\u1edbt em b\u00e9 Babyhood kh\u00f4ng m\u00f9i g\u00f3i 80 mi\u1ebfng c\u00f3 nh\u1eefng \u01b0u \u0111i\u1ec3m v\u00e0 c\u00f4ng d\u1ee5ng n\u1ed5i b\u1eadt nh\u01b0 sau<br \/>\n Kh\u0103n \u01b0\u1edbt \u0111\u01b0\u1ee3c l\u00e0m t\u1eeb v\u1ea3i kh\u00f4ng d\u1ec7t m\u1ec1m m\u1ea1i gi\u00fap gi\u1eef \u1ea9m v\u00e0 kh\u00f4ng g\u00e2y nh\u1eddn r\u00edt da<br \/>\n Kh\u0103n gi\u1ea5y s\u1eed d\u1ee5ng n\u01b0\u1edbc tinh khi\u1ebft R.O kh\u00f4ng ch\u1ee9a c\u1ed3n kh\u00f4ng parapen<br \/>\n An to\u00e0n cho da nh\u1ea1y c\u1ea3m c\u1ee7a b\u00e9<br \/>\n Kh\u0103n \u01b0\u1edbt v\u00f4 c\u00f9ng ti\u1ec7n d\u1ee5ng c\u00f3 nhi\u1ec1u c\u00f4ng d\u1ee5ng kh\u00e1c nhau<br \/>\n Thi\u1ebft k\u00ea n\u1eafp ti\u1ec7n l\u1ee3i gi\u00fap b\u1ea3o qu\u1ea3n t\u1ed1t<br \/>\n \u0110\u1ed1i t\u01b0\u1ee3ng s\u1eed d\u1ee5ng Kh\u0103n \u01b0\u1edbt em b\u00e9 Babyhood kh\u00f4ng m\u00f9i g\u00f3i 80 mi\u1ebfng c\u00f3 th\u1ec3 s\u1eed d\u1ee5ng cho c\u1ea3 tr\u1ebb em v\u00e0 ng\u01b0\u1eddi l\u1edbn<br \/>\n H\u01b0\u1edbng d\u1eabn s\u1eed d\u1ee5ng Ti\u1ebfn h\u00e0nh m\u1edf n\u1eafp<br \/>\n G\u1ee1 mi\u1ebfng decal tr\u00ean b\u1ec1 m\u1eb7t v\u00e0 r\u00fat kh\u0103n c\u1ea7n s\u1eed d\u1ee5ng<br \/>\n Sau khi s\u1eed d\u1ee5ng d\u00e1n decal v\u1ec1 v\u1ecb tr\u00ed c\u0169<br \/>\n \u0110\u1eady n\u1eafp \u0111\u1ec3 gi\u1eef \u0111\u01b0\u1ee3c \u0111\u1ed9 \u1ea9m v\u00e0 tr\u00e1nh vi khu\u1ea9n x\u00e2m nh\u1eadp<br \/>\n B\u1ea3o qu\u1ea3n v\u00e0 l\u01b0u \u00fd khi s\u1eed d\u1ee5ng s\u1ea3n ph\u1ea9m B\u1ea3o qu\u1ea3n s\u1ea3n ph\u1ea9m \u1edf nh\u1eefng n\u01a1i kh\u00f4 r\u00e1o, tho\u00e1ng m\u00e1t tr\u00e1nh ti\u1ebfp x\u00fac tr\u1ef1c ti\u1ebfp v\u1edbi \u00e1nh n\u1eafng ho\u1eb7c \u1edf nh\u1eefng n\u01a1i c\u00f3 nhi\u1ec7t \u0111\u1ed9 cao<br \/>\n \u0110\u1eady n\u1eafp k\u1ef9 sau m\u1ed7i l\u1ea7n s\u1eed d\u1ee5ng<br \/>\n Tr\u00e1nh xa t\u1ea7m tay tr\u1ebb em<\/p>\n","protected":false},"excerpt":{"rendered":"<p>Kh\u0103n \u01b0\u1edbt em b\u00e9 Babyhood kh\u00f4ng m\u00f9i g\u00f3i 80 mi\u1ebfng v\u1edbi nh\u1eefng th\u00e0nh ph\u1ea7n t\u1ef1 nhi\u00ean, kh\u0103n \u01b0\u1edbt em b\u00e9 kh\u00f4ng g\u00e2y nh\u1eddn da, an to\u00e0n cho c\u1ea3 l\u00e0n da nh\u1ea1y c\u1ea3m nh\u1ea5t. C\u00e1c m\u1eb9 c\u00f3 th\u1ec3 ho\u00e0n to\u00e0n y\u00ean t\u00e2m s\u1eed d\u1ee5ng lau cho b\u00e9. Kh\u0103n \u01b0\u1edbt em b\u00e9 Babyhood s\u1ea3n ph\u1ea9m h\u00e0ng Vi\u1ec7t&#8230;<\/p>\n","protected":false},"featured_media":8031,"comment_status":"open","ping_status":"closed","template":"","meta":[],"product_brand":[1525],"product_cat":[15,1401,1699,1392],"product_tag":[516,1615,1617,1616,1620,1618,1619],"class_list":{"0":"post-9204","1":"product","2":"type-product","3":"status-publish","4":"has-post-thumbnail","6":"product_brand-babyhood","7":"product_cat-chua-phan-loai","8":"product_cat-khan-uot","9":"product_cat-khan-uot-cho-be","10":"product_cat-me-va-be","11":"product_tag-khan-giay","12":"product_tag-khan-uot","13":"product_tag-khan-uot-bobby","14":"product_tag-khan-uot-cho-be","15":"product_tag-khan-uot-khong-con","16":"product_tag-khan-uot-khong-mui","17":"product_tag-khan-uot-mini","19":"first","20":"outofstock","21":"shipping-taxable","22":"purchasable","23":"product-type-simple"},"acf":[],"_links":{"self":[{"href":"https:\/\/thanglongbeauty.vn\/index.php?rest_route=\/wp\/v2\/product\/9204","targetHints":{"allow":["GET"]}}],"collection":[{"href":"https:\/\/thanglongbeauty.vn\/index.php?rest_route=\/wp\/v2\/product"}],"about":[{"href":"https:\/\/thanglongbeauty.vn\/index.php?rest_route=\/wp\/v2\/types\/product"}],"replies":[{"embeddable":true,"href":"https:\/\/thanglongbeauty.vn\/index.php?rest_route=%2Fwp%2Fv2%2Fcomments&post=9204"}],"wp:featuredmedia":[{"embeddable":true,"href":"https:\/\/thanglongbeauty.vn\/index.php?rest_route=\/wp\/v2\/media\/8031"}],"wp:attachment":[{"href":"https:\/\/thanglongbeauty.vn\/index.php?rest_route=%2Fwp%2Fv2%2Fmedia&parent=9204"}],"wp:term":[{"taxonomy":"product_brand","embeddable":true,"href":"https:\/\/thanglongbeauty.vn\/index.php?rest_route=%2Fwp%2Fv2%2Fproduct_brand&post=9204"},{"taxonomy":"product_cat","embeddable":true,"href":"https:\/\/thanglongbeauty.vn\/index.php?rest_route=%2Fwp%2Fv2%2Fproduct_cat&post=9204"},{"taxonomy":"product_tag","embeddable":true,"href":"https:\/\/thanglongbeauty.vn\/index.php?rest_route=%2Fwp%2Fv2%2Fproduct_tag&post=9204"}],"curies":[{"name":"wp","href":"https:\/\/api.w.org\/{rel}","templated":true}]}}