{"id":9213,"date":"2025-10-20T10:09:14","date_gmt":"2025-10-20T10:09:14","guid":{"rendered":"https:\/\/thanglongbeauty.vn\/?post_type=product&#038;p=9213"},"modified":"2026-03-23T10:33:20","modified_gmt":"2026-03-23T10:33:20","slug":"khau-trang-khang-khuan-kf94-sky-4-5","status":"publish","type":"product","link":"https:\/\/thanglongbeauty.vn\/?product=khau-trang-khang-khuan-kf94-sky-4-5","title":{"rendered":"Kh\u1ea9u Trang Kh\u00e1ng Khu\u1ea9n KF94 SKY 4.5"},"content":{"rendered":"<p>KH\u1ea8U TRANG\u3010SKYLIGHT-KF94 \u3011\u201dD\u0168NG S\u0128\u201d PH\u00d2NG COVID HI\u1ec6U QU\u1ea2<br \/>\n \u2014\u2014\u2014\u2014-<br \/>\n &#8211; Tr\u00ean th\u1ecb tr\u01b0\u1eddng hi\u1ec7n nay c\u00f3 r\u1ea5t nhi\u1ec1u ch\u1ee7ng lo\u1ea1i kh\u1ea9u trang y t\u1ebf, c\u00f3 ngu\u1ed3n g\u1ed1c r\u00f5 r\u00e0ng v\u00e0 kh\u00f4ng r\u00f5 ngu\u1ed3n g\u1ed1c, ch\u1ea5t l\u01b0\u1ee3ng kh\u00e1ng khu\u1ea9n t\u1eeb th\u1ea5p \u0111\u1ebfn cao, th\u1ebf nh\u01b0ng kh\u1ea9u trang y t\u1ebf Skylight KF94 c\u1ee7a c\u00f4ng ty ch\u00fang t\u00f4i cung c\u1ea5p v\u1eabn lu\u00f4n l\u00e0 s\u1ea3n ph\u1ea9m \u0111\u1ee9ng top \u0111\u1ea7u \u0111\u01b0\u1ee3c ng\u01b0\u1eddi ti\u00eau d\u00f9ng \u01b0a chu\u1ed9ng. L\u00fd do l\u00e0:<br \/>\n &#8211; Kh\u1ea9u trang Skylight KF94 c\u00f3 kh\u1ea3 n\u0103ng kh\u00e1ng khu\u1ea9n l\u00ean \u0111\u1ebfn 99,45%, \u0111\u1eb7c bi\u1ec7t c\u00f3 kh\u1ea3 n\u0103ng l\u1ecdc b\u1ee5i si\u00eau m\u1ecbn t\u1edbi PM2.5.<br \/>\n &#8211; Kh\u1ea9u trang Skylight KF94 v\u1edbi thi\u1ebft k\u1ebf 4D th\u00f4ng minh, gi\u00fap ng\u0103n ch\u1eb7n b\u1ee5i t\u1eeb m\u1ecdi h\u01b0\u1edbng nh\u01b0ng v\u1eabn \u0111\u1ea3m b\u1ea3o s\u1ef1 th\u00f4ng tho\u00e1ng v\u00e0 tho\u1ea3 m\u00e1i cho ng\u01b0\u1eddi d\u00f9ng.<br \/>\n &#8211; Thi\u1ebft k\u1ebf kh\u1ea9u trang h\u00ecnh oval gi\u00fap d\u1ec5 d\u00e0ng g\u1ea5p l\u1ea1i sau khi s\u1eed d\u1ee5ng.<br \/>\n &#8211; Kh\u1ea9u trang y t\u1ebf Skylight KF94 c\u00f2n \u0111\u01b0\u1ee3c \u0111\u00e1nh gi\u00e1 cao b\u1edfi thi\u1ebft k\u1ebf th\u1eddi trang, \u0111\u1eb9p m\u1eaft, \u0111\u1eb7c bi\u1ec7t kh\u00f4ng l\u00e0m lem son m\u00f4i c\u00f3 th\u1ec3 n\u00f3 \u0111\u00e2y l\u00e0 d\u00f2ng s\u1ea3n ph\u1ea9m ph\u00f9 h\u1ee3p nh\u1ea5t cho ph\u00e1i \u0111\u1eb9p.<br \/>\n &#8211; S\u1ea3n ph\u1ea9m c\u0169ng \u0111\u1eb7c bi\u1ec7t \u0111\u01b0\u1ee3c \u01b0a chu\u1ed9ng b\u1edfi kh\u1ea3 n\u0103ng \u0111\u1ecbnh h\u00ecnh theo khu\u00f4n m\u1eb7t t\u1ed1t, gi\u00fap ph\u00f9 h\u1ee3p v\u1edbi m\u1ecdi khu\u00f4n m\u1eb7t gi\u00fap kh\u00e1ng khu\u1ea9n cao h\u01a1n so v\u1edbi c\u00e1c d\u00f2ng kh\u1ea9u trang kh\u00e1c tr\u00ean th\u1ecb tr\u01b0\u1eddng.<br \/>\n &#8211; D\u00e2y \u0111eo kh\u1ea9u trang l\u00e0 lo\u1ea1i thun c\u00f3 \u0111\u1ed9 \u0111\u00e0n h\u1ed3i cao, \u0111\u1ea3m b\u1ea3o co gi\u00e3n t\u1ed1t v\u00e0 \u00eam d\u1ecbu cho l\u00e0n da.<br \/>\n &#8211; M\u00e0u s\u1eafc \u0111a d\u1ea1ng cho qu\u00fd kh\u00e1ch l\u1ef1a ch\u1ecdn.<br \/>\n &#8211; L\u00e0 \u0111\u01a1n v\u1ecb tr\u1ef1c ti\u1ebfp s\u1ea3n xu\u1ea5t v\u00e0 ph\u00e2n ph\u1ed1i n\u00ean qu\u00fd kh\u00e1ch an t\u00e2m v\u1ec1 ch\u1ea5t l\u01b0\u1ee3ng c\u0169ng nh\u01b0 gi\u00e1 b\u00e1n lu\u00f4n t\u1ed1t v\u00e0 ti\u1ebft ki\u1ec7m nh\u1ea5t.<br \/>\n Ph\u00e2n ph\u1ed1i nhanh tr\u00ean to\u00e0n qu\u1ed1c.<br \/>\n \u2014\u2014\u2014-<br \/>\n  => V\u00ec th\u1ebf, qu\u00fd kh\u00e1ch h\u00e0ng c\u00f3 nhu c\u1ea7u mua kh\u1ea9u trang h\u00e3y ch\u1ecdn kh\u1ea9u trang y t\u1ebf Skylight KF94.<br \/>\n &#8212;&#8212;<br \/>\n &#8220;Th\u0103ng Long_beauty &#8211; C\u00f4ng TY TNHH D\u1ecaCH V\u1ee4 PH\u00c2N PH\u1ed0I TH\u0102NG LONG l\u00e0 m\u1ed9t c\u00f4ng ty chuy\u00ean cung c\u1ea5p c\u00e1c s\u1ea3n ph\u1ea9m \u0111\u1ed3 cho m\u1eb9 v\u00e0 b\u00e9, nh\u1eefng s\u1ea3n ph\u1ea9m ch\u0103m s\u00f3c s\u1ee9c kh\u1ecfe \u2013 l\u00e0m \u0111\u1eb9p v\u00e0 kh\u1ea9u trang y t\u1ebf.<br \/>\n Li\u00ean h\u1ec7 \u0111\u1ec3 \u0111\u01b0\u1ee3c mua gi\u00e1 s\u1ec9 c\u1ef1c \u01b0u \u0111\u00e3i&#8221;<\/p>\n","protected":false},"excerpt":{"rendered":"<p>KH\u1ea8U TRANG\u3010SKYLIGHT-KF94 \u3011\u201dD\u0168NG S\u0128\u201d PH\u00d2NG COVID HI\u1ec6U QU\u1ea2 \u2014\u2014\u2014\u2014- &#8211; Tr\u00ean th\u1ecb tr\u01b0\u1eddng hi\u1ec7n nay c\u00f3 r\u1ea5t nhi\u1ec1u ch\u1ee7ng lo\u1ea1i kh\u1ea9u trang y t\u1ebf, c\u00f3 ngu\u1ed3n g\u1ed1c r\u00f5 r\u00e0ng v\u00e0 kh\u00f4ng r\u00f5 ngu\u1ed3n g\u1ed1c, ch\u1ea5t l\u01b0\u1ee3ng kh\u00e1ng khu\u1ea9n t\u1eeb th\u1ea5p \u0111\u1ebfn cao, th\u1ebf nh\u01b0ng kh\u1ea9u trang y t\u1ebf Skylight KF94 c\u1ee7a c\u00f4ng ty ch\u00fang t\u00f4i&#8230;<\/p>\n","protected":false},"featured_media":7947,"comment_status":"open","ping_status":"closed","template":"","meta":[],"product_brand":[],"product_cat":[15,1393,1394],"product_tag":[1778,1777,201,1779,1633],"class_list":{"0":"post-9213","1":"product","2":"type-product","3":"status-publish","4":"has-post-thumbnail","6":"product_cat-chua-phan-loai","7":"product_cat-cham-soc-suc-khoe","8":"product_cat-khau-trang-y-te","9":"product_tag-inci-mask","10":"product_tag-khau-tran-4-lop","11":"product_tag-khau-trang","12":"product_tag-khau-trang-inci","13":"product_tag-khau-trang-y-te","15":"first","16":"onbackorder","17":"shipping-taxable","18":"purchasable","19":"product-type-simple"},"acf":[],"_links":{"self":[{"href":"https:\/\/thanglongbeauty.vn\/index.php?rest_route=\/wp\/v2\/product\/9213","targetHints":{"allow":["GET"]}}],"collection":[{"href":"https:\/\/thanglongbeauty.vn\/index.php?rest_route=\/wp\/v2\/product"}],"about":[{"href":"https:\/\/thanglongbeauty.vn\/index.php?rest_route=\/wp\/v2\/types\/product"}],"replies":[{"embeddable":true,"href":"https:\/\/thanglongbeauty.vn\/index.php?rest_route=%2Fwp%2Fv2%2Fcomments&post=9213"}],"wp:featuredmedia":[{"embeddable":true,"href":"https:\/\/thanglongbeauty.vn\/index.php?rest_route=\/wp\/v2\/media\/7947"}],"wp:attachment":[{"href":"https:\/\/thanglongbeauty.vn\/index.php?rest_route=%2Fwp%2Fv2%2Fmedia&parent=9213"}],"wp:term":[{"taxonomy":"product_brand","embeddable":true,"href":"https:\/\/thanglongbeauty.vn\/index.php?rest_route=%2Fwp%2Fv2%2Fproduct_brand&post=9213"},{"taxonomy":"product_cat","embeddable":true,"href":"https:\/\/thanglongbeauty.vn\/index.php?rest_route=%2Fwp%2Fv2%2Fproduct_cat&post=9213"},{"taxonomy":"product_tag","embeddable":true,"href":"https:\/\/thanglongbeauty.vn\/index.php?rest_route=%2Fwp%2Fv2%2Fproduct_tag&post=9213"}],"curies":[{"name":"wp","href":"https:\/\/api.w.org\/{rel}","templated":true}]}}