{"id":9215,"date":"2025-10-20T10:09:14","date_gmt":"2025-10-20T10:09:14","guid":{"rendered":"https:\/\/thanglongbeauty.vn\/?post_type=product&#038;p=9215"},"modified":"2026-01-13T08:08:56","modified_gmt":"2026-01-13T08:08:56","slug":"ban-chai-hancoler-nano-han-quoc-soi-chi-to","status":"publish","type":"product","link":"https:\/\/thanglongbeauty.vn\/?product=ban-chai-hancoler-nano-han-quoc-soi-chi-to","title":{"rendered":"B\u00e0n Ch\u1ea3i Hancoler Nano H\u00e0n Qu\u1ed1c s\u1ee3i ch\u1ec9 t\u01a1"},"content":{"rendered":"<h2>B\u00e0n ch\u1ea3i \u0111\u00e1nh r\u0103ng Nano Gold Hancolor H\u00e0n Qu\u1ed1c H010A<\/h2>\n<p>Model :\u00a0<strong>H010A<\/strong><br \/>\nTh\u01b0\u01a1ng hi\u1ec7u :\u00a0<strong>NT Hancolor<\/strong><br \/>\nXu\u1ea5t x\u1ee9 :\u00a0<strong>H\u00e0n Qu\u1ed1c<\/strong><br \/>\nGia c\u00f4ng t\u1ea1i\u00a0<strong>Trung Qu\u1ed1c<\/strong><br \/>\nCh\u1ea5t li\u1ec7u : Th\u00e2n nh\u1ef1a PP, TPE, l\u00f4ng b\u00e0n ch\u1ea3i ch\u1ea5t li\u1ec7u PBT<br \/>\nK\u00edch th\u01b0\u1edbc l\u00f4ng b\u00e0n ch\u1ea3i: ~0.18mm<br \/>\nK\u00edch th\u01b0\u1edbc d\u00e0i : 19cm<br \/>\nK\u00edch th\u01b0\u1edbc m\u1eb7t ch\u1ea3i : 3 x 1.5cm<br \/>\nK\u00edch th\u01b0\u1edbc l\u00f4ng b\u00e0n ch\u1ea3i d\u00e0i : 1.2cm<br \/>\nM\u00e0u s\u1eafc : V\u00e0ng<br \/>\nNhi\u1ec7t \u0111\u1ed9 ch\u1ecbu t\u1edbi 80oC<\/p>\n<p><img decoding=\"async\" title=\"B\u00e0n ch\u1ea3i \u0111\u00e1nh r\u0103ng Nano Gold Hancolor H\u00e0n Qu\u1ed1c H010A\" src=\"https:\/\/sanhangre.net\/image\/data\/ban-chai-got-chi\/hancolor\/ban-chai-danh-rang-han-quoc-nano-gold-2.jpg\" alt=\"B\u00e0n ch\u1ea3i \u0111\u00e1nh r\u0103ng Nano Gold Hancolor H\u00e0n Qu\u1ed1c H010A\" \/><\/p>\n<p><strong>\u0110\u1eb7c \u0111i\u1ec3m n\u1ed5i b\u1eadt<\/strong><br \/>\n&#8211;\u00a0<strong>B\u00e0n ch\u1ea3i \u0111\u00e1nh r\u0103ng Nano Gold Hancolor H\u00e0n Qu\u1ed1c H010A<\/strong>\u00a0\u0111\u01b0\u1ee3c s\u1ea3n xu\u1ea5t tr\u00ean nguy\u00ean l\u00fd \u0111i\u1ec7n ph\u00e2n Nano v\u1edbi c\u00e1c h\u1ea1t si\u00eau ph\u00e2n t\u1eed b\u1ea1c ph\u1ee7 l\u00ean c\u1ea5u tr\u00fac 2 t\u1ea7ng l\u00f4ng k\u1ebft h\u1ee3p v\u1edbi 100% c\u00e1c nguy\u00ean v\u1eadt li\u1ec7u s\u1ea1ch kh\u00f4ng ch\u1ec9 \u1edf l\u00f4ng b\u00e0n ch\u1ea3i m\u00e0 c\u00f2n \u1edf tr\u00ean \u0111\u1ea7u l\u00f4ng b\u00e0n ch\u1ea3i, c\u00f3 t\u00e1c d\u1ee5ng ti\u00eau di\u1ec7t t\u1edbi 99,9% vi khu\u1ea9n, kh\u1eed m\u00f9i v\u00e0 t\u1ea9y s\u1ea1ch c\u00e1c m\u1ea3ng b\u00e1m c\u1ee9ng \u0111\u1ea7u nh\u1ea5t.<br \/>\n&#8211; Ngo\u00e0i ra\u00a0<strong>B\u00e0n ch\u1ea3i \u0111\u00e1nh r\u0103ng Nano Gold\u00a0H\u00e0n Qu\u1ed1c H010A<\/strong>\u00a0c\u00f2n c\u00f3 t\u00e1c d\u1ee5ng m\u00e1t xa n\u01b0\u1edbu (l\u1ee3i) gi\u00fap l\u01b0u th\u00f4ng tu\u1ea7n ho\u00e0n m\u00e1u nh\u1edd \u0111\u00f3 r\u0103ng \u0111\u01b0\u1ee3c ch\u1eafc v\u00e0 kh\u1ecfe h\u01a1n.<br \/>\n&#8211; C\u00e1n b\u00e0n ch\u1ea3i v\u1edbi thi\u1ebft k\u1ebf ki\u1ec3u \u0111\u1eb7c bi\u1ec7t\u00a0\u0111ang \u0111\u01b0\u1ee3c \u01b0a chu\u1ed9ng tr\u00ean th\u1ecb tr\u01b0\u1eddng v\u1edbi ch\u1ea5t l\u01b0\u1ee3ng cao v\u00e0 \u0111\u1ea1t c\u00e1c ti\u00eau chu\u1ea9n FDA, FTA<\/p>\n<p><img decoding=\"async\" title=\"B\u00e0n ch\u1ea3i \u0111\u00e1nh r\u0103ng Nano Gold Hancolor H\u00e0n Qu\u1ed1c H010A\" src=\"https:\/\/sanhangre.net\/image\/data\/ban-chai-got-chi\/hancolor\/ban-chai-danh-rang-han-quoc-nano-gold.jpg\" alt=\"B\u00e0n ch\u1ea3i \u0111\u00e1nh r\u0103ng Nano Gold Hancolor H\u00e0n Qu\u1ed1c H010A\" \/><\/p>\n<h3><em>H\u00e3y s\u1eed d\u1ee5ng\u00a0<strong>B\u00e0n ch\u1ea3i \u0111\u00e1nh r\u0103ng Nano Gold<\/strong>\u00a0&#8211;\u00a0<strong>H\u00e0ng\u00a0H\u00e0n Qu\u1ed1c<\/strong>\u00a0\u0111\u1ec3 gi\u00fap m\u00ecnh v\u00e0 ng\u01b0\u1eddi y\u00eau th\u01b0\u01a1ng c\u00f3 m\u1ed9t h\u00e0m r\u0103ng th\u1eadt s\u1ea1ch s\u1ebd v\u00e0 ch\u1eafc kh\u1ecfe m\u1ed7i ng\u00e0y.<\/em><\/h3>\n<p><strong>H\u01b0\u1edbng d\u1eabn s\u1eed d\u1ee5ng v\u00e0 b\u1ea3o qu\u1ea3n<\/strong><br \/>\n&#8211; R\u1eeda s\u1ea1ch b\u00e0n ch\u1ea3i tr\u01b0\u1edbc l\u1ea7n \u0111\u1ea7u ti\u00ean s\u1eed d\u1ee5ng v\u00e0 sau m\u1ed7i l\u1ea7n d\u00f9ng<br \/>\n&#8211; L\u00e0m \u01b0\u1edbt ph\u1ea7n l\u00f4ng b\u00e0n ch\u1ea3i, l\u1ea5y m\u1ed9t l\u01b0\u1ee3ng kem \u0111\u00e1nh r\u0103ng v\u1eeba \u0111\u1ee7 v\u00e0 l\u1ea7n l\u01b0\u1ee3t ch\u1ea3i s\u1ea1ch t\u1eebng v\u00f9ng r\u0103ng, sau \u0111\u00f3 s\u00fac mi\u1ec7ng s\u1ea1ch<br \/>\n&#8211; S\u1eed d\u1ee5ng 2 -3 l\u1ea7n\/ng\u00e0y<br \/>\n&#8211; B\u1ea3o qu\u1ea3n n\u01a1i kh\u00f4 r\u00e1o, tho\u00e1ng m\u00e1t, tr\u00e1nh \u00e1nh n\u1eafng tr\u1ef1c ti\u1ebfp<\/p>\n<p><img decoding=\"async\" title=\"B\u00e0n ch\u1ea3i \u0111\u00e1nh r\u0103ng Nano Gold Hancolor H\u00e0n Qu\u1ed1c H010A\" src=\"https:\/\/sanhangre.net\/image\/data\/ban-chai-got-chi\/hancolor\/ban-chai-danh-rang-han-quoc-nano-gold-1.jpg\" alt=\"B\u00e0n ch\u1ea3i \u0111\u00e1nh r\u0103ng Nano Gold Hancolor H\u00e0n Qu\u1ed1c H010A\" \/><\/p>\n<p><img decoding=\"async\" title=\"B\u00e0n ch\u1ea3i \u0111\u00e1nh r\u0103ng Nano Gold Hancolor H\u00e0n Qu\u1ed1c H010A\" src=\"https:\/\/sanhangre.net\/image\/data\/ban-chai-got-chi\/hancolor\/ban-chai-danh-rang-han-quoc-nano-gold-3.jpg\" alt=\"B\u00e0n ch\u1ea3i \u0111\u00e1nh r\u0103ng Nano Gold Hancolor H\u00e0n Qu\u1ed1c H010A\" \/>\u200b<\/p>\n<h3><strong>B\u00e0n ch\u1ea3i \u0111\u00e1nh r\u0103ng Nano Gold Hancolor H\u00e0n Qu\u1ed1c H010A<\/strong><\/h3>\n","protected":false},"excerpt":{"rendered":"<p>B\u00e0n ch\u1ea3i \u0111\u00e1nh r\u0103ng Nano Gold Hancolor H\u00e0n Qu\u1ed1c H010A Model :\u00a0H010A Th\u01b0\u01a1ng hi\u1ec7u :\u00a0NT Hancolor Xu\u1ea5t x\u1ee9 :\u00a0H\u00e0n Qu\u1ed1c Gia c\u00f4ng t\u1ea1i\u00a0Trung Qu\u1ed1c Ch\u1ea5t li\u1ec7u : Th\u00e2n nh\u1ef1a PP, TPE, l\u00f4ng b\u00e0n ch\u1ea3i ch\u1ea5t li\u1ec7u PBT K\u00edch th\u01b0\u1edbc l\u00f4ng b\u00e0n ch\u1ea3i: ~0.18mm K\u00edch th\u01b0\u1edbc d\u00e0i : 19cm K\u00edch th\u01b0\u1edbc m\u1eb7t ch\u1ea3i : 3 x&#8230;<\/p>\n","protected":false},"featured_media":10004,"comment_status":"open","ping_status":"closed","template":"","meta":[],"product_brand":[1531],"product_cat":[15,1474,1418],"product_tag":[1746,1747,1748,1749],"class_list":{"0":"post-9215","1":"product","2":"type-product","3":"status-publish","4":"has-post-thumbnail","6":"product_brand-hancoler","7":"product_cat-chua-phan-loai","8":"product_cat-ban-chai-danh-rang","9":"product_cat-cham-soc-rang-mieng","10":"product_tag-ban-chai-danh-rang","11":"product_tag-cham-soc-ca-nhan","12":"product_tag-cham-soc-rang-mieng","13":"product_tag-do-cho-me-be","15":"first","16":"instock","17":"sale","18":"shipping-taxable","19":"purchasable","20":"product-type-simple"},"acf":[],"_links":{"self":[{"href":"https:\/\/thanglongbeauty.vn\/index.php?rest_route=\/wp\/v2\/product\/9215","targetHints":{"allow":["GET"]}}],"collection":[{"href":"https:\/\/thanglongbeauty.vn\/index.php?rest_route=\/wp\/v2\/product"}],"about":[{"href":"https:\/\/thanglongbeauty.vn\/index.php?rest_route=\/wp\/v2\/types\/product"}],"replies":[{"embeddable":true,"href":"https:\/\/thanglongbeauty.vn\/index.php?rest_route=%2Fwp%2Fv2%2Fcomments&post=9215"}],"wp:featuredmedia":[{"embeddable":true,"href":"https:\/\/thanglongbeauty.vn\/index.php?rest_route=\/wp\/v2\/media\/10004"}],"wp:attachment":[{"href":"https:\/\/thanglongbeauty.vn\/index.php?rest_route=%2Fwp%2Fv2%2Fmedia&parent=9215"}],"wp:term":[{"taxonomy":"product_brand","embeddable":true,"href":"https:\/\/thanglongbeauty.vn\/index.php?rest_route=%2Fwp%2Fv2%2Fproduct_brand&post=9215"},{"taxonomy":"product_cat","embeddable":true,"href":"https:\/\/thanglongbeauty.vn\/index.php?rest_route=%2Fwp%2Fv2%2Fproduct_cat&post=9215"},{"taxonomy":"product_tag","embeddable":true,"href":"https:\/\/thanglongbeauty.vn\/index.php?rest_route=%2Fwp%2Fv2%2Fproduct_tag&post=9215"}],"curies":[{"name":"wp","href":"https:\/\/api.w.org\/{rel}","templated":true}]}}