{"id":9216,"date":"2025-10-20T10:09:14","date_gmt":"2025-10-20T10:09:14","guid":{"rendered":"https:\/\/thanglongbeauty.vn\/?post_type=product&#038;p=9216"},"modified":"2026-01-13T08:22:49","modified_gmt":"2026-01-13T08:22:49","slug":"ban-chai-nhat-soi-chi-to-nguoi-lon-baishi-81","status":"publish","type":"product","link":"https:\/\/thanglongbeauty.vn\/?product=ban-chai-nhat-soi-chi-to-nguoi-lon-baishi-81","title":{"rendered":"B\u00e0n ch\u1ea3i Nh\u1eadt s\u1ee3i ch\u1ec9 t\u01a1 Ng\u01b0\u1eddi l\u1edbn Baishi 81"},"content":{"rendered":"<p class=\"QN2lPu\">B\u00e0n ch\u1ea3i \u0111\u00e1nh r\u0103ng MBS 81 Nh\u1eadt<\/p>\n<p class=\"QN2lPu\">&#8211; c\u00f3 l\u00f4ng kh\u00f4ng qu\u00e1 c\u1ee9ng, kh\u00f4ng qu\u00e1 m\u1ec1m, s\u1ee3i t\u1ef1 nhi\u00ean<\/p>\n<p class=\"QN2lPu\">&#8211; C\u00e1n c\u1ea7m c\u1ee7a b\u00e0n ch\u1ea3i thon g\u1ecdn, gi\u00fap c\u1ea7m ch\u1eafc v\u00e0 ch\u1ea3i r\u0103ng d\u1ec5 d\u00e0ng, s\u1ea3n xu\u1ea5t theo d\u00e2y truy\u1ec1n c\u00f4ng ngh\u1ec7 c\u1ee7a Nh\u1eadt B\u1ea3n<\/p>\n<p class=\"QN2lPu\">&#8211; M\u00f9a du l\u1ecbch \u0111\u1ebfn c\u00e1c ch\u1ecb mau s\u0103n v\u00e0i h\u1ed9p v\u1ec1 \u0111\u1ec3 \u0111i du l\u1ecbch \u0111i \u1ea1<\/p>\n<p class=\"QN2lPu\">\u01afu \u0111i\u1ec3m s\u1ea3n ph\u1ea9m<\/p>\n<p class=\"QN2lPu\">&#8211; S\u1ee3i l\u00f4ng ch\u1ea3i nh\u1ecf m\u1ecfng ch\u1ea5t l\u01b0\u1ee3ng cao si\u00eau m\u1ec1m, linh ho\u1ea1t ch\u1ea3i s\u1ea1ch t\u1eebng kh\u1ebd r\u0103ng, lo\u1ea1i tr\u1eeb c\u00e1c m\u1ea3ng b\u00e1m tr\u00ean r\u0103ng g\u1ea5p 3 l\u1ea7n h\u1ea1n ch\u1ebf ch\u1ea3y m\u00e1u ni\u1ebfu, l\u1ee3i<\/p>\n<p class=\"QN2lPu\">&#8211; lo\u1ea1i s\u1ea1ch m\u1ea3ng b\u00e1m tr\u00ean r\u0103ng g\u1ea5p 3 l\u1ea7n b\u00e0n ch\u1ea3i th\u00f4ng th\u01b0\u1eddng<\/p>\n<p class=\"QN2lPu\">&#8211; D\u1ec5 s\u1eed d\u1ee5ng d\u00f9ng cho c\u1ea3 gia \u0111\u00ecnh<\/p>\n","protected":false},"excerpt":{"rendered":"<p>B\u00e0n ch\u1ea3i \u0111\u00e1nh r\u0103ng MBS 81 Nh\u1eadt &#8211; c\u00f3 l\u00f4ng kh\u00f4ng qu\u00e1 c\u1ee9ng, kh\u00f4ng qu\u00e1 m\u1ec1m, s\u1ee3i t\u1ef1 nhi\u00ean &#8211; C\u00e1n c\u1ea7m c\u1ee7a b\u00e0n ch\u1ea3i thon g\u1ecdn, gi\u00fap c\u1ea7m ch\u1eafc v\u00e0 ch\u1ea3i r\u0103ng d\u1ec5 d\u00e0ng, s\u1ea3n xu\u1ea5t theo d\u00e2y truy\u1ec1n c\u00f4ng ngh\u1ec7 c\u1ee7a Nh\u1eadt B\u1ea3n &#8211; M\u00f9a du l\u1ecbch \u0111\u1ebfn c\u00e1c ch\u1ecb mau s\u0103n v\u00e0i&#8230;<\/p>\n","protected":false},"featured_media":10014,"comment_status":"open","ping_status":"closed","template":"","meta":[],"product_brand":[1532],"product_cat":[15,1474,1418],"product_tag":[1746,1747,1748,1749],"class_list":{"0":"post-9216","1":"product","2":"type-product","3":"status-publish","4":"has-post-thumbnail","6":"product_brand-baishi","7":"product_cat-chua-phan-loai","8":"product_cat-ban-chai-danh-rang","9":"product_cat-cham-soc-rang-mieng","10":"product_tag-ban-chai-danh-rang","11":"product_tag-cham-soc-ca-nhan","12":"product_tag-cham-soc-rang-mieng","13":"product_tag-do-cho-me-be","15":"first","16":"instock","17":"shipping-taxable","18":"purchasable","19":"product-type-simple"},"acf":[],"_links":{"self":[{"href":"https:\/\/thanglongbeauty.vn\/index.php?rest_route=\/wp\/v2\/product\/9216","targetHints":{"allow":["GET"]}}],"collection":[{"href":"https:\/\/thanglongbeauty.vn\/index.php?rest_route=\/wp\/v2\/product"}],"about":[{"href":"https:\/\/thanglongbeauty.vn\/index.php?rest_route=\/wp\/v2\/types\/product"}],"replies":[{"embeddable":true,"href":"https:\/\/thanglongbeauty.vn\/index.php?rest_route=%2Fwp%2Fv2%2Fcomments&post=9216"}],"wp:featuredmedia":[{"embeddable":true,"href":"https:\/\/thanglongbeauty.vn\/index.php?rest_route=\/wp\/v2\/media\/10014"}],"wp:attachment":[{"href":"https:\/\/thanglongbeauty.vn\/index.php?rest_route=%2Fwp%2Fv2%2Fmedia&parent=9216"}],"wp:term":[{"taxonomy":"product_brand","embeddable":true,"href":"https:\/\/thanglongbeauty.vn\/index.php?rest_route=%2Fwp%2Fv2%2Fproduct_brand&post=9216"},{"taxonomy":"product_cat","embeddable":true,"href":"https:\/\/thanglongbeauty.vn\/index.php?rest_route=%2Fwp%2Fv2%2Fproduct_cat&post=9216"},{"taxonomy":"product_tag","embeddable":true,"href":"https:\/\/thanglongbeauty.vn\/index.php?rest_route=%2Fwp%2Fv2%2Fproduct_tag&post=9216"}],"curies":[{"name":"wp","href":"https:\/\/api.w.org\/{rel}","templated":true}]}}