{"id":9224,"date":"2025-10-20T10:09:16","date_gmt":"2025-10-20T10:09:16","guid":{"rendered":"https:\/\/thanglongbeauty.vn\/san-pham\/khau-trang-5d-nguoi-lon-goi-10-cai-phuong-tuyen\/"},"modified":"2026-03-23T10:33:20","modified_gmt":"2026-03-23T10:33:20","slug":"khau-trang-5d-nguoi-lon-goi-10-cai-phuong-tuyen","status":"publish","type":"product","link":"https:\/\/thanglongbeauty.vn\/?product=khau-trang-5d-nguoi-lon-goi-10-cai-phuong-tuyen","title":{"rendered":"Kh\u1ea9u Trang 5D Ng\u01b0\u1eddi L\u1edbn G\u00f3i 10 C\u00e1i Ph\u01b0\u01a1ng Tuy\u1ebfn"},"content":{"rendered":"<p>Xin ch\u00fa \u00fd: m\u00e0u tr\u1eafng, \u0111en, kem s\u1eefa l\u00e0 3 l\u1edbp kh\u00e1ng khu\u1ea9n, c\u00e1c m\u00e0u c\u00f2n l\u1ea1i l\u00e0 4 l\u1edbp kh\u00e1ng khu\u1ea9n d\u00e0y \u1ea1<\/p>\n<p> Kh\u1ea9u Trang 5D PT MASK kh\u00e1ng khu\u1ea9n ch\u1ed1ng b\u1ee5i m\u1ecbn 2.5PM h\u00e0ng ch\u00ednh h\u00e3ng C\u00f4ng Ty Ph\u01b0\u01a1ng Tuy\u1ebfn<br \/>\n M\u00f4 t\u1ea3 s\u1ea3n ph\u1ea9m &#038; Th\u00f4ng s\u1ed1 k\u1ef9 thu\u1eadt:<br \/>\n &#8211; S\u1ea3n Ph\u1ea9m Thu\u1ed9c: C\u00f4ng ty TNHH xu\u1ea5t nh\u1eadp kh\u1ea9u th\u01b0\u01a1ng m\u1ea1i Ph\u01b0\u01a1ng Tuy\u1ebfn<br \/>\n &#8211; Xu\u1ea5t x\u1ee9: Vi\u1ec7t Nam<br \/>\n &#8211; H\u1ea1n S\u1eed d\u1ee5ng : 3 N\u0103m k\u1ec3 t\u1eeb ng\u00e0y S\u1ea3n Xu\u1ea5t<br \/>\n &#8211; H\u1ea1n S\u1ea3n Xu\u1ea5t: In tr\u00ean Bao B\u00ec S\u1ea3n Ph\u1ea9m.<br \/>\n &#8211; S\u1ed1 Seri: 8938544059104<br \/>\n &#8211; S\u1ed1 ch\u1ee9ng nh\u1eadn ph\u00ea duy\u1ec7t: 2000357CFS\/BYT-TB-CT<br \/>\n &#8211; K\u00edch th\u01b0\u1edbc kh\u1ea9u trang: d\u00e0i 160 mm x r\u1ed9ng 105 mm<br \/>\n &#8211; \u0110\u00f3ng g\u00f3i: combo 50 c\u00e1i<br \/>\n &#8211; M\u00e0u s\u1eafc : Tr\u1eafng<br \/>\n &#8211; Tr\u1ecdng l\u01b0\u1ee3ng nh\u1eb9: 200 g<br \/>\n &#8211; Ch\u1ea5t li\u1ec7u: s\u1ee3i t\u1ef1 nhi\u00ean<br \/>\n -T\u00ecnh tr\u1ea1ng: M\u1edbi<br \/>\n * \u0110\u1eb7c \u0110i\u1ec3m N\u1ed5i B\u1eadt:<br \/>\n &#8211; Kh\u1ea9u trang c\u00f3 3 l\u1edbp l\u1ecdc b\u1ee5i g\u1ed3m v\u1ea3i PP kh\u00f4ng d\u1ec7t, than ho\u1ea1t t\u00ednh x\u1ebfp xen k\u1ebd nhau.<br \/>\n &#8211; Kh\u00e1ng khu\u1ea9n, ng\u0103n ng\u1eeba kh\u00f3i b\u1ee5i, ch\u1ed1ng tia UV<br \/>\n &#8211; B\u1ea3o v\u1ec7 s\u1ee9c kh\u1ecfe, ph\u00f2ng tr\u00e1nh \u00f4 nhi\u1ec5m<br \/>\n &#8211; \u0110\u01b0\u1ee3c thi\u1ebft k\u1ebf ki\u1ec3u d\u00e1ng 5D th\u00f4ng minh, \u00f4m s\u00e1t m\u1eb7t, kh\u00f4ng g\u00e2y b\u00ed th\u1edf, kh\u00f4ng lem son m\u00f4i \u0111\u1ed1i v\u1edbi n\u1eef.<br \/>\n &#8211; Quai \u0111eo thun m\u1ec1m m\u1ea1i, co gi\u00e3n t\u1ed1t.<\/p>\n<p> * Kh\u1ea9u trang 5D MASK m\u1ec1m m\u1ecbn, \u0111eo kh\u00edt v\u00e0 \u0111\u01b0\u1ee3c thi\u1ebft k\u1ebf k\u00edn v\u1edbi khu\u00f4n m\u1eb7t gi\u00fap \u0111\u1ea1t hi\u1ec7u qu\u1ea3 nh\u01b0 mong mu\u1ed1n.<br \/>\n * V\u1edbi l\u1edbp than ho\u1ea1t t\u00ednh \u1edf gi\u1eefa, kh\u1ea9u trang 5D MASK PT l\u00e0 lo\u1ea1i kh\u1ea9u trang kh\u00f4ng ch\u1ec9 ng\u0103n ng\u1eeba \u0111\u01b0\u1ee3c nh\u1eefng h\u1ea1t b\u1ee5i nh\u1ecf li ti m\u00e0 c\u00f2n c\u00f3 th\u1ec3 ch\u1ed1ng \u0111\u1ebfn 95% b\u1ee5i b\u1ea9n t\u1eeb kh\u00f4ng kh\u00ed. Qua \u0111\u00f3 gi\u00fap t\u0103ng kh\u1ea3 n\u0103ng b\u1ea3o v\u1ec7 nhi\u1ec1u l\u1ea7n.<br \/>\n * C\u00f3 th\u1ec3 l\u1ecdc h\u1ea7u h\u1ebft c\u00e1c m\u00f9i h\u00f4i t\u1eeb h\u00f3a ch\u1ea5t, x\u0103ng, kh\u00f3i, gi\u00fap b\u1ea1n an t\u00e2m h\u01a1n khi \u0111i ra \u0111\u01b0\u1eddng.<br \/>\n * C\u00f3 th\u1ec3 ng\u0103n c\u1ea3n h\u1ea1t b\u1ee5i nh\u1ecf nh\u1ea5t \u0111\u1ebfn 0.1 micro nh\u1edd l\u1edbp l\u1ecdc b\u1ee5i g\u1ed3m v\u1ea3i PP kh\u00f4ng d\u1ec7t, than ho\u1ea1t t\u00ednh x\u1ebfp xen k\u1ebd nhau.<br \/>\n * S\u1eed d\u1ee5ng s\u1ee3i th\u1ef1c v\u1eadt t\u1ef1 nhi\u00ean, m\u1ec1m m\u1ea1i, th\u00e2n thi\u1ec7n m\u00f4i tr\u01b0\u1eddng.<\/p>\n<p> #khautrang #khautrang5D #5Dmask #khautrangn95 #khautrangyte #3dmask #khautrang6D #6Dmask #khautrangcaocap #khautrangchinhhang #khautrangnhatban #khautrang3d #khautrangdep #khautrangchongbui #khautragchatluong<\/p>\n","protected":false},"excerpt":{"rendered":"<p>Xin ch\u00fa \u00fd: m\u00e0u tr\u1eafng, \u0111en, kem s\u1eefa l\u00e0 3 l\u1edbp kh\u00e1ng khu\u1ea9n, c\u00e1c m\u00e0u c\u00f2n l\u1ea1i l\u00e0 4 l\u1edbp kh\u00e1ng khu\u1ea9n d\u00e0y \u1ea1 Kh\u1ea9u Trang 5D PT MASK kh\u00e1ng khu\u1ea9n ch\u1ed1ng b\u1ee5i m\u1ecbn 2.5PM h\u00e0ng ch\u00ednh h\u00e3ng C\u00f4ng Ty Ph\u01b0\u01a1ng Tuy\u1ebfn M\u00f4 t\u1ea3 s\u1ea3n ph\u1ea9m &#038; Th\u00f4ng s\u1ed1 k\u1ef9 thu\u1eadt: &#8211; S\u1ea3n Ph\u1ea9m Thu\u1ed9c:&#8230;<\/p>\n","protected":false},"featured_media":7940,"comment_status":"open","ping_status":"closed","template":"","meta":[],"product_brand":[1593],"product_cat":[15,1393,1394,1396],"product_tag":[222,1778,1777,201,1632,1781,498,1780,1633],"class_list":{"0":"post-9224","1":"product","2":"type-product","3":"status-publish","4":"has-post-thumbnail","6":"product_brand-5d-mask","7":"product_cat-chua-phan-loai","8":"product_cat-cham-soc-suc-khoe","9":"product_cat-khau-trang-y-te","10":"product_cat-khau-trang-nguoi-lon","11":"product_tag-3d-mask","12":"product_tag-inci-mask","13":"product_tag-khau-tran-4-lop","14":"product_tag-khau-trang","15":"product_tag-khau-trang-3d","16":"product_tag-khau-trang-3d-mask","17":"product_tag-khau-trang-5d","18":"product_tag-khau-trang-kf94","19":"product_tag-khau-trang-y-te","21":"first","22":"instock","23":"shipping-taxable","24":"purchasable","25":"product-type-simple"},"acf":[],"_links":{"self":[{"href":"https:\/\/thanglongbeauty.vn\/index.php?rest_route=\/wp\/v2\/product\/9224","targetHints":{"allow":["GET"]}}],"collection":[{"href":"https:\/\/thanglongbeauty.vn\/index.php?rest_route=\/wp\/v2\/product"}],"about":[{"href":"https:\/\/thanglongbeauty.vn\/index.php?rest_route=\/wp\/v2\/types\/product"}],"replies":[{"embeddable":true,"href":"https:\/\/thanglongbeauty.vn\/index.php?rest_route=%2Fwp%2Fv2%2Fcomments&post=9224"}],"wp:featuredmedia":[{"embeddable":true,"href":"https:\/\/thanglongbeauty.vn\/index.php?rest_route=\/wp\/v2\/media\/7940"}],"wp:attachment":[{"href":"https:\/\/thanglongbeauty.vn\/index.php?rest_route=%2Fwp%2Fv2%2Fmedia&parent=9224"}],"wp:term":[{"taxonomy":"product_brand","embeddable":true,"href":"https:\/\/thanglongbeauty.vn\/index.php?rest_route=%2Fwp%2Fv2%2Fproduct_brand&post=9224"},{"taxonomy":"product_cat","embeddable":true,"href":"https:\/\/thanglongbeauty.vn\/index.php?rest_route=%2Fwp%2Fv2%2Fproduct_cat&post=9224"},{"taxonomy":"product_tag","embeddable":true,"href":"https:\/\/thanglongbeauty.vn\/index.php?rest_route=%2Fwp%2Fv2%2Fproduct_tag&post=9224"}],"curies":[{"name":"wp","href":"https:\/\/api.w.org\/{rel}","templated":true}]}}