{"id":9232,"date":"2025-10-20T10:09:17","date_gmt":"2025-10-20T10:09:17","guid":{"rendered":"https:\/\/thanglongbeauty.vn\/san-pham\/ban-chai-mermaid181-charcoal-0-01\/"},"modified":"2026-01-13T07:52:21","modified_gmt":"2026-01-13T07:52:21","slug":"ban-chai-mermaid181-charcoal-0-01","status":"publish","type":"product","link":"https:\/\/thanglongbeauty.vn\/?product=ban-chai-mermaid181-charcoal-0-01","title":{"rendered":"B\u00e0n ch\u1ea3i Mermaid(181) Charcoal 0.01"},"content":{"rendered":"<p>B\u00e0n Ch\u1ea3i MERMAID Charcoal Gold-BC 181 l\u00e0 m\u1ed9t s\u1ea3n ph\u1ea9m ch\u0103m s\u00f3c r\u0103ng mi\u1ec7ng \u0111\u1ebfn t\u1eeb H\u00e0n Qu\u1ed1c. S\u1ea3n ph\u1ea9m c\u00f3 thi\u1ebft k\u1ebf \u0111\u1ed9c \u0111\u00e1o c\u00f9ng c\u00e1c ph\u00e2n t\u1eed V\u00e0ng v\u00e0 than ho\u1ea1t t\u00ednh gi\u00fap l\u00e0m s\u1ea1ch v\u00e0 di\u1ec7t c\u00e1c lo\u1ea1i vi khu\u1ea9n g\u00e2y h\u1ea1i trong khoang mi\u1ec7ng.<br \/>\n B\u00e0n ch\u1ea3i l\u00e0 s\u1ef1 k\u1ebft h\u1ee3p th\u00f4ng minh gi\u1eefa t\u00ednh di\u1ec7t khu\u1ea9n c\u1ee7a c\u00f4ng ngh\u1ec7 Nano V\u00e0ng v\u00e0 kh\u1ea3 n\u0103ng l\u00e0m tr\u1eafng t\u1ef1 nhi\u00ean c\u1ee7a than tre ho\u1ea1t t\u00ednh.<br \/>\n B\u00e0n ch\u1ea3i c\u00f3 \u0111\u1ea7u l\u00f4ng si\u00eau m\u1ea3nh<br \/>\n M\u00f4 t\u1ea3 s\u1ea3n ph\u1ea9m\u0110\u1eb7c \u0111i\u1ec3m s\u1ea3n ph\u1ea9mNh\u00e0 s\u1ea3n xu\u1ea5tMermaidSKU8809055952263Chi\u1ec1u d\u00e0i (cm)5Chi\u1ec1u r\u1ed9ng (cm)YesChi\u1ec1u cao (cm)22<\/p>\n","protected":false},"excerpt":{"rendered":"<p>B\u00e0n Ch\u1ea3i MERMAID Charcoal Gold-BC 181 l\u00e0 m\u1ed9t s\u1ea3n ph\u1ea9m ch\u0103m s\u00f3c r\u0103ng mi\u1ec7ng \u0111\u1ebfn t\u1eeb H\u00e0n Qu\u1ed1c. S\u1ea3n ph\u1ea9m c\u00f3 thi\u1ebft k\u1ebf \u0111\u1ed9c \u0111\u00e1o c\u00f9ng c\u00e1c ph\u00e2n t\u1eed V\u00e0ng v\u00e0 than ho\u1ea1t t\u00ednh gi\u00fap l\u00e0m s\u1ea1ch v\u00e0 di\u1ec7t c\u00e1c lo\u1ea1i vi khu\u1ea9n g\u00e2y h\u1ea1i trong khoang mi\u1ec7ng. B\u00e0n ch\u1ea3i l\u00e0 s\u1ef1 k\u1ebft h\u1ee3p th\u00f4ng&#8230;<\/p>\n","protected":false},"featured_media":8599,"comment_status":"open","ping_status":"closed","template":"","meta":[],"product_brand":[1609],"product_cat":[15,1474,1418],"product_tag":[1746,1747,1748,1749],"class_list":{"0":"post-9232","1":"product","2":"type-product","3":"status-publish","4":"has-post-thumbnail","6":"product_brand-imexco","7":"product_cat-chua-phan-loai","8":"product_cat-ban-chai-danh-rang","9":"product_cat-cham-soc-rang-mieng","10":"product_tag-ban-chai-danh-rang","11":"product_tag-cham-soc-ca-nhan","12":"product_tag-cham-soc-rang-mieng","13":"product_tag-do-cho-me-be","15":"first","16":"outofstock","17":"shipping-taxable","18":"purchasable","19":"product-type-simple"},"acf":[],"_links":{"self":[{"href":"https:\/\/thanglongbeauty.vn\/index.php?rest_route=\/wp\/v2\/product\/9232","targetHints":{"allow":["GET"]}}],"collection":[{"href":"https:\/\/thanglongbeauty.vn\/index.php?rest_route=\/wp\/v2\/product"}],"about":[{"href":"https:\/\/thanglongbeauty.vn\/index.php?rest_route=\/wp\/v2\/types\/product"}],"replies":[{"embeddable":true,"href":"https:\/\/thanglongbeauty.vn\/index.php?rest_route=%2Fwp%2Fv2%2Fcomments&post=9232"}],"wp:featuredmedia":[{"embeddable":true,"href":"https:\/\/thanglongbeauty.vn\/index.php?rest_route=\/wp\/v2\/media\/8599"}],"wp:attachment":[{"href":"https:\/\/thanglongbeauty.vn\/index.php?rest_route=%2Fwp%2Fv2%2Fmedia&parent=9232"}],"wp:term":[{"taxonomy":"product_brand","embeddable":true,"href":"https:\/\/thanglongbeauty.vn\/index.php?rest_route=%2Fwp%2Fv2%2Fproduct_brand&post=9232"},{"taxonomy":"product_cat","embeddable":true,"href":"https:\/\/thanglongbeauty.vn\/index.php?rest_route=%2Fwp%2Fv2%2Fproduct_cat&post=9232"},{"taxonomy":"product_tag","embeddable":true,"href":"https:\/\/thanglongbeauty.vn\/index.php?rest_route=%2Fwp%2Fv2%2Fproduct_tag&post=9232"}],"curies":[{"name":"wp","href":"https:\/\/api.w.org\/{rel}","templated":true}]}}