{"id":9234,"date":"2025-10-20T10:09:19","date_gmt":"2025-10-20T10:09:19","guid":{"rendered":"https:\/\/thanglongbeauty.vn\/?post_type=product&#038;p=9234"},"modified":"2026-01-13T10:44:02","modified_gmt":"2026-01-13T10:44:02","slug":"tam-bong-ngoay-tai-hana-te-loi-nhua-gui-100zipper","status":"publish","type":"product","link":"https:\/\/thanglongbeauty.vn\/?product=tam-bong-ngoay-tai-hana-te-loi-nhua-gui-100zipper","title":{"rendered":"T\u0103m b\u00f4ng ngo\u00e1y tai hana TE l\u00f5i nh\u1ef1a g\u00fai 100(zipper)"},"content":{"rendered":"<p>,<\/p>\n","protected":false},"excerpt":{"rendered":"<p>,<\/p>\n","protected":false},"featured_media":7150,"comment_status":"open","ping_status":"closed","template":"","meta":[],"product_brand":[1578],"product_cat":[15,1406,1393],"product_tag":[1784,1783,1785],"class_list":{"0":"post-9234","1":"product","2":"type-product","3":"status-publish","4":"has-post-thumbnail","6":"product_brand-hana","7":"product_cat-chua-phan-loai","8":"product_cat-bong-ngay-tai","9":"product_cat-cham-soc-suc-khoe","10":"product_tag-bong-ngoay-tai","11":"product_tag-tam-bong","12":"product_tag-tam-bong-ngoay-tai","14":"first","15":"instock","16":"shipping-taxable","17":"purchasable","18":"product-type-simple"},"acf":[],"_links":{"self":[{"href":"https:\/\/thanglongbeauty.vn\/index.php?rest_route=\/wp\/v2\/product\/9234","targetHints":{"allow":["GET"]}}],"collection":[{"href":"https:\/\/thanglongbeauty.vn\/index.php?rest_route=\/wp\/v2\/product"}],"about":[{"href":"https:\/\/thanglongbeauty.vn\/index.php?rest_route=\/wp\/v2\/types\/product"}],"replies":[{"embeddable":true,"href":"https:\/\/thanglongbeauty.vn\/index.php?rest_route=%2Fwp%2Fv2%2Fcomments&post=9234"}],"wp:featuredmedia":[{"embeddable":true,"href":"https:\/\/thanglongbeauty.vn\/index.php?rest_route=\/wp\/v2\/media\/7150"}],"wp:attachment":[{"href":"https:\/\/thanglongbeauty.vn\/index.php?rest_route=%2Fwp%2Fv2%2Fmedia&parent=9234"}],"wp:term":[{"taxonomy":"product_brand","embeddable":true,"href":"https:\/\/thanglongbeauty.vn\/index.php?rest_route=%2Fwp%2Fv2%2Fproduct_brand&post=9234"},{"taxonomy":"product_cat","embeddable":true,"href":"https:\/\/thanglongbeauty.vn\/index.php?rest_route=%2Fwp%2Fv2%2Fproduct_cat&post=9234"},{"taxonomy":"product_tag","embeddable":true,"href":"https:\/\/thanglongbeauty.vn\/index.php?rest_route=%2Fwp%2Fv2%2Fproduct_tag&post=9234"}],"curies":[{"name":"wp","href":"https:\/\/api.w.org\/{rel}","templated":true}]}}