{"id":9238,"date":"2025-10-20T10:09:19","date_gmt":"2025-10-20T10:09:19","guid":{"rendered":"https:\/\/thanglongbeauty.vn\/?post_type=product&#038;p=9238"},"modified":"2026-01-13T10:44:03","modified_gmt":"2026-01-13T10:44:03","slug":"tam-bong-ngoay-taideepfresh-hu-300que","status":"publish","type":"product","link":"https:\/\/thanglongbeauty.vn\/?product=tam-bong-ngoay-taideepfresh-hu-300que","title":{"rendered":"T\u0103m b\u00f4ng ngo\u00e1y taiDeepfresh h\u0169 300que"},"content":{"rendered":"<p>1. M\u00f4 t\u1ea3 s\u1ea3n ph\u1ea9m Deep fresh cotton BUDS<br \/>\n B\u00f4ng t\u0103m ngo\u00e1y tai ng\u01b0\u1eddi l\u1edbn Deep Fresh Cotton Buds xu\u1ea5t x\u1ee9 t\u1eeb Th\u1ed5 Nh\u0129 K\u1ef3 \u0111\u01b0\u1ee3c l\u00e0m b\u1eb1ng 100% b\u00f4ng cotton cao c\u1ea5p, an to\u00e0n, mang l\u1ea1i c\u1ea3m gi\u00e1c nh\u1eb9 nh\u00e0ng v\u00e0 d\u1ec5 ch\u1ecbu, kh\u00f4ng b\u1ecb \u0111au khi s\u1eed d\u1ee5ng.<br \/>\n 2. Th\u00e0nh ph\u1ea7n c\u1ee7a Deep fresh cotton BUDS<br \/>\n 100% b\u00f4ng cotton cao c\u1ea5p<br \/>\n 3. C\u00f4ng d\u1ee5ng c\u1ee7a Deep fresh cotton BUDS<br \/>\n Thi\u1ebft k\u1ebf \u0111\u1ea7u b\u00f4ng tr\u00f2n \u0111\u1ec1u v\u1eeba ph\u1ea3i, gi\u00fap b\u1ea1n c\u00f3 th\u1ec3 \u0111\u01b0a s\u00e2u v\u00e0o trong v\u00e0 l\u00e0m s\u1ea1ch tai, nh\u01b0ng kh\u00f4ng h\u1ec1 g\u00e2y ra c\u1ea3m gi\u00e1c kh\u00f3 ch\u1ecbu.<br \/>\n 4. Li\u1ec1u l\u01b0\u1ee3ng v\u00e0 c\u00e1ch d\u00f9ng c\u1ee7a Deep fresh cotton BUDS<br \/>\n D\u00f9ng \u0111\u1ea7u b\u00f4ng \u0111\u1ec3 v\u1ec7 sinh tai<br \/>\n 5. \u0110\u1ed1i t\u01b0\u1ee3ng s\u1eed d\u1ee5ng<br \/>\n D\u00f9ng cho m\u1ecdi \u0111\u1ed1i t\u01b0\u1ee3ng<br \/>\n 6. B\u1ea3o qu\u1ea3n<br \/>\n &#8211; B\u1ea3o qu\u1ea3n n\u01a1i kh\u00f4 tho\u00e1ng.<br \/>\n 7. L\u01b0u \u00fd<br \/>\n \u0110\u1eady n\u1eafp sau khi s\u1eed d\u1ee5ng<\/p>\n","protected":false},"excerpt":{"rendered":"<p>1. M\u00f4 t\u1ea3 s\u1ea3n ph\u1ea9m Deep fresh cotton BUDS B\u00f4ng t\u0103m ngo\u00e1y tai ng\u01b0\u1eddi l\u1edbn Deep Fresh Cotton Buds xu\u1ea5t x\u1ee9 t\u1eeb Th\u1ed5 Nh\u0129 K\u1ef3 \u0111\u01b0\u1ee3c l\u00e0m b\u1eb1ng 100% b\u00f4ng cotton cao c\u1ea5p, an to\u00e0n, mang l\u1ea1i c\u1ea3m gi\u00e1c nh\u1eb9 nh\u00e0ng v\u00e0 d\u1ec5 ch\u1ecbu, kh\u00f4ng b\u1ecb \u0111au khi s\u1eed d\u1ee5ng. 2. Th\u00e0nh ph\u1ea7n c\u1ee7a Deep&#8230;<\/p>\n","protected":false},"featured_media":7177,"comment_status":"open","ping_status":"closed","template":"","meta":[],"product_brand":[1553],"product_cat":[15,1406,1393],"product_tag":[1784,1783,1785],"class_list":{"0":"post-9238","1":"product","2":"type-product","3":"status-publish","4":"has-post-thumbnail","6":"product_brand-deep-fresh","7":"product_cat-chua-phan-loai","8":"product_cat-bong-ngay-tai","9":"product_cat-cham-soc-suc-khoe","10":"product_tag-bong-ngoay-tai","11":"product_tag-tam-bong","12":"product_tag-tam-bong-ngoay-tai","14":"first","15":"instock","16":"shipping-taxable","17":"purchasable","18":"product-type-simple"},"acf":[],"_links":{"self":[{"href":"https:\/\/thanglongbeauty.vn\/index.php?rest_route=\/wp\/v2\/product\/9238","targetHints":{"allow":["GET"]}}],"collection":[{"href":"https:\/\/thanglongbeauty.vn\/index.php?rest_route=\/wp\/v2\/product"}],"about":[{"href":"https:\/\/thanglongbeauty.vn\/index.php?rest_route=\/wp\/v2\/types\/product"}],"replies":[{"embeddable":true,"href":"https:\/\/thanglongbeauty.vn\/index.php?rest_route=%2Fwp%2Fv2%2Fcomments&post=9238"}],"wp:featuredmedia":[{"embeddable":true,"href":"https:\/\/thanglongbeauty.vn\/index.php?rest_route=\/wp\/v2\/media\/7177"}],"wp:attachment":[{"href":"https:\/\/thanglongbeauty.vn\/index.php?rest_route=%2Fwp%2Fv2%2Fmedia&parent=9238"}],"wp:term":[{"taxonomy":"product_brand","embeddable":true,"href":"https:\/\/thanglongbeauty.vn\/index.php?rest_route=%2Fwp%2Fv2%2Fproduct_brand&post=9238"},{"taxonomy":"product_cat","embeddable":true,"href":"https:\/\/thanglongbeauty.vn\/index.php?rest_route=%2Fwp%2Fv2%2Fproduct_cat&post=9238"},{"taxonomy":"product_tag","embeddable":true,"href":"https:\/\/thanglongbeauty.vn\/index.php?rest_route=%2Fwp%2Fv2%2Fproduct_tag&post=9238"}],"curies":[{"name":"wp","href":"https:\/\/api.w.org\/{rel}","templated":true}]}}