{"id":9250,"date":"2025-10-20T10:09:21","date_gmt":"2025-10-20T10:09:21","guid":{"rendered":"https:\/\/thanglongbeauty.vn\/san-pham\/tam-bong-ngoay-tai-hana-hop-than-truc-200c\/"},"modified":"2026-01-13T10:44:02","modified_gmt":"2026-01-13T10:44:02","slug":"tam-bong-ngoay-tai-hana-hop-than-truc-200c","status":"publish","type":"product","link":"https:\/\/thanglongbeauty.vn\/?product=tam-bong-ngoay-tai-hana-hop-than-truc-200c","title":{"rendered":"T\u0103m b\u00f4ng ngo\u00e1y tai Hana h\u1ed9p th\u00e2n tr\u00fac 200c"},"content":{"rendered":"<p>,<\/p>\n","protected":false},"excerpt":{"rendered":"<p>,<\/p>\n","protected":false},"featured_media":7144,"comment_status":"open","ping_status":"closed","template":"","meta":[],"product_brand":[1578],"product_cat":[15,1406,1393],"product_tag":[1784,1783,1785],"class_list":{"0":"post-9250","1":"product","2":"type-product","3":"status-publish","4":"has-post-thumbnail","6":"product_brand-hana","7":"product_cat-chua-phan-loai","8":"product_cat-bong-ngay-tai","9":"product_cat-cham-soc-suc-khoe","10":"product_tag-bong-ngoay-tai","11":"product_tag-tam-bong","12":"product_tag-tam-bong-ngoay-tai","14":"first","15":"outofstock","16":"shipping-taxable","17":"purchasable","18":"product-type-simple"},"acf":[],"_links":{"self":[{"href":"https:\/\/thanglongbeauty.vn\/index.php?rest_route=\/wp\/v2\/product\/9250","targetHints":{"allow":["GET"]}}],"collection":[{"href":"https:\/\/thanglongbeauty.vn\/index.php?rest_route=\/wp\/v2\/product"}],"about":[{"href":"https:\/\/thanglongbeauty.vn\/index.php?rest_route=\/wp\/v2\/types\/product"}],"replies":[{"embeddable":true,"href":"https:\/\/thanglongbeauty.vn\/index.php?rest_route=%2Fwp%2Fv2%2Fcomments&post=9250"}],"wp:featuredmedia":[{"embeddable":true,"href":"https:\/\/thanglongbeauty.vn\/index.php?rest_route=\/wp\/v2\/media\/7144"}],"wp:attachment":[{"href":"https:\/\/thanglongbeauty.vn\/index.php?rest_route=%2Fwp%2Fv2%2Fmedia&parent=9250"}],"wp:term":[{"taxonomy":"product_brand","embeddable":true,"href":"https:\/\/thanglongbeauty.vn\/index.php?rest_route=%2Fwp%2Fv2%2Fproduct_brand&post=9250"},{"taxonomy":"product_cat","embeddable":true,"href":"https:\/\/thanglongbeauty.vn\/index.php?rest_route=%2Fwp%2Fv2%2Fproduct_cat&post=9250"},{"taxonomy":"product_tag","embeddable":true,"href":"https:\/\/thanglongbeauty.vn\/index.php?rest_route=%2Fwp%2Fv2%2Fproduct_tag&post=9250"}],"curies":[{"name":"wp","href":"https:\/\/api.w.org\/{rel}","templated":true}]}}