{"id":9258,"date":"2025-10-20T10:09:23","date_gmt":"2025-10-20T10:09:23","guid":{"rendered":"https:\/\/thanglongbeauty.vn\/san-pham\/bong-tay-trang-care4u-3-lop-233-mieng\/"},"modified":"2026-01-13T09:36:35","modified_gmt":"2026-01-13T09:36:35","slug":"bong-tay-trang-care4u-3-lop-233-mieng","status":"publish","type":"product","link":"https:\/\/thanglongbeauty.vn\/?product=bong-tay-trang-care4u-3-lop-233-mieng","title":{"rendered":"B\u00f4ng t\u1ea9y trang Care4u 3 l\u1edbp 233 mi\u1ebfng"},"content":{"rendered":"<p>Care4u B\u00f4ng t\u1ea9y trang 3 l\u1edbp 233 mi\u1ebfng \u0111\u01b0\u1ee3c thi\u1ebft k\u1ebf \u0111\u1eb7c bi\u1ec7t v\u1edbi 3 l\u1edbp ri\u00eang bi\u1ec7t, c\u00f3 th\u1ec3 t\u00e1ch r\u1eddi m\u00e0 kh\u00f4ng b\u1ecb r\u00e1ch, gi\u00fap ch\u0103m s\u00f3c to\u00e0n di\u1ec7n, linh ho\u1ea1t \u0111\u00e1p \u1ee9ng nhi\u1ec1u m\u1ee5c \u0111\u00edch s\u1eed d\u1ee5ng.<\/p>\n<p> Lo\u1ea1i da ph\u00f9 h\u1ee3p:<br \/>\n Ph\u00f9 h\u1ee3p v\u1edbi m\u1ecdi lo\u1ea1i da.<br \/>\n C\u00f4ng d\u1ee5ng:<br \/>\n T\u1ea9y trang: K\u1ebft h\u1ee3p c\u00f9ng dung d\u1ecbch t\u1ea9y trang \u0111\u1ec3 l\u00e0m s\u1ea1ch b\u1ee5i b\u1ea9n v\u00e0 l\u1edbp trang \u0111i\u1ec3m.D\u01b0\u1ee1ng \u1ea9m cho da: Sau khi l\u00e0m s\u1ea1ch da, d\u00f9ng b\u00f4ng \u0111\u1ec3 thoa toner ho\u1eb7c tinh ch\u1ea5t \u0111\u1ec1u kh\u1eafp m\u1eb7t v\u00e0 v\u00f9ng c\u1ed5. Sau \u0111\u00f3 v\u1ed7 nh\u1eb9 l\u00ean da \u0111\u1ec3 c\u00e1c d\u01b0\u1ee1ng ch\u1ea5t \u0111\u01b0\u1ee3c h\u1ea5p th\u1ee5 ho\u00e0n to\u00e0n.L\u00e0m m\u1eb7t n\u1ea1 d\u01b0\u1ee1ng da: L\u00e0m \u1ea9m mi\u1ebfng b\u00f4ng b\u1eb1ng x\u1ecbt kho\u00e1ng, tr\u00e1nh qu\u00e1 \u01b0\u1edbt hay s\u0169ng n\u01b0\u1edbc. Sau \u0111\u00f3 nh\u1ecf 5- 10 gi\u1ecdt d\u01b0\u1ee1ng \u1ea9m (toner ho\u1eb7c lotion) \u0111\u1ec1u kh\u1eafp m\u1eb7t b\u00f4ng v\u00e0 \u0111\u1eafp l\u00ean m\u1eb7t trong kho\u1ea3ng 3 ph\u00fat.T\u1ea9y s\u01a1n m\u00f3ng tay: Cho dung d\u1ecbch t\u1ea9y s\u01a1n m\u00f3ng tay l\u00ean 1 l\u1edbp b\u00f4ng v\u00e0 \u0111\u1eafp l\u00ean m\u00f3ng tay, gi\u00fap d\u1ec5 d\u00e0ng h\u00f2a tan v\u00e0 lo\u1ea1i b\u1ecf s\u01a1n m\u00f3ng tay sau m\u1ed9t th\u1eddi gian ng\u1eafn.Massage v\u00f9ng da m\u1eaft: Ng\u00e2m 2 l\u1edbp b\u00f4ng v\u00e0o n\u01b0\u1edbc \u1ea5m r\u1ed3i \u0111\u1eafp l\u00ean v\u00f9ng m\u1eaft \u0111\u1ec3 ch\u01b0\u1eddm \u1ea5m, gi\u00fap th\u01b0 gi\u00e3n, gi\u1ea3m m\u1ecfi m\u1eaft sau ng\u00e0y l\u00e0m vi\u1ec7c m\u1ec7t m\u1ecfi.Th\u00e0nh ph\u1ea7n:<br \/>\n S\u1ea3n ph\u1ea9m l\u00e0m t\u1eeb 100% cotton, kh\u00f4ng ch\u1ee9a s\u1ee3i nh\u00e2n t\u1ea1o, m\u1ec1m m\u1ea1i, an to\u00e0n cho da nh\u1ea1y c\u1ea3mH\u01b0\u1edbng d\u1eabn s\u1eed d\u1ee5ng:<br \/>\n S\u1eed d\u1ee5ng tr\u1ef1c ti\u1ebfp l\u00ean da. D\u00f9ng v\u1edbi c\u00e1c dung d\u1ecbch nh\u01b0 n\u01b0\u1edbc t\u1ea9y trang, toner trong c\u00e1c b\u01b0\u1edbc d\u01b0\u1ee1ng da h\u00e0ng ng\u00e0y. H\u00e3y thoa nh\u1eb9 nh\u00e0ng, ch\u00fa \u00fd kh\u00f4ng mi\u1ebft m\u1ea1nh v\u00e0 ch\u00e0 x\u00e1t mi\u1ebfng b\u00f4ng, tr\u00e1nh g\u00e2y t\u1ed5n th\u01b0\u01a1ng da v\u00e0 l\u00e0m r\u00e1ch mi\u1ebfng b\u00f4ng.B\u1ea3o qu\u1ea3n:<br \/>\n \u0110\u1ec3 n\u01a1i kh\u00f4 r\u00e1o, tho\u00e1ng m\u00e1t. Tr\u00e1nh \u00e1nh n\u1eafng tr\u1ef1c ti\u1ebfp. \u0110\u00f3ng n\u1eafp sau khi s\u1eed d\u1ee5ng. Th\u00f4ng s\u1ed1 s\u1ea3n ph\u1ea9m:<br \/>\n Th\u01b0\u01a1ng hi\u1ec7u: Care4uXu\u1ea5t x\u1ee9: Nh\u1eadt B\u1ea3nS\u1ed1 l\u01b0\u1ee3ng: 233 mi\u1ebfngH\u1ea1n s\u1eed d\u1ee5ng: Xem tr\u00ean bao b\u00ec s\u1ea3n ph\u1ea9m. Ng\u00e0y s\u1ea3n xu\u1ea5t: Xem tr\u00ean bao b\u00ec s\u1ea3n ph\u1ea9m.<\/p>\n","protected":false},"excerpt":{"rendered":"<p>Care4u B\u00f4ng t\u1ea9y trang 3 l\u1edbp 233 mi\u1ebfng \u0111\u01b0\u1ee3c thi\u1ebft k\u1ebf \u0111\u1eb7c bi\u1ec7t v\u1edbi 3 l\u1edbp ri\u00eang bi\u1ec7t, c\u00f3 th\u1ec3 t\u00e1ch r\u1eddi m\u00e0 kh\u00f4ng b\u1ecb r\u00e1ch, gi\u00fap ch\u0103m s\u00f3c to\u00e0n di\u1ec7n, linh ho\u1ea1t \u0111\u00e1p \u1ee9ng nhi\u1ec1u m\u1ee5c \u0111\u00edch s\u1eed d\u1ee5ng. Lo\u1ea1i da ph\u00f9 h\u1ee3p: Ph\u00f9 h\u1ee3p v\u1edbi m\u1ecdi lo\u1ea1i da. C\u00f4ng d\u1ee5ng: T\u1ea9y trang: K\u1ebft&#8230;<\/p>\n","protected":false},"featured_media":6727,"comment_status":"open","ping_status":"closed","template":"","meta":[],"product_brand":[1552],"product_cat":[1475,1486,1398],"product_tag":[],"class_list":{"0":"post-9258","1":"product","2":"type-product","3":"status-publish","4":"has-post-thumbnail","6":"product_brand-care4u","7":"product_cat-bong-tay-trang","8":"product_cat-bong-tay-trang-2","9":"product_cat-cham-soc-da","11":"first","12":"instock","13":"shipping-taxable","14":"purchasable","15":"product-type-simple"},"acf":[],"_links":{"self":[{"href":"https:\/\/thanglongbeauty.vn\/index.php?rest_route=\/wp\/v2\/product\/9258","targetHints":{"allow":["GET"]}}],"collection":[{"href":"https:\/\/thanglongbeauty.vn\/index.php?rest_route=\/wp\/v2\/product"}],"about":[{"href":"https:\/\/thanglongbeauty.vn\/index.php?rest_route=\/wp\/v2\/types\/product"}],"replies":[{"embeddable":true,"href":"https:\/\/thanglongbeauty.vn\/index.php?rest_route=%2Fwp%2Fv2%2Fcomments&post=9258"}],"wp:featuredmedia":[{"embeddable":true,"href":"https:\/\/thanglongbeauty.vn\/index.php?rest_route=\/wp\/v2\/media\/6727"}],"wp:attachment":[{"href":"https:\/\/thanglongbeauty.vn\/index.php?rest_route=%2Fwp%2Fv2%2Fmedia&parent=9258"}],"wp:term":[{"taxonomy":"product_brand","embeddable":true,"href":"https:\/\/thanglongbeauty.vn\/index.php?rest_route=%2Fwp%2Fv2%2Fproduct_brand&post=9258"},{"taxonomy":"product_cat","embeddable":true,"href":"https:\/\/thanglongbeauty.vn\/index.php?rest_route=%2Fwp%2Fv2%2Fproduct_cat&post=9258"},{"taxonomy":"product_tag","embeddable":true,"href":"https:\/\/thanglongbeauty.vn\/index.php?rest_route=%2Fwp%2Fv2%2Fproduct_tag&post=9258"}],"curies":[{"name":"wp","href":"https:\/\/api.w.org\/{rel}","templated":true}]}}