{"id":9292,"date":"2025-10-20T10:42:22","date_gmt":"2025-10-20T10:42:22","guid":{"rendered":"https:\/\/thanglongbeauty.vn\/san-pham\/san-pham-5\/"},"modified":"2025-10-25T04:54:04","modified_gmt":"2025-10-25T04:54:04","slug":"san-pham-5","status":"publish","type":"product","link":"https:\/\/thanglongbeauty.vn\/?product=san-pham-5","title":{"rendered":"Dung d\u1ecbch v\u1ec7 sinh Intima Cam"},"content":{"rendered":"<p>Dung d\u1ecbch v\u1ec7 sinh ph\u1ee5 n\u1eef Intima ZiajaDung d\u1ecbch v\u1ec7 sinh Ziaja Intima v\u1edbi th\u00e0nh ph\u1ea7n \u0111\u01b0\u1ee3c chi\u1ebft xu\u1ea5t t\u1eeb thi\u00ean nhi\u00ean gi\u00fap l\u00e0m s\u1ea1ch, gi\u1eef \u0111\u1ed9 \u1ea9m v\u00e0 \u0111\u1ed9 PH cho v\u00f9ng k\u00edn. S\u1ea3n ph\u1ea9m xu\u1ea5t x\u1ee9 t\u1eeb Ba Lan \u0111\u01b0\u1ee3c ki\u1ec3m nghi\u1ec7m nghi\u00eam ng\u1eb7t b\u1edfi c\u00e1c chuy\u00ean gia da li\u1ec5u, hi\u1ec7n \u0111ang \u0111\u01b0\u1ee3c ch\u1ecb em ph\u1ee5 n\u1eef tr\u00ean kh\u1eafp th\u1ebf gi\u1edbi y\u00eau th\u00edch s\u1eed d\u1ee5ng.<\/p>\n<p> Dung d\u1ecbch v\u1ec7 sinh ph\u1ee5 n\u1eef Intima Ziaja Ba Lan<br \/>\n \u01afu \u0111i\u1ec3m n\u1ed5i b\u1eadt c\u1ee7a dung d\u1ecbch v\u1ec7 sinh Intima ZiajaS\u1ea3n ph\u1ea9m \u0111\u01b0\u1ee3c s\u1ea3n xu\u1ea5t v\u1edbi th\u00e0nh ph\u1ea7n ho\u00e0n to\u00e0n t\u1ef1 nhi\u00ean, nh\u1eb9 d\u1ecbu v\u00e0 kh\u00f4ng g\u00e2y k\u00edch \u1ee9ng daH\u1ed7 tr\u1ee3 l\u00e0m s\u1ea1ch v\u00f9ng k\u00edn, gi\u00fap cung c\u1ea5p \u0111\u1ed9 \u1ea9m nh\u01b0ng v\u1eabn duy tr\u00ec \u0111\u01b0\u1ee3c \u0111\u1ed9 PH t\u1ef1 nhi\u00eanGi\u00fap c\u1ea3i thi\u1ec7n v\u00e0 h\u1ed7 tr\u1ee3 ph\u00f2ng ng\u1eeba hi\u1ec7u qu\u1ea3 t\u00ecnh tr\u1ea1ng vi\u00eam nhi\u1ec5m.C\u00e1c th\u00e0nh ph\u1ea7n \u0111\u01b0\u1ee3c k\u1ebft h\u1ee3p theo t\u1ef7 l\u1ec7 ti\u00eau chu\u1ea9n mang \u0111\u1ebfn hi\u1ec7u qu\u1ea3 t\u1ed1i \u01b0u.H\u1ed7 tr\u1ee3 t\u1ea1o b\u1ecdt v\u00e0 l\u00e0m s\u1ea1ch hi\u1ec7u qu\u1ea3 v\u00f9ng k\u00edn cho c\u00e1c ch\u1ecb em.S\u1ea3n ph\u1ea9m c\u00f3 h\u01b0\u01a1ng th\u01a1m d\u1ecbu m\u00e1t, \u0111em l\u1ea1i c\u1ea3m gi\u00e1c d\u1ec5 ch\u1ecbu khi d\u00f9ng.Th\u00e0nh ph\u1ea7n c\u1ee7a dung d\u1ecbch v\u1ec7 sinh Intima ZiajaHoa lan chu\u00f4ngV\u1ecf s\u1ed3iD\u01b0a v\u00e0ngAxit lacticProvitamin B5N\u01b0\u1edbc v\u00e0 c\u00e1c th\u00e0nh ph\u1ea7n h\u1ed7 tr\u1ee3 kh\u00e1c<br \/>\n Dung d\u1ecbch v\u1ec7 sinh ph\u1ee5 n\u1eef Intima Ziaja Ba Lan m\u00e0u cam<\/p>\n<p> Dung d\u1ecbch v\u1ec7 sinh ph\u1ee5 n\u1eef Intima Ziaja Ba Lan m\u00e0u xanh nh\u1ea1t<\/p>\n<p> Dung d\u1ecbch v\u1ec7 sinh ph\u1ee5 n\u1eef Intima Ziaja Ba Lan xanh \u0111\u1eadm<\/p>\n<p> Dung d\u1ecbch v\u1ec7 sinh ph\u1ee5 n\u1eef Intima Ziaja Ba Lan m\u00e0u h\u1ed3ng<br \/>\n D\u1ecbch v\u1ec7 sinh ph\u1ee5 n\u1eef Intima Ziaja 200ml c\u00f3 m\u1ea5y lo\u1ea1i?Hi\u1ec7n nay, Dung d\u1ecbch v\u1ec7 sinh ph\u1ee5 n\u1eef Intima Ziaja c\u00f3 4 lo\u1ea1i c\u01a1 b\u1ea3n, s\u1eed d\u1ee5ng ch\u0103m s\u00f3c cho nh\u1eefng \u0111\u1ed1i t\u01b0\u1ee3ng kh\u00e1c nhau:<br \/>\n M\u00e0u h\u1ed3ng: S\u1eed d\u1ee5ng cho ng\u01b0\u1eddi c\u00f3 bi\u1ec3u hi\u1ec7n vi\u00eam nh\u1eb9, d\u1ea5u hi\u1ec7u kh\u00ed h\u01b0 b\u1ea5t th\u01b0\u1eddng, \u0111\u00f4i khi c\u00f3 m\u00f9i h\u00f4i.M\u00e0u cam: S\u1eed d\u1ee5ng cho ng\u01b0\u1eddi ph\u00f2ng ng\u1eeba vi\u00eam v\u00e0 c\u00e2n b\u1eb1ng \u1ea9m.M\u00e0u xanh nh\u1ea1t: S\u1eed d\u1ee5ng cho ng\u01b0\u1eddi c\u00f3 d\u1ea5u hi\u1ec7u vi\u00eam n\u1eb7ng, kh\u00ed h\u01b0 m\u00e0u \u0111\u1ee5c v\u00e0 th\u01b0\u1eddng xuy\u00ean b\u1ecb ng\u1ee9a.M\u00e0u xanh \u0111\u1eadm: S\u1eed d\u1ee5ng cho ng\u01b0\u1eddi g\u1eb7p v\u1ea5n \u0111\u1ec1 kh\u00f4, thi\u1ebfu \u1ea9m, c\u1ea7n c\u1ea5p \u1ea9m v\u00e0 c\u00e2n b\u1eb1ng \u1ea9m.H\u01b0\u1edbng d\u1eabn s\u1eed d\u1ee5ngCh\u0103m s\u00f3c \u201cc\u00f4 b\u00e9\u201d b\u1eb1ng dung d\u1ecbch v\u1ec7 sinh ph\u1ee5 n\u1eef l\u00e0 c\u00f4ng vi\u1ec7c kh\u00f4ng th\u1ec3 thi\u1ebfu m\u1ed7i ng\u00e0y c\u1ee7a c\u00e1c ch\u1ecb em. \u0110\u1ec3 hi\u1ec7u qu\u1ea3 ch\u0103m s\u00f3c \u0111\u01b0\u1ee3c t\u1ed1i \u01b0u, c\u00e1c ch\u1ecb em n\u00ean s\u1eed d\u1ee5ng s\u1ea3n ph\u1ea9m ph\u00f9 h\u1ee3p.L\u1ea5y m\u1ed9t l\u01b0\u1ee3ng dung d\u1ecbch l\u00ean tay.L\u00e0m \u01b0\u1edbt \u201cc\u00f4 b\u00e9\u201d r\u1ed3i d\u00f9ng dung d\u1ecb<\/p>\n","protected":false},"excerpt":{"rendered":"<p>Dung d\u1ecbch v\u1ec7 sinh ph\u1ee5 n\u1eef Intima ZiajaDung d\u1ecbch v\u1ec7 sinh Ziaja Intima v\u1edbi th\u00e0nh ph\u1ea7n \u0111\u01b0\u1ee3c chi\u1ebft xu\u1ea5t t\u1eeb thi\u00ean nhi\u00ean gi\u00fap l\u00e0m s\u1ea1ch, gi\u1eef \u0111\u1ed9 \u1ea9m v\u00e0 \u0111\u1ed9 PH cho v\u00f9ng k\u00edn. S\u1ea3n ph\u1ea9m xu\u1ea5t x\u1ee9 t\u1eeb Ba Lan \u0111\u01b0\u1ee3c ki\u1ec3m nghi\u1ec7m nghi\u00eam ng\u1eb7t b\u1edfi c\u00e1c chuy\u00ean gia da li\u1ec5u, hi\u1ec7n \u0111ang \u0111\u01b0\u1ee3c&#8230;<\/p>\n","protected":false},"featured_media":8210,"comment_status":"open","ping_status":"closed","template":"","meta":[],"product_brand":[1603],"product_cat":[15,1480,1414],"product_tag":[1641,192,1640,1634,193,1638,1637,1635,1639,1636],"class_list":{"0":"post-9292","1":"product","2":"type-product","3":"status-publish","4":"has-post-thumbnail","6":"product_brand-intima","7":"product_cat-chua-phan-loai","8":"product_cat-dung-dich-ve-sinh","9":"product_cat-suc-khoe-phu-khoa","10":"product_tag-dung-dich-ve-sinh-diana","11":"product_tag-dung-dich-ve-sinh-hanayuki","12":"product_tag-dung-dich-ve-sinh-lactacyd","13":"product_tag-dung-dich-ve-sinh-nam","14":"product_tag-dung-dich-ve-sinh-phu-nu","15":"product_tag-dung-dich-ve-sinh-phu-nu-bac-si-khuyen-dung","16":"product_tag-dung-dich-ve-sinh-phu-nu-femfresh","17":"product_tag-dung-dich-ve-sinh-phu-nu-intima","18":"product_tag-dung-dich-ve-sinh-phu-nu-lactacyd","19":"product_tag-dung-dich-ve-sinh-phu-nu-tot-nhat","21":"first","22":"onbackorder","23":"shipping-taxable","24":"purchasable","25":"product-type-simple"},"acf":[],"_links":{"self":[{"href":"https:\/\/thanglongbeauty.vn\/index.php?rest_route=\/wp\/v2\/product\/9292","targetHints":{"allow":["GET"]}}],"collection":[{"href":"https:\/\/thanglongbeauty.vn\/index.php?rest_route=\/wp\/v2\/product"}],"about":[{"href":"https:\/\/thanglongbeauty.vn\/index.php?rest_route=\/wp\/v2\/types\/product"}],"replies":[{"embeddable":true,"href":"https:\/\/thanglongbeauty.vn\/index.php?rest_route=%2Fwp%2Fv2%2Fcomments&post=9292"}],"wp:featuredmedia":[{"embeddable":true,"href":"https:\/\/thanglongbeauty.vn\/index.php?rest_route=\/wp\/v2\/media\/8210"}],"wp:attachment":[{"href":"https:\/\/thanglongbeauty.vn\/index.php?rest_route=%2Fwp%2Fv2%2Fmedia&parent=9292"}],"wp:term":[{"taxonomy":"product_brand","embeddable":true,"href":"https:\/\/thanglongbeauty.vn\/index.php?rest_route=%2Fwp%2Fv2%2Fproduct_brand&post=9292"},{"taxonomy":"product_cat","embeddable":true,"href":"https:\/\/thanglongbeauty.vn\/index.php?rest_route=%2Fwp%2Fv2%2Fproduct_cat&post=9292"},{"taxonomy":"product_tag","embeddable":true,"href":"https:\/\/thanglongbeauty.vn\/index.php?rest_route=%2Fwp%2Fv2%2Fproduct_tag&post=9292"}],"curies":[{"name":"wp","href":"https:\/\/api.w.org\/{rel}","templated":true}]}}