{"id":9296,"date":"2025-10-20T10:42:24","date_gmt":"2025-10-20T10:42:24","guid":{"rendered":"https:\/\/thanglongbeauty.vn\/?post_type=product&#038;p=9296"},"modified":"2025-10-25T04:54:03","modified_gmt":"2025-10-25T04:54:03","slug":"import-placeholder-for-8936123410223","status":"publish","type":"product","link":"https:\/\/thanglongbeauty.vn\/?product=import-placeholder-for-8936123410223","title":{"rendered":"Dung d\u1ecbch v\u1ec7 sinh LACTACYD Pro Sen 250ml*24 (h\u1ed3ng\/\u0111\u1ecf)"},"content":{"rendered":"<p>Dung D\u1ecbch V\u1ec7 Sinh Ph\u1ee5 N\u1eef Lactacyd l\u00e0 s\u1ea3n ph\u1ea9m dung d\u1ecbch v\u1ec7 sinh \u0111\u1ebfn t\u1eeb th\u01b0\u01a1ng hi\u1ec7u dung d\u1ecbch v\u1ec7 sinh ph\u1ee5 n\u1eef Lactacyd c\u1ee7a Ph\u00e1p, v\u1edbi th\u00e0nh ph\u1ea7n t\u1eeb Lactic Acid, Lactoserum k\u1ebft h\u1ee3p c\u00f9ng c\u00e1c th\u00e0nh ph\u1ea7n kh\u00e1c mang \u0111\u1ebfn nhi\u1ec1u l\u1ee3i \u00edch kh\u00e1c nhau, \u0111a d\u1ea1ng s\u1ef1 l\u1ef1a ch\u1ecdn cho kh\u00e1ch h\u00e0ng. S\u1ea3n ph\u1ea9m l\u00e0m s\u1ea1ch nh\u1eb9 nh\u00e0ng v\u00f9ng k\u00edn, ng\u0103n nhi\u1ec5m khu\u1ea9n, y\u00eau chi\u1ec1u v\u00f9ng da nh\u1ea1y c\u1ea3m, mang \u0111\u1ebfn h\u01b0\u01a1ng th\u01a1m d\u1ecbu nh\u1eb9, th\u01b0 gi\u00e3n khi s\u1eed d\u1ee5ng. <\/p>\n<p> D\u00f2ng s\u1ea3n ph\u1ea9m Dung D\u1ecbch V\u1ec7 Sinh Ph\u1ee5 N\u1eef Lactacyd Feminine Wash hi\u1ec7n \u0111\u00e3 c\u00f3 c\u00e1c lo\u1ea1i:<br \/>\n D\u00f2ng CH\u0102M S\u00d3C C\u01a0 B\u1ea2N:<br \/>\n Odor Fresh (m\u00e0u xanh l\u00e1): Gi\u00fap ng\u0103n m\u00f9i su\u1ed1t 24 gi\u1edd (60ml; 150ml; 250ml; 250mlx2; 250mlx3)<br \/>\n D\u00f2ng CH\u0102M S\u00d3C N\u00c2NG CAO:<br \/>\n Soft &#038; Silky (m\u00e0u t\u00edm): gi\u00fap d\u01b0\u1ee1ng \u1ea9m sau m\u1ed7i l\u1ea7n d\u00f9ng (150ml; 250ml)<br \/>\n Pro Sensitive (m\u00e0u n\u00e2u): gi\u00fap b\u1ea3o v\u1ec7 d\u1ecbu nh\u1eb9 cho l\u00e0n da nh\u1ea1y c\u1ea3m (250ml)<br \/>\n Pearly Intimate (m\u00e0u xanh bi\u1ec3n): gi\u00fap ph\u1ee5c h\u1ed3i s\u1eafc da v\u00f9ng k\u00edn (60ml; 150ml)<br \/>\n Extra Nourish (m\u00e0u v\u00e0ng): gi\u00fap d\u01b0\u1ee1ng \u1ea9m v\u00e0 l\u00e0m c\u0103ng m\u1ecbn v\u00f9ng k\u00edn (150ml)<\/p>\n<p> 1. Dung D\u1ecbch V\u1ec7 Sinh Ph\u1ee5 N\u1eef Lactacyd Odor Fresh Ng\u0103n M\u00f9i 24HDung D\u1ecbch V\u1ec7 Sinh Ph\u1ee5 N\u1eef Lactacyd Odor Fresh Ng\u0103n M\u00f9i 24H v\u1edbi chi\u1ebft xu\u1ea5t l\u00e1 tr\u1ea7u kh\u00f4ng v\u00e0 hoa h\u1ed3ng, k\u1ebft h\u1ee3p c\u00f9ng tinh ch\u1ea5t s\u1eefa gi\u00fap nh\u1eb9 nh\u00e0ng l\u00e0m s\u1ea1ch v\u00e0 b\u1ea3o v\u1ec7 da v\u00f9ng k\u00edn nh\u1ea1y c\u1ea3m, \u0111\u1ed3ng th\u1eddi ng\u0103n m\u00f9i su\u1ed1t 24 gi\u1edd, gi\u1ea3m thi\u1ec3u t\u00ecnh tr\u1ea1ng ng\u1ee9a ng\u00e1y, r\u00e1t b\u1ecfng hay m\u00f9i kh\u00f3 ch\u1ecbu, mang \u0111\u1ebfn cho b\u1ea1n c\u1ea3m gi\u00e1c tho\u1ea3i m\u00e1i v\u00e0 t\u01b0\u01a1i m\u00e1t su\u1ed1t c\u1ea3 ng\u00e0y d\u00e0i.<\/p>\n<p> \u0110\u1ed1i t\u01b0\u1ee3ng s\u1eed d\u1ee5ng:T\u1ea5t c\u1ea3 ch\u1ecb em ph\u1ee5 n\u1eef m\u1ecdi l\u1ee9a tu\u1ed5i, \u0111\u1eb7c bi\u1ec7t b\u00e9 g\u00e1i tu\u1ed5i d\u1eady th\u00ec.<br \/>\n Ph\u1ee5 n\u1eef trong th\u1eddi k\u1ef3 mang thai v\u00e0 sau sinh.<br \/>\n \u01afu th\u1ebf n\u1ed5i b\u1eadt:Chi\u1ebft xu\u1ea5t l\u00e1 tr\u1ea7u kh\u00f4ng v\u00e0 hoa h\u1ed3ng gi\u00fap ng\u0103n s\u1ef1 ph\u00e1t tri\u1ec3n c\u1ee7a vi khu\u1ea9n c\u00f3 h\u1ea1i, ng\u0103n m\u00f9i kh\u00f3 ch\u1ecbu v\u00e0 b\u1ea3o v\u1ec7 v\u00f9ng nh\u1ea1y c\u1ea3m kh\u1ecfi c\u1ea3m gi\u00e1c ng\u1ee9a ng\u00e1y, r\u00e1t b\u1ecfng.<br \/>\n Tinh ch\u1ea5t s\u1eefa t\u1ef1 nhi\u00ean gi\u00fap d\u01b0\u1ee1ng \u1ea9m cho da m\u1ec1m m\u1ea1i.<br \/>\n H\u01b0\u01a1ng th\u01a1m t\u01b0\u01a1i m\u00e1t t\u1ea1o c\u1ea3m gi\u00e1c d\u1ec5 ch\u1ecbu sau khi d\u00f9ng.<br \/>\n S\u1ea3n ph\u1ea9m \u0111\u00e3 qua ki\u1ec3m nghi\u1ec7m da li\u1ec5u, an to\u00e0n v\u00e0 th\u00edch h\u1ee3p s\u1eed d\u1ee5ng h\u00e0ng ng\u00e0y.<\/p>\n<p> 2. Dung D\u1ecbch V\u1ec7 Sinh Ph\u1ee5 N\u1eef Lactacyd Soft &#038; Silky D\u01b0\u1ee1ng \u1ea8mDung<\/p>\n","protected":false},"excerpt":{"rendered":"<p>Dung D\u1ecbch V\u1ec7 Sinh Ph\u1ee5 N\u1eef Lactacyd l\u00e0 s\u1ea3n ph\u1ea9m dung d\u1ecbch v\u1ec7 sinh \u0111\u1ebfn t\u1eeb th\u01b0\u01a1ng hi\u1ec7u dung d\u1ecbch v\u1ec7 sinh ph\u1ee5 n\u1eef Lactacyd c\u1ee7a Ph\u00e1p, v\u1edbi th\u00e0nh ph\u1ea7n t\u1eeb Lactic Acid, Lactoserum k\u1ebft h\u1ee3p c\u00f9ng c\u00e1c th\u00e0nh ph\u1ea7n kh\u00e1c mang \u0111\u1ebfn nhi\u1ec1u l\u1ee3i \u00edch kh\u00e1c nhau, \u0111a d\u1ea1ng s\u1ef1 l\u1ef1a ch\u1ecdn cho kh\u00e1ch&#8230;<\/p>\n","protected":false},"featured_media":8281,"comment_status":"open","ping_status":"closed","template":"","meta":[],"product_brand":[1558],"product_cat":[15,1480,1414],"product_tag":[1641,192,1640,1634,193,1638,1637,1635,1639,1636],"class_list":{"0":"post-9296","1":"product","2":"type-product","3":"status-publish","4":"has-post-thumbnail","6":"product_brand-lactacyd","7":"product_cat-chua-phan-loai","8":"product_cat-dung-dich-ve-sinh","9":"product_cat-suc-khoe-phu-khoa","10":"product_tag-dung-dich-ve-sinh-diana","11":"product_tag-dung-dich-ve-sinh-hanayuki","12":"product_tag-dung-dich-ve-sinh-lactacyd","13":"product_tag-dung-dich-ve-sinh-nam","14":"product_tag-dung-dich-ve-sinh-phu-nu","15":"product_tag-dung-dich-ve-sinh-phu-nu-bac-si-khuyen-dung","16":"product_tag-dung-dich-ve-sinh-phu-nu-femfresh","17":"product_tag-dung-dich-ve-sinh-phu-nu-intima","18":"product_tag-dung-dich-ve-sinh-phu-nu-lactacyd","19":"product_tag-dung-dich-ve-sinh-phu-nu-tot-nhat","21":"first","22":"onbackorder","23":"shipping-taxable","24":"purchasable","25":"product-type-simple"},"acf":[],"_links":{"self":[{"href":"https:\/\/thanglongbeauty.vn\/index.php?rest_route=\/wp\/v2\/product\/9296","targetHints":{"allow":["GET"]}}],"collection":[{"href":"https:\/\/thanglongbeauty.vn\/index.php?rest_route=\/wp\/v2\/product"}],"about":[{"href":"https:\/\/thanglongbeauty.vn\/index.php?rest_route=\/wp\/v2\/types\/product"}],"replies":[{"embeddable":true,"href":"https:\/\/thanglongbeauty.vn\/index.php?rest_route=%2Fwp%2Fv2%2Fcomments&post=9296"}],"wp:featuredmedia":[{"embeddable":true,"href":"https:\/\/thanglongbeauty.vn\/index.php?rest_route=\/wp\/v2\/media\/8281"}],"wp:attachment":[{"href":"https:\/\/thanglongbeauty.vn\/index.php?rest_route=%2Fwp%2Fv2%2Fmedia&parent=9296"}],"wp:term":[{"taxonomy":"product_brand","embeddable":true,"href":"https:\/\/thanglongbeauty.vn\/index.php?rest_route=%2Fwp%2Fv2%2Fproduct_brand&post=9296"},{"taxonomy":"product_cat","embeddable":true,"href":"https:\/\/thanglongbeauty.vn\/index.php?rest_route=%2Fwp%2Fv2%2Fproduct_cat&post=9296"},{"taxonomy":"product_tag","embeddable":true,"href":"https:\/\/thanglongbeauty.vn\/index.php?rest_route=%2Fwp%2Fv2%2Fproduct_tag&post=9296"}],"curies":[{"name":"wp","href":"https:\/\/api.w.org\/{rel}","templated":true}]}}