{"id":9299,"date":"2025-10-20T10:42:24","date_gmt":"2025-10-20T10:42:24","guid":{"rendered":"https:\/\/thanglongbeauty.vn\/?post_type=product&#038;p=9299"},"modified":"2025-10-25T09:04:18","modified_gmt":"2025-10-25T09:04:18","slug":"tinh-chat-vs-evamost-premium-20ml","status":"publish","type":"product","link":"https:\/\/thanglongbeauty.vn\/?product=tinh-chat-vs-evamost-premium-20ml","title":{"rendered":"Tinh ch\u1ea5t V\u1ec7 Sinh Evamost Premium 120ml"},"content":{"rendered":"<p>TINH CH\u1ea4T V\u1ec6 SINH EVAMOST PREMIUM: B\u00cd QUY\u1ebeT TH\u0102NG HOA CU\u1ed8C Y\u00caU\u2014<br \/>\n \u01afu \u0111i\u1ec3m c\u1ee7a Tinh ch\u1ea5t v\u1ec7 sinh Evamost PremiumTinh ch\u1ea5t v\u1ec7 sinh Evamost Premium l\u00e0 m\u1ed9t s\u1ef1 c\u1ea3i ti\u1ebfn \u0111\u00e1ng ch\u00fa \u00fd trong l\u0129nh v\u1ef1c ch\u0103m s\u00f3c s\u1ee9c kh\u1ecfe ph\u1ee5 khoa. V\u1edbi th\u00e0nh ph\u1ea7n chi\u1ebft xu\u1ea5t t\u1eeb thi\u00ean nhi\u00ean v\u00e0 t\u00ednh n\u0103ng v\u01b0\u1ee3t tr\u1ed9i, s\u1ea3n ph\u1ea9m n\u00e0y mang l\u1ea1i nhi\u1ec1u l\u1ee3i \u00edch \u0111\u00e1ng gi\u00e1:<br \/>\n 1. Tho\u00e1ng S\u1ea1ch v\u00e0 M\u00e1t L\u1ea1nh:Tinh ch\u1ea5t v\u1ec7 sinh Evamost Premium gi\u00fap l\u00e0m s\u1ea1ch v\u00e0 t\u1ea1o c\u1ea3m gi\u00e1c m\u00e1t l\u1ea1nh cho v\u00f9ng k\u00edn, lo\u1ea1i b\u1ecf m\u00f9i h\u00f4i kh\u00f3 ch\u1ecbu.<br \/>\n 2. Kh\u00e1ng Khu\u1ea9n v\u00e0 H\u1ed7 Tr\u1ee3 Ph\u00f2ng Ng\u1eeba B\u1ec7nh:V\u1edbi kh\u1ea3 n\u0103ng kh\u00e1ng khu\u1ea9n, s\u1ea3n ph\u1ea9m n\u00e0y gi\u00fap gi\u1ea3m thi\u1ec3u nguy c\u01a1 m\u1eafc c\u00e1c b\u1ec7nh ph\u1ee5 khoa do vi khu\u1ea9n v\u00e0 virus g\u00e2y ra.<br \/>\n 3. C\u1ea3i Thi\u1ec7n \u0110\u1ed9 \u1ea8m v\u00e0 T\u0103ng \u0110\u00e0n H\u1ed3i:Evamost Premium kh\u00f4ng ch\u1ec9 gi\u1eef \u0111\u1ed9 pH \u1ed5n \u0111\u1ecbnh m\u00e0 c\u00f2n c\u1ea3i thi\u1ec7n t\u00ecnh tr\u1ea1ng kh\u00f4 r\u00e1t, t\u0103ng c\u01b0\u1eddng \u0111\u1ed9 \u1ea9m t\u1ef1 nhi\u00ean v\u00e0 \u0111\u00e0n h\u1ed3i c\u1ee7a v\u00f9ng k\u00edn.<br \/>\n 4. An To\u00e0n v\u00e0 Hi\u1ec7u Qu\u1ea3:V\u1edbi th\u00e0nh ph\u1ea7n t\u1ef1 nhi\u00ean v\u00e0 kh\u00f4ng g\u00e2y k\u00edch \u1ee9ng, s\u1ea3n ph\u1ea9m \u0111\u1ea3m b\u1ea3o an to\u00e0n v\u00e0 mang l\u1ea1i hi\u1ec7u qu\u1ea3 cao trong vi\u1ec7c b\u1ea3o v\u1ec7 s\u1ee9c kh\u1ecfe sinh s\u1ea3n.<br \/>\n \u2014<br \/>\n Th\u00e0nh Ph\u1ea7n v\u00e0 C\u00f4ng D\u1ee5ng V\u01b0\u1ee3t Tr\u1ed9i C\u1ee7a V\u1ec7 Sinh EVAMOSTChi\u1ebft Xu\u1ea5t L\u00e1 Xo\u00e0i v\u00e0 C\u00fac La M\u00e3:Gi\u00fap di\u1ec7t khu\u1ea9n, kh\u00e1ng vi\u00eam v\u00e0 l\u00e0m d\u1ecbu da v\u00f9ng k\u00edn, gi\u1ea3m nguy c\u01a1 m\u1eafc c\u00e1c b\u1ec7nh ph\u1ee5 khoa.<br \/>\n Nha \u0110am:T\u0103ng c\u01b0\u1eddng \u0111\u1ed9 \u1ea9m, l\u00e0m d\u1ecbu da v\u00e0 ng\u0103n ng\u1eeba t\u00ecnh tr\u1ea1ng kh\u00f4 r\u00e1t, \u0111\u1ed3ng th\u1eddi gi\u00fap h\u1ed3ng h\u00e0o v\u00e0 t\u01b0\u01a1i tr\u1ebb v\u00f9ng k\u00edn.<br \/>\n \u0110\u1ed9i Ng\u0169 Chuy\u00ean Gia v\u00e0 C\u00f4ng Ngh\u1ec7 Ti\u00ean Ti\u1ebfnS\u1ea3n ph\u1ea9m \u0111\u01b0\u1ee3c s\u1ea3n xu\u1ea5t theo quy tr\u00ecnh kh\u00e9p k\u00edn v\u00e0 ki\u1ec3m so\u00e1t ch\u1ea5t l\u01b0\u1ee3ng nghi\u00eam ng\u1eb7t, \u0111\u1ea3m b\u1ea3o s\u1ef1 an to\u00e0n v\u00e0 hi\u1ec7u qu\u1ea3.<br \/>\n \u2014<br \/>\n \u0110\u1ed1i T\u01b0\u1ee3ng S\u1eed D\u1ee5ng v\u00e0 C\u00e1ch D\u00f9ng Dung D\u1ecbch V\u1ec7 Sinh EVAMOST**Ph\u1ee5 N\u1eef:**<br \/>\n \u2013 C\u1ea7n ch\u0103m s\u00f3c v\u00e0 b\u1ea3o v\u1ec7 v\u00f9ng k\u00edn h\u00e0ng ng\u00e0y.\u2013 Mu\u1ed1n c\u1ea3i thi\u1ec7n t\u00ecnh tr\u1ea1ng kh\u00f4 r\u00e1t v\u00e0 t\u0103ng \u0111\u1ed9 \u1ea9m t\u1ef1 nhi\u00ean.\u2013 Mong mu\u1ed1n mang l\u1ea1i c\u1ea3m gi\u00e1c tho\u1ea3i m\u00e1i v\u00e0 t\u1ef1 tin h\u01a1n trong \u0111\u1eddi s\u1ed1ng t\u00ecnh d\u1ee5c.<br \/>\n **Nam Gi\u1edbi:**<br \/>\n \u2013 C\u1ea7n l\u00e0m s\u1ea1ch v\u00e0 kh\u1eed m\u00f9i cho v\u00f9ng k\u00edn.\u2013 Mu\u1ed1n gi\u1ea3m nguy c\u01a1 m\u1eafc c\u00e1c b\u1ec7nh nam khoa v\u00e0 t\u0103ng hi\u1ec7u qu\u1ea3 sinh l\u00fd.\u2013 Mong mu\u1ed1n duy tr\u00ec v\u1ec7 sinh v\u00e0 s\u1ee9c kh\u1ecfe sinh s\u1ea3n.<br \/>\n **C\u00e1ch D\u00f9ng:**<br \/>\n \u2013 L\u00e0m \u01b0\u1edbt v\u00f9ng k\u00edn.\u2013 L\u1ea5y m\u1ed9t l\u01b0\u1ee3ng nh\u1ecf s\u1ea3n ph\u1ea9m v\u00e0 t\u1ea1o b\u1ecdt.\u2013 Massage nh\u1eb9 nh\u00e0ng v\u00e0 sau \u0111\u00f3 r\u1eeda s\u1ea1ch b\u1eb1ng n\u01b0\u1edbc.<br \/>\n \u2014<\/p>\n","protected":false},"excerpt":{"rendered":"<p>TINH CH\u1ea4T V\u1ec6 SINH EVAMOST PREMIUM: B\u00cd QUY\u1ebeT TH\u0102NG HOA CU\u1ed8C Y\u00caU\u2014 \u01afu \u0111i\u1ec3m c\u1ee7a Tinh ch\u1ea5t v\u1ec7 sinh Evamost PremiumTinh ch\u1ea5t v\u1ec7 sinh Evamost Premium l\u00e0 m\u1ed9t s\u1ef1 c\u1ea3i ti\u1ebfn \u0111\u00e1ng ch\u00fa \u00fd trong l\u0129nh v\u1ef1c ch\u0103m s\u00f3c s\u1ee9c kh\u1ecfe ph\u1ee5 khoa. V\u1edbi th\u00e0nh ph\u1ea7n chi\u1ebft xu\u1ea5t t\u1eeb thi\u00ean nhi\u00ean v\u00e0 t\u00ednh n\u0103ng v\u01b0\u1ee3t&#8230;<\/p>\n","protected":false},"featured_media":8317,"comment_status":"open","ping_status":"closed","template":"","meta":[],"product_brand":[],"product_cat":[15,1480,1414],"product_tag":[192,1640,1634,193,1638,1637,1635,1639,1636,1698,1697],"class_list":{"0":"post-9299","1":"product","2":"type-product","3":"status-publish","4":"has-post-thumbnail","6":"product_cat-chua-phan-loai","7":"product_cat-dung-dich-ve-sinh","8":"product_cat-suc-khoe-phu-khoa","9":"product_tag-dung-dich-ve-sinh-hanayuki","10":"product_tag-dung-dich-ve-sinh-lactacyd","11":"product_tag-dung-dich-ve-sinh-nam","12":"product_tag-dung-dich-ve-sinh-phu-nu","13":"product_tag-dung-dich-ve-sinh-phu-nu-bac-si-khuyen-dung","14":"product_tag-dung-dich-ve-sinh-phu-nu-femfresh","15":"product_tag-dung-dich-ve-sinh-phu-nu-intima","16":"product_tag-dung-dich-ve-sinh-phu-nu-lactacyd","17":"product_tag-dung-dich-ve-sinh-phu-nu-tot-nhat","18":"product_tag-suc-khoe-phu-khoa-dung-dich-ve-sinh-diana","19":"product_tag-ve-sinh","21":"first","22":"outofstock","23":"shipping-taxable","24":"purchasable","25":"product-type-simple"},"acf":[],"_links":{"self":[{"href":"https:\/\/thanglongbeauty.vn\/index.php?rest_route=\/wp\/v2\/product\/9299","targetHints":{"allow":["GET"]}}],"collection":[{"href":"https:\/\/thanglongbeauty.vn\/index.php?rest_route=\/wp\/v2\/product"}],"about":[{"href":"https:\/\/thanglongbeauty.vn\/index.php?rest_route=\/wp\/v2\/types\/product"}],"replies":[{"embeddable":true,"href":"https:\/\/thanglongbeauty.vn\/index.php?rest_route=%2Fwp%2Fv2%2Fcomments&post=9299"}],"wp:featuredmedia":[{"embeddable":true,"href":"https:\/\/thanglongbeauty.vn\/index.php?rest_route=\/wp\/v2\/media\/8317"}],"wp:attachment":[{"href":"https:\/\/thanglongbeauty.vn\/index.php?rest_route=%2Fwp%2Fv2%2Fmedia&parent=9299"}],"wp:term":[{"taxonomy":"product_brand","embeddable":true,"href":"https:\/\/thanglongbeauty.vn\/index.php?rest_route=%2Fwp%2Fv2%2Fproduct_brand&post=9299"},{"taxonomy":"product_cat","embeddable":true,"href":"https:\/\/thanglongbeauty.vn\/index.php?rest_route=%2Fwp%2Fv2%2Fproduct_cat&post=9299"},{"taxonomy":"product_tag","embeddable":true,"href":"https:\/\/thanglongbeauty.vn\/index.php?rest_route=%2Fwp%2Fv2%2Fproduct_tag&post=9299"}],"curies":[{"name":"wp","href":"https:\/\/api.w.org\/{rel}","templated":true}]}}