{"id":9303,"date":"2025-10-20T10:42:24","date_gmt":"2025-10-20T10:42:24","guid":{"rendered":"https:\/\/thanglongbeauty.vn\/?post_type=product&#038;p=9303"},"modified":"2026-03-23T10:16:32","modified_gmt":"2026-03-23T10:16:32","slug":"import-placeholder-for-8851932439923","status":"publish","type":"product","link":"https:\/\/thanglongbeauty.vn\/?product=import-placeholder-for-8851932439923","title":{"rendered":"S\u1eefa D\u01b0\u1ee1ng Th\u1ec3 Vaseline Gluta-Hya 4x N\u00e2ng T\u00f4ng T\u1ee9c Th\u00ec 300ml"},"content":{"rendered":"<p>S\u1eefa D\u01b0\u1ee1ng Th\u1ec3 N\u00e2ng T\u00f4ng T\u1ee9c Th\u00ec Vaseline Healthy Bright Gluta-Hya Body Tone-Up UV Lotion 300ml hi\u1ec7n \u0111\u00e3 c\u00f3 m\u1eb7t t\u1ea1i Hasaki.<\/p>\n<p> S\u1eefa D\u01b0\u1ee1ng Th\u1ec3 Vaseline Gluta-Hya N\u00e2ng T\u00f4ng T\u1ee9c Th\u00ec ph\u00f9 h\u1ee3p v\u1edbi lo\u1ea1i da n\u00e0o?S\u1ea3n ph\u1ea9m ph\u00f9 h\u1ee3p cho m\u1ecdi lo\u1ea1i da c\u01a1 th\u1ec3.<br \/>\n \u01afu th\u1ebf n\u1ed5i b\u1eadt c\u1ee7a S\u1eefa D\u01b0\u1ee1ng Th\u1ec3 Vaseline Gluta-Hya N\u00e2ng T\u00f4ng T\u1ee9c Th\u00ec:10x Hyaluron t\u0103ng c\u01b0\u1eddng \u0111\u1ed9 \u1ea9m cho l\u00e0n da c\u0103ng m\u1ecdng r\u1ea1ng r\u1ee1.<br \/>\n 10x ph\u1ee9c h\u1ee3p Amino-Peptide h\u1ed7 tr\u1ee3 ph\u1ee5c h\u1ed3i l\u00e0n da \u0111ang m\u1ec7t m\u1ecfi v\u00e0 thi\u1ebfu s\u1ee9c s\u1ed1ng.<br \/>\n 10x Niacinamide gi\u00fap ng\u0103n ng\u1eeba c\u00e1c h\u01b0 t\u1ed5n t\u00edch t\u1ee5 trong t\u1ebf b\u00e0o da, gi\u00fap c\u1ea3i thi\u1ec7n t\u00ecnh tr\u1ea1ng da s\u1ea1m m\u00e0u hi\u1ec7u qu\u1ea3.<br \/>\n C\u00f4ng th\u1ee9c v\u1edbi c\u00e1c vi ch\u1ea5t ph\u1ea3n quang gi\u00fap da tr\u00f4ng s\u00e1ng r\u1ea1ng r\u1ee1 t\u1ee9c th\u00ec g\u1ea5p 4 l\u1ea7n*.<br \/>\n B\u1ea3o v\u1ec7 l\u00e0n da kh\u1ecfi t\u00e1c h\u1ea1i c\u1ee7a \u00e1nh n\u1eafng m\u1eb7t tr\u1eddi nh\u1edd m\u00e0ng l\u1ecdc UV.<br \/>\n H\u1ec7 Vitamin k\u00e9p t\u1eeb Vitamin C v\u00e0 E gi\u00fap th\u00fac \u0111\u1ea9y qu\u00e1 tr\u00ecnh s\u1ea3n sinh collagen, cho da tr\u00f4ng c\u0103ng m\u1ecbn v\u00e0 s\u0103n ch\u1eafc.<br \/>\n C\u00e1c gi\u1ecdt Vaseline Jelly gi\u00fap kh\u00f3a \u1ea9m t\u1eeb s\u00e2u b\u00ean trong** v\u00e0 c\u00e2n b\u1eb1ng \u0111\u1ed9 \u1ea9m cho da.<br \/>\n Mang l\u1ea1i cho b\u1ea1n l\u00e0n da t\u01b0\u01a1i s\u00e1ng r\u1ea1ng r\u1ee1 v\u00e0 m\u1ecbn m\u00e0ng kh\u00f4ng t\u00ec v\u1ebft, \u0111\u1ed3ng th\u1eddi gi\u1eef \u1ea9m l\u00ean \u0111\u1ebfn 12 gi\u1edd<\/p>\n<p> S\u1eefa D\u01b0\u1ee1ng Th\u1ec3 Vaseline Gluta-Hya N\u00e2ng T\u00f4ng T\u1ee9c Th\u00ec ph\u00f9 h\u1ee3p v\u1edbi lo\u1ea1i da n\u00e0o?S\u1ea3n ph\u1ea9m ph\u00f9 h\u1ee3p cho m\u1ecdi lo\u1ea1i da c\u01a1 th\u1ec3.<br \/>\n \u01afu th\u1ebf n\u1ed5i b\u1eadt c\u1ee7a S\u1eefa D\u01b0\u1ee1ng Th\u1ec3 Vaseline Gluta-Hya N\u00e2ng T\u00f4ng T\u1ee9c Th\u00ec:10x Hyaluron t\u0103ng c\u01b0\u1eddng \u0111\u1ed9 \u1ea9m cho l\u00e0n da c\u0103ng m\u1ecdng r\u1ea1ng r\u1ee1.<br \/>\n 10x ph\u1ee9c h\u1ee3p Amino-Peptide h\u1ed7 tr\u1ee3 ph\u1ee5c h\u1ed3i l\u00e0n da \u0111ang m\u1ec7t m\u1ecfi v\u00e0 thi\u1ebfu s\u1ee9c s\u1ed1ng.<br \/>\n 10x Niacinamide gi\u00fap ng\u0103n ng\u1eeba c\u00e1c h\u01b0 t\u1ed5n t\u00edch t\u1ee5 trong t\u1ebf b\u00e0o da, gi\u00fap c\u1ea3i thi\u1ec7n t\u00ecnh tr\u1ea1ng da s\u1ea1m m\u00e0u hi\u1ec7u qu\u1ea3.<br \/>\n C\u00f4ng th\u1ee9c v\u1edbi c\u00e1c vi ch\u1ea5t ph\u1ea3n quang gi\u00fap da tr\u00f4ng s\u00e1ng r\u1ea1ng r\u1ee1 t\u1ee9c th\u00ec g\u1ea5p 4 l\u1ea7n*.<br \/>\n B\u1ea3o v\u1ec7 l\u00e0n da kh\u1ecfi t\u00e1c h\u1ea1i c\u1ee7a \u00e1nh n\u1eafng m\u1eb7t tr\u1eddi nh\u1edd m\u00e0ng l\u1ecdc UV.<br \/>\n H\u1ec7 Vitamin k\u00e9p t\u1eeb Vitamin C v\u00e0 E gi\u00fap th\u00fac \u0111\u1ea9y qu\u00e1 tr\u00ecnh s\u1ea3n sinh collagen, cho da tr\u00f4ng c\u0103ng m\u1ecbn v\u00e0 s\u0103n ch\u1eafc.<br \/>\n C\u00e1c gi\u1ecdt Vaseline Jelly gi\u00fap kh\u00f3a \u1ea9m t\u1eeb s\u00e2u b\u00ean trong** v\u00e0 c\u00e2n b\u1eb1ng \u0111\u1ed9 \u1ea9m cho da.<br \/>\n Mang l\u1ea1i cho b\u1ea1n l\u00e0n da t\u01b0\u01a1i s\u00e1ng r\u1ea1ng r\u1ee1 v\u00e0 m\u1ecbn m\u00e0ng kh\u00f4ng t\u00ec v\u1ebft, \u0111\u1ed3ng th\u1eddi gi\u1eef \u1ea9m l\u00ean \u0111\u1ebfn 12 gi\u1edd.<br \/>\n *D\u1ef1a theo k\u1ebft qu\u1ea3 ki\u1ec3m nghi\u1ec7m, so v\u1edbi s\u1eefa d\u01b0\u1ee1ng th\u1ec3 kh\u00f4ng c\u00f3 ch\u1ee9c n\u0103ng d\u01b0\u1ee1ng s\u00e1ng. K\u1ebft qu\u1ea3 n\u00e0y c\u00f3 th\u1ec3 thay \u0111\u1ed5i t\u00f9y v\u00e0o m\u00e0u da ng\u01b0\u1eddi.<br \/>\n **\u1ede t\u1ea7ng bi\u1ec3u b\u00ec.<\/p>\n<p> H\u01b0\u1edbng d\u1eabn b\u1ea3o qu\u1ea3n S\u1eefa D\u01b0\u1ee1ng Th\u1ec3 Vaseline Gluta-Hya N\u00e2ng T\u00f4ng T\u1ee9c Th\u00ec:N\u01a1i kh\u00f4 r\u00e1o, tho\u00e1ng m\u00e1t.<br \/>\n Tr\u00e1nh \u00e1nh n\u1eafng tr\u1ef1c ti\u1ebfp, n\u01a1i c\u00f3 nhi\u1ec7t \u0111\u1ed9 cao ho\u1eb7c \u1ea9m \u01b0\u1edbt.<br \/>\n \u0110\u1eady n\u1eafp k\u00edn sau khi s\u1eed d\u1ee5ng.<br \/>\n L\u01b0u \u00fd:Ng\u00e0y s\u1ea3n xu\u1ea5t: Xem tr\u00ean bao b\u00ec s\u1ea3n ph\u1ea9m.<br \/>\n H\u1ea1n s\u1eed d\u1ee5ng: 2 n\u0103m k\u1ec3 t\u1eeb ng\u00e0y s\u1ea3n xu\u1ea5t.<\/p>\n","protected":false},"excerpt":{"rendered":"<p>S\u1eefa D\u01b0\u1ee1ng Th\u1ec3 N\u00e2ng T\u00f4ng T\u1ee9c Th\u00ec Vaseline Healthy Bright Gluta-Hya Body Tone-Up UV Lotion 300ml hi\u1ec7n \u0111\u00e3 c\u00f3 m\u1eb7t t\u1ea1i Hasaki. S\u1eefa D\u01b0\u1ee1ng Th\u1ec3 Vaseline Gluta-Hya N\u00e2ng T\u00f4ng T\u1ee9c Th\u00ec ph\u00f9 h\u1ee3p v\u1edbi lo\u1ea1i da n\u00e0o?S\u1ea3n ph\u1ea9m ph\u00f9 h\u1ee3p cho m\u1ecdi lo\u1ea1i da c\u01a1 th\u1ec3. \u01afu th\u1ebf n\u1ed5i b\u1eadt c\u1ee7a S\u1eefa D\u01b0\u1ee1ng Th\u1ec3 Vaseline&#8230;<\/p>\n","protected":false},"featured_media":6399,"comment_status":"open","ping_status":"closed","template":"","meta":[],"product_brand":[1511],"product_cat":[15,1461],"product_tag":[1798,1796,458,1797],"class_list":{"0":"post-9303","1":"product","2":"type-product","3":"status-publish","4":"has-post-thumbnail","6":"product_brand-vaseline","7":"product_cat-chua-phan-loai","8":"product_cat-kem-duong-am","9":"product_tag-duong-da-body","10":"product_tag-duong-the","11":"product_tag-serum","12":"product_tag-vaseline","14":"first","15":"outofstock","16":"shipping-taxable","17":"purchasable","18":"product-type-simple"},"acf":[],"_links":{"self":[{"href":"https:\/\/thanglongbeauty.vn\/index.php?rest_route=\/wp\/v2\/product\/9303","targetHints":{"allow":["GET"]}}],"collection":[{"href":"https:\/\/thanglongbeauty.vn\/index.php?rest_route=\/wp\/v2\/product"}],"about":[{"href":"https:\/\/thanglongbeauty.vn\/index.php?rest_route=\/wp\/v2\/types\/product"}],"replies":[{"embeddable":true,"href":"https:\/\/thanglongbeauty.vn\/index.php?rest_route=%2Fwp%2Fv2%2Fcomments&post=9303"}],"wp:featuredmedia":[{"embeddable":true,"href":"https:\/\/thanglongbeauty.vn\/index.php?rest_route=\/wp\/v2\/media\/6399"}],"wp:attachment":[{"href":"https:\/\/thanglongbeauty.vn\/index.php?rest_route=%2Fwp%2Fv2%2Fmedia&parent=9303"}],"wp:term":[{"taxonomy":"product_brand","embeddable":true,"href":"https:\/\/thanglongbeauty.vn\/index.php?rest_route=%2Fwp%2Fv2%2Fproduct_brand&post=9303"},{"taxonomy":"product_cat","embeddable":true,"href":"https:\/\/thanglongbeauty.vn\/index.php?rest_route=%2Fwp%2Fv2%2Fproduct_cat&post=9303"},{"taxonomy":"product_tag","embeddable":true,"href":"https:\/\/thanglongbeauty.vn\/index.php?rest_route=%2Fwp%2Fv2%2Fproduct_tag&post=9303"}],"curies":[{"name":"wp","href":"https:\/\/api.w.org\/{rel}","templated":true}]}}