{"id":9305,"date":"2025-10-20T10:42:24","date_gmt":"2025-10-20T10:42:24","guid":{"rendered":"https:\/\/thanglongbeauty.vn\/?post_type=product&#038;p=9305"},"modified":"2026-03-23T10:16:32","modified_gmt":"2026-03-23T10:16:32","slug":"import-placeholder-for-8999999590055","status":"publish","type":"product","link":"https:\/\/thanglongbeauty.vn\/?product=import-placeholder-for-8999999590055","title":{"rendered":"D\u01b0\u1ee1ng Th\u1ec3 Vaseline 10X Ban \u0110\u00eam C\u0103ng M\u01b0\u1edbt 330ml"},"content":{"rendered":"<p>Vaseline tin r\u1eb1ng b\u1ea5t c\u1ee9 ai c\u0169ng x\u1ee9ng \u0111\u00e1ng s\u1edf h\u1eefu m\u1ed9t l\u00e0n da kh\u1ecfe m\u1ea1nh. V\u1edbi h\u01a1n 150 n\u0103m kinh nghi\u1ec7m nghi\u00ean c\u1ee9u, Vaseline gi\u1edbi thi\u1ec7u d\u00f2ng s\u1ea3n ph\u1ea9m S\u1eefa D\u01b0\u1ee1ng Th\u1ec3 Vaseline Gluta-Hya Serum Burst Lotion d\u01b0\u1ee1ng s\u00e1ng kh\u00f4ng lo t\u00ec v\u1ebft, gi\u00fap c\u1ea3i thi\u1ec7n l\u00e0n kh\u00f4ng \u0111\u1ec1u m\u00e0u v\u00e0 c\u00f3 \u0111\u1ed1m n\u00e2u.<br \/>\n \u0110\u1eb7c bi\u1ec7t, nh\u1edd c\u00f4ng th\u1ee9c th\u1ebf h\u1ec7 m\u1edbi c\u1ee7a Vaseline, s\u1ea3n ph\u1ea9m d\u01b0\u1ee1ng th\u1ec3 s\u1ebd tan ra nh\u01b0 gi\u1ecdt n\u01b0\u1edbc khi ti\u1ebfp x\u00fac v\u1edbi l\u00e0n da, th\u1ea5m ngay ch\u1ec9 sau 10 gi\u00e2y! Tr\u1ea3i nghi\u1ec7m l\u00e0n da tr\u00f4ng s\u00e1ng m\u1ecbn v\u00e0 \u0111\u1ec1u m\u00e0u v\u1edbi Vaseline Gluta-Hya Serum Burst UV Lotion!<br \/>\n Serum Vaseline Gluta-Hya D\u01b0\u1ee1ng Da S\u00e1ng M\u1ecbn ch\u00ednh h\u00e3ng hi\u1ec7n \u0111\u00e3 c\u00f3 m\u1eb7t v\u1edbi 3 ph\u00e2n lo\u1ea1i c\u00f9ng 2 phi\u00ean b\u1ea3n: C\u0169 (330ml) v\u00e0 M\u1edbi (300ml):<br \/>\n S\u00e1ng da chuy\u00ean s\u00e2u ban \u0111\u00eam: Dewy Radiance &#8211; chai h\u1ed3ng<br \/>\n B\u1ea3o v\u1ec7, da s\u00e1ng m\u1ecbn ban ng\u00e0y: Flawless Bright &#8211; chai v\u00e0ng<br \/>\n M\u1eb7t n\u1ea1 d\u01b0\u1ee1ng th\u1ec3 ban \u0111\u00eam: Overnight Radiance Repair &#8211; chai t\u00edm<br \/>\n 1. S\u1eefa D\u01b0\u1ee1ng Th\u1ec3 B\u1ea3o V\u1ec7, D\u01b0\u1ee1ng Da S\u00e1ng M\u1ecbn Vaseline Gluta-Hya Serum Burst UV Lotion Flawless Bright<\/p>\n<p> S\u1ea3n ph\u1ea9m S\u1eefa D\u01b0\u1ee1ng Th\u1ec3 B\u1ea3o V\u1ec7, D\u01b0\u1ee1ng Da S\u00e1ng M\u1ecbn Vaseline Gluta-Hya Serum Burst UV Lotion Flawless Bright hi\u1ec7n \u0111\u00e3 c\u00f3 m\u1eb7t t\u1ea1i Hasaki <\/p>\n<p> \u01afu th\u1ebf n\u1ed5i b\u1eadt c\u1ee7a S\u1eefa D\u01b0\u1ee1ng Th\u1ec3 Vaseline Gluta-Hya Serum Burst UV Lotion Flawless Bright:<br \/>\n Gi\u1ea3i ph\u00e1p GlutaGlow\u2122 c\u00f3 kh\u1ea3 n\u0103ng l\u00e0m s\u00e1ng da h\u01a1n g\u1ea5p 10X+ so v\u1edbi Vitamin C. S\u1ea3n ph\u1ea9m c\u1ea3i thi\u1ec7n t\u00ecnh tr\u1ea1ng da b\u1ecb x\u1ec9n m\u00e0u.<\/p>\n<p> M\u00e0ng l\u1ecdc UV \u0111em \u0111\u1ebfn kh\u1ea3 n\u0103ng b\u1ea3o v\u1ec7 tr\u01b0\u1edbc \u00e1nh n\u1eafng g\u1ea5p 8X^.<\/p>\n<p> G\u1ea5p 10X* Pro-Retinol gi\u00fap t\u1ea9y t\u1ebf b\u00e0o ch\u1ebft \u0111\u1ec3 da tr\u1edf n\u00ean \u0111\u1ec1u m\u00e0u h\u01a1n.<\/p>\n<p> Hyaluron t\u0103ng c\u01b0\u1eddng d\u01b0\u1ee1ng \u1ea9m cho l\u00e0n da tr\u00f4ng c\u0103ng b\u00f3ng.<\/p>\n<p> Vaseline Jelly c\u1ea5p \u1ea9m s\u00e2u t\u1eeb b\u00ean trong.<\/p>\n<p> 2. S\u1eefa D\u01b0\u1ee1ng Th\u1ec3 D\u01b0\u1ee1ng S\u00e1ng Chuy\u00ean S\u00e2u Ban \u0110\u00eam Vaseline Gluta-Hya Serum Burst Lotion Dewy Radiance<\/p>\n<p> S\u1ea3n ph\u1ea9m S\u1eefa D\u01b0\u1ee1ng Th\u1ec3 D\u01b0\u1ee1ng S\u00e1ng Chuy\u00ean S\u00e2u Ban \u0110\u00eam Vaseline Gluta-Hya Serum Burst Lotion Dewy Radiance hi\u1ec7n \u0111\u00e3 c\u00f3 m\u1eb7t t\u1ea1i Hasaki <\/p>\n<p> \u01afu th\u1ebf n\u1ed5i b\u1eadt c\u1ee7a S\u1eefa D\u01b0\u1ee1ng Th\u1ec3 Vaseline Gluta-Hya Serum Burst Lotion Dewy Radiance:<br \/>\n Gi\u1ea3i ph\u00e1p GlutaGlow\u2122 c\u00f3 kh\u1ea3 n\u0103ng l\u00e0m s\u00e1ng da h\u01a1n g\u1ea5p 10X+ so v\u1edbi Vitamin C. S\u1ea3n ph\u1ea9m c\u1ea3i thi\u1ec7n t\u00ecnh tr\u1ea1ng da b\u1ecb x\u1ec9n m\u00e0u.<\/p>\n<p> G\u1ea5p 10X* Ho\u1ea1t Ch\u1ea5t Niacinamide gi\u00fap da s\u00e1ng t\u1ef1 nhi\u00ean v\u00e0 r\u1ea1ng r\u1ee1.<\/p>\n<p> Hyaluron t\u0103ng c\u01b0\u1eddng d\u01b0\u1ee1ng \u1ea9m cho l\u00e0n da tr\u00f4ng c\u0103ng b\u00f3ng.<\/p>\n<p> Vaseline Jelly c\u1ea5p \u1ea9m s\u00e2u t\u1eeb b\u00ean trong.<\/p>\n<p> 3. M\u1eb7t N\u1ea1 Serum D\u01b0\u1ee1ng Th\u1ec3 C\u0103ng M\u01b0\u1edbt Vaseline Gluta-Hya Serum Burst Lotion Overnight Radiance Repair<\/p>\n<p> S\u1ea3n ph\u1ea9m M\u1eb7t N\u1ea1 Serum D\u01b0\u1ee1ng Th\u1ec3 C\u0103ng M\u01b0\u1edbt Vaseline Gluta-Hya Serum Burst Lotion Overnight Radiance Repair hi\u1ec7n \u0111\u00e3 c\u00f3 m\u1eb7t t\u1ea1i Hasaki <\/p>\n<p> \u01afu th\u1ebf n\u1ed5i b\u1eadt c\u1ee7a M\u1eb7t N\u1ea1 Serum D\u01b0\u1ee1ng Th\u1ec3 Vaseline Gluta-Hya Serum Burst Lotion Overnight Radiance Repair:<br \/>\n V\u1edbi s\u1ee9c m\u1ea1nh d\u01b0\u1ee1ng da t\u01b0\u01a1ng \u0111\u01b0\u01a1ng 10 mi\u1ebfng m\u1eb7t n\u1ea1.<\/p>\n<p> K\u1ebft c\u1ea5u m\u1ecfng nh\u1eb9 tan nh\u01b0 n\u01b0\u1edbc tr\u00ean da, th\u1ea5m nhanh ch\u00f3ng cho l\u00e0n da tr\u00f4ng t\u01b0\u01a1i s\u00e1ng v\u00e0 c\u0103ng m\u01b0\u1edbt.<\/p>\n<p> Gi\u1ea3i ph\u00e1p GlutaGlow c\u00f3 kh\u1ea3 n\u0103ng l\u00e0m s\u00e1ng da h\u01a1n g\u1ea5p 10X+ so v\u1edbi Vitamin C, gi\u00fap c\u1ea3i thi\u1ec7n hi\u1ec7u qu\u1ea3 t\u00ecnh tr\u1ea1ng da x\u1ec9n m\u00e0u.<\/p>\n<p> Hyaluron t\u0103ng c\u01b0\u1eddng d\u01b0\u1ee1ng \u1ea9m cho l\u00e0n da tr\u00f4ng c\u0103ng b\u00f3ng.<\/p>\n<p> Ph\u1ee9c h\u1ee3p Amino Peptide Complex gi\u00fap kh\u00f4i ph\u1ee5c v\u1ebb r\u1ea1ng r\u1ee1 v\u00e0 c\u0103ng m\u01b0\u1edbt \u0111\u1ed3ng th\u1eddi b\u1ed5 sung h\u00e0ng r\u00e0o b\u1ea3o v\u1ec7 da gi\u00fap ng\u0103n ng\u1eeba m\u1ea5t n\u01b0\u1edbc.<\/p>\n<p> Vaseline Jelly c\u1ea5p \u1ea9m s\u00e2u b\u00ean trong.<\/p>\n<p> H\u01b0\u1edbng d\u1eabn b\u1ea3o qu\u1ea3n S\u1eefa D\u01b0\u1ee1ng Th\u1ec3 Vaseline Gluta-Hya Serum Burst Lotion:<br \/>\n B\u1ea3o qu\u1ea3n n\u01a1i kh\u00f4 r\u00e1o, tho\u00e1ng m\u00e1t, tr\u00e1nh \u00e1nh n\u1eafng tr\u1ef1c ti\u1ebfp ho\u1eb7c n\u01a1i c\u00f3 nhi\u1ec7t \u0111\u1ed9 cao \/ \u1ea9m \u01b0\u1edbt.<\/p>\n<p> Tr\u00e1nh xa t\u1ea7m tay tr\u1ebb em.<\/p>\n<p> \u0110\u1eady n\u1eafp k\u00edn sau khi s\u1eed d\u1ee5ng<\/p>\n","protected":false},"excerpt":{"rendered":"<p>Vaseline tin r\u1eb1ng b\u1ea5t c\u1ee9 ai c\u0169ng x\u1ee9ng \u0111\u00e1ng s\u1edf h\u1eefu m\u1ed9t l\u00e0n da kh\u1ecfe m\u1ea1nh. V\u1edbi h\u01a1n 150 n\u0103m kinh nghi\u1ec7m nghi\u00ean c\u1ee9u, Vaseline gi\u1edbi thi\u1ec7u d\u00f2ng s\u1ea3n ph\u1ea9m S\u1eefa D\u01b0\u1ee1ng Th\u1ec3 Vaseline Gluta-Hya Serum Burst Lotion d\u01b0\u1ee1ng s\u00e1ng kh\u00f4ng lo t\u00ec v\u1ebft, gi\u00fap c\u1ea3i thi\u1ec7n l\u00e0n kh\u00f4ng \u0111\u1ec1u m\u00e0u v\u00e0 c\u00f3 \u0111\u1ed1m n\u00e2u&#8230;.<\/p>\n","protected":false},"featured_media":6463,"comment_status":"open","ping_status":"closed","template":"","meta":[],"product_brand":[1511],"product_cat":[15,1461],"product_tag":[1798,1796,458,1797],"class_list":{"0":"post-9305","1":"product","2":"type-product","3":"status-publish","4":"has-post-thumbnail","6":"product_brand-vaseline","7":"product_cat-chua-phan-loai","8":"product_cat-kem-duong-am","9":"product_tag-duong-da-body","10":"product_tag-duong-the","11":"product_tag-serum","12":"product_tag-vaseline","14":"first","15":"instock","16":"shipping-taxable","17":"purchasable","18":"product-type-simple"},"acf":[],"_links":{"self":[{"href":"https:\/\/thanglongbeauty.vn\/index.php?rest_route=\/wp\/v2\/product\/9305","targetHints":{"allow":["GET"]}}],"collection":[{"href":"https:\/\/thanglongbeauty.vn\/index.php?rest_route=\/wp\/v2\/product"}],"about":[{"href":"https:\/\/thanglongbeauty.vn\/index.php?rest_route=\/wp\/v2\/types\/product"}],"replies":[{"embeddable":true,"href":"https:\/\/thanglongbeauty.vn\/index.php?rest_route=%2Fwp%2Fv2%2Fcomments&post=9305"}],"wp:featuredmedia":[{"embeddable":true,"href":"https:\/\/thanglongbeauty.vn\/index.php?rest_route=\/wp\/v2\/media\/6463"}],"wp:attachment":[{"href":"https:\/\/thanglongbeauty.vn\/index.php?rest_route=%2Fwp%2Fv2%2Fmedia&parent=9305"}],"wp:term":[{"taxonomy":"product_brand","embeddable":true,"href":"https:\/\/thanglongbeauty.vn\/index.php?rest_route=%2Fwp%2Fv2%2Fproduct_brand&post=9305"},{"taxonomy":"product_cat","embeddable":true,"href":"https:\/\/thanglongbeauty.vn\/index.php?rest_route=%2Fwp%2Fv2%2Fproduct_cat&post=9305"},{"taxonomy":"product_tag","embeddable":true,"href":"https:\/\/thanglongbeauty.vn\/index.php?rest_route=%2Fwp%2Fv2%2Fproduct_tag&post=9305"}],"curies":[{"name":"wp","href":"https:\/\/api.w.org\/{rel}","templated":true}]}}