{"id":9311,"date":"2025-10-20T10:42:26","date_gmt":"2025-10-20T10:42:26","guid":{"rendered":"https:\/\/thanglongbeauty.vn\/san-pham\/san-pham-10\/"},"modified":"2025-10-25T04:54:02","modified_gmt":"2025-10-25T04:54:02","slug":"san-pham-10","status":"publish","type":"product","link":"https:\/\/thanglongbeauty.vn\/?product=san-pham-10","title":{"rendered":"Dung d\u1ecbch v\u1ec7 sinh Deepfresh 250ml"},"content":{"rendered":"<p>DUNG D\u1ecaCH V\u1ec6 SINH DEEP FRESH INTIMATE WASH 250ML<\/p>\n<p> C\u00f3 ngu\u1ed3n g\u1ed1c t\u1eeb Ch\u00e2u \u00c2u, dung d\u1ecbch v\u1ec7 sinh gi\u1ea3i quy\u1ebft m\u1ecdi phi\u1ec1n to\u00e1i cho ph\u00e1i \u0111\u1eb9p trong vi\u1ec7c ch\u0103m s\u00f3c s\u1ee9c kh\u1ecfe cho v\u00f9ng k\u00edn:<br \/>\n \u2013 L\u00e0m s\u1ea1ch, kh\u00e1ng khu\u1ea9n, ng\u0103n ng\u1eeba m\u00f9i h\u00f4i, vi\u00eam nhi\u1ec5m<br \/>\n \u2013 Ng\u0103n ng\u1eeba n\u1ea5m ng\u1ee9a, gi\u1ea3m b\u1edbt c\u00e1c tri\u1ec7u ch\u1ee9ng (ti\u1ec1n kinh nguy\u1ec7t \u2013 nguy\u00ean nh\u00e2n g\u00e2y kh\u00f3 ch\u1ecbu cho c\u00e1c ch\u1ecb em)<br \/>\n \u2013 C\u00e2n b\u1eb1ng \u0111\u1ed9 p.H hi\u1ec7u qu\u1ea3 gi\u00fap v\u00f9ng da lu\u00f4n kh\u00f4 tho\u00e1ng, d\u1ec5 ch\u1ecbu, ch\u1ed1ng kh\u00f4 r\u00e1t<br \/>\n \u2013 \u0110\u1eb7c bi\u1ec7t KH\u00d4NG X\u00c0 PH\u00d2NG, kh\u00f4ng k\u00edch \u1ee9ng da, gi\u1ea3m c\u0103ng th\u1eb3ng, xoa d\u1ecbu c\u00e1c c\u1ea3m gi\u00e1c kh\u00f3 ch\u1ecbu.<br \/>\n \u2013 \u0110em l\u1ea1i s\u1ef1 tho\u00e1ng m\u00e1t, s\u1ea1ch s\u1ebd, kh\u00f4 tho\u00e1ng, m\u1ec1m m\u1ea1i v\u00e0 c\u1ea3m gi\u00e1c d\u1ec5 ch\u1ecbu th\u01b0 th\u00e1i.<br \/>\n \u2013 Ch\u0103m s\u00f3c v\u00e0 d\u01b0\u1ee1ng cho da v\u00f9ng k\u00edn kh\u1ecfi c\u00e1c d\u1ea5u hi\u1ec7u l\u00e3o h\u00f3a.<br \/>\n \u2014\u2014\u2014\u2014<br \/>\n Xu\u1ea5t x\u1ee9: Th\u1ed5 Nh\u0129 K\u1ef3<br \/>\n Dung t\u00edch: 250ml<br \/>\n Nh\u1eadp kh\u1ea9u v\u00e0 ph\u00e2n ph\u1ed1i ch\u00ednh h\u00e3ng<br \/>\n \u2014<br \/>\n Th\u0103ng Long_beauty &#8211; C\u00f4ng TY TNHH D\u1ecaCH V\u1ee4 PH\u00c2N PH\u1ed0I TH\u0102NG LONG l\u00e0 m\u1ed9t c\u00f4ng ty chuy\u00ean cung c\u1ea5p c\u00e1c s\u1ea3n ph\u1ea9m \u0111\u1ed3 cho m\u1eb9 v\u00e0 b\u00e9, nh\u1eefng s\u1ea3n ph\u1ea9m ch\u0103m s\u00f3c s\u1ee9c kh\u1ecfe \u2013 l\u00e0m \u0111\u1eb9p v\u00e0 kh\u1ea9u trang. Li\u00ean h\u1ec7 \u0111\u1ec3 \u0111\u01b0\u1ee3c mua gi\u00e1 s\u1ec9 c\u1ef1c \u01b0u \u0111\u00e3i<br \/>\n #silemypham #thanglongbeauty,#DUNGDICHVESINH #DEEPFRESH #intimatewash #ddvsphunu #dungdichvesinh #dungdichvesinhnu #dungdichvesinhnugioi #dungdichvesinhphunu #vesinhphunu #soft #intimatedungdichvesinh #dungdichvesinhhana #hanasoftsilk #dungdichvesinhnunamgioi #intimadungdichvesinhnu #dungdichvesinhintimate #intimate #chietxuat #dungdichintimate #dungdichvesinhdeepfresh<\/p>\n","protected":false},"excerpt":{"rendered":"<p>DUNG D\u1ecaCH V\u1ec6 SINH DEEP FRESH INTIMATE WASH 250ML C\u00f3 ngu\u1ed3n g\u1ed1c t\u1eeb Ch\u00e2u \u00c2u, dung d\u1ecbch v\u1ec7 sinh gi\u1ea3i quy\u1ebft m\u1ecdi phi\u1ec1n to\u00e1i cho ph\u00e1i \u0111\u1eb9p trong vi\u1ec7c ch\u0103m s\u00f3c s\u1ee9c kh\u1ecfe cho v\u00f9ng k\u00edn: \u2013 L\u00e0m s\u1ea1ch, kh\u00e1ng khu\u1ea9n, ng\u0103n ng\u1eeba m\u00f9i h\u00f4i, vi\u00eam nhi\u1ec5m \u2013 Ng\u0103n ng\u1eeba n\u1ea5m ng\u1ee9a, gi\u1ea3m b\u1edbt c\u00e1c&#8230;<\/p>\n","protected":false},"featured_media":8318,"comment_status":"open","ping_status":"closed","template":"","meta":[],"product_brand":[1553],"product_cat":[15,1480,1414],"product_tag":[1641,192,1640,1634,193,1638,1637,1635,1639,1636],"class_list":{"0":"post-9311","1":"product","2":"type-product","3":"status-publish","4":"has-post-thumbnail","6":"product_brand-deep-fresh","7":"product_cat-chua-phan-loai","8":"product_cat-dung-dich-ve-sinh","9":"product_cat-suc-khoe-phu-khoa","10":"product_tag-dung-dich-ve-sinh-diana","11":"product_tag-dung-dich-ve-sinh-hanayuki","12":"product_tag-dung-dich-ve-sinh-lactacyd","13":"product_tag-dung-dich-ve-sinh-nam","14":"product_tag-dung-dich-ve-sinh-phu-nu","15":"product_tag-dung-dich-ve-sinh-phu-nu-bac-si-khuyen-dung","16":"product_tag-dung-dich-ve-sinh-phu-nu-femfresh","17":"product_tag-dung-dich-ve-sinh-phu-nu-intima","18":"product_tag-dung-dich-ve-sinh-phu-nu-lactacyd","19":"product_tag-dung-dich-ve-sinh-phu-nu-tot-nhat","21":"first","22":"onbackorder","23":"shipping-taxable","24":"purchasable","25":"product-type-simple"},"acf":[],"_links":{"self":[{"href":"https:\/\/thanglongbeauty.vn\/index.php?rest_route=\/wp\/v2\/product\/9311","targetHints":{"allow":["GET"]}}],"collection":[{"href":"https:\/\/thanglongbeauty.vn\/index.php?rest_route=\/wp\/v2\/product"}],"about":[{"href":"https:\/\/thanglongbeauty.vn\/index.php?rest_route=\/wp\/v2\/types\/product"}],"replies":[{"embeddable":true,"href":"https:\/\/thanglongbeauty.vn\/index.php?rest_route=%2Fwp%2Fv2%2Fcomments&post=9311"}],"wp:featuredmedia":[{"embeddable":true,"href":"https:\/\/thanglongbeauty.vn\/index.php?rest_route=\/wp\/v2\/media\/8318"}],"wp:attachment":[{"href":"https:\/\/thanglongbeauty.vn\/index.php?rest_route=%2Fwp%2Fv2%2Fmedia&parent=9311"}],"wp:term":[{"taxonomy":"product_brand","embeddable":true,"href":"https:\/\/thanglongbeauty.vn\/index.php?rest_route=%2Fwp%2Fv2%2Fproduct_brand&post=9311"},{"taxonomy":"product_cat","embeddable":true,"href":"https:\/\/thanglongbeauty.vn\/index.php?rest_route=%2Fwp%2Fv2%2Fproduct_cat&post=9311"},{"taxonomy":"product_tag","embeddable":true,"href":"https:\/\/thanglongbeauty.vn\/index.php?rest_route=%2Fwp%2Fv2%2Fproduct_tag&post=9311"}],"curies":[{"name":"wp","href":"https:\/\/api.w.org\/{rel}","templated":true}]}}