{"id":9314,"date":"2025-10-20T10:42:27","date_gmt":"2025-10-20T10:42:27","guid":{"rendered":"https:\/\/thanglongbeauty.vn\/san-pham\/san-pham-13\/"},"modified":"2026-03-23T10:28:08","modified_gmt":"2026-03-23T10:28:08","slug":"sap-duong-vaseline-original-50g","status":"publish","type":"product","link":"https:\/\/thanglongbeauty.vn\/?product=sap-duong-vaseline-original-50g","title":{"rendered":"S\u00e1p D\u01b0\u1ee1ng Vaseline Original 50g M\u00e0u Xanh \u2013 D\u01b0\u1ee1ng \u1ea8m \u0110a N\u0103ng, M\u1ec1m M\u1ecbn Da &#038; M\u00f4i"},"content":{"rendered":"<p>,<\/p>\n<p data-start=\"275\" data-end=\"356\"><strong data-start=\"275\" data-end=\"356\">S\u00e1p D\u01b0\u1ee1ng Vaseline Original 50g M\u00e0u Xanh \u2013 D\u01b0\u1ee1ng \u1ea8m \u0110a N\u0103ng, M\u1ec1m M\u1ecbn Da &amp; M\u00f4i<\/strong><\/p>\n<hr data-start=\"358\" data-end=\"361\" \/>\n<p><a href=\"https:\/\/thanglongbeauty.vn\/wp-content\/uploads\/2025\/10\/5-3.png\"><img loading=\"lazy\" decoding=\"async\" class=\"alignnone size-medium wp-image-10130\" src=\"https:\/\/thanglongbeauty.vn\/wp-content\/uploads\/2025\/10\/5-3-300x300.png\" alt=\"\" width=\"300\" height=\"300\" srcset=\"https:\/\/thanglongbeauty.vn\/wp-content\/uploads\/2025\/10\/5-3-300x300.png 300w, https:\/\/thanglongbeauty.vn\/wp-content\/uploads\/2025\/10\/5-3-150x150.png 150w, https:\/\/thanglongbeauty.vn\/wp-content\/uploads\/2025\/10\/5-3-768x768.png 768w, https:\/\/thanglongbeauty.vn\/wp-content\/uploads\/2025\/10\/5-3-600x600.png 600w, https:\/\/thanglongbeauty.vn\/wp-content\/uploads\/2025\/10\/5-3-100x100.png 100w, https:\/\/thanglongbeauty.vn\/wp-content\/uploads\/2025\/10\/5-3-64x64.png 64w, https:\/\/thanglongbeauty.vn\/wp-content\/uploads\/2025\/10\/5-3.png 1000w\" sizes=\"auto, (max-width: 300px) 100vw, 300px\" \/><\/a> <a href=\"https:\/\/thanglongbeauty.vn\/wp-content\/uploads\/2025\/10\/4-3.png\"><img loading=\"lazy\" decoding=\"async\" class=\"alignnone size-medium wp-image-10129\" src=\"https:\/\/thanglongbeauty.vn\/wp-content\/uploads\/2025\/10\/4-3-300x300.png\" alt=\"\" width=\"300\" height=\"300\" srcset=\"https:\/\/thanglongbeauty.vn\/wp-content\/uploads\/2025\/10\/4-3-300x300.png 300w, https:\/\/thanglongbeauty.vn\/wp-content\/uploads\/2025\/10\/4-3-150x150.png 150w, https:\/\/thanglongbeauty.vn\/wp-content\/uploads\/2025\/10\/4-3-768x768.png 768w, https:\/\/thanglongbeauty.vn\/wp-content\/uploads\/2025\/10\/4-3-600x600.png 600w, https:\/\/thanglongbeauty.vn\/wp-content\/uploads\/2025\/10\/4-3-100x100.png 100w, https:\/\/thanglongbeauty.vn\/wp-content\/uploads\/2025\/10\/4-3-64x64.png 64w, https:\/\/thanglongbeauty.vn\/wp-content\/uploads\/2025\/10\/4-3.png 1000w\" sizes=\"auto, (max-width: 300px) 100vw, 300px\" \/><\/a><a href=\"https:\/\/thanglongbeauty.vn\/wp-content\/uploads\/2025\/10\/si-sap-duong-Vaseline-2.png\"><img loading=\"lazy\" decoding=\"async\" class=\"alignnone size-medium wp-image-10135\" src=\"https:\/\/thanglongbeauty.vn\/wp-content\/uploads\/2025\/10\/si-sap-duong-Vaseline-2-300x300.png\" alt=\"\" width=\"300\" height=\"300\" srcset=\"https:\/\/thanglongbeauty.vn\/wp-content\/uploads\/2025\/10\/si-sap-duong-Vaseline-2-300x300.png 300w, https:\/\/thanglongbeauty.vn\/wp-content\/uploads\/2025\/10\/si-sap-duong-Vaseline-2-150x150.png 150w, https:\/\/thanglongbeauty.vn\/wp-content\/uploads\/2025\/10\/si-sap-duong-Vaseline-2-768x768.png 768w, https:\/\/thanglongbeauty.vn\/wp-content\/uploads\/2025\/10\/si-sap-duong-Vaseline-2-600x600.png 600w, https:\/\/thanglongbeauty.vn\/wp-content\/uploads\/2025\/10\/si-sap-duong-Vaseline-2-100x100.png 100w, https:\/\/thanglongbeauty.vn\/wp-content\/uploads\/2025\/10\/si-sap-duong-Vaseline-2-64x64.png 64w, https:\/\/thanglongbeauty.vn\/wp-content\/uploads\/2025\/10\/si-sap-duong-Vaseline-2.png 1000w\" sizes=\"auto, (max-width: 300px) 100vw, 300px\" \/><\/a><\/p>\n<p>&nbsp;<\/p>\n<p data-start=\"381\" data-end=\"531\">S\u00e1p d\u01b0\u1ee1ng Vaseline 50g m\u00e0u xanh gi\u00fap <strong data-start=\"418\" data-end=\"434\">d\u01b0\u1ee1ng \u1ea9m s\u00e2u<\/strong>, ph\u1ee5c h\u1ed3i da kh\u00f4 n\u1ee9t, d\u00f9ng \u0111\u01b0\u1ee3c cho m\u00f4i \u2013 da \u2013 tay \u2013 g\u00f3t ch\u00e2n, s\u1ea3n ph\u1ea9m \u0111a n\u0103ng kh\u00f4ng th\u1ec3 thi\u1ebfu.<\/p>\n<p data-start=\"596\" data-end=\"758\">Da kh\u00f4, n\u1ee9t n\u1ebb, m\u00f4i bong tr\u00f3c? Ch\u1ec9 c\u1ea7n m\u1ed9t h\u0169 <strong data-start=\"642\" data-end=\"667\">Vaseline m\u00e0u xanh 50g<\/strong> l\u00e0 b\u1ea1n c\u00f3 th\u1ec3 x\u1eed l\u00fd t\u1ea5t c\u1ea3 \u2013 t\u1eeb d\u01b0\u1ee1ng m\u00f4i, d\u01b0\u1ee1ng da \u0111\u1ebfn ph\u1ee5c h\u1ed3i v\u00f9ng da kh\u00f4 c\u1ef1c hi\u1ec7u qu\u1ea3.<\/p>\n<h3 data-section-id=\"10ll4s3\" data-start=\"765\" data-end=\"817\"><span role=\"text\"><strong data-start=\"769\" data-end=\"817\">1. TH\u00d4NG TIN CHI TI\u1ebeT S\u00c1P D\u01af\u1ee0NG VASELINE 50G<\/strong><\/span><\/h3>\n<ul data-start=\"819\" data-end=\"1376\">\n<li data-section-id=\"1yxufhi\" data-start=\"819\" data-end=\"901\"><strong data-start=\"821\" data-end=\"836\">Th\u00e0nh ph\u1ea7n:<\/strong><br data-start=\"836\" data-end=\"839\" \/>100% Petroleum Jelly tinh khi\u1ebft \u2013 gi\u00fap kh\u00f3a \u1ea9m v\u00e0 b\u1ea3o v\u1ec7 da.<\/li>\n<li data-section-id=\"sr0obz\" data-start=\"903\" data-end=\"1092\"><strong data-start=\"905\" data-end=\"919\">C\u00f4ng d\u1ee5ng:<\/strong>\n<ul data-start=\"924\" data-end=\"1092\">\n<li data-section-id=\"rb53c3\" data-start=\"924\" data-end=\"961\">D\u01b0\u1ee1ng \u1ea9m m\u00f4i m\u1ec1m m\u1ecbn, gi\u1ea3m n\u1ee9t n\u1ebb<\/li>\n<li data-section-id=\"152fmit\" data-start=\"964\" data-end=\"1017\">L\u00e0m m\u1ec1m v\u00f9ng da kh\u00f4: khu\u1ef7u tay, g\u00f3t ch\u00e2n, \u0111\u1ea7u g\u1ed1i<\/li>\n<li data-section-id=\"wpjgrx\" data-start=\"1020\" data-end=\"1047\">B\u1ea3o v\u1ec7 da kh\u1ecfi m\u1ea5t n\u01b0\u1edbc<\/li>\n<li data-section-id=\"1lwedk0\" data-start=\"1050\" data-end=\"1092\">C\u00f3 th\u1ec3 d\u00f9ng l\u00e0m l\u1edbp d\u01b0\u1ee1ng tr\u01b0\u1edbc makeup<\/li>\n<\/ul>\n<\/li>\n<li data-section-id=\"1lx36cz\" data-start=\"1094\" data-end=\"1169\"><strong data-start=\"1096\" data-end=\"1118\">\u0110\u1ed1i t\u01b0\u1ee3ng s\u1eed d\u1ee5ng:<\/strong><br data-start=\"1118\" data-end=\"1121\" \/>Ph\u00f9 h\u1ee3p m\u1ecdi lo\u1ea1i da, \u0111\u1eb7c bi\u1ec7t da kh\u00f4, m\u00f4i kh\u00f4.<\/li>\n<li data-section-id=\"1twtiuv\" data-start=\"1171\" data-end=\"1299\"><strong data-start=\"1173\" data-end=\"1195\">H\u01b0\u1edbng d\u1eabn s\u1eed d\u1ee5ng:<\/strong>\n<ul data-start=\"1200\" data-end=\"1299\">\n<li data-section-id=\"n8y2b2\" data-start=\"1200\" data-end=\"1254\">L\u1ea5y l\u01b0\u1ee3ng nh\u1ecf thoa tr\u1ef1c ti\u1ebfp l\u00ean v\u00f9ng da c\u1ea7n d\u01b0\u1ee1ng<\/li>\n<li data-section-id=\"1w6j03a\" data-start=\"1257\" data-end=\"1299\">D\u00f9ng h\u00e0ng ng\u00e0y, \u0111\u1eb7c bi\u1ec7t tr\u01b0\u1edbc khi ng\u1ee7<\/li>\n<\/ul>\n<\/li>\n<li data-section-id=\"ziythl\" data-start=\"1301\" data-end=\"1376\"><strong data-start=\"1303\" data-end=\"1316\">B\u1ea3o qu\u1ea3n:<\/strong><br data-start=\"1316\" data-end=\"1319\" \/>\u0110\u1eady k\u00edn n\u1eafp, tr\u00e1nh nhi\u1ec7t \u0111\u1ed9 cao v\u00e0 \u00e1nh n\u1eafng tr\u1ef1c ti\u1ebfp<\/li>\n<\/ul>\n<h3 data-section-id=\"x8tbd5\" data-start=\"1383\" data-end=\"1430\"><span role=\"text\"><strong data-start=\"1387\" data-end=\"1430\">2. L\u00dd DO N\u00caN CH\u1eccN VASELINE M\u00c0U XANH 50G<\/strong><\/span><\/h3>\n<p><a href=\"https:\/\/thanglongbeauty.vn\/wp-content\/uploads\/2025\/10\/6-3.png\"><img loading=\"lazy\" decoding=\"async\" class=\"alignnone size-medium wp-image-10131\" src=\"https:\/\/thanglongbeauty.vn\/wp-content\/uploads\/2025\/10\/6-3-300x300.png\" alt=\"\" width=\"300\" height=\"300\" srcset=\"https:\/\/thanglongbeauty.vn\/wp-content\/uploads\/2025\/10\/6-3-300x300.png 300w, https:\/\/thanglongbeauty.vn\/wp-content\/uploads\/2025\/10\/6-3-150x150.png 150w, https:\/\/thanglongbeauty.vn\/wp-content\/uploads\/2025\/10\/6-3-768x768.png 768w, https:\/\/thanglongbeauty.vn\/wp-content\/uploads\/2025\/10\/6-3-600x600.png 600w, https:\/\/thanglongbeauty.vn\/wp-content\/uploads\/2025\/10\/6-3-100x100.png 100w, https:\/\/thanglongbeauty.vn\/wp-content\/uploads\/2025\/10\/6-3-64x64.png 64w, https:\/\/thanglongbeauty.vn\/wp-content\/uploads\/2025\/10\/6-3.png 1000w\" sizes=\"auto, (max-width: 300px) 100vw, 300px\" \/><\/a> <a href=\"https:\/\/thanglongbeauty.vn\/wp-content\/uploads\/2025\/10\/7-4.png\"><img loading=\"lazy\" decoding=\"async\" class=\"alignnone size-medium wp-image-10132\" src=\"https:\/\/thanglongbeauty.vn\/wp-content\/uploads\/2025\/10\/7-4-300x300.png\" alt=\"\" width=\"300\" height=\"300\" srcset=\"https:\/\/thanglongbeauty.vn\/wp-content\/uploads\/2025\/10\/7-4-300x300.png 300w, https:\/\/thanglongbeauty.vn\/wp-content\/uploads\/2025\/10\/7-4-150x150.png 150w, https:\/\/thanglongbeauty.vn\/wp-content\/uploads\/2025\/10\/7-4-768x768.png 768w, https:\/\/thanglongbeauty.vn\/wp-content\/uploads\/2025\/10\/7-4-600x600.png 600w, https:\/\/thanglongbeauty.vn\/wp-content\/uploads\/2025\/10\/7-4-100x100.png 100w, https:\/\/thanglongbeauty.vn\/wp-content\/uploads\/2025\/10\/7-4-64x64.png 64w, https:\/\/thanglongbeauty.vn\/wp-content\/uploads\/2025\/10\/7-4.png 1000w\" sizes=\"auto, (max-width: 300px) 100vw, 300px\" \/><\/a><\/p>\n<ul data-start=\"1432\" data-end=\"1623\">\n<li data-section-id=\"hgu3tc\" data-start=\"1432\" data-end=\"1476\"><strong data-start=\"1434\" data-end=\"1474\">\u0110a n\u0103ng 1 s\u1ea3n ph\u1ea9m \u2013 nhi\u1ec1u c\u00f4ng d\u1ee5ng<\/strong><\/li>\n<li data-section-id=\"k5mi9d\" data-start=\"1477\" data-end=\"1525\"><strong data-start=\"1479\" data-end=\"1504\">Hi\u1ec7u qu\u1ea3 d\u01b0\u1ee1ng \u1ea9m cao<\/strong> nh\u1edd c\u01a1 ch\u1ebf kh\u00f3a \u1ea9m<\/li>\n<li data-section-id=\"17thv37\" data-start=\"1526\" data-end=\"1577\"><strong data-start=\"1528\" data-end=\"1550\">Kh\u00f4ng g\u00e2y k\u00edch \u1ee9ng<\/strong>, an to\u00e0n cho da nh\u1ea1y c\u1ea3m<\/li>\n<li data-section-id=\"uffzba\" data-start=\"1578\" data-end=\"1623\"><strong data-start=\"1580\" data-end=\"1605\">Dung t\u00edch nh\u1ecf g\u1ecdn 50g<\/strong>, ti\u1ec7n mang theo<\/li>\n<\/ul>\n<p data-start=\"1625\" data-end=\"1765\">\ud83d\udc49 \u0110\u00e2y l\u00e0 m\u1ed9t trong nh\u1eefng d\u00f2ng d\u01b0\u1ee1ng \u1ea9m b\u00e1n ch\u1ea1y nh\u1ea5t to\u00e0n c\u1ea7u v\u1edbi h\u00e0ng tr\u0103m ngh\u00ecn \u0111\u00e1nh gi\u00e1 t\u00edch c\u1ef1c <span class=\"hover:entity-accent entity-underline inline cursor-pointer align-baseline\"><span class=\"whitespace-normal\">Vaseline Original Petroleum Jelly 50ml<\/span><\/span><\/p>\n<h3 data-section-id=\"37fvda\" data-start=\"1772\" data-end=\"1802\"><span role=\"text\"><strong data-start=\"1776\" data-end=\"1802\">3. CH\u00cdNH S\u00c1CH B\u00c1N H\u00c0NG<\/strong><\/span><\/h3>\n<ul data-start=\"1804\" data-end=\"1917\">\n<li data-section-id=\"12yk0cw\" data-start=\"1804\" data-end=\"1840\">Cam k\u1ebft <strong data-start=\"1814\" data-end=\"1838\">h\u00e0ng ch\u00ednh h\u00e3ng 100%<\/strong><\/li>\n<li data-section-id=\"4eet67\" data-start=\"1841\" data-end=\"1882\"><strong data-start=\"1843\" data-end=\"1863\">\u0110\u1ed5i tr\u1ea3 mi\u1ec5n ph\u00ed<\/strong> n\u1ebfu l\u1ed7i s\u1ea3n ph\u1ea9m<\/li>\n<li data-section-id=\"zxtarn\" data-start=\"1883\" data-end=\"1917\">H\u1ed7 tr\u1ee3 <strong data-start=\"1892\" data-end=\"1915\">COD \u2013 ki\u1ec3m tra h\u00e0ng<\/strong><\/li>\n<\/ul>\n<h3 data-section-id=\"8qt8s\" data-start=\"1924\" data-end=\"1953\"><span role=\"text\"><strong data-start=\"1928\" data-end=\"1953\">4. TH\u00d4NG TIN S\u1ea2N PH\u1ea8M<\/strong><\/span><\/h3>\n<ul data-start=\"1955\" data-end=\"2110\">\n<li data-section-id=\"j1d4kq\" data-start=\"1955\" data-end=\"1984\"><strong data-start=\"1957\" data-end=\"1973\">Th\u01b0\u01a1ng hi\u1ec7u:<\/strong> Vaseline<\/li>\n<li data-section-id=\"1c5pv9b\" data-start=\"1985\" data-end=\"2030\"><strong data-start=\"1987\" data-end=\"1999\">Xu\u1ea5t x\u1ee9:<\/strong> M\u1ef9 \/ Th\u00e1i \/ \u1ea4n (tu\u1ef3 l\u00f4 h\u00e0ng)<\/li>\n<li data-section-id=\"1lsw8e2\" data-start=\"2031\" data-end=\"2053\"><strong data-start=\"2033\" data-end=\"2047\">Dung t\u00edch:<\/strong> 50g<\/li>\n<li data-section-id=\"1ba5czf\" data-start=\"2054\" data-end=\"2082\"><strong data-start=\"2056\" data-end=\"2068\">Lo\u1ea1i da:<\/strong> M\u1ecdi lo\u1ea1i da<\/li>\n<li data-section-id=\"yyi9is\" data-start=\"2083\" data-end=\"2110\"><strong data-start=\"2085\" data-end=\"2099\">Gi\u1edbi t\u00ednh:<\/strong> Nam &amp; N\u1eef<\/li>\n<\/ul>\n<p data-start=\"2648\" data-end=\"2788\">#vaseline #vaseline50g #vaselinemauxanh #duongam #duongmoimem #duongdadananang #vaselinechinhhang #duongmoikhone #chamsocda #skincarecoban<\/p>\n","protected":false},"excerpt":{"rendered":"<p>, S\u00e1p D\u01b0\u1ee1ng Vaseline Original 50g M\u00e0u Xanh \u2013 D\u01b0\u1ee1ng \u1ea8m \u0110a N\u0103ng, M\u1ec1m M\u1ecbn Da &amp; M\u00f4i &nbsp; S\u00e1p d\u01b0\u1ee1ng Vaseline 50g m\u00e0u xanh gi\u00fap d\u01b0\u1ee1ng \u1ea9m s\u00e2u, ph\u1ee5c h\u1ed3i da kh\u00f4 n\u1ee9t, d\u00f9ng \u0111\u01b0\u1ee3c cho m\u00f4i \u2013 da \u2013 tay \u2013 g\u00f3t ch\u00e2n, s\u1ea3n ph\u1ea9m \u0111a n\u0103ng kh\u00f4ng th\u1ec3 thi\u1ebfu. Da kh\u00f4, n\u1ee9t&#8230;<\/p>\n","protected":false},"featured_media":10136,"comment_status":"open","ping_status":"closed","template":"","meta":[],"product_brand":[1511],"product_cat":[15,1461],"product_tag":[1798,1796,1801,458,1797,1799,1806,1803,1802,1800,1804,1805],"class_list":{"0":"post-9314","1":"product","2":"type-product","3":"status-publish","4":"has-post-thumbnail","6":"product_brand-vaseline","7":"product_cat-chua-phan-loai","8":"product_cat-kem-duong-am","9":"product_tag-duong-da-body","10":"product_tag-duong-the","11":"product_tag-sap-duong-vaseline","12":"product_tag-serum","13":"product_tag-vaseline","14":"product_tag-vaseline-50g","15":"product_tag-vaseline-chinh-hang","16":"product_tag-vaseline-duong-da-da-nang","17":"product_tag-vaseline-duong-moi","18":"product_tag-vaseline-mau-xanh","19":"product_tag-vaseline-original-petroleum-jelly","20":"product_tag-vaseline-tri-kho-moi","22":"first","23":"outofstock","24":"sale","25":"shipping-taxable","26":"purchasable","27":"product-type-simple"},"acf":[],"_links":{"self":[{"href":"https:\/\/thanglongbeauty.vn\/index.php?rest_route=\/wp\/v2\/product\/9314","targetHints":{"allow":["GET"]}}],"collection":[{"href":"https:\/\/thanglongbeauty.vn\/index.php?rest_route=\/wp\/v2\/product"}],"about":[{"href":"https:\/\/thanglongbeauty.vn\/index.php?rest_route=\/wp\/v2\/types\/product"}],"replies":[{"embeddable":true,"href":"https:\/\/thanglongbeauty.vn\/index.php?rest_route=%2Fwp%2Fv2%2Fcomments&post=9314"}],"wp:featuredmedia":[{"embeddable":true,"href":"https:\/\/thanglongbeauty.vn\/index.php?rest_route=\/wp\/v2\/media\/10136"}],"wp:attachment":[{"href":"https:\/\/thanglongbeauty.vn\/index.php?rest_route=%2Fwp%2Fv2%2Fmedia&parent=9314"}],"wp:term":[{"taxonomy":"product_brand","embeddable":true,"href":"https:\/\/thanglongbeauty.vn\/index.php?rest_route=%2Fwp%2Fv2%2Fproduct_brand&post=9314"},{"taxonomy":"product_cat","embeddable":true,"href":"https:\/\/thanglongbeauty.vn\/index.php?rest_route=%2Fwp%2Fv2%2Fproduct_cat&post=9314"},{"taxonomy":"product_tag","embeddable":true,"href":"https:\/\/thanglongbeauty.vn\/index.php?rest_route=%2Fwp%2Fv2%2Fproduct_tag&post=9314"}],"curies":[{"name":"wp","href":"https:\/\/api.w.org\/{rel}","templated":true}]}}