{"id":9320,"date":"2025-10-20T10:42:30","date_gmt":"2025-10-20T10:42:30","guid":{"rendered":"https:\/\/thanglongbeauty.vn\/?post_type=product&#038;p=9320"},"modified":"2025-10-25T09:03:11","modified_gmt":"2025-10-25T09:03:11","slug":"import-placeholder-for-3401362744835","status":"publish","type":"product","link":"https:\/\/thanglongbeauty.vn\/?product=import-placeholder-for-3401362744835","title":{"rendered":"L\u0103n kh\u1eed m\u00f9i Etiaxil nh\u00e3n \u0111\u1ecf"},"content":{"rendered":"<p>Hi\u1ec7n l\u00e0 gi\u1ea3i ph\u00e1p ho\u00e0n h\u1ea3o cho \u0111\u1ed1i t\u01b0\u1ee3ng ti\u1ebft nhi\u1ec1u m\u1ed3 h\u00f4i v\u00e0 n\u1eb7ng m\u00f9i c\u01a1 th\u1ec3 k\u00e9o d\u00e0i.<br \/>\n \u0110\u1eb7c bi\u1ec7t, c\u00f4ng th\u1ee9c s\u1ea3n ph\u1ea9m kh\u00f4ng m\u00e0u, kh\u00f4ng h\u01b0\u01a1ng li\u1ec7u, kh\u00f4ng b\u1ebft d\u00ednh, kh\u00f4ng g\u00e2y \u1ed1 v\u00e0ng v\u00e0 th\u00e2m n\u00e1ch.<\/p>\n<p> Hi\u1ec7n L\u0103n Kh\u1eed M\u00f9i EtiaXil 15ml \u0111\u00e3 c\u00f3 v\u1edbi 3 ph\u00e2n lo\u1ea1i d\u00e0nh ri\u00eang cho t\u1eebng lo\u1ea1i da kh\u00e1c nhau:<br \/>\n EtiaXil Detranspirant Traitement Roll-On Peaux Normales \u2013 Nh\u00e3n \u0111\u1ecf: D\u00e0nh cho da kh\u1ecfe, ti\u1ebft nhi\u1ec1u m\u1ed3 h\u00f4i \u2013 ph\u00f9 h\u1ee3p nam gi\u1edbiEtiaXil Detranspirant Traitement Roll-On Peaux Sensibles \u2013 Nh\u00e3n xanh: D\u00e0nh cho da nh\u1ea1y c\u1ea3m \u2013 ph\u00f9 h\u1ee3p cho c\u1ea3 nam &#038; n\u1eef<br \/>\n EtiaXil Detranspirant Traitement Roll-On Peaux Sensibles Confort \u2013 Nh\u00e3n n\u00e2u \u2013 0% c\u1ed3n: D\u00e0nh cho da si\u00eau nh\u1ea1y c\u1ea3m, th\u01b0\u1eddng xuy\u00ean wax\/c\u1ea1o\/nh\u1ed5 \u2013 ph\u00f9 h\u1ee3p n\u1eef gi\u1edbiL\u0103n Kh\u1eed M\u00f9i EtiaXil Nh\u00e3n \u0110\u1ecf Cho Da Th\u01b0\u1eddng, Kho\u1ebb 15ml<br \/>\n L\u0103n Kh\u1eed M\u00f9i EtiaXil Nh\u00e3n Xanh Cho Da Nh\u1ea1y C\u1ea3m 15ml<br \/>\n L\u0103n Kh\u1eed M\u00f9i EtiaXil Nh\u00e3n N\u00e2u Cho Da Si\u00eau Nh\u1ea1y C\u1ea3m 15ml<br \/>\n Gi\u1ea3i ph\u00e1p cho t\u00ecnh tr\u1ea1ng da:D\u00e0nh cho \u0111\u1ed1i t\u01b0\u1ee3ng \u0111\u1ed5 r\u1ea5t nhi\u1ec1u m\u1ed3 h\u00f4i v\u00e0 n\u1eb7ng m\u00f9i c\u01a1 th\u1ec3 k\u00e9o d\u00e0i.<br \/>\n \u0110\u1ed1i t\u01b0\u1ee3ng hay tham gia c\u00e1c ho\u1ea1t \u0111\u1ed9ng ngo\u00e0i tr\u1eddi.<br \/>\n Th\u00e0nh ph\u1ea7n n\u1ed5i b\u1eadt:C\u00f4ng th\u1ee9c \u0111\u01b0\u1ee3c c\u1ea5p b\u1eb1ng s\u00e1ng ch\u1ebf \u0111\u1ed9c quy\u1ec1n ch\u1ee9a th\u00e0nh ph\u1ea7n ch\u1ee7 \u0111\u1ea1o Aluminum Chloride k\u1ebft h\u1ee3p ph\u1ee9c h\u1ee3p CPx h\u1ed7 tr\u1ee3 b\u1ea3o v\u1ec7 l\u00e0n da.<br \/>\n S\u1ea3n ph\u1ea9m kh\u00f4ng ch\u1ee9a h\u01b0\u01a1ng li\u1ec7u, \u0111\u00e3 \u0111\u01b0\u1ee3c ki\u1ec3m nghi\u1ec7m da li\u1ec5u v\u00e0 an to\u00e0n v\u1edbi m\u1ecdi lo\u1ea1i da, k\u1ec3 c\u1ea3 da nh\u1ea1y c\u1ea3m.<br \/>\n C\u00f4ng d\u1ee5ng n\u1ed5i b\u1eadt:S\u1ee9c m\u1ea1nh ki\u1ec3m so\u00e1t m\u1ed3 h\u00f4i v\u00e0 ng\u0103n m\u00f9i c\u01a1 th\u1ec3 v\u01b0\u1ee3t tr\u1ed9i, ph\u00e1t huy hi\u1ec7u qu\u1ea3 t\u1ee9c th\u00ec v\u00e0 k\u00e9o d\u00e0i trong 3-5 ng\u00e0y ch\u1ec9 sau 1 l\u1ea7n l\u0103n.D\u1ec5 d\u00e0ng c\u1ea3m nh\u1eadn l\u01b0\u1ee3ng m\u1ed3 h\u00f4i gi\u1ea3m r\u00f5 r\u1ec7t ngay t\u1eeb l\u1ea7n l\u0103n \u0111\u1ea7u ti\u00ean.S\u1ea3n ph\u1ea9m kh\u00f4ng m\u00e0u, kh\u00f4ng b\u1ebft d\u00ednh, kh\u00f4ng g\u00e2y \u1ed1 v\u00e0ng v\u00e0 th\u00e2m n\u00e1ch.B\u1ea3o qu\u1ea3n:\u0110\u00f3ng k\u00edn n\u1eafp sau khi s\u1eed d\u1ee5ng.<br \/>\n B\u1ea3o qu\u1ea3n n\u01a1i kh\u00f4 r\u00e1o, tho\u00e1ng m\u00e1t.<br \/>\n Tr\u00e1nh \u00e1nh n\u1eafng tr\u1ef1c ti\u1ebfp.<br \/>\n \u0110\u1ec3 xa t\u1ea7m tay tr\u1ebb em.<br \/>\n Th\u00f4ng s\u1ed1 s\u1ea3n ph\u1ea9m:Dung t\u00edch: 15ml<br \/>\n Th\u01b0\u01a1ng hi\u1ec7u: EtiaXil<br \/>\n Xu\u1ea5t x\u1ee9 th\u01b0\u01a1ng hi\u1ec7u: Ph\u00e1p (thu\u1ed9c T\u1eadp \u0111o\u00e0n D\u01b0\u1ee3c ph\u1ea9m Cooper)<br \/>\n N\u01a1i s\u1ea3n xu\u1ea5t: \u0110an M\u1ea1ch &#038; Ph\u00e1p<br \/>\n HSD: 3 n\u0103m k\u1ec3 t\u1eeb NSX v\u00e0 12 th\u00e1ng k\u1ec3 t\u1eeb ng\u00e0y m\u1edf n\u1eafp<br \/>\n Th\u00e0nh ph\u1ea7n s\u1ea3n ph\u1ea9mTh\u00e0nh ph\u1ea7n ch\u00ednh:<br \/>\n Th\u00e0nh ph\u1ea7n ch\u1ee9a c\u1ed3n v\u00e0 mu\u1ed1i Clorua (Nh\u00f4m Clorua Hexahy<\/p>\n","protected":false},"excerpt":{"rendered":"<p>Hi\u1ec7n l\u00e0 gi\u1ea3i ph\u00e1p ho\u00e0n h\u1ea3o cho \u0111\u1ed1i t\u01b0\u1ee3ng ti\u1ebft nhi\u1ec1u m\u1ed3 h\u00f4i v\u00e0 n\u1eb7ng m\u00f9i c\u01a1 th\u1ec3 k\u00e9o d\u00e0i. \u0110\u1eb7c bi\u1ec7t, c\u00f4ng th\u1ee9c s\u1ea3n ph\u1ea9m kh\u00f4ng m\u00e0u, kh\u00f4ng h\u01b0\u01a1ng li\u1ec7u, kh\u00f4ng b\u1ebft d\u00ednh, kh\u00f4ng g\u00e2y \u1ed1 v\u00e0ng v\u00e0 th\u00e2m n\u00e1ch. Hi\u1ec7n L\u0103n Kh\u1eed M\u00f9i EtiaXil 15ml \u0111\u00e3 c\u00f3 v\u1edbi 3 ph\u00e2n lo\u1ea1i d\u00e0nh ri\u00eang&#8230;<\/p>\n","protected":false},"featured_media":6809,"comment_status":"open","ping_status":"closed","template":"","meta":[],"product_brand":[1557],"product_cat":[15,1415,1460],"product_tag":[434,1696,1694,1695,435],"class_list":{"0":"post-9320","1":"product","2":"type-product","3":"status-publish","4":"has-post-thumbnail","6":"product_brand-etiaxil","7":"product_cat-chua-phan-loai","8":"product_cat-cham-soc-co-the","9":"product_cat-cham-soc-vung-nach","10":"product_tag-lan-khu-mui","11":"product_tag-lan-khu-mui-etaxil","12":"product_tag-lan-khu-mui-hoi","13":"product_tag-lan-khu-mui-sicon","14":"product_tag-lan-nach","16":"first","17":"onbackorder","18":"shipping-taxable","19":"purchasable","20":"product-type-simple"},"acf":[],"_links":{"self":[{"href":"https:\/\/thanglongbeauty.vn\/index.php?rest_route=\/wp\/v2\/product\/9320","targetHints":{"allow":["GET"]}}],"collection":[{"href":"https:\/\/thanglongbeauty.vn\/index.php?rest_route=\/wp\/v2\/product"}],"about":[{"href":"https:\/\/thanglongbeauty.vn\/index.php?rest_route=\/wp\/v2\/types\/product"}],"replies":[{"embeddable":true,"href":"https:\/\/thanglongbeauty.vn\/index.php?rest_route=%2Fwp%2Fv2%2Fcomments&post=9320"}],"wp:featuredmedia":[{"embeddable":true,"href":"https:\/\/thanglongbeauty.vn\/index.php?rest_route=\/wp\/v2\/media\/6809"}],"wp:attachment":[{"href":"https:\/\/thanglongbeauty.vn\/index.php?rest_route=%2Fwp%2Fv2%2Fmedia&parent=9320"}],"wp:term":[{"taxonomy":"product_brand","embeddable":true,"href":"https:\/\/thanglongbeauty.vn\/index.php?rest_route=%2Fwp%2Fv2%2Fproduct_brand&post=9320"},{"taxonomy":"product_cat","embeddable":true,"href":"https:\/\/thanglongbeauty.vn\/index.php?rest_route=%2Fwp%2Fv2%2Fproduct_cat&post=9320"},{"taxonomy":"product_tag","embeddable":true,"href":"https:\/\/thanglongbeauty.vn\/index.php?rest_route=%2Fwp%2Fv2%2Fproduct_tag&post=9320"}],"curies":[{"name":"wp","href":"https:\/\/api.w.org\/{rel}","templated":true}]}}