{"id":9325,"date":"2025-10-20T10:42:30","date_gmt":"2025-10-20T10:42:30","guid":{"rendered":"https:\/\/thanglongbeauty.vn\/?post_type=product&#038;p=9325"},"modified":"2025-10-25T07:46:21","modified_gmt":"2025-10-25T07:46:21","slug":"import-placeholder-for-4813053001643","status":"publish","type":"product","link":"https:\/\/thanglongbeauty.vn\/?product=import-placeholder-for-4813053001643","title":{"rendered":"T\u1ea9y T\u1ebf B\u00e0o Ch\u1ebft Body Exclusive Cosmetic Grapefruit Lime Apricot 500g"},"content":{"rendered":"<p>T\u1ea9y T\u1ebf B\u00e0o Ch\u1ebft Body Exclusive Cosmetic Grapefruit Lime Apricot 500 g<br \/>\nT\u1ea9y t\u1ebf b\u00e0o ch\u1ebft body h\u01b0\u01a1ng b\u01b0\u1edfi, chanh v\u00e0 m\u01a1 t\u1eeb th\u01b0\u01a1ng hi\u1ec7u Exclusive Cosmetic, gi\u00fap da tr\u1eafng s\u00e1ng, m\u1ec1m m\u1ecbn v\u00e0 t\u01b0\u01a1i m\u1edbi sau m\u1ed7i l\u1ea7n s\u1eed d\u1ee5ng.<\/p>\n<p>B\u1ea1n c\u00f3 da th\u00f4 r\u00e1p, s\u1ea7n s\u00f9i, m\u1ea5t \u0111\u1ed9 t\u01b0\u01a1i m\u1edbi? S\u1ea3n ph\u1ea9m T\u1ea9y T\u1ebf B\u00e0o Ch\u1ebft Body Grapefruit Lime Apricot ch\u00ednh l\u00e0 gi\u1ea3i ph\u00e1p l\u00fd t\u01b0\u1edfng \u0111\u1ec3 l\u1ea5y \u0111i l\u1edbp da ch\u1ebft, t\u1ea1o b\u1ec1 m\u1eb7t da m\u1ecbn m\u00e0ng \u2013 t\u01b0\u01a1i s\u00e1ng \u2013 s\u0103n ch\u1eafc.<br \/>\nTH\u00d4NG TIN CHI TI\u1ebeT S\u1ea2N PH\u1ea8MTh\u00e0nh ph\u1ea7n: h\u1ea1t m\u01a1 nghi\u1ec1n si\u00eau m\u1ecbn gi\u00fap t\u1ea9y t\u1ebf b\u00e0o ch\u1ebft nh\u1eb9 nh\u00e0ng, chi\u1ebft xu\u1ea5t b\u01b0\u1edfi v\u00e0 chanh h\u1ed7 tr\u1ee3 l\u00e0m s\u00e1ng da v\u00e0 se kh\u00edt l\u1ed7 ch\u00e2n l\u00f4ng.<\/p>\n<p>C\u00f4ng d\u1ee5ng: lo\u1ea1i b\u1ecf da ch\u1ebft, l\u00e0m s\u00e1ng da t\u1ef1 nhi\u00ean, d\u01b0\u1ee1ng da m\u1ec1m m\u1ecbn, h\u1ed7 tr\u1ee3 l\u01b0u th\u00f4ng v\u00e0 tu\u1ea7n ho\u00e0n da sau t\u1eafm n\u01b0\u1edbc n\u00f3ng ho\u1eb7c x\u00f4ng h\u01a1i.<\/p>\n<p>\u0110\u1ed1i t\u01b0\u1ee3ng s\u1eed d\u1ee5ng: ph\u00f9 h\u1ee3p v\u1edbi l\u00e0n da kh\u00f4, da x\u1ec9n m\u00e0u, ho\u1eb7c mu\u1ed1n c\u1ea3i thi\u1ec7n k\u1ebft c\u1ea5u da to\u00e0n th\u00e2n.<\/p>\n<p>H\u01b0\u1edbng d\u1eabn s\u1eed d\u1ee5ng: thoa l\u00ean da \u1ea9m, massage theo v\u00f2ng tr\u00f2n nh\u1eb9 nh\u00e0ng t\u1eeb 1\u20132 ph\u00fat, sau \u0111\u00f3 t\u1eafm l\u1ea1i b\u1eb1ng n\u01b0\u1edbc s\u1ea1ch. D\u00f9ng 2\u20133 l\u1ea7n\/tu\u1ea7n \u0111\u1ec3 \u0111\u1ea1t hi\u1ec7u qu\u1ea3 t\u1ed1i \u01b0u.<\/p>\n<p>B\u1ea3o qu\u1ea3n: gi\u1eef n\u01a1i kh\u00f4 r\u00e1o, tr\u00e1nh \u00e1nh n\u1eafng tr\u1ef1c ti\u1ebfp, \u0111\u1eady n\u1eafp k\u00edn sau khi s\u1eed d\u1ee5ng.<\/p>\n<p>\u2705 L\u00dd DO N\u00caN CH\u1eccN S\u1ea2N PH\u1ea8MHi\u1ec7u qu\u1ea3 t\u1ea9y da ch\u1ebft v\u01b0\u1ee3t tr\u1ed9i t\u1eeb h\u1ea1t m\u01a1 thi\u00ean nhi\u00ean m\u00e0 v\u1eabn nh\u1eb9 d\u1ecbu v\u1edbi da.<\/p>\n<p>H\u01b0\u01a1ng cam chanh t\u01b0\u01a1i m\u00e1t t\u1ef1 nhi\u00ean, mang l\u1ea1i c\u1ea3m gi\u00e1c s\u1ea3ng kho\u00e1i v\u00e0 l\u01b0u h\u01b0\u01a1ng nh\u1eb9 sau khi t\u1eafm.<\/p>\n<p>Dung t\u00edch l\u1edbn 500 g, d\u00f9ng l\u00e2u d\u00e0i \u2013 ti\u1ebft ki\u1ec7m.<\/p>\n<p>Th\u01b0\u01a1ng hi\u1ec7u Exclusive Cosmetic \u0111\u1ea3m b\u1ea3o ch\u1ea5t l\u01b0\u1ee3ng \u2013 nh\u1eadp kh\u1ea9u ho\u1eb7c s\u1ea3n xu\u1ea5t theo ti\u00eau chu\u1ea9n qu\u1ed1c t\u1ebf<\/p>\n<p>\u2139\ufe0f TH\u00d4NG TIN S\u1ea2N PH\u1ea8MTh\u01b0\u01a1ng hi\u1ec7u: Exclusive Cosmetic<\/p>\n<p>Xu\u1ea5t x\u1ee9: EU (nh\u1eadp kh\u1ea9u)<\/p>\n<p>Dung t\u00edch: 500 g<\/p>\n<p>Lo\u1ea1i da: M\u1ecdi lo\u1ea1i da, \u0111\u1eb7c bi\u1ec7t da kh\u00f4 v\u00e0 x\u1ec9n m\u00e0u<\/p>\n<p>Gi\u1edbi t\u00ednh s\u1eed d\u1ee5ng: Nam &amp; N\u1eef<\/p>\n<p>#taytebaochetbody #taytebaochetgrapefruit #taytebaochetlime #taytebaochetapricot #taytebaochet500g #exclusivecosmetic #da minmin #da sangdepluh #taytebaochetchatrung #taytebaochetnhapkhau<\/p>\n","protected":false},"excerpt":{"rendered":"<p>T\u1ea9y T\u1ebf B\u00e0o Ch\u1ebft Body Exclusive Cosmetic Grapefruit Lime Apricot 500 g T\u1ea9y t\u1ebf b\u00e0o ch\u1ebft body h\u01b0\u01a1ng b\u01b0\u1edfi, chanh v\u00e0 m\u01a1 t\u1eeb th\u01b0\u01a1ng hi\u1ec7u Exclusive Cosmetic, gi\u00fap da tr\u1eafng s\u00e1ng, m\u1ec1m m\u1ecbn v\u00e0 t\u01b0\u01a1i m\u1edbi sau m\u1ed7i l\u1ea7n s\u1eed d\u1ee5ng. B\u1ea1n c\u00f3 da th\u00f4 r\u00e1p, s\u1ea7n s\u00f9i, m\u1ea5t \u0111\u1ed9 t\u01b0\u01a1i m\u1edbi? S\u1ea3n ph\u1ea9m T\u1ea9y&#8230;<\/p>\n","protected":false},"featured_media":9708,"comment_status":"open","ping_status":"closed","template":"","meta":[],"product_brand":[1501],"product_cat":[15,1428,1423],"product_tag":[389,370,371,372,373],"class_list":{"0":"post-9325","1":"product","2":"type-product","3":"status-publish","4":"has-post-thumbnail","6":"product_brand-exclusive-cosmetic","7":"product_cat-chua-phan-loai","8":"product_cat-exclusive-cosmetic","9":"product_cat-tay-te-bao-chet-body","10":"product_tag-exclusive-cosmetic","11":"product_tag-tay-te-bao-body","12":"product_tag-tay-te-bao-chet","13":"product_tag-tay-te-bao-da","14":"product_tag-tay-te-bao-toan-than","16":"first","17":"instock","18":"sale","19":"shipping-taxable","20":"purchasable","21":"product-type-simple"},"acf":[],"_links":{"self":[{"href":"https:\/\/thanglongbeauty.vn\/index.php?rest_route=\/wp\/v2\/product\/9325","targetHints":{"allow":["GET"]}}],"collection":[{"href":"https:\/\/thanglongbeauty.vn\/index.php?rest_route=\/wp\/v2\/product"}],"about":[{"href":"https:\/\/thanglongbeauty.vn\/index.php?rest_route=\/wp\/v2\/types\/product"}],"replies":[{"embeddable":true,"href":"https:\/\/thanglongbeauty.vn\/index.php?rest_route=%2Fwp%2Fv2%2Fcomments&post=9325"}],"wp:featuredmedia":[{"embeddable":true,"href":"https:\/\/thanglongbeauty.vn\/index.php?rest_route=\/wp\/v2\/media\/9708"}],"wp:attachment":[{"href":"https:\/\/thanglongbeauty.vn\/index.php?rest_route=%2Fwp%2Fv2%2Fmedia&parent=9325"}],"wp:term":[{"taxonomy":"product_brand","embeddable":true,"href":"https:\/\/thanglongbeauty.vn\/index.php?rest_route=%2Fwp%2Fv2%2Fproduct_brand&post=9325"},{"taxonomy":"product_cat","embeddable":true,"href":"https:\/\/thanglongbeauty.vn\/index.php?rest_route=%2Fwp%2Fv2%2Fproduct_cat&post=9325"},{"taxonomy":"product_tag","embeddable":true,"href":"https:\/\/thanglongbeauty.vn\/index.php?rest_route=%2Fwp%2Fv2%2Fproduct_tag&post=9325"}],"curies":[{"name":"wp","href":"https:\/\/api.w.org\/{rel}","templated":true}]}}