{"id":9330,"date":"2025-10-20T10:42:31","date_gmt":"2025-10-20T10:42:31","guid":{"rendered":"https:\/\/thanglongbeauty.vn\/san-pham\/san-pham-20\/"},"modified":"2025-10-25T09:33:37","modified_gmt":"2025-10-25T09:33:37","slug":"san-pham-20","status":"publish","type":"product","link":"https:\/\/thanglongbeauty.vn\/?product=san-pham-20","title":{"rendered":"Kem tr\u1ecb th\u00e2m Gluta Milk 15+10g"},"content":{"rendered":"<p>1. Kem gi\u1ea3m th\u00e2m n\u00e1ch Gluta Milk Vip White \u2013 Gi\u1ea3i ph\u00e1p hi\u1ec7u qu\u1ea3 v\u00e0 an to\u00e0nTrong th\u1ecb tr\u01b0\u1eddng \u0111\u1ea7y \u1eafp s\u1ea3n ph\u1ea9m gi\u00fap gi\u1ea3m th\u00e2m n\u00e1ch, vi\u1ec7c t\u00ecm ki\u1ebfm m\u1ed9t s\u1ea3n ph\u1ea9m th\u1eadt s\u1ef1 hi\u1ec7u qu\u1ea3 v\u00e0 an to\u00e0n kh\u00f4ng ph\u1ea3i l\u00fac n\u00e0o c\u0169ng d\u1ec5 d\u00e0ng. Kem gi\u1ea3m th\u00e2m n\u00e1ch Gluta Milk Vip White ch\u00ednh l\u00e0 s\u1ef1 l\u1ef1a ch\u1ecdn \u0111\u00e1ng tin c\u1eady.2. Th\u00e0nh ph\u1ea7n t\u1ef1 nhi\u00ean l\u00e0m n\u00ean s\u1ef1 \u0111\u1eb7c bi\u1ec7tKem gi\u1ea3m th\u00e2m n\u00e1ch Gluta Milk Vip White \u0111\u01b0\u1ee3c chi\u1ebft xu\u1ea5t t\u1eeb c\u00e1c th\u00e0nh ph\u1ea7n thi\u00ean nhi\u00ean an to\u00e0n, l\u00e0nh t\u00ednh, nh\u01b0 Glutathione, S\u1eefa non, Than ho\u1ea1t t\u00ednh, Ngh\u1ec7, G\u1eebng t\u01b0\u01a1i, Ph\u00e8n chua, AHA, Bha, Vitamin C, Vitamin E\u2026 \u0110\u00e2y l\u00e0 m\u1ed9t t\u1ed5 h\u1ee3p \u0111\u1ed9c \u0111\u00e1o gi\u00fap l\u00e0m s\u00e1ng da v\u00e0 gi\u1ea3m th\u00e2m n\u00e1ch m\u1ed9t c\u00e1ch hi\u1ec7u qu\u1ea3.3. C\u00f4ng d\u1ee5ng \u0111a n\u0103ng cho ch\u1ecb emS\u1ea3n ph\u1ea9m Kem gi\u1ea3m th\u00e2m n\u00e1ch Gluta Milk Vip White kh\u00f4ng ch\u1ec9 gi\u00fap gi\u1ea3m th\u00e2m n\u00e1ch m\u00e0 c\u00f2n c\u00f3 c\u00e1c c\u00f4ng d\u1ee5ng kh\u00e1c:\u2013 Lo\u1ea1i b\u1ecf l\u1edbp t\u1ebf b\u00e0o ch\u1ebft, l\u00e0m th\u00f4ng tho\u00e1ng l\u1ed7 ch\u00e2n l\u00f4ng.\u2013 L\u00e0m m\u1edd v\u1ebft th\u00e2m s\u1ea1m m\u00e0u, \u0111\u1ec1u m\u00e0u da.\u2013 H\u1ed7 tr\u1ee3 se kh\u00edt l\u1ed7 ch\u00e2n l\u00f4ng v\u00e0 l\u00e0m da m\u1ec1m m\u1ecbn.\u2013 T\u1ea1o c\u1ea3m gi\u00e1c t\u1ef1 tin v\u00e0 quy\u1ebfn r\u0169 cho ch\u1ecb em.4. H\u01b0\u1edbng d\u1eabn s\u1eed d\u1ee5ng \u0111\u01a1n gi\u1ea3nC\u00e1ch s\u1eed d\u1ee5ng s\u1ea3n ph\u1ea9m r\u1ea5t \u0111\u01a1n gi\u1ea3n:\u2013 L\u00e0m s\u1ea1ch v\u00f9ng da c\u1ea7n gi\u1ea3m th\u00e2m v\u00e0 lau kh\u00f4.\u2013 B\u00f4i kem 2 l\u1ea7n m\u1ed7i ng\u00e0y.\u2013 Ph\u00f9 h\u1ee3p cho nam, n\u1eef t\u1eeb 14 tu\u1ed5i tr\u1edf l\u00ean, c\u0169ng nh\u01b0 cho m\u1eb9 b\u1ea7u v\u00e0 m\u1eb9 sau sinh.5. \u0110\u00e1nh gi\u00e1 t\u00edch c\u1ef1c v\u1ec1 s\u1ea3n ph\u1ea9mKem gi\u1ea3m th\u00e2m n\u00e1ch Gluta Milk Vip White \u0111\u01b0\u1ee3c \u0111\u00e1nh gi\u00e1 cao v\u1ec1 hi\u1ec7u qu\u1ea3 v\u00e0 an to\u00e0n:\u2013 Kh\u00f4ng g\u00e2y k\u00edch \u1ee9ng da, kh\u00f4ng ch\u1ee9a c\u1ed3n.\u2013 Th\u00e0nh ph\u1ea7n thi\u00ean nhi\u00ean ph\u00f9 h\u1ee3p v\u1edbi da nh\u1ea1y c\u1ea3m c\u1ee7a ph\u1ee5 n\u1eef.\u2013 Hi\u1ec7u qu\u1ea3 nhanh ch\u00f3ng sau m\u1ed9t li\u1ec7u tr\u00ecnh s\u1eed d\u1ee5ng.\u2013 \u0110\u01b0\u1ee3c ki\u1ec3m \u0111\u1ecbnh ch\u1ea5t l\u01b0\u1ee3ng v\u00e0 \u0111\u1ea3m b\u1ea3o an to\u00e0n b\u1edfi C\u00f4ng ty TNHH TM M\u1ef9 Ph\u1ea9m Vip White Cosmetics.Kem gi\u1ea3m th\u00e2m n\u00e1ch Gluta Milk Vip White l\u00e0 s\u1ef1 k\u1ebft h\u1ee3p ho\u00e0n h\u1ea3o gi\u1eefa hi\u1ec7u qu\u1ea3 v\u00e0 an to\u00e0n, gi\u00fap ch\u1ecb em t\u1ef1 tin h\u01a1n trong vi\u1ec7c ch\u0103m s\u00f3c v\u00e0 l\u00e0m \u0111\u1eb9p cho v\u00f9ng da nh\u1ea1y c\u1ea3m c\u1ee7a m\u00ecnh.<\/p>\n","protected":false},"excerpt":{"rendered":"<p>1. Kem gi\u1ea3m th\u00e2m n\u00e1ch Gluta Milk Vip White \u2013 Gi\u1ea3i ph\u00e1p hi\u1ec7u qu\u1ea3 v\u00e0 an to\u00e0nTrong th\u1ecb tr\u01b0\u1eddng \u0111\u1ea7y \u1eafp s\u1ea3n ph\u1ea9m gi\u00fap gi\u1ea3m th\u00e2m n\u00e1ch, vi\u1ec7c t\u00ecm ki\u1ebfm m\u1ed9t s\u1ea3n ph\u1ea9m th\u1eadt s\u1ef1 hi\u1ec7u qu\u1ea3 v\u00e0 an to\u00e0n kh\u00f4ng ph\u1ea3i l\u00fac n\u00e0o c\u0169ng d\u1ec5 d\u00e0ng. Kem gi\u1ea3m th\u00e2m n\u00e1ch Gluta Milk Vip White&#8230;<\/p>\n","protected":false},"featured_media":7884,"comment_status":"open","ping_status":"closed","template":"","meta":[],"product_brand":[1589],"product_cat":[15,1415,1460],"product_tag":[429,434,1696,1694,435],"class_list":{"0":"post-9330","1":"product","2":"type-product","3":"status-publish","4":"has-post-thumbnail","6":"product_brand-gluta-milk","7":"product_cat-chua-phan-loai","8":"product_cat-cham-soc-co-the","9":"product_cat-cham-soc-vung-nach","10":"product_tag-kem-tri-tham-nach","11":"product_tag-lan-khu-mui","12":"product_tag-lan-khu-mui-etaxil","13":"product_tag-lan-khu-mui-hoi","14":"product_tag-lan-nach","16":"first","17":"onbackorder","18":"shipping-taxable","19":"purchasable","20":"product-type-simple"},"acf":[],"_links":{"self":[{"href":"https:\/\/thanglongbeauty.vn\/index.php?rest_route=\/wp\/v2\/product\/9330","targetHints":{"allow":["GET"]}}],"collection":[{"href":"https:\/\/thanglongbeauty.vn\/index.php?rest_route=\/wp\/v2\/product"}],"about":[{"href":"https:\/\/thanglongbeauty.vn\/index.php?rest_route=\/wp\/v2\/types\/product"}],"replies":[{"embeddable":true,"href":"https:\/\/thanglongbeauty.vn\/index.php?rest_route=%2Fwp%2Fv2%2Fcomments&post=9330"}],"wp:featuredmedia":[{"embeddable":true,"href":"https:\/\/thanglongbeauty.vn\/index.php?rest_route=\/wp\/v2\/media\/7884"}],"wp:attachment":[{"href":"https:\/\/thanglongbeauty.vn\/index.php?rest_route=%2Fwp%2Fv2%2Fmedia&parent=9330"}],"wp:term":[{"taxonomy":"product_brand","embeddable":true,"href":"https:\/\/thanglongbeauty.vn\/index.php?rest_route=%2Fwp%2Fv2%2Fproduct_brand&post=9330"},{"taxonomy":"product_cat","embeddable":true,"href":"https:\/\/thanglongbeauty.vn\/index.php?rest_route=%2Fwp%2Fv2%2Fproduct_cat&post=9330"},{"taxonomy":"product_tag","embeddable":true,"href":"https:\/\/thanglongbeauty.vn\/index.php?rest_route=%2Fwp%2Fv2%2Fproduct_tag&post=9330"}],"curies":[{"name":"wp","href":"https:\/\/api.w.org\/{rel}","templated":true}]}}