{"id":9331,"date":"2025-10-20T10:42:31","date_gmt":"2025-10-20T10:42:31","guid":{"rendered":"https:\/\/thanglongbeauty.vn\/san-pham\/san-pham-21\/"},"modified":"2025-10-25T08:54:29","modified_gmt":"2025-10-25T08:54:29","slug":"san-pham-21","status":"publish","type":"product","link":"https:\/\/thanglongbeauty.vn\/?product=san-pham-21","title":{"rendered":"S\u1eefa t\u1eafm Sexy Lady h\u01b0\u01a1ng n\u01b0\u1edbc hoa nh\u1eadp kh\u1ea9u 700ml"},"content":{"rendered":"<p>S\u1eefa T\u1eafm Sexy Lady Parfum Creme Douche \u2013 H\u01b0\u01a1ng N\u01b0\u1edbc Hoa Tinh T\u1ebf, 700 ml Ch\u00ednh H\u00e3ng v\u1edbi 5 m\u00f9i h\u01b0\u01a1ng sang tr\u1ecdng nh\u01b0 Rose, Honey, Pearl\u2026, gi\u00fap d\u01b0\u1ee1ng \u1ea9m s\u00e2u, l\u00e0m m\u1ec1m da v\u00e0 l\u01b0u h\u01b0\u01a1ng su\u1ed1t 6 gi\u1edd sau khi t\u1eafm<br \/>\nB\u1ea1n mu\u1ed1n tr\u1ea3i nghi\u1ec7m c\u1ea3m gi\u00e1c t\u1eafm nh\u01b0 x\u1ecbt n\u01b0\u1edbc hoa? S\u1eefa t\u1eafm Sexy Lady h\u01b0\u01a1ng n\u01b0\u1edbc hoa 700 ml s\u1ebd mang l\u1ea1i l\u00e0n da m\u1ec1m m\u1ea1i, th\u01a1m l\u00e2u v\u00e0 th\u01b0 gi\u00e3n nh\u01b0 spa t\u1ea1i nh\u00e0 .<\/p>\n<p><a href=\"https:\/\/thanglongbeauty.vn\/wp-content\/uploads\/2025\/10\/sua-tam-sexy-lady-huong-nuoc-hoa-700ml.png\"><img loading=\"lazy\" decoding=\"async\" class=\"alignnone size-medium wp-image-9799\" src=\"https:\/\/thanglongbeauty.vn\/wp-content\/uploads\/2025\/10\/sua-tam-sexy-lady-huong-nuoc-hoa-700ml-300x169.png\" alt=\"\" width=\"300\" height=\"169\" srcset=\"https:\/\/thanglongbeauty.vn\/wp-content\/uploads\/2025\/10\/sua-tam-sexy-lady-huong-nuoc-hoa-700ml-300x169.png 300w, https:\/\/thanglongbeauty.vn\/wp-content\/uploads\/2025\/10\/sua-tam-sexy-lady-huong-nuoc-hoa-700ml-1024x576.png 1024w, https:\/\/thanglongbeauty.vn\/wp-content\/uploads\/2025\/10\/sua-tam-sexy-lady-huong-nuoc-hoa-700ml-768x432.png 768w, https:\/\/thanglongbeauty.vn\/wp-content\/uploads\/2025\/10\/sua-tam-sexy-lady-huong-nuoc-hoa-700ml-600x337.png 600w, https:\/\/thanglongbeauty.vn\/wp-content\/uploads\/2025\/10\/sua-tam-sexy-lady-huong-nuoc-hoa-700ml-64x36.png 64w, https:\/\/thanglongbeauty.vn\/wp-content\/uploads\/2025\/10\/sua-tam-sexy-lady-huong-nuoc-hoa-700ml.png 1366w\" sizes=\"auto, (max-width: 300px) 100vw, 300px\" \/><\/a><a href=\"https:\/\/thanglongbeauty.vn\/wp-content\/uploads\/2025\/10\/sua-tam-sexy-lady-huong-nuoc-hoa-700ml-1.png\"><img loading=\"lazy\" decoding=\"async\" class=\"alignnone size-medium wp-image-9772\" src=\"https:\/\/thanglongbeauty.vn\/wp-content\/uploads\/2025\/10\/sua-tam-sexy-lady-huong-nuoc-hoa-700ml-1-300x169.png\" alt=\"\" width=\"300\" height=\"169\" srcset=\"https:\/\/thanglongbeauty.vn\/wp-content\/uploads\/2025\/10\/sua-tam-sexy-lady-huong-nuoc-hoa-700ml-1-300x169.png 300w, https:\/\/thanglongbeauty.vn\/wp-content\/uploads\/2025\/10\/sua-tam-sexy-lady-huong-nuoc-hoa-700ml-1-1024x576.png 1024w, https:\/\/thanglongbeauty.vn\/wp-content\/uploads\/2025\/10\/sua-tam-sexy-lady-huong-nuoc-hoa-700ml-1-768x432.png 768w, https:\/\/thanglongbeauty.vn\/wp-content\/uploads\/2025\/10\/sua-tam-sexy-lady-huong-nuoc-hoa-700ml-1-600x337.png 600w, https:\/\/thanglongbeauty.vn\/wp-content\/uploads\/2025\/10\/sua-tam-sexy-lady-huong-nuoc-hoa-700ml-1-64x36.png 64w, https:\/\/thanglongbeauty.vn\/wp-content\/uploads\/2025\/10\/sua-tam-sexy-lady-huong-nuoc-hoa-700ml-1.png 1366w\" sizes=\"auto, (max-width: 300px) 100vw, 300px\" \/><\/a> <a href=\"https:\/\/thanglongbeauty.vn\/wp-content\/uploads\/2025\/10\/sua-tam-sexy-lady-huong-nuoc-hoa-700ml-3.png\"><img loading=\"lazy\" decoding=\"async\" class=\"alignnone size-medium wp-image-9773\" src=\"https:\/\/thanglongbeauty.vn\/wp-content\/uploads\/2025\/10\/sua-tam-sexy-lady-huong-nuoc-hoa-700ml-3-300x169.png\" alt=\"\" width=\"300\" height=\"169\" srcset=\"https:\/\/thanglongbeauty.vn\/wp-content\/uploads\/2025\/10\/sua-tam-sexy-lady-huong-nuoc-hoa-700ml-3-300x169.png 300w, https:\/\/thanglongbeauty.vn\/wp-content\/uploads\/2025\/10\/sua-tam-sexy-lady-huong-nuoc-hoa-700ml-3-1024x576.png 1024w, https:\/\/thanglongbeauty.vn\/wp-content\/uploads\/2025\/10\/sua-tam-sexy-lady-huong-nuoc-hoa-700ml-3-768x432.png 768w, https:\/\/thanglongbeauty.vn\/wp-content\/uploads\/2025\/10\/sua-tam-sexy-lady-huong-nuoc-hoa-700ml-3-600x337.png 600w, https:\/\/thanglongbeauty.vn\/wp-content\/uploads\/2025\/10\/sua-tam-sexy-lady-huong-nuoc-hoa-700ml-3-64x36.png 64w, https:\/\/thanglongbeauty.vn\/wp-content\/uploads\/2025\/10\/sua-tam-sexy-lady-huong-nuoc-hoa-700ml-3.png 1366w\" sizes=\"auto, (max-width: 300px) 100vw, 300px\" \/><\/a><\/p>\n<p>TH\u00d4NG TIN CHI TI\u1ebeTTh\u00e0nh ph\u1ea7n d\u01b0\u1ee1ng \u1ea9m t\u1ef1 nhi\u00ean: g\u1ed3m Vitamin E, m\u1eadt ong, ng\u1ecdc trai, chi\u1ebft xu\u1ea5t hoa di\u00ean v\u0129\u2026 gi\u00fap gi\u1eef \u1ea9m v\u00e0 nu\u00f4i d\u01b0\u1ee1ng da m\u1ecbn m\u00e0ng<br \/>\nC\u00f4ng d\u1ee5ng:<br \/>\nL\u00e0m s\u1ea1ch nh\u1eb9 nh\u00e0ng, kh\u00f4ng g\u00e2y kh\u00f4 da.<br \/>\nD\u01b0\u1ee1ng \u1ea9m s\u00e2u, gi\u00fap da m\u1ec1m m\u1ecbn.<br \/>\nL\u01b0u h\u01b0\u01a1ng l\u00e2u l\u00ean \u0111\u1ebfn 6 gi\u1edd v\u1edbi t\u1ea7ng h\u01b0\u01a1ng tinh t\u1ebf<br \/>\n\u0110\u1ed1i t\u01b0\u1ee3ng s\u1eed d\u1ee5ng: Ph\u00f9 h\u1ee3p m\u1ecdi lo\u1ea1i da, \u0111\u1eb7c bi\u1ec7t t\u00edn \u0111\u1ed3 ch\u0103m s\u00f3c da to\u00e0n th\u00e2n v\u00e0 y\u00eau th\u00edch h\u01b0\u01a1ng n\u01b0\u1edbc hoa.<br \/>\nH\u01b0\u1edbng d\u1eabn s\u1eed d\u1ee5ng: L\u00e0m \u01b0\u1edbt c\u01a1 th\u1ec3, l\u1ea5y l\u01b0\u1ee3ng s\u1eefa t\u1eafm v\u1eeba \u0111\u1ee7, t\u1ea1o b\u1ecdt v\u00e0 massage to\u00e0n th\u00e2n, sau \u0111\u00f3 x\u1ea3 s\u1ea1ch l\u1ea1i v\u1edbi n\u01b0\u1edbc.<br \/>\nB\u1ea3o qu\u1ea3n: N\u01a1i kh\u00f4 r\u00e1o, tho\u00e1ng m\u00e1t, tr\u00e1nh \u00e1nh n\u1eafng tr\u1ef1c ti\u1ebfp.<\/p>\n<p>\u2705 L\u00dd DO N\u00caN CH\u1eccN S\u1ea2N PH\u1ea8ML\u01b0u h\u01b0\u01a1ng l\u00e2u: H\u01b0\u01a1ng n\u01b0\u1edbc hoa n\u1ed3ng n\u00e0n, k\u00e9o d\u00e0i 6 gi\u1edd sau khi t\u1eafm<br \/>\nD\u01b0\u1ee1ng \u1ea9m to\u00e0n di\u1ec7n: C\u00f4ng th\u1ee9c ch\u1ee9a Vitamin E, m\u1eadt ong, ng\u1ecdc trai gi\u00fap da m\u1ec1m m\u01b0\u1ee3t.<br \/>\nSang tr\u1ecdng nh\u01b0 chai n\u01b0\u1edbc hoa: G\u1ee3i c\u1ea3m gi\u00e1c th\u01b0 th\u00e1i v\u00e0 n\u00e2ng t\u1ea7m l\u00e0n da.<br \/>\n**Dung t\u00edch l\u1edbn 700 ml, d\u00f9ng l\u00e2u d\u00e0i v\u00e0 ti\u1ebft ki\u1ec7m.<\/p>\n<p>\u2139\ufe0f TH\u00d4NG TIN S\u1ea2N PH\u1ea8MTh\u01b0\u01a1ng hi\u1ec7u: Sexy Lady<br \/>\nXu\u1ea5t x\u1ee9: H\u00e0n Qu\u1ed1c (s\u1ea3n xu\u1ea5t nh\u1eadp kh\u1ea9u), nh\u00e3n hi\u1ec7u Vi\u1ec7t Nam<br \/>\nDung t\u00edch: 700 ml<br \/>\nLo\u1ea1i da: Ph\u00f9 h\u1ee3p m\u1ecdi lo\u1ea1i da<br \/>\nGi\u1edbi t\u00ednh s\u1eed d\u1ee5ng: N\u1eef<br \/>\n#suatamsexylady #suatamnuochoasexylady #suatamhoungnuochoa #suatam700ml #duongamdang #luuhuong6h #suatamhinhchanh #chinhhang<br \/>\nMua S\u1eefa T\u1eafm Sexy Lady Parfum Creme Douche 700ML gi\u00e1 r\u1ebb ch\u00ednh h\u00e3ng \u1edf \u0111\u00e2u?Th\u0103ng Long \u2013 n\u01a1i cung c\u1ea5p ch\u00ednh h\u00e3ng c\u00e1c s\u1ea3n ph\u1ea9m. ngo\u00e0i ra c\u00f2n c\u00e1c s\u1ea3n ph\u1ea9m ch\u00ednh h\u00e3ng kh\u00e1c, l\u00e0 n\u01a1i tin mua c\u1ee7a nhi\u1ec1u nh\u00e0 bu\u00f4n, \u0111\u1ea1i l\u00fd, shop m\u1ef9 ph\u1ea9m, ch\u1ed7i m\u1ef9 ph\u1ea9m l\u1edbn,<\/p>\n","protected":false},"excerpt":{"rendered":"<p>S\u1eefa T\u1eafm Sexy Lady Parfum Creme Douche \u2013 H\u01b0\u01a1ng N\u01b0\u1edbc Hoa Tinh T\u1ebf, 700 ml Ch\u00ednh H\u00e3ng v\u1edbi 5 m\u00f9i h\u01b0\u01a1ng sang tr\u1ecdng nh\u01b0 Rose, Honey, Pearl\u2026, gi\u00fap d\u01b0\u1ee1ng \u1ea9m s\u00e2u, l\u00e0m m\u1ec1m da v\u00e0 l\u01b0u h\u01b0\u01a1ng su\u1ed1t 6 gi\u1edd sau khi t\u1eafm B\u1ea1n mu\u1ed1n tr\u1ea3i nghi\u1ec7m c\u1ea3m gi\u00e1c t\u1eafm nh\u01b0 x\u1ecbt n\u01b0\u1edbc hoa? S\u1eefa&#8230;<\/p>\n","protected":false},"featured_media":6701,"comment_status":"open","ping_status":"closed","template":"","meta":[],"product_brand":[1548],"product_cat":[15,1415,1482],"product_tag":[1682,1683,1681,353],"class_list":{"0":"post-9331","1":"product","2":"type-product","3":"status-publish","4":"has-post-thumbnail","6":"product_brand-sexy-lady","7":"product_cat-chua-phan-loai","8":"product_cat-cham-soc-co-the","9":"product_cat-sua-tam","10":"product_tag-sua-tam","11":"product_tag-sua-tam-huong-nuoc-hoa","12":"product_tag-sua-tam-nguoi-lon","13":"product_tag-tam-trang","14":"pa_loai-honey-mat-ong","15":"pa_loai-pert-ngoc-trai","16":"pa_loai-purple-hoa-dien-vi","17":"pa_loai-rose-hoa-hong","18":"pa_loai-uni-blue-huong-nuoc-hoa-sandal-wood-33","19":"pa_loai-uni-white-huong-nuoc-hoa-ck-one","20":"pa_loai-vitamin-e-ngot-diu-nhe","22":"first","23":"instock","24":"sale","25":"shipping-taxable","26":"purchasable","27":"product-type-variable"},"acf":[],"_links":{"self":[{"href":"https:\/\/thanglongbeauty.vn\/index.php?rest_route=\/wp\/v2\/product\/9331","targetHints":{"allow":["GET"]}}],"collection":[{"href":"https:\/\/thanglongbeauty.vn\/index.php?rest_route=\/wp\/v2\/product"}],"about":[{"href":"https:\/\/thanglongbeauty.vn\/index.php?rest_route=\/wp\/v2\/types\/product"}],"replies":[{"embeddable":true,"href":"https:\/\/thanglongbeauty.vn\/index.php?rest_route=%2Fwp%2Fv2%2Fcomments&post=9331"}],"wp:featuredmedia":[{"embeddable":true,"href":"https:\/\/thanglongbeauty.vn\/index.php?rest_route=\/wp\/v2\/media\/6701"}],"wp:attachment":[{"href":"https:\/\/thanglongbeauty.vn\/index.php?rest_route=%2Fwp%2Fv2%2Fmedia&parent=9331"}],"wp:term":[{"taxonomy":"product_brand","embeddable":true,"href":"https:\/\/thanglongbeauty.vn\/index.php?rest_route=%2Fwp%2Fv2%2Fproduct_brand&post=9331"},{"taxonomy":"product_cat","embeddable":true,"href":"https:\/\/thanglongbeauty.vn\/index.php?rest_route=%2Fwp%2Fv2%2Fproduct_cat&post=9331"},{"taxonomy":"product_tag","embeddable":true,"href":"https:\/\/thanglongbeauty.vn\/index.php?rest_route=%2Fwp%2Fv2%2Fproduct_tag&post=9331"}],"curies":[{"name":"wp","href":"https:\/\/api.w.org\/{rel}","templated":true}]}}