{"id":9343,"date":"2025-10-20T10:42:36","date_gmt":"2025-10-20T10:42:36","guid":{"rendered":"https:\/\/thanglongbeauty.vn\/san-pham\/san-pham-27\/"},"modified":"2025-10-28T07:35:27","modified_gmt":"2025-10-28T07:35:27","slug":"san-pham-27","status":"publish","type":"product","link":"https:\/\/thanglongbeauty.vn\/?product=san-pham-27","title":{"rendered":"S\u1eefa r\u1eeda m\u1eb7t t\u1ea1o b\u1ecdt m\u1ecbn d\u1ecbu l\u00e0nh cho da nh\u1ea1y c\u1ea3m Cetaphil Hydrating Foaming Cream Cleanser 236ml"},"content":{"rendered":"<p>S\u1eefa r\u1eeda m\u1eb7t t\u1ea1o b\u1ecdt m\u1ecbn gi\u00fap l\u00e0m s\u1ea1ch m\u00e0 kh\u00f4ng g\u00e2y kh\u00f4 da, th\u00edch h\u1ee3p d\u00f9ng h\u1eb1ng ng\u00e0y cho da kh\u00f4 \u0111\u1ebfn da th\u01b0\u1eddng v\u00e0 k\u1ec3 c\u1ea3 da nh\u1ea1y c\u1ea3m<\/p>\n<p> C\u00d4NG TH\u1ee8C KHOA H\u1eccC D\u1ecaU L\u00c0NH CHO L\u00c0N DA NH\u1ea0Y C\u1ea2M<br \/>\n + Glycerin gi\u00fap ng\u0103n ng\u1eeba hi\u1ec7n t\u01b0\u1ee3ng kh\u00f4 da+ Niacinamide (B3) gi\u00fap c\u1ee7ng c\u1ed1 h\u00e0ng r\u00e0o b\u1ea3o v\u1ec7 da+ Panthenol (B5) gi\u00fap l\u00e0m d\u1ecbu v\u00e0 ph\u1ee5c h\u1ed3i l\u00e0n da+ Chi\u1ebft xu\u1ea5t Aloe Vera gi\u00fap l\u00e0m \u1ea9m v\u00e0 l\u00e0m d\u1ecbu da<\/p>\n<p> V\u1edbi s\u1ef1 k\u1ebft h\u1ee3p 3 ho\u1ea1t ch\u1ea5t l\u00e0nh t\u00ednh Niacinamide (Vitamin B3), Panthenol (Pro-vitamin B5) v\u00e0 Glycerin gi\u00fap k\u00edch th\u00edch da s\u1ea3n sinh 15 Ceramides t\u1ef1 nhi\u00ean gi\u00fap c\u1ea3i thi\u1ec7n kh\u1ea3 n\u0103ng ph\u1ee5c h\u1ed3i c\u1ee7a l\u00e0n da nh\u1ea1y c\u1ea3m.Th\u00e0nh ph\u1ea7n t\u1ea1o b\u1ecdt m\u1ecbn t\u1eeb Amino Acid gi\u00fap l\u00e0m s\u1ea1ch m\u1ed9t c\u00e1ch hi\u1ec7u qu\u1ea3 nh\u01b0ng v\u1eabn \u0111\u1ea3m b\u1ea3o \u0111\u1ed9 an to\u00e0n cho l\u00e0n da nh\u1ea1y c\u1ea3m.\u0110\u1ed9 pH l\u00fd t\u01b0\u1edfng 5.0 th\u00e2n thi\u1ec7n v\u1edbi l\u00e0n da nh\u1ea1y c\u1ea3m.98% ng\u01b0\u1eddi ti\u00eau d\u00f9ng cho bi\u1ebft s\u1ea3n ph\u1ea9m n\u00e0y l\u00e0 lo\u1ea1i s\u1eefa r\u1eeda m\u1eb7t l\u00e0nh t\u00ednh v\u00e0 l\u00e0m s\u1ea1ch da d\u1ecbu nh\u1eb9. S\u1ea3n ph\u1ea9m n\u1ed5i b\u1eadt v\u1edbi 5 KH\u00d4NG: l\u00e0 s\u1eefa r\u1eeda m\u1eb7t t\u1ea1o b\u1ecdt kh\u00f4ng ch\u1ee9a x\u00e0 ph\u00f2ng, kh\u00f4ng paraben, kh\u00f4ng sulfate, kh\u00f4ng h\u01b0\u01a1ng li\u1ec7u, kh\u00f4ng d\u1ea7u kho\u00e1ng; an to\u00e0n cho l\u00e0n da nh\u1ea1y c\u1ea3m.B\u00e1c s\u0129 da li\u1ec5u \u0111\u00e3 th\u1eed nghi\u1ec7m v\u00e0 ch\u1ee9ng minh l\u00e2m s\u00e0ng l\u00e0 d\u1ecbu l\u00e0nh cho da nh\u1ea1y c\u1ea3mTH\u00c0NH PH\u1ea6NWater, Sodium Cocoyl Isethionate, Glycerin, Glycol Distearate\u200b, Sodium Cocoyl Glutamate, Cocamidopropyl Betaine, Sodium Lauroyl Sarcosinate, Cetearyl Alcohol, Phenoxyethanol, Acrylates\/C10-30 Alkyl Acrylate Crosspolymer, Arginine, Propylene Glycol, Sodium Chloride, Xanthan Gum, Ethylhexylglycerin, Niacinamide, Panthenol, Aloe Barbadensis Leaf Juice Powder, Pantolactone, Citric Acid<\/p>\n","protected":false},"excerpt":{"rendered":"<p>S\u1eefa r\u1eeda m\u1eb7t t\u1ea1o b\u1ecdt m\u1ecbn gi\u00fap l\u00e0m s\u1ea1ch m\u00e0 kh\u00f4ng g\u00e2y kh\u00f4 da, th\u00edch h\u1ee3p d\u00f9ng h\u1eb1ng ng\u00e0y cho da kh\u00f4 \u0111\u1ebfn da th\u01b0\u1eddng v\u00e0 k\u1ec3 c\u1ea3 da nh\u1ea1y c\u1ea3m C\u00d4NG TH\u1ee8C KHOA H\u1eccC D\u1ecaU L\u00c0NH CHO L\u00c0N DA NH\u1ea0Y C\u1ea2M + Glycerin gi\u00fap ng\u0103n ng\u1eeba hi\u1ec7n t\u01b0\u1ee3ng kh\u00f4 da+ Niacinamide (B3) gi\u00fap c\u1ee7ng&#8230;<\/p>\n","protected":false},"featured_media":6318,"comment_status":"open","ping_status":"closed","template":"","meta":[],"product_brand":[1493],"product_cat":[15,1398,1488,1458],"product_tag":[491,397,1713,1710,401,1709],"class_list":{"0":"post-9343","1":"product","2":"type-product","3":"status-publish","4":"has-post-thumbnail","6":"product_brand-cetaphil","7":"product_cat-chua-phan-loai","8":"product_cat-cham-soc-da","9":"product_cat-cham-soc-mat","10":"product_cat-gel-sua-rua-mat","11":"product_tag-cetaphil","12":"product_tag-gel-rua-mat","13":"product_tag-gel-rua-mat-cetaphil","14":"product_tag-rua-mat-diu-nhe","15":"product_tag-sua-rua-mat","16":"product_tag-sua-rua-mat-tri-mun","18":"first","19":"onbackorder","20":"shipping-taxable","21":"purchasable","22":"product-type-simple"},"acf":[],"_links":{"self":[{"href":"https:\/\/thanglongbeauty.vn\/index.php?rest_route=\/wp\/v2\/product\/9343","targetHints":{"allow":["GET"]}}],"collection":[{"href":"https:\/\/thanglongbeauty.vn\/index.php?rest_route=\/wp\/v2\/product"}],"about":[{"href":"https:\/\/thanglongbeauty.vn\/index.php?rest_route=\/wp\/v2\/types\/product"}],"replies":[{"embeddable":true,"href":"https:\/\/thanglongbeauty.vn\/index.php?rest_route=%2Fwp%2Fv2%2Fcomments&post=9343"}],"wp:featuredmedia":[{"embeddable":true,"href":"https:\/\/thanglongbeauty.vn\/index.php?rest_route=\/wp\/v2\/media\/6318"}],"wp:attachment":[{"href":"https:\/\/thanglongbeauty.vn\/index.php?rest_route=%2Fwp%2Fv2%2Fmedia&parent=9343"}],"wp:term":[{"taxonomy":"product_brand","embeddable":true,"href":"https:\/\/thanglongbeauty.vn\/index.php?rest_route=%2Fwp%2Fv2%2Fproduct_brand&post=9343"},{"taxonomy":"product_cat","embeddable":true,"href":"https:\/\/thanglongbeauty.vn\/index.php?rest_route=%2Fwp%2Fv2%2Fproduct_cat&post=9343"},{"taxonomy":"product_tag","embeddable":true,"href":"https:\/\/thanglongbeauty.vn\/index.php?rest_route=%2Fwp%2Fv2%2Fproduct_tag&post=9343"}],"curies":[{"name":"wp","href":"https:\/\/api.w.org\/{rel}","templated":true}]}}