{"id":9356,"date":"2025-10-20T10:42:40","date_gmt":"2025-10-20T10:42:40","guid":{"rendered":"https:\/\/thanglongbeauty.vn\/san-pham\/san-pham-36\/"},"modified":"2025-10-31T08:07:49","modified_gmt":"2025-10-31T08:07:49","slug":"san-pham-36","status":"publish","type":"product","link":"https:\/\/thanglongbeauty.vn\/?product=san-pham-36","title":{"rendered":"Kem ch\u1ed1ng n\u1eafng Farm Stay SPF 50+\/ PA+++"},"content":{"rendered":"<p>Kem Ch\u1ed1ng N\u1eafng Farm Stay Dr-V8 Vita Sun Cream 70g SPF50<br \/>\n Xu\u1ea5t X\u1ee9: H\u00e0n Qu\u1ed1c.<br \/>\n C\u00f4ng D\u1ee5ng:<br \/>\n &#8211; Kem ch\u1ed1ng n\u1eafng ch\u1ee9a c\u00e1c d\u1eabn xu\u1ea5t vitamin C v\u00e0 E r\u1ea5t h\u1eefu \u00edch cho s\u1ee9c kh\u1ecfe c\u1ee7a da.- Gi\u1ea3m thi\u1ec3u k\u00edch \u1ee9ng da v\u00e0 b\u1ea3o v\u1ec7 da kh\u1ecfi tia c\u1ef1c t\u00edm v\u00e0 m\u00f4i tr\u01b0\u1eddng c\u00f3 h\u1ea1i.- \u0110\u1ed9 d\u01b0\u1ee1ng \u1ea9m cao, d\u00f9ng cho da kh\u00f4 da thi\u1ebfu n\u01b0\u1edbc.<\/p>\n<p> Ch\u1ed1ng N\u1eafng Farm Stay Dr-V8 Vita Sun Cream 70g Spf50<br \/>\n H\u01b0\u1edbng D\u1eabn S\u1eed D\u1ee5ng:- Cho m\u1ed9t l\u01b0\u1ee3ng kem ch\u1ed1ng n\u1eafng ra l\u00f2ng b\u00e0n tay, thoa nh\u1eb9 nh\u00e0ng l\u00ean da m\u1eb7t ho\u1eb7c nh\u1eefng v\u00f9ng da m\u00e0 b\u1ea1n c\u1ea7n b\u1ea3o v\u1ec7 .- Thoa kem ch\u1ed1ng n\u1eafng tr\u01b0\u1edbc khi ra n\u1eafng t\u1eeb 15 \u2013 20 ph\u00fat. D\u00f9ng h\u00e0ng ng\u00e0y.- N\u1ebfu b\u1ea1n ti\u1ebfp x\u00fac v\u1edbi \u00e1nh n\u1eafng li\u00ean t\u1ee5c th\u00ec sau 2 \u0111\u1ebfn 3 ti\u1ebfng thoa l\u1ea1i kem ch\u1ed1ng n\u1eafng \u0111\u1ec3 da \u0111\u01b0\u1ee3c b\u1ea3o v\u1ec7 m\u1ed9t c\u00e1ch t\u1ed1t nh\u1ea5t .<\/p>\n<p> H\u01b0\u1edbng D\u1eabn S\u1eed D\u1ee5ng Ch\u1ed1ng N\u1eafng Farm Stay Dr-V8 Vita Sun Cream 70g Spf50<br \/>\n L\u01b0u \u00dd:- Ch\u1ec9 s\u1eed d\u1ee5ng ngo\u00e0i da.- Kh\u00f4ng d\u00f9ng cho v\u00f9ng da b\u1ecb tr\u1ea7y x\u01b0\u1edbc ho\u1eb7c v\u1ebft th\u01b0\u01a1ng h\u1edf.- Tr\u00e1nh ti\u1ebfp x\u00fac v\u1edbi m\u1eaft, Ng\u01b0ng s\u1eed d\u1ee5ng n\u1ebfu c\u00f3 d\u1ea5u hi\u1ec7u k\u00edch \u1ee9ng.B\u1ea3o Qu\u1ea3n:- N\u01a1i kh\u00f4 r\u00e1o, tho\u00e1ng m\u00e1t.<\/p>\n","protected":false},"excerpt":{"rendered":"<p>Kem Ch\u1ed1ng N\u1eafng Farm Stay Dr-V8 Vita Sun Cream 70g SPF50 Xu\u1ea5t X\u1ee9: H\u00e0n Qu\u1ed1c. C\u00f4ng D\u1ee5ng: &#8211; Kem ch\u1ed1ng n\u1eafng ch\u1ee9a c\u00e1c d\u1eabn xu\u1ea5t vitamin C v\u00e0 E r\u1ea5t h\u1eefu \u00edch cho s\u1ee9c kh\u1ecfe c\u1ee7a da.- Gi\u1ea3m thi\u1ec3u k\u00edch \u1ee9ng da v\u00e0 b\u1ea3o v\u1ec7 da kh\u1ecfi tia c\u1ef1c t\u00edm v\u00e0 m\u00f4i tr\u01b0\u1eddng c\u00f3 h\u1ea1i.-&#8230;<\/p>\n","protected":false},"featured_media":8105,"comment_status":"open","ping_status":"closed","template":"","meta":[],"product_brand":[1600],"product_cat":[15,1398,1488,1407],"product_tag":[362,465,472,363],"class_list":{"0":"post-9356","1":"product","2":"type-product","3":"status-publish","4":"has-post-thumbnail","6":"product_brand-farm-stay","7":"product_cat-chua-phan-loai","8":"product_cat-cham-soc-da","9":"product_cat-cham-soc-mat","10":"product_cat-kem-chong-nang","11":"product_tag-chong-nang","12":"product_tag-chong-nang-nang-tone","13":"product_tag-chong-nang-nang-tong","14":"product_tag-kem-chong-nang","16":"first","17":"onbackorder","18":"shipping-taxable","19":"purchasable","20":"product-type-simple"},"acf":[],"_links":{"self":[{"href":"https:\/\/thanglongbeauty.vn\/index.php?rest_route=\/wp\/v2\/product\/9356","targetHints":{"allow":["GET"]}}],"collection":[{"href":"https:\/\/thanglongbeauty.vn\/index.php?rest_route=\/wp\/v2\/product"}],"about":[{"href":"https:\/\/thanglongbeauty.vn\/index.php?rest_route=\/wp\/v2\/types\/product"}],"replies":[{"embeddable":true,"href":"https:\/\/thanglongbeauty.vn\/index.php?rest_route=%2Fwp%2Fv2%2Fcomments&post=9356"}],"wp:featuredmedia":[{"embeddable":true,"href":"https:\/\/thanglongbeauty.vn\/index.php?rest_route=\/wp\/v2\/media\/8105"}],"wp:attachment":[{"href":"https:\/\/thanglongbeauty.vn\/index.php?rest_route=%2Fwp%2Fv2%2Fmedia&parent=9356"}],"wp:term":[{"taxonomy":"product_brand","embeddable":true,"href":"https:\/\/thanglongbeauty.vn\/index.php?rest_route=%2Fwp%2Fv2%2Fproduct_brand&post=9356"},{"taxonomy":"product_cat","embeddable":true,"href":"https:\/\/thanglongbeauty.vn\/index.php?rest_route=%2Fwp%2Fv2%2Fproduct_cat&post=9356"},{"taxonomy":"product_tag","embeddable":true,"href":"https:\/\/thanglongbeauty.vn\/index.php?rest_route=%2Fwp%2Fv2%2Fproduct_tag&post=9356"}],"curies":[{"name":"wp","href":"https:\/\/api.w.org\/{rel}","templated":true}]}}