{"id":9357,"date":"2025-10-20T10:42:40","date_gmt":"2025-10-20T10:42:40","guid":{"rendered":"https:\/\/thanglongbeauty.vn\/san-pham\/san-pham-37\/"},"modified":"2025-10-31T09:02:49","modified_gmt":"2025-10-31T09:02:49","slug":"san-pham-37","status":"publish","type":"product","link":"https:\/\/thanglongbeauty.vn\/?product=san-pham-37","title":{"rendered":"Kem Ch\u1ed1ng N\u1eafng ANESSA Perfect UV D\u01b0\u1ee1ng Da Ki\u1ec1m D\u1ea7u SPF50+\/PA++++"},"content":{"rendered":"<p><span style=\"font-size: 23.04px; color: #333333;\">S\u1eefa Ch\u1ed1ng N\u1eafng ANESSA Perfect UV D\u01b0\u1ee1ng Da Ki\u1ec1m D\u1ea7u SPF50+\/PA++++ l\u00e0 g\u00ec?<\/span><\/p>\n<div id=\"mo-ta\">\n<div class=\"pmc-content-html [&amp;_a:not(.ignore-css_a)]:text-hyperLink max-w-[calc(100vw-32px)] overflow-auto md:w-[calc(var(--width-container)-312px-48px)] md:max-w-none\">\n<p>S\u1ea3n ph\u1ea9m n\u00e0y l\u00e0 s\u1eefa ch\u1ed1ng n\u1eafng v\u1edbi kh\u1ea3 n\u0103ng ch\u1ed1ng th\u1ea5m n\u01b0\u1edbc v\u00e0 m\u1ed3 h\u00f4i cao, b\u1ea3o v\u1ec7 l\u00e0n da kh\u1ecfi t\u00e1c h\u1ea1i c\u1ee7a tia t\u1eed ngo\u1ea1i v\u00e0 \u00e1nh n\u1eafng m\u1eb7t tr\u1eddi, \u0111\u1ed3ng th\u1eddi d\u01b0\u1ee1ng da s\u00e1ng m\u1ecbn.<\/p>\n<\/div>\n<\/div>\n<div id=\"thanh-phan\">\n<div class=\"pmc-content-html [&amp;_a:not(.ignore-css_a)]:text-hyperLink max-w-[calc(100vw-32px)] overflow-auto md:w-[calc(var(--width-container)-312px-48px)] md:max-w-none\">\n<h2>Th\u00e0nh ph\u1ea7n S\u1eefa Ch\u1ed1ng N\u1eafng ANESSA Perfect UV D\u01b0\u1ee1ng Da Ki\u1ec1m D\u1ea7u SPF50+\/PA++++<\/h2>\n<p>DIMETHICONE, WATER (AQUA), ALCOHOL, ZINC OXIDE, ETHYLHEXYL METHOXYCINNAMATE, TALC, ISOPROPYL MYRISTATE, METHYL METHACRYLATE CROSSPOLYMER, CYCLOPENTASILOXANE, ISODODECANE, OCTOCRYLENE, v\u00e0 c\u00e1c th\u00e0nh ph\u1ea7n kh\u00e1c.<\/p>\n<\/div>\n<\/div>\n<div id=\"chi-dinh\">\n<div class=\"pmc-content-html [&amp;_a:not(.ignore-css_a)]:text-hyperLink max-w-[calc(100vw-32px)] overflow-auto md:w-[calc(var(--width-container)-312px-48px)] md:max-w-none\">\n<h2>C\u00f4ng d\u1ee5ng c\u1ee7a S\u1eefa Ch\u1ed1ng N\u1eafng ANESSA Perfect UV D\u01b0\u1ee1ng Da Ki\u1ec1m D\u1ea7u SPF50+\/PA++++<\/h2>\n<h3>Ch\u1ec9 \u0111\u1ecbnh<\/h3>\n<p>B\u1ea3o v\u1ec7 da kh\u1ecfi tia UV, l\u00e0m s\u00e1ng da, m\u1edd s\u1ea1m n\u00e1m, t\u00e0n nhang, v\u00e0 gi\u1ea3m c\u00e1c n\u1ebfp nh\u0103n.<\/p>\n<p><a href=\"https:\/\/thanglongbeauty.vn\/wp-content\/uploads\/2025\/10\/kem-chong-nang-ANESSA-2.png\"><img loading=\"lazy\" decoding=\"async\" class=\"alignnone size-medium wp-image-9967\" src=\"https:\/\/thanglongbeauty.vn\/wp-content\/uploads\/2025\/10\/kem-chong-nang-ANESSA-2-300x300.png\" alt=\"\" width=\"300\" height=\"300\" srcset=\"https:\/\/thanglongbeauty.vn\/wp-content\/uploads\/2025\/10\/kem-chong-nang-ANESSA-2-300x300.png 300w, https:\/\/thanglongbeauty.vn\/wp-content\/uploads\/2025\/10\/kem-chong-nang-ANESSA-2-150x150.png 150w, https:\/\/thanglongbeauty.vn\/wp-content\/uploads\/2025\/10\/kem-chong-nang-ANESSA-2-768x768.png 768w, https:\/\/thanglongbeauty.vn\/wp-content\/uploads\/2025\/10\/kem-chong-nang-ANESSA-2-600x600.png 600w, https:\/\/thanglongbeauty.vn\/wp-content\/uploads\/2025\/10\/kem-chong-nang-ANESSA-2-100x100.png 100w, https:\/\/thanglongbeauty.vn\/wp-content\/uploads\/2025\/10\/kem-chong-nang-ANESSA-2-64x64.png 64w, https:\/\/thanglongbeauty.vn\/wp-content\/uploads\/2025\/10\/kem-chong-nang-ANESSA-2.png 900w\" sizes=\"auto, (max-width: 300px) 100vw, 300px\" \/><\/a><\/p>\n<\/div>\n<\/div>\n<div id=\"huong-dan-su-dung\">\n<div class=\"pmc-content-html [&amp;_a:not(.ignore-css_a)]:text-hyperLink max-w-[calc(100vw-32px)] overflow-auto md:w-[calc(var(--width-container)-312px-48px)] md:max-w-none\">\n<h2>C\u00e1ch s\u1eed d\u1ee5ng S\u1eefa Ch\u1ed1ng N\u1eafng ANESSA Perfect UV D\u01b0\u1ee1ng Da Ki\u1ec1m D\u1ea7u SPF50+\/PA++++<\/h2>\n<h3>C\u00e1ch d\u00f9ng<\/h3>\n<p>L\u1eafc \u0111\u1ec1u tr\u01b0\u1edbc khi s\u1eed d\u1ee5ng. Thoa \u0111\u1ec1u l\u00ean m\u1eb7t, c\u1ed5, ng\u1ef1c.<\/p>\n<h3>Li\u1ec1u d\u00f9ng<\/h3>\n<p>B\u00f4i kem tr\u01b0\u1edbc khi ra n\u1eafng kho\u1ea3ng 20 ph\u00fat v\u00e0 b\u00f4i l\u1ea1i sau m\u1ed7i 2 gi\u1edd n\u1ebfu ti\u1ebfp x\u00fac li\u00ean t\u1ee5c d\u01b0\u1edbi \u00e1nh n\u1eafng.<\/p>\n<\/div>\n<\/div>\n<div id=\"than-trong\">\n<div class=\"pmc-content-html [&amp;_a:not(.ignore-css_a)]:text-hyperLink max-w-[calc(100vw-32px)] overflow-auto md:w-[calc(var(--width-container)-312px-48px)] md:max-w-none\">\n<h2>T\u00e1c d\u1ee5ng ph\u1ee5 S\u1eefa Ch\u1ed1ng N\u1eafng ANESSA Perfect UV D\u01b0\u1ee1ng Da Ki\u1ec1m D\u1ea7u SPF50+\/PA++++<\/h2>\n<p>Kh\u00f4ng c\u00f3 th\u00f4ng tin v\u1ec1 t\u00e1c d\u1ee5ng ph\u1ee5 \u0111\u1eb7c bi\u1ec7t<\/p>\n<h2>L\u01b0u \u00fd<\/h2>\n<h3>Th\u1eadn tr\u1ecdng khi d\u00f9ng<\/h3>\n<p><strong>S\u1eed d\u1ee5ng cho ph\u1ee5 n\u1eef c\u00f3 thai v\u00e0 cho con b\u00fa<\/strong>: Tham kh\u1ea3o \u00fd ki\u1ebfn b\u00e1c s\u0129 tr\u01b0\u1edbc khi s\u1eed d\u1ee5ng.<\/p>\n<h3>T\u01b0\u01a1ng t\u00e1c<\/h3>\n<p>Kh\u00f4ng c\u00f3 th\u00f4ng tin c\u1ee5 th\u1ec3 v\u1ec1 t\u01b0\u01a1ng t\u00e1c.<\/p>\n<h3>Ch\u1ed1ng ch\u1ec9 \u0111\u1ecbnh<\/h3>\n<p>Kh\u00f4ng s\u1eed d\u1ee5ng n\u1ebfu d\u1ecb \u1ee9ng v\u1edbi b\u1ea5t k\u1ef3 th\u00e0nh ph\u1ea7n n\u00e0o c\u1ee7a s\u1ea3n ph\u1ea9m.<\/p>\n<h2><\/h2>\n<\/div>\n<\/div>\n<div id=\"thong-tin-san-xuat\">\n<div class=\"pmc-content-html [&amp;_a:not(.ignore-css_a)]:text-hyperLink max-w-[calc(100vw-32px)] overflow-auto md:w-[calc(var(--width-container)-312px-48px)] md:max-w-none\"><\/div>\n<\/div>\n","protected":false},"excerpt":{"rendered":"<p>S\u1eefa Ch\u1ed1ng N\u1eafng ANESSA Perfect UV D\u01b0\u1ee1ng Da Ki\u1ec1m D\u1ea7u SPF50+\/PA++++ l\u00e0 g\u00ec? S\u1ea3n ph\u1ea9m n\u00e0y l\u00e0 s\u1eefa ch\u1ed1ng n\u1eafng v\u1edbi kh\u1ea3 n\u0103ng ch\u1ed1ng th\u1ea5m n\u01b0\u1edbc v\u00e0 m\u1ed3 h\u00f4i cao, b\u1ea3o v\u1ec7 l\u00e0n da kh\u1ecfi t\u00e1c h\u1ea1i c\u1ee7a tia t\u1eed ngo\u1ea1i v\u00e0 \u00e1nh n\u1eafng m\u1eb7t tr\u1eddi, \u0111\u1ed3ng th\u1eddi d\u01b0\u1ee1ng da s\u00e1ng m\u1ecbn. Th\u00e0nh ph\u1ea7n S\u1eefa&#8230;<\/p>\n","protected":false},"featured_media":9969,"comment_status":"open","ping_status":"closed","template":"","meta":[],"product_brand":[1601],"product_cat":[15,1398,1488,1407],"product_tag":[362,465,472,363,473,1741],"class_list":{"0":"post-9357","1":"product","2":"type-product","3":"status-publish","4":"has-post-thumbnail","6":"product_brand-anessa","7":"product_cat-chua-phan-loai","8":"product_cat-cham-soc-da","9":"product_cat-cham-soc-mat","10":"product_cat-kem-chong-nang","11":"product_tag-chong-nang","12":"product_tag-chong-nang-nang-tone","13":"product_tag-chong-nang-nang-tong","14":"product_tag-kem-chong-nang","15":"product_tag-sua-chong-nang","16":"product_tag-sua-chong-nang-anessa","18":"first","19":"onbackorder","20":"shipping-taxable","21":"purchasable","22":"product-type-simple"},"acf":[],"_links":{"self":[{"href":"https:\/\/thanglongbeauty.vn\/index.php?rest_route=\/wp\/v2\/product\/9357","targetHints":{"allow":["GET"]}}],"collection":[{"href":"https:\/\/thanglongbeauty.vn\/index.php?rest_route=\/wp\/v2\/product"}],"about":[{"href":"https:\/\/thanglongbeauty.vn\/index.php?rest_route=\/wp\/v2\/types\/product"}],"replies":[{"embeddable":true,"href":"https:\/\/thanglongbeauty.vn\/index.php?rest_route=%2Fwp%2Fv2%2Fcomments&post=9357"}],"wp:featuredmedia":[{"embeddable":true,"href":"https:\/\/thanglongbeauty.vn\/index.php?rest_route=\/wp\/v2\/media\/9969"}],"wp:attachment":[{"href":"https:\/\/thanglongbeauty.vn\/index.php?rest_route=%2Fwp%2Fv2%2Fmedia&parent=9357"}],"wp:term":[{"taxonomy":"product_brand","embeddable":true,"href":"https:\/\/thanglongbeauty.vn\/index.php?rest_route=%2Fwp%2Fv2%2Fproduct_brand&post=9357"},{"taxonomy":"product_cat","embeddable":true,"href":"https:\/\/thanglongbeauty.vn\/index.php?rest_route=%2Fwp%2Fv2%2Fproduct_cat&post=9357"},{"taxonomy":"product_tag","embeddable":true,"href":"https:\/\/thanglongbeauty.vn\/index.php?rest_route=%2Fwp%2Fv2%2Fproduct_tag&post=9357"}],"curies":[{"name":"wp","href":"https:\/\/api.w.org\/{rel}","templated":true}]}}