{"id":9358,"date":"2025-10-20T10:42:40","date_gmt":"2025-10-20T10:42:40","guid":{"rendered":"https:\/\/thanglongbeauty.vn\/san-pham\/san-pham-38\/"},"modified":"2026-01-13T07:03:08","modified_gmt":"2026-01-13T07:03:08","slug":"san-pham-38","status":"publish","type":"product","link":"https:\/\/thanglongbeauty.vn\/?product=san-pham-38","title":{"rendered":"M\u1eb7t N\u1ea1 Gi\u1ea5y Banobagi Vita Genic Jelly Mask 30ml (H\u1ed9p 10 mi\u1ebfng)"},"content":{"rendered":"<p>Banobagi Vita Genic Mask \u2013 m\u1eb7t n\u1ea1 gi\u1ea5y H\u00e0n Qu\u1ed1c gi\u00e0u 11 vitamin v\u00e0 chi\u1ebft xu\u1ea5t t\u1eeb Jeju, mang \u0111\u1ebfn c\u00f4ng d\u1ee5ng ch\u1ed1ng nh\u0103n, d\u01b0\u1ee1ng tr\u1eafng v\u00e0 c\u1ea5p \u1ea9m s\u00e2u ch\u1ec9 trong 15\u201320 ph\u00fat s\u1eed d\u1ee5ng.<br \/>\n B\u1ea1n mu\u1ed1n s\u1edf h\u1eefu l\u00e0n da c\u0103ng m\u01b0\u1edbt, \u00edt n\u1ebfp nh\u0103n v\u00e0 \u0111\u1ec1u m\u00e0u t\u1ee9c th\u00ec? M\u1eb7t N\u1ea1 Gi\u1ea5y Banobagi Vita Genic ch\u00ednh l\u00e0 gi\u1ea3i ph\u00e1p ho\u00e0n h\u1ea3o \u2013 k\u1ebft h\u1ee3p d\u01b0\u1ee1ng tr\u1eafng &#038; ch\u1ed1ng l\u00e3o h\u00f3a trong m\u1ed9t.<br \/>\n TH\u00d4NG TIN CHI TI\u1ebeT<\/p>\n<p> Th\u00e0nh ph\u1ea7n &#038; d\u01b0\u1ee1ng ch\u1ea5t: C\u00f4ng th\u1ee9c \u0111\u1ed9c \u0111\u00e1o v\u1edbi 11 lo\u1ea1i vitamin, collagen th\u1ee7y ph\u00e2n, vitamin C t\u1eeb Jeju Hanrabong v\u00e0 nha \u0111am gi\u00fap d\u01b0\u1ee1ng da, ch\u1ed1ng nh\u0103n hi\u1ec7u qu\u1ea3.<br \/>\n C\u00f4ng d\u1ee5ng:<\/p>\n<p> Gi\u1ea3m n\u1ebfp nh\u0103n, l\u00e0m s\u0103n m\u1ecbn da ngay l\u1ea7n \u0111\u1ea7u s\u1eed d\u1ee5ng (Anti-wrinkle).<br \/>\n D\u01b0\u1ee1ng tr\u1eafng, s\u00e1ng da r\u00f5 r\u1ec7t nh\u1edd vitamin C v\u00e0 chi\u1ebft xu\u1ea5t tr\u00e1i c\u00e2y Jeju .<br \/>\n C\u1ea5p \u1ea9m v\u00e0 l\u00e0m d\u1ecbu da kh\u00f4, k\u00edch \u1ee9ng nh\u1edd k\u1ebft c\u1ea5u essence d\u1ea1ng \u201cjelly\u201d \u0111\u1eb7c si\u00eau ng\u1eadm n\u01b0\u1edbc.<br \/>\n M\u1eb7t n\u1ea1 Banobagi Vita Genic Jelly Mask Hydrating &#8211; Vitamin E: Ch\u1ee9a kho\u00e1ng ch\u1ea5t t\u1eeb n\u01b0\u1edbc kho\u00e1ng tinh khi\u1ebft \u0111\u1ea3o Jeju gi\u00e0u c\u00e1c kho\u00e1ng ch\u1ea5t nh\u01b0 magie, kali,&#8230;d\u01b0\u1ee1ng \u1ea9m t\u1ed1i \u0111a, duy tr\u00ec v\u00e0 c\u1ea3i thi\u1ec7n l\u00e0n da thi\u1ebfu n\u01b0\u1edbc. Gi\u00fap da lu\u00f4n trong tr\u1ea1ng th\u00e1i c\u0103ng m\u1ecdng.<\/p>\n<p> M\u1eb7t n\u1ea1 Banobagi Vita Genic Jelly Mask Whitening &#8211; Vitamin C: B\u1ed5 sung Vitamin C, \u0111\u01b0\u1ee3c chi\u1ebft xu\u1ea5t t\u1eeb qu\u1ea3 cam tr\u00ean h\u00f2n \u0111\u1ea3o Jeju gi\u00fap \u1ee9c ch\u1ebf melanin v\u00e0 lo\u1ea1i b\u1ecf c\u00e1c s\u1eafc t\u1ed1 x\u1ec9n m\u00e0u tr\u00ean da, l\u00e0m \u0111\u1ec1u m\u00e0u da, gi\u00fap m\u1edd th\u00e2m mang l\u1ea1i hi\u1ec7u qu\u1ea3 d\u01b0\u1ee1ng s\u00e1ng da nhanh ch\u00f3ng m\u00e0 l\u1ea1i c\u1ef1c k\u00ec d\u1ecbu nh\u1eb9. T\u0103ng s\u1ee9c \u0111\u1ec1 kh\u00e1ng, l\u00e0m gi\u1ea3m c\u00e1c t\u00ecnh tr\u1ea1ng m\u1ee5n v\u00e0 t\u1ed5n th\u01b0\u01a1ng do c\u00e1c t\u00e1c \u0111\u1ed9ng th\u1eddi ti\u1ebft, n\u1ed9i ti\u1ebft l\u00ean b\u1ec1 m\u1eb7t da.<\/p>\n<p> M\u1eb7t n\u1ea1 Banobagi Vita Genic Jelly Mask Relaxing &#8211; Vitamin B: B\u1ed5 sung Vitamin B v\u00e0 ch\u1ee9a tinh ch\u1ea5t l\u00f4 h\u1ed9i \u0111\u1ea3o Jeju c\u00f3 \u0111\u1eb7c t\u00ednh l\u00e0m d\u1ecbu da b\u1ecb t\u1ed5n th\u01b0\u01a1ng, vi\u00eam \u0111\u1ecf, ch\u00e1y n\u1eafng, k\u00edch \u1ee9ng. Nu\u00f4i d\u01b0\u1ee1ng da \u0111\u1ee7 \u1ea9m, m\u1ec1m m\u01b0\u1edbt, m\u1ecbn m\u00e0ng t\u1eeb s\u00e2u b\u00ean trong mang l\u1ea1i m\u1ed9t l\u00e0n da kh\u1ecfe m\u1ea1nh, t\u01b0\u01a1i t\u1eafn. S\u1ea3n ph\u1ea9m c\u00f3 kh\u1ea3 n\u0103ng h\u1ed7 tr\u1ee3 ph\u1ee5c h\u1ed3i da t\u1ed5n th\u01b0\u01a1ng hi\u1ec7u qu\u1ea3, t\u0103ng s\u1ee9c \u0111\u1ec1 kh\u00e1ng cho da.<\/p>\n<p> M\u1eb7t n\u1ea1 Banobagi Vita Genic Jelly Mask Lifting &#8211; Vitamin A: Vitamin A \u0111\u01b0\u1ee3c chi\u1ebft xu\u1ea5t t\u1eeb lo\u1ea1i c\u00e2y x\u01b0\u01a1ng r\u1ed3ng t\u1ea1i \u0111\u1ea3o Jeju H\u00e0n Qu\u1ed1c h\u1ed7 tr\u1ee3 gia t\u0103ng \u0111\u00e0n h\u1ed3i cho da, n\u00e2ng c\u01a1, ch\u1ed1ng ch\u1ea3y x\u1ec7 \u1edf nh\u1eefng v\u00f9ng da s\u1eafp\/ \u0111\u00e3\/ \u0111ang l\u00e3o h\u00f3a. L\u00e0m da s\u00e1ng h\u1ed3ng, kh\u1ecfe m\u1ea1nh h\u01a1n t\u1eeb s\u00e2u b\u00ean trong l\u00e0n da.<\/p>\n<p> M\u1eb7t n\u1ea1 Banobagi Vita Genic Jelly Mask Vitalizing &#8211; Collagen: Th\u00e0nh ph\u1ea7n Hydrolyened Collagen v\u00e0 chi\u1ebft xu\u1ea5t hoa anh \u0111\u00e0o Jeju l\u00e0m t\u0103ng s\u1ee9c s\u1ed1ng cho l\u00e0n da v\u00e0 cung c\u1ea5p \u0111\u1ed9 \u1ea9m v\u00e0 l\u00e0m s\u0103n ch\u1eafc cho da. K\u00edch th\u00edch t\u1ebf b\u00e0o m\u1edbi v\u00e0 ti\u1ebfp th\u00eam n\u0103ng l\u01b0\u1ee3ng cho da lu\u00f4n c\u0103ng tr\u00e0n s\u1ee9c s\u1ed1ng.<\/p>\n<p> M\u1eb7t n\u1ea1 Banobagi Vita Genic Jelly Mask Cica &#8211; Centella Complex: Ch\u1ee9a : B1, B2, B3, B5, B7, B9, B12, C, E gi\u00fap nu\u00f4i d\u01b0\u1ee1ng v\u00e0 h\u1ed7 tr\u1ee3 ph\u1ee5c h\u1ed3i l\u00e0n da th\u00f4 r\u00e1p, da nh\u1ea1y c\u1ea3m b\u1ecb th\u01b0\u01a1ng t\u1ed5n. B\u1ed5 sung \u0111\u1ed9 \u1ea9m v\u00e0 d\u01b0\u1ee1ng ch\u1ea5t cho l\u00e0n da kh\u00f4, s\u1ea7n thi\u1ebfu \u1ea9m. \u0110\u1ed3ng th\u1eddi l\u00e0m d\u1ecbu l\u00e0n da nh\u1edd chi\u1ebft xu\u1ea5t t\u1eeb rau m\u00e1, ng\u0103n ng\u1eeba m\u1ee5n.<\/p>\n<p> M\u1eb7t n\u1ea1 Banobagi Vita Genic Jelly Mask Pore Tightening &#8211; Anti-Sebum P: C\u00f3 th\u00e0nh ph\u1ea7n t\u1eeb n\u01b0\u1edbc su\u1ed1i n\u00fai n\u00fai Sanbang \u1edf Jeju ch\u0103m s\u00f3c l\u1ed7 ch\u00e2n l\u00f4ng to v\u00e0 ki\u1ec3m so\u00e1t b\u00e3 nh\u1eddn. Gi\u00fap da \u0111\u00e0n h\u1ed3i v\u00e0 s\u0103n ch\u1eafc, m\u1ecbn m\u00e0ng, c\u1ef1c k\u00ec ph\u00f9 h\u1ee3p v\u1edbi m\u1ea5y n\u00e0ng da d\u1ea7u, da h\u1ed7n h\u1ee3p thi\u00ean d\u1ea7u nha.<\/p>\n<p> \u0110\u1ed1i t\u01b0\u1ee3ng s\u1eed d\u1ee5ng: D\u00e0nh cho m\u1ecdi lo\u1ea1i da, \u0111\u1eb7c bi\u1ec7t l\u00e0 da l\u00e3o h\u00f3a, c\u00f3 n\u1ebfp nh\u0103n v\u00e0 thi\u1ebfu \u0111\u1ec1u m\u00e0u.<br \/>\n H\u01b0\u1edbng d\u1eabn s\u1eed d\u1ee5ng:<\/p>\n<p> R\u1eeda s\u1ea1ch m\u1eb7t v\u00e0 c\u00e2n b\u1eb1ng da v\u1edbi toner.<br \/>\n \u0110\u1eafp mask l\u00ean m\u1eb7t, th\u01b0 gi\u00e3n trong 15\u201320 ph\u00fat.<br \/>\n G\u1ee1 mask, v\u1ed7 nh\u1eb9 \u0111\u1ec3 tinh ch\u1ea5t th\u1ea9m th\u1ea5u, kh\u00f4ng c\u1ea7n r\u1eeda l\u1ea1i.<\/p>\n<p> B\u1ea3o qu\u1ea3n: \u0110\u1ec3 n\u01a1i kh\u00f4 r\u00e1o, tr\u00e1nh \u00e1nh n\u1eafng tr\u1ef1c ti\u1ebfp. \u0110\u1eady k\u00edn sau khi s\u1eed d\u1ee5ng.<\/p>\n<p> \u2705 L\u00dd DO N\u00caN CH\u1eccN BANOBAGI VITA GENIC<\/p>\n<p> Essence Jelly gi\u00e0u d\u01b0\u1ee1ng ch\u1ea5t: ch\u1ee9a t\u1edbi 30ml tinh ch\u1ea5t, \u0111\u1ee7 d\u01b0\u1ee1ng d\u00f9ng th\u00eam cho c\u1ed5 v\u00e0 tay<br \/>\n Hi\u1ec7u qu\u1ea3 th\u1ea5y r\u00f5: da c\u0103ng m\u1ecdng, s\u0103n ch\u1eafc v\u00e0 s\u00e1ng kh\u1ecfe ch\u1ec9 sau 1\u20132 l\u1ea7n d\u00f9ng .<br \/>\n **Ch\u1ea5t li\u1ec7u mask cotton co d\u00e3n v\u1eeba v\u1eb7n, \u00f4m kh\u00edt to\u00e0n khu\u00f4n m\u1eb7t.\u0110\u01b0\u1ee3c tin d\u00f9ng qu\u1ed1c t\u1ebf: Reviews t\u00edch c\u1ef1c, \u0111\u1ea1t \u0111i\u1ec3m cao tr\u00ean Amazon, eBay v\u00e0 c\u00e1c forum ch\u0103m s\u00f3c da<br \/>\n \u2139\ufe0f TH\u00d4NG TIN S\u1ea2N PH\u1ea8M<\/p>\n<p> Th\u01b0\u01a1ng hi\u1ec7u: Banobagi<br \/>\n Xu\u1ea5t x\u1ee9: H\u00e0n Qu\u1ed1c<br \/>\n Tr\u1ecdng l\u01b0\u1ee3ng: 30 g\/t\u00fai (m\u011b\u0323t n\u1ea1 1 l\u1ea7n)<br \/>\n Lo\u1ea1i da: M\u1ecdi lo\u1ea1i, \u0111\u1eb7c bi\u1ec7t da l\u00e3o h\u00f3a, kh\u00f4, m\u1ea5t \u0111\u00e0n h\u1ed3i<br \/>\n Gi\u1edbi t\u00ednh s\u1eed d\u1ee5ng: N\u1eef &#038; Nam<\/p>\n<p> #banobagi #vitagenicmask #matnagiayhanquoc #matnachongnhan #matnatrangda #matnacotton #matnasieungam #matnagiaychinhhang #matnavaoShope<\/p>\n","protected":false},"excerpt":{"rendered":"<p>Banobagi Vita Genic Mask \u2013 m\u1eb7t n\u1ea1 gi\u1ea5y H\u00e0n Qu\u1ed1c gi\u00e0u 11 vitamin v\u00e0 chi\u1ebft xu\u1ea5t t\u1eeb Jeju, mang \u0111\u1ebfn c\u00f4ng d\u1ee5ng ch\u1ed1ng nh\u0103n, d\u01b0\u1ee1ng tr\u1eafng v\u00e0 c\u1ea5p \u1ea9m s\u00e2u ch\u1ec9 trong 15\u201320 ph\u00fat s\u1eed d\u1ee5ng. B\u1ea1n mu\u1ed1n s\u1edf h\u1eefu l\u00e0n da c\u0103ng m\u01b0\u1edbt, \u00edt n\u1ebfp nh\u0103n v\u00e0 \u0111\u1ec1u m\u00e0u t\u1ee9c th\u00ec? M\u1eb7t N\u1ea1 Gi\u1ea5y&#8230;<\/p>\n","protected":false},"featured_media":6367,"comment_status":"open","ping_status":"closed","template":"","meta":[],"product_brand":[1547,1507],"product_cat":[15,1398,1400],"product_tag":[462,463,1742],"class_list":{"0":"post-9358","1":"product","2":"type-product","3":"status-publish","4":"has-post-thumbnail","6":"product_brand-banobagi","7":"product_brand-banobagi-vita-genic","8":"product_cat-chua-phan-loai","9":"product_cat-cham-soc-da","10":"product_cat-mat-na","11":"product_tag-mask","12":"product_tag-mat-na","13":"product_tag-mat-na-duong-da","15":"first","16":"instock","17":"shipping-taxable","18":"purchasable","19":"product-type-simple"},"acf":[],"_links":{"self":[{"href":"https:\/\/thanglongbeauty.vn\/index.php?rest_route=\/wp\/v2\/product\/9358","targetHints":{"allow":["GET"]}}],"collection":[{"href":"https:\/\/thanglongbeauty.vn\/index.php?rest_route=\/wp\/v2\/product"}],"about":[{"href":"https:\/\/thanglongbeauty.vn\/index.php?rest_route=\/wp\/v2\/types\/product"}],"replies":[{"embeddable":true,"href":"https:\/\/thanglongbeauty.vn\/index.php?rest_route=%2Fwp%2Fv2%2Fcomments&post=9358"}],"wp:featuredmedia":[{"embeddable":true,"href":"https:\/\/thanglongbeauty.vn\/index.php?rest_route=\/wp\/v2\/media\/6367"}],"wp:attachment":[{"href":"https:\/\/thanglongbeauty.vn\/index.php?rest_route=%2Fwp%2Fv2%2Fmedia&parent=9358"}],"wp:term":[{"taxonomy":"product_brand","embeddable":true,"href":"https:\/\/thanglongbeauty.vn\/index.php?rest_route=%2Fwp%2Fv2%2Fproduct_brand&post=9358"},{"taxonomy":"product_cat","embeddable":true,"href":"https:\/\/thanglongbeauty.vn\/index.php?rest_route=%2Fwp%2Fv2%2Fproduct_cat&post=9358"},{"taxonomy":"product_tag","embeddable":true,"href":"https:\/\/thanglongbeauty.vn\/index.php?rest_route=%2Fwp%2Fv2%2Fproduct_tag&post=9358"}],"curies":[{"name":"wp","href":"https:\/\/api.w.org\/{rel}","templated":true}]}}