{"id":9359,"date":"2025-10-20T10:42:40","date_gmt":"2025-10-20T10:42:40","guid":{"rendered":"https:\/\/thanglongbeauty.vn\/san-pham\/san-pham-39\/"},"modified":"2026-01-19T04:51:34","modified_gmt":"2026-01-19T04:51:34","slug":"san-pham-39","status":"publish","type":"product","link":"https:\/\/thanglongbeauty.vn\/?product=san-pham-39","title":{"rendered":"M\u1eb7t n\u1ea1 d\u01b0\u1ee1ng da Skinlovers Sambijo c\u0103ng b\u00f3ng, m\u1ecbn m\u00e0ng"},"content":{"rendered":"<p><strong>M\u1eb7t n\u1ea1 d\u01b0\u1ee1ng da Skinlovers Sambijo (h\u1ed9p:10 mi\u1ebfng) B\u00ed quy\u1ebft cho l\u00e0n da c\u0103ng b\u00f3ng, m\u1ecbn m\u00e0ng v\u00e0 ch\u1ed1ng l\u00e3o h\u00f3a hi\u1ec7u qu\u1ea3.<\/strong><\/p>\n<p>L\u1ea7n \u0111\u1ea7u ti\u00ean s\u1ea3n ph\u1ea9m m\u1eb7t n\u1ea1 nh\u1eadp kh\u1ea9u ch\u00ednh h\u00e3ng H\u00e0n Qu\u1ed1c \u0111\u01b0\u1ee3c c\u00f4ng nh\u1eadn c\u00e1c th\u00e0nh ph\u1ea7n cao c\u1ea5p c\u00f9ng c\u00f4ng ngh\u1ec7 \u0111\u1ed9c quy\u1ec1n t\u1eeb ho\u00e0ng cung Seoul, mang \u0111\u1ebfn cho ph\u00e1i \u0111\u1eb9p l\u00e0n da c\u0103ng b\u00f3ng, m\u1ecbn m\u00e0ng.<\/p>\n<p>\u0110\u1eb7c bi\u1ec7t, mi\u1ebfng m\u1eb7t n\u1ea1 c\u00f3 m\u00e0u v\u00e0ng, m\u1ecfng nh\u1eb9 v\u1edbi ch\u1ea5t li\u1ec7u Tencel cao c\u1ea5p s\u1ebd mang \u0111\u1ebfn cho b\u1ea1n tr\u1ea3i nghi\u1ec7m ho\u00e0n to\u00e0n m\u1edbi. C\u00e1c d\u01b0\u1ee1ng ch\u1ea5t s\u1ebd kh\u00f4ng b\u1ecb r\u01a1i r\u1edbt trong qu\u00e1 tr\u00ecnh \u0111\u1eafp, d\u1ec5 d\u00e0nh th\u1ea9m th\u1ea5u s\u00e2u v\u00e0o da.<\/p>\n<p><strong>SAMBIJO c\u00f3 ngh\u0129a l\u00e0 n\u00f3 ch\u1ee9a 3 b\u00ed m\u1eadt v\u1ec1 hi\u1ec7u \u1ee9ng \u0111\u00e0n h\u1ed3i, d\u01b0\u1ee1ng \u1ea9m v\u00e0 l\u00e0m d\u1ecbu da.<br \/>\n+ GYEOLBIJO -&gt; B\u00ed m\u1eadt cho l\u00e0n da s\u1ea1ch v\u00e0 s\u0103n ch\u1eafc.<br \/>\n+ YOUBIJO -&gt; B\u00ed quy\u1ebft cho l\u00e0n da m\u1ec1m m\u1ea1i v\u00e0 \u0111\u00e0n h\u1ed3i.<br \/>\n+ SOONBIJO -&gt; B\u00ed quy\u1ebft l\u00e0m d\u1ecbu da.<\/strong><\/p>\n<h4>C\u00f4ng d\u1ee5ng:<\/h4>\n<p>V\u1edbi s\u1ef1 k\u1ebft h\u1ee3p ho\u00e0n h\u1ea3o c\u1ee7a 28 lo\u1ea1i th\u1ea3o m\u1ed9c qu\u00fd hi\u1ebfm c\u00f9ng th\u00e0nh ph\u1ea7n Collagen th\u1ee7y ph\u00e2n \u0111\u1eaft gi\u00e1, m\u1eb7t n\u1ea1 Sambijo \u0111ang tr\u1edf th\u00e0nh s\u1ea3n ph\u1ea9m \u0111\u01b0\u1ee3c h\u00e0ng tri\u1ec7u ch\u1ecb em ph\u1ee5 n\u1eef tin d\u00f9ng. S\u1eed d\u1ee5ng m\u1eb7t n\u1ea1 Sambijo, b\u1ea1n s\u1ebd nh\u1eadn th\u1ea5y \u0111\u01b0\u1ee3c nh\u1eefng s\u1ef1 thay \u0111\u1ed5i t\u00edch c\u1ef1c tr\u00ean l\u00e0n da b\u1edfi 3 t\u00e1c d\u1ee5ng ch\u00ednh:<\/p>\n<ul>\n<li><strong>X\u00d3A M\u1edc<\/strong>, ng\u0103n ch\u1eb7n h\u00ecnh th\u00e0nh n\u1ebfp nh\u0103n. C\u00e1c n\u1ebfp nh\u0103n s\u1ebd \u0111\u01b0\u1ee3c m\u1edd d\u1ea7n, l\u1ea5p \u0111\u1ea7y v\u00e0 h\u1ea1n ch\u1ebf xu\u1ea5t hi\u1ec7n c\u00e1c \u0111\u01b0\u1eddng nh\u0103n tr\u00ean da.<\/li>\n<li><strong>NU\u00d4I D\u01af\u1ee0NG<\/strong>\u00a0l\u00e0n da m\u1ec1m m\u1ecbn, tr\u1eafng h\u1ed3ng t\u1ef1 nhi\u00ean.<\/li>\n<li><strong>DUY TR\u00cc<\/strong>\u00a0\u0111\u1ed9 \u0111\u00e0n h\u1ed3i, ch\u1ed1ng l\u1ea1i qu\u00e1 tr\u00ecnh l\u00e3o h\u00f3a v\u00e0 t\u1ea1o cho l\u00e0n da c\u0103ng b\u00f3ng, s\u00e1ng m\u1ecbn.<\/li>\n<\/ul>\n<p>H\u01b0\u01a1ng th\u01a1m d\u1ecbu nh\u1eb9 t\u1eeb c\u00e1c lo\u1ea1i th\u1ea3o m\u1ed9c s\u1ebd mang l\u1ea1i c\u1ea3m gi\u00e1c tho\u1ea3i m\u00e1i, d\u1ec5 ch\u1ecbu khi s\u1eed d\u1ee5ng.<\/p>\n<h4>Th\u00e0nh ph\u1ea7n:<\/h4>\n<p>Water, Dipropylene Glycol, Glycerin, 1,2-HexanedioI, Glycereth-26, Betaine, Hydroxyethyl Acrylate\/Sodium Acryloyldimethyl Taurate Copolymer, Acrylates\/C10-30 Alkyl Acrylate Crosspolymer, Arginine, Xanthan Gum, Butylene Glycol, Fragrance, Hydrolyzed Collagen, Centella Asiatica Extract, Propanediol, Phellinus Linteus Extract, Inonotus Obliquus (Mushroom) Extract, Lentinus Edodes Extract, Ganoderma Lucidum (Mushroom) Stem Extract, Propolis Extract, Royal Jelly Extract, Glycyrrhiza Glabra (Licorice) Root Extract, Sophora Angustifolia Root Extract, Angelica Gigas Root Extract, Morus Alba Bark Extract, Cimicifuga Racemosa Root Extract, Paeonia Lactiflora Root Extract, Polygonum Multiflorum Root Extract, Scutellaria Baicalensis Root Extract, Sesamum Indicum (Sesame) Seed Extract, Portulaca Oleracea Extract, Chamomilla Recutita (Matricaria) Flower Extract, Algae Extract, Hamamelis Virginiana (Witch Hazel) Water, Camellia Sinensis Leaf Extract, Lavandula Angustifolia (Lavender) Extract, Paeonia Suffruticosa Flower Water, Betula Alba Bud Extract, Corylus Avellana (Hazelnut) Bud Extract, Olea Europaea (Olive) Bud Extract, Juglans Regia (Walnut) Leaf Extract.<\/p>\n<h4>H\u01b0\u1edbng d\u1eabn s\u1eed d\u1ee5ng:<\/h4>\n<p>\u0110\u1ec3 m\u1eb7t n\u1ea1 ph\u00e1t huy t\u00e1c d\u1ee5ng t\u1ed1t nh\u1ea5t, b\u1ea1n n\u00ean \u0111\u1eafp m\u1eb7t n\u1ea1 sau b\u01b0\u1edbc l\u00e0m s\u1ea1ch da v\u00e0 s\u1eed d\u1ee5ng toner. Sau \u0111\u00f3, l\u1ea5y m\u1ed9t ch\u00fat d\u01b0\u1ee1ng ch\u1ea5t trong g\u00f3i m\u0103t n\u1ea1 thoa \u0111\u1ec1u l\u00ean da. Ti\u1ebfp \u0111\u1ebfn, tr\u1ea3i \u0111\u1ec1u m\u1eb7t n\u1ea1 tr\u00ean da v\u00e0 massage trong 2 ph\u00fat.<br \/>\nSau 15 ph\u00fat, h\u00e3y g\u1ee1 b\u1ecf m\u1eb7t n\u1ea1 v\u00e0 r\u1eeda l\u1ea1i v\u1edbi n\u01b0\u1edbc s\u1ea1ch.<\/p>\n<p><strong>B\u1ea3o qu\u1ea3n:\u00a0<\/strong>B\u1ea3o qu\u1ea3n t\u1ed1t nh\u1ea5t trong nhi\u1ec7t \u0111\u1ed9 ph\u00f2ng, tr\u00e1nh \u00e1nh n\u1eafng tr\u1ef1c ti\u1ebfp t\u1eeb m\u1eb7t tr\u1eddi. Ngo\u00e0i ra, b\u1ea1n c\u00f3 th\u1ec3 b\u1ea3o qu\u1ea3n trong ng\u0103n m\u00e1t t\u1ee7 l\u1ea1nh \u0111\u1ec3 c\u00f3 tr\u1ea3i nghi\u1ec7m t\u1ed1t nh\u1ea5t khi s\u1eed d\u1ee5ng l\u00ean da.<\/p>\n<h4>Th\u00f4ng tin th\u01b0\u01a1ng hi\u1ec7u:<\/h4>\n<p>SAMBIJO l\u00e0 th\u01b0\u01a1ng hi\u1ec7u m\u1ef9 ph\u1ea9m cao c\u1ea5p \u0111\u1ebfn t\u1eeb H\u00e0n Qu\u1ed1c, thu\u1ed9c s\u1edf h\u1eefu c\u1ee7a SKINLOVERS &#8211; c\u00f4ng ty M\u1ef8 PH\u1ea8M chuy\u00ean nghi\u1ec7p h\u00ecnh th\u00e0nh h\u01a1n 30 n\u0103m, n\u1eafm gi\u1eef 28 b\u1eb1ng s\u00e1ng ch\u1ebf c\u00f4ng ngh\u1ec7 l\u00f5i v\u00e0 ch\u1ee9ng nh\u1eadn ti\u00eau chu\u1ea9n qu\u1ed1c t\u1ebf, 35 \u0111\u0103ng k\u00fd thi\u1ebft k\u1ebf v\u00e0 nh\u00e3n hi\u1ec7u trong v\u00e0 ngo\u00e0i n\u01b0\u1edbc. SAMBIJO c\u00f3 ngh\u0129a l\u00e0 ba ch\u1ee9c n\u0103ng: l\u00e1ng m\u1ecbn, d\u01b0\u1ee1ng \u1ea9m v\u00e0 l\u00e0m d\u1ecbu da \u0111\u01b0\u1ee3c thi\u1ebft k\u1ebf trong m\u1ed9t c\u00f4ng th\u1ee9c b\u00ed k\u00edp.<\/p>\n","protected":false},"excerpt":{"rendered":"<p>M\u1eb7t n\u1ea1 d\u01b0\u1ee1ng da Skinlovers Sambijo (h\u1ed9p:10 mi\u1ebfng) B\u00ed quy\u1ebft cho l\u00e0n da c\u0103ng b\u00f3ng, m\u1ecbn m\u00e0ng v\u00e0 ch\u1ed1ng l\u00e3o h\u00f3a hi\u1ec7u qu\u1ea3. L\u1ea7n \u0111\u1ea7u ti\u00ean s\u1ea3n ph\u1ea9m m\u1eb7t n\u1ea1 nh\u1eadp kh\u1ea9u ch\u00ednh h\u00e3ng H\u00e0n Qu\u1ed1c \u0111\u01b0\u1ee3c c\u00f4ng nh\u1eadn c\u00e1c th\u00e0nh ph\u1ea7n cao c\u1ea5p c\u00f9ng c\u00f4ng ngh\u1ec7 \u0111\u1ed9c quy\u1ec1n t\u1eeb ho\u00e0ng cung Seoul, mang \u0111\u1ebfn&#8230;<\/p>\n","protected":false},"featured_media":10061,"comment_status":"open","ping_status":"closed","template":"","meta":[],"product_brand":[1521],"product_cat":[15,1398,1400],"product_tag":[462,463,1742],"class_list":{"0":"post-9359","1":"product","2":"type-product","3":"status-publish","4":"has-post-thumbnail","6":"product_brand-skinlover","7":"product_cat-chua-phan-loai","8":"product_cat-cham-soc-da","9":"product_cat-mat-na","10":"product_tag-mask","11":"product_tag-mat-na","12":"product_tag-mat-na-duong-da","14":"first","15":"instock","16":"shipping-taxable","17":"purchasable","18":"product-type-simple"},"acf":[],"_links":{"self":[{"href":"https:\/\/thanglongbeauty.vn\/index.php?rest_route=\/wp\/v2\/product\/9359","targetHints":{"allow":["GET"]}}],"collection":[{"href":"https:\/\/thanglongbeauty.vn\/index.php?rest_route=\/wp\/v2\/product"}],"about":[{"href":"https:\/\/thanglongbeauty.vn\/index.php?rest_route=\/wp\/v2\/types\/product"}],"replies":[{"embeddable":true,"href":"https:\/\/thanglongbeauty.vn\/index.php?rest_route=%2Fwp%2Fv2%2Fcomments&post=9359"}],"wp:featuredmedia":[{"embeddable":true,"href":"https:\/\/thanglongbeauty.vn\/index.php?rest_route=\/wp\/v2\/media\/10061"}],"wp:attachment":[{"href":"https:\/\/thanglongbeauty.vn\/index.php?rest_route=%2Fwp%2Fv2%2Fmedia&parent=9359"}],"wp:term":[{"taxonomy":"product_brand","embeddable":true,"href":"https:\/\/thanglongbeauty.vn\/index.php?rest_route=%2Fwp%2Fv2%2Fproduct_brand&post=9359"},{"taxonomy":"product_cat","embeddable":true,"href":"https:\/\/thanglongbeauty.vn\/index.php?rest_route=%2Fwp%2Fv2%2Fproduct_cat&post=9359"},{"taxonomy":"product_tag","embeddable":true,"href":"https:\/\/thanglongbeauty.vn\/index.php?rest_route=%2Fwp%2Fv2%2Fproduct_tag&post=9359"}],"curies":[{"name":"wp","href":"https:\/\/api.w.org\/{rel}","templated":true}]}}