{"id":9377,"date":"2025-10-20T10:42:46","date_gmt":"2025-10-20T10:42:46","guid":{"rendered":"https:\/\/thanglongbeauty.vn\/?post_type=product&#038;p=9377"},"modified":"2025-10-28T08:57:09","modified_gmt":"2025-10-28T08:57:09","slug":"import-placeholder-for-3537090016590","status":"publish","type":"product","link":"https:\/\/thanglongbeauty.vn\/?product=import-placeholder-for-3537090016590","title":{"rendered":"N\u01b0\u1edbc t\u1ea9y trang Ph\u00e1p CENTIFOL\u00cdA 500ml*6"},"content":{"rendered":"<p>Th\u01b0\u01a1ng hi\u1ec7u: CentifoliaXu\u1ea5t x\u1ee9: Ph\u00e1pDung t\u00edch: 500mLN\u01b0\u1edbc T\u1ea9y Trang Centifolia Micellaire Water 500mL \u0111\u01b0\u1ee3c chi\u1ebft xu\u1ea5t t\u1eeb nhi\u1ec1u th\u00e0nh ph\u1ea7n h\u1eefu c\u01a1 kh\u00f4ng ch\u1ec9 gi\u00fap b\u1ea1n l\u00e0m s\u1ea1ch b\u1ee5i b\u1ea9n v\u00e0 l\u1edbp trang \u0111i\u1ec3m h\u1eb1ng ng\u00e0y m\u1ed9t c\u00e1ch nhanh ch\u00f3ng m\u00e0 c\u00f2n h\u1ed7 tr\u1ee3 c\u1ea5p \u1ea9m, cho b\u1ea1n l\u00e0n da s\u1ea1ch, m\u1ec1m m\u1ecbn v\u00e0 kh\u1ecfe m\u1ea1nh b\u1ea5t ng\u1edd.<br \/>\n Lo\u1ea1i da ph\u00f9 h\u1ee3p: Ph\u00f9 h\u1ee3p v\u1edbi m\u1ecdi lo\u1ea1i da, k\u1ec3 c\u1ea3 da nh\u1ea1y c\u1ea3m<br \/>\n M\u00f4 t\u1ea3 s\u1ea3n ph\u1ea9m:<br \/>\n C\u00f4ng ngh\u1ec7 Micellar, gi\u00fap t\u1ea9y \u0111i l\u1edbp trang \u0111i\u1ec3m, b\u1ee5i b\u1ea9n v\u00e0 b\u00e3 nh\u1eddn tr\u00ean da m\u1ed9t c\u00e1ch nh\u1eb9 nh\u00e0ng, gi\u1eef cho l\u00e0n da \u0111\u01b0\u1ee3c s\u1ea1ch s\u1ebd, th\u00f4ng tho\u00e1ng.Chi\u1ebft xu\u1ea5t t\u1eeb c\u00e2y b\u1ea1ch qu\u1ea3 v\u00e0 l\u00f4 h\u1ed9i n\u00e2ng niu l\u00e0n da c\u1ee7a b\u1ea1n, l\u00e0m d\u1ecbu da, \u0111\u1ed3ng th\u1eddi k\u00edch th\u00edch t\u1ebf b\u00e0o da m\u1edbi, gi\u00fap da m\u1ecbn m\u00e0ng, t\u0103ng \u0111\u1ed9 \u0111\u00e0n h\u1ed3i cho da.Vitamin E gi\u00fap da m\u1ecbn m\u00e0ng, l\u00e0m m\u1ec1m v\u00f9ng da th\u00f4, s\u1ea7n s\u00f9i.Cung c\u1ea5p \u0111\u1ed9 \u1ea9m c\u1ea7n thi\u1ebft cho da, tr\u00e1nh hi\u1ec7n t\u01b0\u1ee3ng b\u1ecb kh\u00f4, bong tr\u00f3c do s\u1eed d\u1ee5ng m\u1ef9 ph\u1ea9m trang \u0111i\u1ec3m qu\u00e1 l\u00e2u.Ng\u0103n ch\u1eb7n l\u00e3o h\u00f3a t\u1eeb s\u00e2u b\u00ean trong, ch\u1ea5t ch\u1ed1ng oxy h\u00f3a gi\u00fap da kh\u1ecfe m\u1ea1nh, b\u1ea3o v\u1ec7 da ho\u00e0n h\u1ea3o tr\u01b0\u1edbc c\u00e1c th\u00e0nh ph\u1ea7n h\u00f3a h\u1ecdc \u0111\u1ed9c h\u1ea1i t\u1eeb m\u1ef9 ph\u1ea9m trang \u0111i\u1ec3m.Ng\u0103n ch\u1eb7n nguy c\u01a1 h\u00ecnh th\u00e0nh m\u1ee5n tr\u1ee9ng c\u00e1.C\u00f3 th\u1ec3 t\u1ea9y trang v\u00f9ng m\u1eaft, m\u00f4i r\u1ea5t an to\u00e0n.H\u01b0\u1edbng d\u1eabn s\u1eed d\u1ee5ng:<br \/>\n \u0110\u1ed5 m\u1ed9t l\u01b0\u1ee3ng v\u1eeba \u0111\u1ee7 ra b\u00f4ng t\u1ea9y trang.Lau nh\u1eb9 nh\u00e0ng l\u00ean t\u1eebng v\u00f9ng tr\u00ean da theo h\u01b0\u1edbng t\u1eeb trong ra ngo\u00e0i t\u1eeb d\u01b0\u1edbi b\u00ean tr\u00ean.R\u1eeda m\u1eb7t l\u1ea1i v\u1edbi s\u1eeda r\u1eeda m\u1eb7t v\u00e0 ti\u1ebfp t\u1ee5c c\u00e1c b\u01b0\u1edbc d\u01b0\u1ee1ng da h\u1eb1ng ng\u00e0y.L\u01b0u \u00fd: Th\u00e0nh ph\u1ea7n v\u00e0 bao b\u00ec c\u1ee7a s\u1ea3n ph\u1ea9m c\u00f3 th\u1ec3 thay \u0111\u1ed5i \u00edt nhi\u1ec1u tu\u1ef3 theo l\u00f4 h\u00e0ng nh\u1eadp t\u1eeb H\u00e3ng.<\/p>\n","protected":false},"excerpt":{"rendered":"<p>Th\u01b0\u01a1ng hi\u1ec7u: CentifoliaXu\u1ea5t x\u1ee9: Ph\u00e1pDung t\u00edch: 500mLN\u01b0\u1edbc T\u1ea9y Trang Centifolia Micellaire Water 500mL \u0111\u01b0\u1ee3c chi\u1ebft xu\u1ea5t t\u1eeb nhi\u1ec1u th\u00e0nh ph\u1ea7n h\u1eefu c\u01a1 kh\u00f4ng ch\u1ec9 gi\u00fap b\u1ea1n l\u00e0m s\u1ea1ch b\u1ee5i b\u1ea9n v\u00e0 l\u1edbp trang \u0111i\u1ec3m h\u1eb1ng ng\u00e0y m\u1ed9t c\u00e1ch nhanh ch\u00f3ng m\u00e0 c\u00f2n h\u1ed7 tr\u1ee3 c\u1ea5p \u1ea9m, cho b\u1ea1n l\u00e0n da s\u1ea1ch, m\u1ec1m m\u1ecbn v\u00e0 kh\u1ecfe&#8230;<\/p>\n","protected":false},"featured_media":7813,"comment_status":"open","ping_status":"closed","template":"","meta":[],"product_brand":[1583],"product_cat":[15,1398,1488,1399],"product_tag":[],"class_list":{"0":"post-9377","1":"product","2":"type-product","3":"status-publish","4":"has-post-thumbnail","6":"product_brand-centifolia","7":"product_cat-chua-phan-loai","8":"product_cat-cham-soc-da","9":"product_cat-cham-soc-mat","10":"product_cat-nuoc-tay-trang","12":"first","13":"outofstock","14":"shipping-taxable","15":"purchasable","16":"product-type-simple"},"acf":[],"_links":{"self":[{"href":"https:\/\/thanglongbeauty.vn\/index.php?rest_route=\/wp\/v2\/product\/9377","targetHints":{"allow":["GET"]}}],"collection":[{"href":"https:\/\/thanglongbeauty.vn\/index.php?rest_route=\/wp\/v2\/product"}],"about":[{"href":"https:\/\/thanglongbeauty.vn\/index.php?rest_route=\/wp\/v2\/types\/product"}],"replies":[{"embeddable":true,"href":"https:\/\/thanglongbeauty.vn\/index.php?rest_route=%2Fwp%2Fv2%2Fcomments&post=9377"}],"wp:featuredmedia":[{"embeddable":true,"href":"https:\/\/thanglongbeauty.vn\/index.php?rest_route=\/wp\/v2\/media\/7813"}],"wp:attachment":[{"href":"https:\/\/thanglongbeauty.vn\/index.php?rest_route=%2Fwp%2Fv2%2Fmedia&parent=9377"}],"wp:term":[{"taxonomy":"product_brand","embeddable":true,"href":"https:\/\/thanglongbeauty.vn\/index.php?rest_route=%2Fwp%2Fv2%2Fproduct_brand&post=9377"},{"taxonomy":"product_cat","embeddable":true,"href":"https:\/\/thanglongbeauty.vn\/index.php?rest_route=%2Fwp%2Fv2%2Fproduct_cat&post=9377"},{"taxonomy":"product_tag","embeddable":true,"href":"https:\/\/thanglongbeauty.vn\/index.php?rest_route=%2Fwp%2Fv2%2Fproduct_tag&post=9377"}],"curies":[{"name":"wp","href":"https:\/\/api.w.org\/{rel}","templated":true}]}}