{"id":9382,"date":"2025-10-20T10:42:47","date_gmt":"2025-10-20T10:42:47","guid":{"rendered":"https:\/\/thanglongbeauty.vn\/?post_type=product&#038;p=9382"},"modified":"2026-03-23T11:07:39","modified_gmt":"2026-03-23T11:07:39","slug":"phan-thom-diu-nhe-purren-baby-175g-do","status":"publish","type":"product","link":"https:\/\/thanglongbeauty.vn\/?product=phan-thom-diu-nhe-purren-baby-175g-do","title":{"rendered":"Ph\u1ea5n r\u00f4m Purren \u0111\u1eb7c tr\u1ecb r\u00f4m s\u1ea3y 175gr (\u0111\u1ecf)"},"content":{"rendered":"<p>PH\u1ea4N G\u00d4M S\u1ea2Y PUREEN l\u00e0 lo\u1ea1i ph\u1ea5n kh\u00e1ng khu\u1ea9n v\u1edbi t\u00ednh n\u0103ng ch\u1ed1ng d\u1ecb \u1ee9ng v\u00e0 m\u1ea9n ng\u1ee9a tr\u00ean da tr\u1ebb m\u1ed9t c\u00e1ch hi\u1ec7u qu\u1ea3 nh\u1ea5t m\u00e0 kh\u00f4ng g\u00e2y kh\u00f4 r\u00e1p\/ng\u1ee9a &#038; kh\u00f3 ch\u1ecbu da. V\u1edbi th\u00e0nh ph\u1ea7n \u0111\u01b0\u1ee3c \u0111i\u1ec1u ch\u1ebf theo c\u00f4ng th\u1ee9c \u0111\u1eb7c bi\u1ec7t gi\u00fap ph\u00f2ng ng\u1eeba c\u00e1c v\u1ea5n \u0111\u1ec1 v\u1ec1 r\u00f4m s\u1ea9y, m\u1ea9n ng\u1ee9a do \u0111\u00f3ng b\u1ec9m th\u01b0\u1eddng g\u1eb7p \u1edf tr\u1ebb nh\u1ecf. D\u00f9ng \u0111\u01b0\u1ee3c cho c\u1ea3 da nh\u1ea1y c\u1ea3m. S\u1ea3n ph\u1ea9m \u0111\u01b0\u1ee3c \u0111\u0103ng k\u00fd b\u1edfi vi\u1ec7n nghi\u00ean c\u1ee9u Pure Labs, NewYork, Hoa K\u1ef3 v\u00e0 ch\u1ee9ng nh\u1eadn l\u00e2m s\u00e0ng v\u1ec1 m\u1eb7t nh\u1eb9 d\u1ecbu theo ti\u00eau chu\u1ea9n v\u00e0 ch\u1ec9 ti\u00eau ch\u1ea5t l\u01b0\u1ee3ng c\u1ee7a M\u1ef9.<\/p>\n<p> *H\u01b0\u1edbng d\u1eabn s\u1eed d\u1ee5ng:<br \/>\n &#8211; R\u1eafc ph\u1ea5n v\u00e0o trong l\u00f2ng b\u00e0n tay c\u1ee7a b\u1ea1n, sau \u0111\u00f3 thoa \u0111\u1ec1u l\u00ean da b\u00e9.<br \/>\n &#8211; S\u1eed d\u1ee5ng sau khi t\u1eafm thoa v\u00e0o c\u00e1c v\u00f9ng n\u1ebfp nh\u0103n nh\u01b0 v\u00f9ng c\u1ed5, n\u00e1ch, b\u1eb9n, khe \u0111\u00f9i. <\/p>\n<p> *Ch\u00fa \u00fd:<br \/>\n &#8211; Ch\u1ec9 d\u00f9ng ngo\u00e0i da. Kh\u00f4ng s\u1eed d\u1ee5ng tr\u00ean nh\u1eefng v\u00f9ng da b\u1ecb t\u1ed5n th\u01b0\u01a1ng.<br \/>\n &#8211; Khi thoa ph\u1ea5n l\u01b0u \u00fd kh\u00f4ng \u0111\u1ec3 ph\u1ea5n bay v\u00e0o m\u0169i, m\u1eaft v\u00e0 mi\u1ec7ng b\u00e9.<br \/>\n &#8211; Tr\u1ecdng l\u01b0\u1ee3ng 50g\/175g.<\/p>\n<p> *B\u1ea3o qu\u1ea3n n\u01a1i kh\u00f4 r\u00e1o, tr\u00e1nh \u00e1nh n\u1eafng tr\u1ef1c ti\u1ebfp. \u0110\u00f3ng ch\u1eb7t n\u1eafp sau m\u1ed7i l\u1ea7n s\u1eed d\u1ee5ng, tr\u00e1nh xa t\u1ea7m tay tr\u1ebb em.<br \/>\n *H\u1ea1n s\u1eed d\u1ee5ng: 36 th\u00e1ng k\u1ec3 t\u1eeb ng\u00e0y s\u1ea3n xu\u1ea5t. Ng\u00e0y s\u1ea3n xu\u1ea5t xem tr\u00ean v\u1ecf h\u1ed9p.<\/p>\n<p> *Th\u00f4ng tin th\u01b0\u01a1ng hi\u1ec7u:<br \/>\n Pureen l\u00e0 nh\u00e3n hi\u1ec7u ch\u0103m s\u00f3c m\u1eb9 v\u00e0 b\u00e9 n\u1ed5i ti\u1ebfng h\u00e0ng \u0111\u1ea7u Hoa K\u1ef3. C\u00e1c s\u1ea3n ph\u1ea9m c\u1ee7a Pureen \u0111\u00e3 \u0111\u01b0\u1ee3c ch\u1ee9ng minh v\u1ec1 \u0111\u1ed9 d\u1ecbu nh\u1eb9, kh\u00f4ng cay m\u1eaft v\u00e0 an to\u00e0n b\u1edfi vi\u1ec7n nghi\u00ean c\u1ee9u Pure Laboratories. V\u1edbi s\u1ef1 phong ph\u00fa v\u1ec1 s\u1ea3n ph\u1ea9m, m\u00f9i h\u01b0\u01a1ng. Pureen \u0111\u00e3 chinh ph\u1ee5c \u0111\u01b0\u1ee3c h\u1ea7u h\u1ebft nh\u1eefng kh\u00e1ch h\u00e0ng kh\u00f3 t\u00ednh nh\u1ea5t. S\u1ea3n ph\u1ea9m \u0111\u01b0\u1ee3c nh\u1eadp kh\u1ea9u v\u00e0 ph\u00e2n ph\u1ed1i \u0111\u1ed9c quy\u1ec1n t\u1ea1i th\u1ecb tr\u01b0\u1eddng Vi\u1ec7t Nam b\u1edfi C\u00f4ng Ty C\u1ed5 Ph\u1ea7n Th\u01b0\u01a1ng M\u1ea1i Imexco Vi\u1ec7t Nam.<br \/>\n Xu\u1ea5t x\u1ee9 th\u01b0\u01a1ng hi\u1ec7u: Hoa K\u1ef3<br \/>\n S\u1ea3n xu\u1ea5t t\u1ea1i: Malaysia<br \/>\n PUREEN THINKING ABOUT BABY AND YOU<\/p>\n","protected":false},"excerpt":{"rendered":"<p>PH\u1ea4N G\u00d4M S\u1ea2Y PUREEN l\u00e0 lo\u1ea1i ph\u1ea5n kh\u00e1ng khu\u1ea9n v\u1edbi t\u00ednh n\u0103ng ch\u1ed1ng d\u1ecb \u1ee9ng v\u00e0 m\u1ea9n ng\u1ee9a tr\u00ean da tr\u1ebb m\u1ed9t c\u00e1ch hi\u1ec7u qu\u1ea3 nh\u1ea5t m\u00e0 kh\u00f4ng g\u00e2y kh\u00f4 r\u00e1p\/ng\u1ee9a &#038; kh\u00f3 ch\u1ecbu da. V\u1edbi th\u00e0nh ph\u1ea7n \u0111\u01b0\u1ee3c \u0111i\u1ec1u ch\u1ebf theo c\u00f4ng th\u1ee9c \u0111\u1eb7c bi\u1ec7t gi\u00fap ph\u00f2ng ng\u1eeba c\u00e1c v\u1ea5n \u0111\u1ec1 v\u1ec1 r\u00f4m s\u1ea9y,&#8230;<\/p>\n","protected":false},"featured_media":7747,"comment_status":"open","ping_status":"closed","template":"","meta":[],"product_brand":[],"product_cat":[15,1392,1686],"product_tag":[],"class_list":{"0":"post-9382","1":"product","2":"type-product","3":"status-publish","4":"has-post-thumbnail","6":"product_cat-chua-phan-loai","7":"product_cat-me-va-be","8":"product_cat-phan-rom","10":"first","11":"onbackorder","12":"shipping-taxable","13":"purchasable","14":"product-type-simple"},"acf":[],"_links":{"self":[{"href":"https:\/\/thanglongbeauty.vn\/index.php?rest_route=\/wp\/v2\/product\/9382","targetHints":{"allow":["GET"]}}],"collection":[{"href":"https:\/\/thanglongbeauty.vn\/index.php?rest_route=\/wp\/v2\/product"}],"about":[{"href":"https:\/\/thanglongbeauty.vn\/index.php?rest_route=\/wp\/v2\/types\/product"}],"replies":[{"embeddable":true,"href":"https:\/\/thanglongbeauty.vn\/index.php?rest_route=%2Fwp%2Fv2%2Fcomments&post=9382"}],"wp:featuredmedia":[{"embeddable":true,"href":"https:\/\/thanglongbeauty.vn\/index.php?rest_route=\/wp\/v2\/media\/7747"}],"wp:attachment":[{"href":"https:\/\/thanglongbeauty.vn\/index.php?rest_route=%2Fwp%2Fv2%2Fmedia&parent=9382"}],"wp:term":[{"taxonomy":"product_brand","embeddable":true,"href":"https:\/\/thanglongbeauty.vn\/index.php?rest_route=%2Fwp%2Fv2%2Fproduct_brand&post=9382"},{"taxonomy":"product_cat","embeddable":true,"href":"https:\/\/thanglongbeauty.vn\/index.php?rest_route=%2Fwp%2Fv2%2Fproduct_cat&post=9382"},{"taxonomy":"product_tag","embeddable":true,"href":"https:\/\/thanglongbeauty.vn\/index.php?rest_route=%2Fwp%2Fv2%2Fproduct_tag&post=9382"}],"curies":[{"name":"wp","href":"https:\/\/api.w.org\/{rel}","templated":true}]}}