{"id":9384,"date":"2025-10-20T10:42:47","date_gmt":"2025-10-20T10:42:47","guid":{"rendered":"https:\/\/thanglongbeauty.vn\/san-pham\/san-pham-51\/"},"modified":"2026-03-23T09:40:58","modified_gmt":"2026-03-23T09:40:58","slug":"san-pham-51","status":"publish","type":"product","link":"https:\/\/thanglongbeauty.vn\/?product=san-pham-51","title":{"rendered":"N\u01b0\u1edbc T\u1ea9y Trang Garnier Cho Da Kh\u00f4 400ml V\u00e0ng"},"content":{"rendered":"<p>N\u01b0\u1edbc T\u1ea9y Trang Garnier Micellar Cleansing Water l\u00e0 d\u00f2ng s\u1ea3n ph\u1ea9m t\u1ea9y trang n\u1ed5i ti\u1ebfng \u0111\u1ebfn t\u1eeb th\u01b0\u01a1ng hi\u1ec7u Garnier c\u1ee7a Ph\u00e1p, s\u1eed d\u1ee5ng c\u00f4ng ngh\u1ec7 Micelles (Micellar Technology) c\u00f3 ch\u1ee9a c\u00e1c ph\u00e2n t\u1eed mi-xen ho\u1ea1t \u0111\u1ed9ng theo c\u01a1 ch\u1ebf nam ch\u00e2m gi\u00fap nh\u1eb9 nh\u00e0ng l\u00e0m s\u1ea1ch da v\u00e0 l\u1ea5y \u0111i b\u1ee5i b\u1ea9n, c\u1eb7n trang \u0111i\u1ec3m v\u00e0 d\u1ea7u th\u1eeba s\u00e2u b\u00ean trong l\u1ed7 ch\u00e2n l\u00f4ng m\u00e0 kh\u00f4ng g\u00e2y kh\u00f4 da.<br \/>\n N\u01b0\u1edbc L\u00e0m S\u1ea1ch V\u00e0 T\u1ea9y Trang Cho M\u1ecdi Lo\u1ea1i Da Garnier Micellar Cleansing Water 400ml hi\u1ec7n \u0111\u00e3 c\u00f3 4 ph\u00e2n lo\u1ea1i d\u00e0nh cho t\u1eebng v\u1ea5n \u0111\u1ec1 da ri\u00eang bi\u1ec7t:<\/p>\n<p> N\u01b0\u1edbc T\u1ea9y Trang Garnier Micellar Oil Infused Cleansing Water 400ml: d\u00e0nh cho da trang \u0111i\u1ec3m, gi\u00fap l\u00e0m s\u1ea1ch s\u00e2u da.N\u01b0\u1edbc T\u1ea9y Trang Garnier Micellar Cleansing Water Vitamin C 400ml: d\u00e0nh cho da s\u1ea1m m\u00e0u, gi\u00fap l\u00e0m s\u00e1ng da, h\u1ed7 tr\u1ee3 m\u1edd th\u00e2m n\u00e1m.N\u01b0\u1edbc T\u1ea9y Trang Garnier Micellar Cleansing Water Salicilyc BHA For Dull &#038; Acne-Prone Skin 400ml: d\u00e0nh cho da d\u1ea7u &#038; m\u1ee5n.N\u01b0\u1edbc T\u1ea9y Trang Garnier Micellar Cleansing Water For Sensitive Skin 400ml: d\u00e0nh cho da nh\u1ea1y c\u1ea3m.1. N\u01b0\u1edbc T\u1ea9y Trang Garnier Skin Naturals Micellar Oil-Infused Cleansing WaterVi\u1ec7c t\u1ea9y trang sau m\u1ed9t ng\u00e0y d\u00e0i m\u1ec7t m\u1ecfi gi\u1edd \u0111\u00e2y th\u1eadt d\u1ec5 d\u00e0ng v\u1edbi Garnier Skin Naturals Micellar Oil-Infused Cleansing Water S\u1ea3n ph\u1ea9m \u1ee9ng d\u1ee5ng c\u00f4ng ngh\u1ec7 Micelles k\u1ebft h\u1ee3p c\u00f9ng d\u1ea7u Argan gi\u00fap l\u00e0m s\u1ea1ch s\u00e2u v\u00e0 lo\u1ea1i b\u1ecf to\u00e0n b\u1ed9 l\u1edbp trang \u0111i\u1ec3m, k\u1ec3 c\u1ea3 l\u1edbp trang \u0111i\u1ec3m kh\u00f4ng th\u1ea5m n\u01b0\u1edbc c\u1ee9ng \u0111\u1ea7u nh\u1ea5t. C\u00f4ng th\u1ee9c \u0111\u1ed9c \u0111\u00e1o d\u1ec5 d\u00e0ng th\u1ea9m th\u1ea5u, gi\u00fap nu\u00f4i d\u01b0\u1ee1ng l\u00e0n da m\u1ec1m m\u1ea1i v\u00e0 \u1ea9m m\u1ecbn sau khi t\u1ea9y trang m\u00e0 kh\u00f4ng \u0111\u1ec3 l\u1ea1i c\u1ea3m gi\u00e1c nh\u1eddn d\u00ednh.<\/p>\n<p> Lo\u1ea1i da ph\u00f9 h\u1ee3p:S\u1ea3n ph\u1ea9m ph\u00f9 h\u1ee3p cho m\u1ecdi lo\u1ea1i da, \u0111\u1eb7c bi\u1ec7t l\u00e0 da kh\u00f4.<br \/>\n Gi\u1ea3i ph\u00e1p cho t\u00ecnh tr\u1ea1ng da:<br \/>\n Da thi\u1ebfu \u1ea9m \u2013 thi\u1ebfu n\u01b0\u1edbc, d\u1ec5 kh\u00f4 c\u0103ng, th\u00f4 r\u00e1p sau khi t\u1ea9y trang.<br \/>\n Da trang \u0111i\u1ec3m, \u0111\u1eb7c bi\u1ec7t l\u00e0 s\u1ea3n ph\u1ea9m trang \u0111i\u1ec3m l\u00e2u tr\u00f4i, ch\u1ed1ng th\u1ea5m n\u01b0\u1edbc.<\/p>\n<p> \u01afu th\u1ebf n\u1ed5i b\u1eadt:S\u1eed d\u1ee5ng c\u00f4ng ngh\u1ec7 Micelles (Micellar Technology) \u2013 ph\u00e2n t\u1eed Micelles l\u1ea5y \u0111i b\u1ee5i b\u1ea9n s\u00e2u b\u00ean trong l\u1ed7 ch\u00e2n l\u00f4ng theo c\u01a1 ch\u1ebf ho\u1ea1t \u0111\u1ed9ng c\u1ee7a nam ch\u00e2m khi lau nh\u1eb9 tr\u00ean da m\u00e0 kh\u00f4ng c\u1ea7n ch\u00e0 x\u00e1t.<br \/>\n B\u1ed5 sung d\u1ea7u h\u1ea1t Argan thi\u00ean nhi\u00ean c\u00f3 t\u00e1c d\u1ee5ng l\u1ea5y \u0111i c\u1eb7n b\u1ea9n trang \u0111i\u1ec3m v\u00e0 d\u01b0\u1ee1ng \u1ea9m cho da.L\u00e0m s\u1ea1ch hi\u1ec7u qu\u1ea3 k\u1ec3 c\u1ea3 l\u1edbp trang \u0111i\u1ec3m kh\u00f4ng th\u1ea5m n\u01b0\u1edbc (waterproof).K\u1ebft c\u1ea5u kh\u00f4ng nh\u1eddn, kh\u00f4ng b\u1ebft d\u00ednh, ph\u00f9 h\u1ee3p v\u1edbi m\u1ecdi lo\u1ea1i da.C\u00f4ng th\u1ee9c kh\u00f4ng ch\u1ee9a c\u1ed3n, kh\u00f4ng g\u00e2y k\u00edch \u1ee9ng da.2. N\u01b0\u1edbc T\u1ea9y Trang Garnier Skin Naturals Salicilyc BHA Cleansing WaterGarnier Skin Naturals Salicilyc BHA Cleansing Water l\u00e0 d\u00f2ng s\u1ea3n ph\u1ea9m n\u01b0\u1edbc l\u00e0m s\u1ea1ch v\u00e0 t\u1ea9y trang \u0111a n\u0103ng \u0111\u01b0\u1ee3c thi\u1ebft k\u1ebf chuy\u00ean bi\u1ec7t d\u00e0nh cho da d\u1ea7u &#038; m\u1ee5n, gi\u00fap l\u00e0m s\u1ea1ch hi\u1ec7u qu\u1ea3 m\u00e0 kh\u00f4ng g\u00e2y k\u00edch \u1ee9ng hay t\u1ed5n th\u01b0\u01a1ng cho l\u00e0n da c\u1ee7a b\u1ea1n. V\u1edbi c\u00f4ng d\u1ee5ng ch\u0103m s\u00f3c da 3 trong 1, b\u1ea1n c\u00f3 th\u1ec3 s\u1eed d\u1ee5ng Garnier Micellar Water nh\u01b0 m\u1ed9t s\u1ea3n ph\u1ea9m l\u00e0m s\u1ea1ch da, toner ho\u1eb7c t\u1ea9y trang. S\u1ea3n ph\u1ea9m d\u00f9ng \u0111\u01b0\u1ee3c cho da m\u1eb7t, m\u1eaft &#038; m\u00f4i.<\/p>\n<p> C\u00f4ng th\u1ee9c ch\u1ee9a c\u00e1c ph\u00e2n t\u1eed mi-xen ho\u1ea1t \u0111\u1ed9ng nh\u01b0 m\u1ed9t th\u1ecfi nam ch\u00e2m t\u1ef1 \u0111\u1ed9ng gi\u00fap h\u00fat s\u1ea1ch c\u1eb7n trang \u0111i\u1ec3m, b\u1ee5i b\u1ea9n v\u00e0 d\u1ea7u th\u1eeba hi\u1ec7u qu\u1ea3 m\u00e0 kh\u00f4ng c\u1ea7n ch\u00e0 x\u00e1t m\u1ea1nh, kh\u00f4ng c\u1ea7n r\u1eeda l\u1ea1i v\u1edbi n\u01b0\u1edbc. L\u00e0n da sau khi \u0111\u01b0\u1ee3c l\u00e0m s\u1ea1ch tr\u1edf n\u00ean tho\u00e1ng nh\u1eb9, t\u01b0\u01a1i m\u00e1t, kh\u00f4ng h\u1ec1 nh\u1eddn d\u00ednh m\u00e0 v\u1eabn duy tr\u00ec \u0111\u01b0\u1ee3c \u0111\u1ed9 \u1ea9m t\u1ef1 nhi\u00ean, kh\u00f4ng g\u00e2y k\u00edch \u1ee9ng da.<\/p>\n<p> Lo\u1ea1i da ph\u00f9 h\u1ee3p:<br \/>\n S\u1ea3n ph\u1ea9m ph\u00f9 h\u1ee3p cho da d\u1ea7u, h\u1ed7n h\u1ee3p thi\u00ean d\u1ea7u.<br \/>\n Gi\u1ea3i ph\u00e1p cho t\u00ecnh tr\u1ea1ng da:<br \/>\n Da d\u1ea7u th\u1eeba \u2013 l\u1ed7 ch\u00e2n l\u00f4ng to<br \/>\n Da m\u1ee5n ho\u1eb7c d\u1ec5 n\u1ed5i m\u1ee5n<br \/>\n \u01afu th\u1ebf n\u1ed5i b\u1eadt:S\u1eed d\u1ee5ng c\u00f4ng ngh\u1ec7 Micelles (Micellar Technology) \u2013 ph\u00e2n t\u1eed Micelles l\u1ea5y \u0111i b\u1ee5i b\u1ea9n s\u00e2u b\u00ean trong l\u1ed7 ch\u00e2n l\u00f4ng theo c\u01a1 ch\u1ebf ho\u1ea1t \u0111\u1ed9ng c\u1ee7a nam ch\u00e2m khi lau nh\u1eb9 tr\u00ean da m\u00e0 kh\u00f4ng c\u1ea7n ch\u00e0 x\u00e1t.Th\u00e0nh ph\u1ea7n BHA Salicylic Acid: Gi\u00fap ki\u1ec3m so\u00e1t d\u1ea7u th\u1eeba v\u00e0 h\u1ed7 tr\u1ee3 c\u1ea3i thi\u1ec7n t\u00ecnh tr\u1ea1ng m\u1ee5n.L\u00e0m s\u1ea1ch s\u00e2u da v\u00e0 lo\u1ea1i b\u1ecf d\u1ea7u th\u1eeba hi\u1ec7u qu\u1ea3 \u2013 m\u1ed9t trong nh\u1eefng nguy\u00ean nh\u00e2n g\u00e2y n\u00ean t\u00ecnh tr\u1ea1ng m\u1ee5n, gi\u00fap l\u1ed7 ch\u00e2n l\u00f4ng th\u00f4ng tho\u00e1ng, gi\u1ea3m thi\u1ec3u b\u00edt t\u1eafc.Kh\u00f4ng ch\u1ee9a h\u01b0\u01a1ng li\u1ec7u, kh\u00f4ng g\u00e2y k\u00edch \u1ee9ng da.K\u1ebft c\u1ea5u l\u1ecfng nh\u1eb9, t\u01b0\u01a1i m\u00e1t, kh\u00f4ng b\u1ebft d\u00ednh, kh\u00f4ng c\u1ea7n r\u1eeda l\u1ea1i v\u1edbi n\u01b0\u1edbc.3. N\u01b0\u1edbc T\u1ea9y Trang Garnier Micellar Cleansing Water For Sensitive Skin 400mlGarnier Micellar Cleansing Water For Sensitive Skin l\u00e0 d\u00f2ng s\u1ea3n ph\u1ea9m n\u01b0\u1edbc l\u00e0m s\u1ea1ch v\u00e0 t\u1ea9y trang \u0111a n\u0103ng \u0111\u01b0\u1ee3c thi\u1ebft k\u1ebf chuy\u00ean bi\u1ec7t d\u00e0nh cho l\u00e0n da nh\u1ea1y c\u1ea3m, gi\u00fap l\u00e0m s\u1ea1ch hi\u1ec7u qu\u1ea3 m\u00e0 kh\u00f4ng g\u00e2y t\u1ed5n h\u1ea1i cho l\u00e0n da c\u1ee7a b\u1ea1n. S\u1ea3n ph\u1ea9m ch\u0103m s\u00f3c da 3 trong 1 n\u00e0y c\u00f3 th\u1ec3 \u0111\u01b0\u1ee3c s\u1eed d\u1ee5ng nh\u01b0 m\u1ed9t s\u1ea3n ph\u1ea9m l\u00e0m s\u1ea1ch, toner ho\u1eb7c t\u1ea9y trang \u2013 v\u1edbi c\u00f4ng ngh\u1ec7 Micelles ch\u1ee9a c\u00e1c h\u1ea1t ph\u00e2n t\u1eed mi-xen gi\u00fap lo\u1ea1i b\u1ecf b\u1ee5i b\u1ea9n, d\u1ea7u th\u1eeba v\u00e0 l\u1edbp trang \u0111i\u1ec3m theo c\u01a1 ch\u1ebf ho\u1ea1t \u0111\u1ed9ng c\u1ee7a nam ch\u00e2m m\u00e0 kh\u00f4ng c\u1ea7n ch\u00e0 x\u00e1t m\u1ea1nh, kh\u00f4ng c\u1ea7n r\u1eeda l\u1ea1i v\u1edbi n\u01b0\u1edbc. C\u00f4ng th\u1ee9c kh\u00f4ng ch\u1ee9a c\u1ed3n &#038; h\u01b0\u01a1ng li\u1ec7u, kh\u00f4ng g\u00e2y d\u1ecb \u1ee9ng, th\u00edch h\u1ee3p cho da nh\u1ea1y c\u1ea3m.<\/p>\n<p> Lo\u1ea1i da ph\u00f9 h\u1ee3p:<br \/>\n S\u1ea3n ph\u1ea9m ph\u00f9 h\u1ee3p cho da nh\u1ea1y c\u1ea3m.<br \/>\n Gi\u1ea3i ph\u00e1p cho t\u00ecnh tr\u1ea1ng da:<br \/>\n Da nh\u1ea1y c\u1ea3m \u2013 k\u00edch \u1ee9ng<br \/>\n \u01afu th\u1ebf n\u1ed5i b\u1eadt:S\u1eed d\u1ee5ng c\u00f4ng ngh\u1ec7 Micelles (Micellar Technology) \u2013 ph\u00e2n t\u1eed Micelles l\u1ea5y \u0111i b\u1ee5i b\u1ea9n s\u00e2u b\u00ean trong l\u1ed7 ch\u00e2n l\u00f4ng theo c\u01a1 ch\u1ebf ho\u1ea1t \u0111\u1ed9ng c\u1ee7a nam ch\u00e2m khi lau nh\u1eb9 tr\u00ean da m\u00e0 kh\u00f4ng c\u1ea7n ch\u00e0 x\u00e1t.<br \/>\n L\u00e0m s\u1ea1ch da d\u1ecbu nh\u1eb9, lo\u1ea1i b\u1ecf b\u1ee5i b\u1ea9n, d\u1ea7u th\u1eeba v\u00e0 l\u1edbp trang \u0111i\u1ec3m hi\u1ec7u qu\u1ea3.<br \/>\n Kh\u00f4ng ch\u1ee9a c\u1ed3n &#038; h\u01b0\u01a1ng li\u1ec7u, kh\u00f4ng g\u00e2y k\u00edch \u1ee9ng da.<br \/>\n K\u1ebft c\u1ea5u l\u1ecfng nh\u1eb9, t\u01b0\u01a1i m\u00e1t, kh\u00f4ng b\u1ebft d\u00ednh, kh\u00f4ng c\u1ea7n r\u1eeda l\u1ea1i v\u1edbi n\u01b0\u1edbc.<\/p>\n<p> Th\u00f4ng s\u1ed1 s\u1ea3n ph\u1ea9m:Th\u01b0\u01a1ng hi\u1ec7u: Garnier<br \/>\n Xu\u1ea5t x\u1ee9 th\u01b0\u01a1ng hi\u1ec7u: Ph\u00e1p<br \/>\n N\u01a1i s\u1ea3n xu\u1ea5t: Indonesia \/ China<br \/>\n Dung t\u00edch: 400ml<br \/>\n Ng\u00e0y s\u1ea3n xu\u1ea5t: Xem tr\u00ean bao b\u00ec<br \/>\n H\u1ea1n s\u1eed d\u1ee5ng: 3 n\u0103m k\u1ec3 t\u1eeb ng\u00e0y s\u1ea3n xu\u1ea5t<\/p>\n","protected":false},"excerpt":{"rendered":"<p>N\u01b0\u1edbc T\u1ea9y Trang Garnier Micellar Cleansing Water l\u00e0 d\u00f2ng s\u1ea3n ph\u1ea9m t\u1ea9y trang n\u1ed5i ti\u1ebfng \u0111\u1ebfn t\u1eeb th\u01b0\u01a1ng hi\u1ec7u Garnier c\u1ee7a Ph\u00e1p, s\u1eed d\u1ee5ng c\u00f4ng ngh\u1ec7 Micelles (Micellar Technology) c\u00f3 ch\u1ee9a c\u00e1c ph\u00e2n t\u1eed mi-xen ho\u1ea1t \u0111\u1ed9ng theo c\u01a1 ch\u1ebf nam ch\u00e2m gi\u00fap nh\u1eb9 nh\u00e0ng l\u00e0m s\u1ea1ch da v\u00e0 l\u1ea5y \u0111i b\u1ee5i b\u1ea9n, c\u1eb7n trang&#8230;<\/p>\n","protected":false},"featured_media":6446,"comment_status":"open","ping_status":"closed","template":"","meta":[],"product_brand":[1502],"product_cat":[15,1398,1488,1470,1399],"product_tag":[525,410,526,1715],"class_list":{"0":"post-9384","1":"product","2":"type-product","3":"status-publish","4":"has-post-thumbnail","6":"product_brand-garnier","7":"product_cat-chua-phan-loai","8":"product_cat-cham-soc-da","9":"product_cat-cham-soc-mat","10":"product_cat-garnier","11":"product_cat-nuoc-tay-trang","12":"product_tag-garnier","13":"product_tag-nuoc-tay-trang","14":"product_tag-nuoc-tay-trang-garnier","15":"product_tag-tay-trang","17":"first","18":"instock","19":"sale","20":"shipping-taxable","21":"purchasable","22":"product-type-simple"},"acf":[],"_links":{"self":[{"href":"https:\/\/thanglongbeauty.vn\/index.php?rest_route=\/wp\/v2\/product\/9384","targetHints":{"allow":["GET"]}}],"collection":[{"href":"https:\/\/thanglongbeauty.vn\/index.php?rest_route=\/wp\/v2\/product"}],"about":[{"href":"https:\/\/thanglongbeauty.vn\/index.php?rest_route=\/wp\/v2\/types\/product"}],"replies":[{"embeddable":true,"href":"https:\/\/thanglongbeauty.vn\/index.php?rest_route=%2Fwp%2Fv2%2Fcomments&post=9384"}],"wp:featuredmedia":[{"embeddable":true,"href":"https:\/\/thanglongbeauty.vn\/index.php?rest_route=\/wp\/v2\/media\/6446"}],"wp:attachment":[{"href":"https:\/\/thanglongbeauty.vn\/index.php?rest_route=%2Fwp%2Fv2%2Fmedia&parent=9384"}],"wp:term":[{"taxonomy":"product_brand","embeddable":true,"href":"https:\/\/thanglongbeauty.vn\/index.php?rest_route=%2Fwp%2Fv2%2Fproduct_brand&post=9384"},{"taxonomy":"product_cat","embeddable":true,"href":"https:\/\/thanglongbeauty.vn\/index.php?rest_route=%2Fwp%2Fv2%2Fproduct_cat&post=9384"},{"taxonomy":"product_tag","embeddable":true,"href":"https:\/\/thanglongbeauty.vn\/index.php?rest_route=%2Fwp%2Fv2%2Fproduct_tag&post=9384"}],"curies":[{"name":"wp","href":"https:\/\/api.w.org\/{rel}","templated":true}]}}