{"id":9389,"date":"2025-10-20T10:42:48","date_gmt":"2025-10-20T10:42:48","guid":{"rendered":"https:\/\/thanglongbeauty.vn\/san-pham\/san-pham-56\/"},"modified":"2025-10-28T08:43:06","modified_gmt":"2025-10-28T08:43:06","slug":"nuoc-tay-trang-deepfresh-face-mat-moi-400ml","status":"publish","type":"product","link":"https:\/\/thanglongbeauty.vn\/?product=nuoc-tay-trang-deepfresh-face-mat-moi-400ml","title":{"rendered":"N\u01b0\u1edbc t\u1ea9y trang Deepfresh Face, m\u1eaft, m\u00f4i  400ml"},"content":{"rendered":"<p>Deep Fresh l\u00e0 th\u01b0\u01a1ng hi\u1ec7u n\u1ed5i ti\u1ebfng t\u1ea1i Th\u1ed5 Nh\u0129 K\u1ef3 v\u1ec1 c\u00e1c s\u1ea3n ph\u1ea9m ch\u0103m s\u00f3c s\u1ee9c kh\u1ecfe, l\u00e0m \u0111\u1eb9p v\u00e0 v\u1ec7 sinh cho ph\u1ee5 n\u1eef. C\u00e1c s\u1ea3n ph\u1ea9m c\u1ee7a Deep Fresh \u0111\u1ec1u ch\u1ee9a nh\u1eefng th\u00e0nh ph\u1ea7n \u0111\u1ebfn t\u1eeb thi\u00ean nhi\u00ean cung c\u1ea5p d\u01b0\u1ee1ng ch\u1ea5t c\u1ea7n thi\u1ebft cho da c\u1ee7a b\u1ea1n, c\u0169ng nh\u01b0 \u0111\u1ea3m b\u1ea3o s\u1ef1 an to\u00e0n cho l\u00e0n da b\u1ea1n. B\u00ean c\u1ea1nh \u0111\u00f3, Deep Fresh lu\u00f4n \u0111\u1ea3m b\u1ea3o \u0111\u01b0\u1ee3c thi\u1ebft k\u1ebf bao b\u00ec \u1ea5n t\u01b0\u1ee3ng ti\u1ec7n l\u1ee3i c\u00f9ng v\u1edbi \u0111\u00f3 l\u00e0 ch\u1ea5t l\u01b0\u1ee3ng c\u00e1c s\u1ea3n ph\u1ea9m nh\u01b0 s\u1eefa r\u1eeda m\u1eb7t, n\u01b0\u1edbc t\u1ea9y trang,&#8230; \u0111\u01b0\u1ee3c r\u1ea5t nhi\u1ec1u ph\u1ee5 n\u1eef Th\u1ed5 Nh\u0129 K\u1ef3 l\u1ef1a ch\u1ecdn v\u00e0 tin t\u01b0\u1edfng, hi\u1ec7n nay kh\u00f4ng ch\u1ec9 c\u00f3 \u1edf \u0111\u1ea5t n\u01b0\u1edbc n\u00e0y m\u00e0 r\u1ea5t nhi\u1ec1u ph\u1ee5 n\u1eef c\u00e1c n\u01b0\u1edbc \u0111ang l\u1ef1a ch\u1ecdn v\u00e0 s\u1eed d\u1ee5ng Deep Fresh<\/p>\n","protected":false},"excerpt":{"rendered":"<p>Deep Fresh l\u00e0 th\u01b0\u01a1ng hi\u1ec7u n\u1ed5i ti\u1ebfng t\u1ea1i Th\u1ed5 Nh\u0129 K\u1ef3 v\u1ec1 c\u00e1c s\u1ea3n ph\u1ea9m ch\u0103m s\u00f3c s\u1ee9c kh\u1ecfe, l\u00e0m \u0111\u1eb9p v\u00e0 v\u1ec7 sinh cho ph\u1ee5 n\u1eef. C\u00e1c s\u1ea3n ph\u1ea9m c\u1ee7a Deep Fresh \u0111\u1ec1u ch\u1ee9a nh\u1eefng th\u00e0nh ph\u1ea7n \u0111\u1ebfn t\u1eeb thi\u00ean nhi\u00ean cung c\u1ea5p d\u01b0\u1ee1ng ch\u1ea5t c\u1ea7n thi\u1ebft cho da c\u1ee7a b\u1ea1n, c\u0169ng nh\u01b0 \u0111\u1ea3m&#8230;<\/p>\n","protected":false},"featured_media":7811,"comment_status":"open","ping_status":"closed","template":"","meta":[],"product_brand":[1553],"product_cat":[15,1398,1488,1399],"product_tag":[181,410,1720,1715],"class_list":{"0":"post-9389","1":"product","2":"type-product","3":"status-publish","4":"has-post-thumbnail","6":"product_brand-deep-fresh","7":"product_cat-chua-phan-loai","8":"product_cat-cham-soc-da","9":"product_cat-cham-soc-mat","10":"product_cat-nuoc-tay-trang","11":"product_tag-deepfresh","12":"product_tag-nuoc-tay-trang","13":"product_tag-nuoc-tay-trang-deepfresh","14":"product_tag-tay-trang","16":"first","17":"onbackorder","18":"shipping-taxable","19":"purchasable","20":"product-type-simple"},"acf":[],"_links":{"self":[{"href":"https:\/\/thanglongbeauty.vn\/index.php?rest_route=\/wp\/v2\/product\/9389","targetHints":{"allow":["GET"]}}],"collection":[{"href":"https:\/\/thanglongbeauty.vn\/index.php?rest_route=\/wp\/v2\/product"}],"about":[{"href":"https:\/\/thanglongbeauty.vn\/index.php?rest_route=\/wp\/v2\/types\/product"}],"replies":[{"embeddable":true,"href":"https:\/\/thanglongbeauty.vn\/index.php?rest_route=%2Fwp%2Fv2%2Fcomments&post=9389"}],"wp:featuredmedia":[{"embeddable":true,"href":"https:\/\/thanglongbeauty.vn\/index.php?rest_route=\/wp\/v2\/media\/7811"}],"wp:attachment":[{"href":"https:\/\/thanglongbeauty.vn\/index.php?rest_route=%2Fwp%2Fv2%2Fmedia&parent=9389"}],"wp:term":[{"taxonomy":"product_brand","embeddable":true,"href":"https:\/\/thanglongbeauty.vn\/index.php?rest_route=%2Fwp%2Fv2%2Fproduct_brand&post=9389"},{"taxonomy":"product_cat","embeddable":true,"href":"https:\/\/thanglongbeauty.vn\/index.php?rest_route=%2Fwp%2Fv2%2Fproduct_cat&post=9389"},{"taxonomy":"product_tag","embeddable":true,"href":"https:\/\/thanglongbeauty.vn\/index.php?rest_route=%2Fwp%2Fv2%2Fproduct_tag&post=9389"}],"curies":[{"name":"wp","href":"https:\/\/api.w.org\/{rel}","templated":true}]}}