{"id":9396,"date":"2025-10-20T10:42:52","date_gmt":"2025-10-20T10:42:52","guid":{"rendered":"https:\/\/thanglongbeauty.vn\/san-pham\/san-pham-62\/"},"modified":"2025-10-25T08:04:09","modified_gmt":"2025-10-25T08:04:09","slug":"san-pham-62","status":"publish","type":"product","link":"https:\/\/thanglongbeauty.vn\/?product=san-pham-62","title":{"rendered":"S\u1eefa T\u1eafm G\u1ed9i B\u00e9 Cetaphil Baby Gentle Wash&#038;Shampoo 230ml"},"content":{"rendered":"<p>S\u1eefa t\u1eafm g\u1ed9i d\u1ecbu l\u00e0nh cho b\u00e9 Cetaphil Baby Gentle Wash &#038; ShampooS\u1eefa t\u1eafm g\u1ed9i d\u1ecbu l\u00e0nh Cetaphil Baby Gentle Wash &#038; Shampoo v\u1edbi c\u00e1c th\u00e0nh ph\u1ea7n t\u1eeb thi\u00ean nhi\u00ean gi\u00fap ch\u0103m s\u00f3c v\u00e0 l\u00e0m s\u1ea1ch l\u00e0n da m\u1ecfng manh c\u1ee7a tr\u1ebb s\u01a1 sinh, \u0111\u1ed3ng th\u1eddi b\u1ea3o v\u1ec7 v\u00e0 cung c\u1ea5p \u0111\u1ed9 \u1ea9m cho s\u1ef1 ph\u00e1t tri\u1ec3n kh\u1ecfe m\u1ea1nh c\u1ee7a da b\u00e9.<br \/>\n S\u1eefa t\u1eafm g\u1ed9i d\u1ecbu l\u00e0nh Cetaphil Baby v\u1edbi c\u00f4ng th\u1ee9c c\u00f3 \u0111\u1ed9 pH trung t\u00ednh, d\u1ecbu l\u00e0nh v\u00e0 ph\u00f9 h\u1ee3p \u0111\u1ec3 l\u00e0m s\u1ea1ch da b\u00e9 h\u1eb1ng ng\u00e0y Nu\u00f4i d\u01b0\u1ee1ng v\u00e0 b\u1ea3o v\u1ec7 m\u00e0ng \u1ea9m t\u1ef1 nhi\u00ean c\u1ee7a da gi\u00fap da b\u00e9 ph\u00e1t tri\u1ec3n kh\u1ecfe m\u1ea1nh v\u1edbi 5 \u0111i\u1ec1u d\u1ecbu l\u00e0nh: l\u00e0nh t\u00ednh, kh\u00f4ng k\u00edch \u1ee9ng, m\u1ec1m m\u01b0\u1ee3t, gi\u1eef \u1ea9m v\u00e0 che ch\u1edf m\u00e0ng \u1ea9m t\u1ef1 nhi\u00ean. Gi\u00fap lo\u1ea1i b\u1ecf c\u00e1c t\u1ebf b\u00e0o da ch\u1ebft v\u00e0 gi\u1eef cho da tr\u00e1nh \u0111\u01b0\u1ee3c c\u00e1c ch\u1ea5t k\u00edch \u1ee9ng v\u00e0 vi khu\u1ea9n c\u00f3 h\u1ea1i cho da. Kh\u00f4ng g\u00e2y k\u00edch \u1ee9ng v\u00e0 kh\u00f4ng g\u00e2y cay m\u1eaftT\u00cdNH N\u0102NG, \u0110\u1eb6C \u0110I\u1ec2MS\u1eefa t\u1eafm g\u1ed9i d\u1ecbu l\u00e0nh cho em b\u00e9 Cetaphil Baby Gentle Wash &#038; Shampoo, nh\u1eb9 nh\u00e0ng l\u00e0m s\u1ea1ch da to\u00e0n th\u00e2n c\u1ee7a b\u00e9, trong khi v\u1eabn b\u1ea3o v\u1ec7 v\u00e0 c\u1ea5p \u1ea9m cho s\u1ef1 ph\u00e1t tri\u1ec3n kh\u1ecfe m\u1ea1nh c\u1ee7a da b\u00e9. Nh\u1eb9 d\u1ecbu, an to\u00e0n th\u00edch h\u1ee3p cho c\u1ea3 tr\u1ebb s\u01a1 sinh<\/p>\n<p> Kh\u00f4ng ch\u1ee9a Paraben<br \/>\n Kh\u00f4ng g\u00e2y k\u00edch \u1ee9ng<br \/>\n Kh\u00f4ng g\u00e2y cay m\u1eaft<br \/>\n \u0110\u00e3 \u0111\u01b0\u1ee3c b\u00e1c s\u0129 da li\u1ec5u ki\u1ec3m nghi\u1ec7m<br \/>\n Th\u00e0nh ph\u1ea7nAqua, Cocamidopropyl Betaine, Disodium Cocoamphodiace-Tate, Glycerin, Coco-Glucoside, Acrylates\/C10-30 Alkyl Acrylate Crosspolymer, Citric Acid, Heliotropine, Panthenol, Parfum, Phenoxyethanol, Polyquaternium-10, Propylene Glycol, Quaternium-80, Sodium Benzoate, Sodium Chloride, Sodium Citrate, Sodium Cocoamphoa-Catate, Sodium Hydroxide<br \/>\n Chu tr\u00ecnh ch\u0103m daH\u01b0\u1edbng d\u1eabn s\u1eed d\u1ee5ng \u0111\u1ec3 c\u00f3 k\u1ebft qu\u1ea3 t\u1ed1t nh\u1ea5t<br \/>\n Ch\u1ec9 c\u1ea7n \u0111\u1ed5 s\u1eefa t\u1eafm v\u00e0o tay ho\u1eb7c kh\u0103n c\u1ee7a b\u1ea1n v\u00e0 nh\u1eb9 nh\u00e0ng xoa b\u00f3p l\u00ean t\u00f3c v\u00e0 c\u01a1 th\u1ec3 c\u1ee7a em b\u00e9 \u0111\u1ec3 t\u1ea1o b\u1ecdt, sau \u0111\u00f3 r\u1eeda s\u1ea1ch v\u00e0 th\u1ea5m kh\u00f4 kh\u0103n nh\u1eb9.<br \/>\n Ph\u00f9 h\u1ee3p \u0111\u1ec3 s\u1eed d\u1ee5ng h\u00e0ng ng\u00e0y<br \/>\n V\u1edbi c\u00e1c th\u00e0nh ph\u1ea7n d\u1ecbu nh\u1eb9 cho da b\u00e9, s\u1eefa t\u1eafm g\u1ed9i d\u1ecbu l\u00e0nh cho tr\u1ebb s\u01a1 sinh n\u00e0y l\u00e0 m\u1ed9t ph\u1ea7n kh\u00f4ng th\u1ec3 thi\u1ebfu trong th\u00f3i quen ch\u0103m s\u00f3c th\u01b0\u1eddng xuy\u00ean c\u1ee7a con b\u1ea1n.<br \/>\n Th\u00eam y\u00eau th\u01b0\u01a1ng, th\u00eam d\u1ecbu l\u00e0nh<br \/>\n \u0110\u1ec3 gi\u1eef cho l\u00e0n da m\u1ec1m m\u1ea1i, h\u00e3y d\u00e0nh cho b\u00e9 m\u1ed9t ch\u00fat y\u00eau th\u01b0\u01a1ng. S\u1eed d\u1ee5ng Baby Daily Lotion c\u00f9ng v\u1edbi Baby Wash &#038; Shampoo khi t\u1eafm \u0111\u1ec3 gi\u1eef cho l\u00e0n da kh\u1ecfe m\u1ea1nh, m\u1ecbn m\u00e0ng v\u00e0 m\u1ec1m m\u1ea1i.<\/p>\n","protected":false},"excerpt":{"rendered":"<p>S\u1eefa t\u1eafm g\u1ed9i d\u1ecbu l\u00e0nh cho b\u00e9 Cetaphil Baby Gentle Wash &#038; ShampooS\u1eefa t\u1eafm g\u1ed9i d\u1ecbu l\u00e0nh Cetaphil Baby Gentle Wash &#038; Shampoo v\u1edbi c\u00e1c th\u00e0nh ph\u1ea7n t\u1eeb thi\u00ean nhi\u00ean gi\u00fap ch\u0103m s\u00f3c v\u00e0 l\u00e0m s\u1ea1ch l\u00e0n da m\u1ecfng manh c\u1ee7a tr\u1ebb s\u01a1 sinh, \u0111\u1ed3ng th\u1eddi b\u1ea3o v\u1ec7 v\u00e0 cung c\u1ea5p \u0111\u1ed9 \u1ea9m cho s\u1ef1&#8230;<\/p>\n","protected":false},"featured_media":6309,"comment_status":"open","ping_status":"closed","template":"","meta":[],"product_brand":[1493],"product_cat":[15,1392,1395],"product_tag":[491,1680,306,307,308,1679],"class_list":{"0":"post-9396","1":"product","2":"type-product","3":"status-publish","4":"has-post-thumbnail","6":"product_brand-cetaphil","7":"product_cat-chua-phan-loai","8":"product_cat-me-va-be","9":"product_cat-sua-tam-goi-cho-be","10":"product_tag-cetaphil","11":"product_tag-purren","12":"product_tag-sua-tam-cho-be-so-sinh","13":"product_tag-sua-tam-em-be","14":"product_tag-sua-tam-goi-be","15":"product_tag-tam-goi-be","17":"first","18":"onbackorder","19":"shipping-taxable","20":"purchasable","21":"product-type-simple"},"acf":[],"_links":{"self":[{"href":"https:\/\/thanglongbeauty.vn\/index.php?rest_route=\/wp\/v2\/product\/9396","targetHints":{"allow":["GET"]}}],"collection":[{"href":"https:\/\/thanglongbeauty.vn\/index.php?rest_route=\/wp\/v2\/product"}],"about":[{"href":"https:\/\/thanglongbeauty.vn\/index.php?rest_route=\/wp\/v2\/types\/product"}],"replies":[{"embeddable":true,"href":"https:\/\/thanglongbeauty.vn\/index.php?rest_route=%2Fwp%2Fv2%2Fcomments&post=9396"}],"wp:featuredmedia":[{"embeddable":true,"href":"https:\/\/thanglongbeauty.vn\/index.php?rest_route=\/wp\/v2\/media\/6309"}],"wp:attachment":[{"href":"https:\/\/thanglongbeauty.vn\/index.php?rest_route=%2Fwp%2Fv2%2Fmedia&parent=9396"}],"wp:term":[{"taxonomy":"product_brand","embeddable":true,"href":"https:\/\/thanglongbeauty.vn\/index.php?rest_route=%2Fwp%2Fv2%2Fproduct_brand&post=9396"},{"taxonomy":"product_cat","embeddable":true,"href":"https:\/\/thanglongbeauty.vn\/index.php?rest_route=%2Fwp%2Fv2%2Fproduct_cat&post=9396"},{"taxonomy":"product_tag","embeddable":true,"href":"https:\/\/thanglongbeauty.vn\/index.php?rest_route=%2Fwp%2Fv2%2Fproduct_tag&post=9396"}],"curies":[{"name":"wp","href":"https:\/\/api.w.org\/{rel}","templated":true}]}}