{"id":9398,"date":"2025-10-20T10:42:52","date_gmt":"2025-10-20T10:42:52","guid":{"rendered":"https:\/\/thanglongbeauty.vn\/san-pham\/san-pham-64\/"},"modified":"2025-10-25T08:04:09","modified_gmt":"2025-10-25T08:04:09","slug":"san-pham-64","status":"publish","type":"product","link":"https:\/\/thanglongbeauty.vn\/?product=san-pham-64","title":{"rendered":"S\u1eefa T\u1eafm G\u1ed9i tr\u1ebb em Dnee Organic Th\u00e1i m\u00e0u t\u00edm 380ml"},"content":{"rendered":"","protected":false},"excerpt":{"rendered":"","protected":false},"featured_media":6490,"comment_status":"open","ping_status":"closed","template":"","meta":[],"product_brand":[1522],"product_cat":[15,1392,1395],"product_tag":[491,1680,306,307,308,1679],"class_list":{"0":"post-9398","1":"product","2":"type-product","3":"status-publish","4":"has-post-thumbnail","6":"product_brand-dnee","7":"product_cat-chua-phan-loai","8":"product_cat-me-va-be","9":"product_cat-sua-tam-goi-cho-be","10":"product_tag-cetaphil","11":"product_tag-purren","12":"product_tag-sua-tam-cho-be-so-sinh","13":"product_tag-sua-tam-em-be","14":"product_tag-sua-tam-goi-be","15":"product_tag-tam-goi-be","17":"first","18":"onbackorder","19":"shipping-taxable","20":"purchasable","21":"product-type-simple"},"acf":[],"_links":{"self":[{"href":"https:\/\/thanglongbeauty.vn\/index.php?rest_route=\/wp\/v2\/product\/9398","targetHints":{"allow":["GET"]}}],"collection":[{"href":"https:\/\/thanglongbeauty.vn\/index.php?rest_route=\/wp\/v2\/product"}],"about":[{"href":"https:\/\/thanglongbeauty.vn\/index.php?rest_route=\/wp\/v2\/types\/product"}],"replies":[{"embeddable":true,"href":"https:\/\/thanglongbeauty.vn\/index.php?rest_route=%2Fwp%2Fv2%2Fcomments&post=9398"}],"wp:featuredmedia":[{"embeddable":true,"href":"https:\/\/thanglongbeauty.vn\/index.php?rest_route=\/wp\/v2\/media\/6490"}],"wp:attachment":[{"href":"https:\/\/thanglongbeauty.vn\/index.php?rest_route=%2Fwp%2Fv2%2Fmedia&parent=9398"}],"wp:term":[{"taxonomy":"product_brand","embeddable":true,"href":"https:\/\/thanglongbeauty.vn\/index.php?rest_route=%2Fwp%2Fv2%2Fproduct_brand&post=9398"},{"taxonomy":"product_cat","embeddable":true,"href":"https:\/\/thanglongbeauty.vn\/index.php?rest_route=%2Fwp%2Fv2%2Fproduct_cat&post=9398"},{"taxonomy":"product_tag","embeddable":true,"href":"https:\/\/thanglongbeauty.vn\/index.php?rest_route=%2Fwp%2Fv2%2Fproduct_tag&post=9398"}],"curies":[{"name":"wp","href":"https:\/\/api.w.org\/{rel}","templated":true}]}}