{"id":9400,"date":"2025-10-20T10:42:52","date_gmt":"2025-10-20T10:42:52","guid":{"rendered":"https:\/\/thanglongbeauty.vn\/san-pham\/san-pham-66\/"},"modified":"2025-10-25T08:02:34","modified_gmt":"2025-10-25T08:02:34","slug":"san-pham-66","status":"publish","type":"product","link":"https:\/\/thanglongbeauty.vn\/?product=san-pham-66","title":{"rendered":"T\u1eafm g\u1ed9i b\u00e9 LACTACYD Baby Extra Milky 500ML"},"content":{"rendered":"<p>S\u1eeeA T\u1eaeM G\u1ed8I H\u1eb0NG NG\u00c0Y CHO B\u00c9 LACTACYD BABY EXTRA MILKY, GI\u00daP L\u00c0M S\u1ea0CH D\u1ecaU NH\u1eb8 V\u00c0 D\u01af\u1ee0NG \u1ea8M V\u01af\u1ee2T TR\u1ed8I G\u1ea4P 4 L\u1ea6N.<\/p>\n<p> S\u1eefa t\u1eafm g\u1ed9i h\u1eb1ng ng\u00e0y cho b\u00e9 Lactacyd Baby Extra Milky c\u00f3 chi\u1ebft xu\u1ea5t Lactoserum t\u1eeb s\u1eefa t\u1ef1 nhi\u00ean gi\u00fap l\u00e0m s\u1ea1ch v\u00e0 d\u01b0\u1ee1ng \u1ea9m v\u00e0 Lactic Acid h\u1eefu c\u01a1 gi\u00fap ng\u1eeba m\u1ea9n ng\u1ee9a. S\u1ef1 k\u1ebft h\u1ee3p c\u1ee7a 4 th\u00e0nh ph\u1ea7n d\u01b0\u1ee1ng \u1ea9m c\u00f9ng c\u00f4ng ngh\u1ec7 kh\u00f3a \u1ea9m Quadruple Moisture Lock gi\u00fap d\u01b0\u1ee1ng \u1ea9m v\u01b0\u1ee3t tr\u1ed9i g\u1ea5p 4 l\u1ea7n, cho da v\u00e0 t\u00f3c b\u00e9 lu\u00f4n m\u1ec1m m\u1ea1i, m\u1ecbn m\u00e0ng. S\u1ea3n ph\u1ea9m \u0111\u00e3 \u0111\u01b0\u1ee3c ki\u1ec3m nghi\u1ec7m tr\u00ean da, th\u00edch h\u1ee3p s\u1eed d\u1ee5ng h\u1eb1ng ng\u00e0y, an to\u00e0n cho l\u00e0n da nh\u1ea1y c\u1ea3m c\u1ee7a b\u00e9. H\u01b0\u01a1ng s\u1eefa th\u01a1m d\u1ecbu nh\u1eb9, \u0111em l\u1ea1i c\u1ea3m gi\u00e1c d\u1ec5 ch\u1ecbu cho b\u00e9 y\u00eau.<\/p>\n<p> Ngo\u00e0i ra, Lactacyd c\u00f2n c\u00f3 nh\u1eefng d\u00f2ng s\u1ea3n ph\u1ea9m, gi\u1ea3i quy\u1ebft nhu c\u1ea7u c\u1ee5 th\u1ec3 c\u1ee7a l\u00e0n da b\u00e9 y\u00eau:<br \/>\n Lactacyd Baby Gentle Care: Gi\u00fap gi\u1ea3m r\u00f4m s\u1ea3y v\u00e0 h\u0103m k\u1ebd v\u01b0\u1ee3t tr\u1ed9i.<br \/>\n Lactacyd Baby Extra Milky: Gi\u00fap l\u00e0m s\u1ea1ch d\u1ecbu nh\u1eb9 v\u00e0 d\u01b0\u1ee1ng \u1ea9m v\u01b0\u1ee3t tr\u1ed9i g\u1ea5p 4 l\u1ea7n.<br \/>\n Lactacyd Baby Active Play: Gi\u00fap \u0111\u1ec1 kh\u00e1ng da v\u00e0 b\u1ea3o v\u1ec7 b\u00e9 kh\u1ecfi vi khu\u1ea9n.<\/p>\n<p> H\u01b0\u1edbng d\u1eabn s\u1eed d\u1ee5ng:<br \/>\n &#8211; B\u01b0\u1edbc 1: L\u1eafc \u0111\u1ec1u tr\u01b0\u1edbc khi s\u1eed d\u1ee5ng<br \/>\n &#8211; B\u01b0\u1edbc 2: \u0110\u1ed5 m\u1ed9t l\u01b0\u1ee3ng nh\u1ecf v\u00e0o l\u00f2ng b\u00e0n tay\/b\u00f4ng t\u1eafm v\u00e0 t\u1ea1o b\u1ecdt<br \/>\n &#8211; B\u01b0\u1edbc 3: Thoa nh\u1eb9 l\u00ean th\u00e2n v\u00e0 t\u00f3c b\u00e9.<br \/>\n &#8211; B\u01b0\u1edbc 4: T\u1eafm l\u1ea1i b\u1eb1ng n\u01b0\u1edbc s\u1ea1ch.<\/p>\n<p> HSD: 3 n\u0103m k\u1ec3 t\u1eeb ng\u00e0y s\u1ea3n xu\u1ea5t<br \/>\n \u0110\u1ed1i t\u01b0\u1ee3ng s\u1eed d\u1ee5ng: S\u1ea3n ph\u1ea9m d\u00f9ng cho tr\u1ebb s\u01a1 sinh v\u00e0 tr\u1ebb nh\u1ecf.<br \/>\n B\u1ea3o qu\u1ea3n:<br \/>\n &#8211; N\u01a1i kh\u00f4 r\u00e1o tho\u00e1ng m\u00e1t.<br \/>\n &#8211; Tr\u00e1nh \u00e1nh n\u1eafng tr\u1ef1c ti\u1ebfp, n\u01a1i c\u00f3 nhi\u1ec7t \u0111\u1ed9 cao ho\u1eb7c \u1ea9m \u01b0\u1edbt.<br \/>\n &#8211; \u0110\u1eady n\u1eafp k\u00edn sau khi s\u1eed d\u1ee5ng.<\/p>\n","protected":false},"excerpt":{"rendered":"<p>S\u1eeeA T\u1eaeM G\u1ed8I H\u1eb0NG NG\u00c0Y CHO B\u00c9 LACTACYD BABY EXTRA MILKY, GI\u00daP L\u00c0M S\u1ea0CH D\u1ecaU NH\u1eb8 V\u00c0 D\u01af\u1ee0NG \u1ea8M V\u01af\u1ee2T TR\u1ed8I G\u1ea4P 4 L\u1ea6N. S\u1eefa t\u1eafm g\u1ed9i h\u1eb1ng ng\u00e0y cho b\u00e9 Lactacyd Baby Extra Milky c\u00f3 chi\u1ebft xu\u1ea5t Lactoserum t\u1eeb s\u1eefa t\u1ef1 nhi\u00ean gi\u00fap l\u00e0m s\u1ea1ch v\u00e0 d\u01b0\u1ee1ng \u1ea9m v\u00e0 Lactic Acid h\u1eefu c\u01a1 gi\u00fap&#8230;<\/p>\n","protected":false},"featured_media":8249,"comment_status":"open","ping_status":"closed","template":"","meta":[],"product_brand":[1558],"product_cat":[15,1392,1395],"product_tag":[491,1685,1680,306,307,308,1679],"class_list":{"0":"post-9400","1":"product","2":"type-product","3":"status-publish","4":"has-post-thumbnail","6":"product_brand-lactacyd","7":"product_cat-chua-phan-loai","8":"product_cat-me-va-be","9":"product_cat-sua-tam-goi-cho-be","10":"product_tag-cetaphil","11":"product_tag-lactacyd","12":"product_tag-purren","13":"product_tag-sua-tam-cho-be-so-sinh","14":"product_tag-sua-tam-em-be","15":"product_tag-sua-tam-goi-be","16":"product_tag-tam-goi-be","18":"first","19":"outofstock","20":"shipping-taxable","21":"purchasable","22":"product-type-simple"},"acf":[],"_links":{"self":[{"href":"https:\/\/thanglongbeauty.vn\/index.php?rest_route=\/wp\/v2\/product\/9400","targetHints":{"allow":["GET"]}}],"collection":[{"href":"https:\/\/thanglongbeauty.vn\/index.php?rest_route=\/wp\/v2\/product"}],"about":[{"href":"https:\/\/thanglongbeauty.vn\/index.php?rest_route=\/wp\/v2\/types\/product"}],"replies":[{"embeddable":true,"href":"https:\/\/thanglongbeauty.vn\/index.php?rest_route=%2Fwp%2Fv2%2Fcomments&post=9400"}],"wp:featuredmedia":[{"embeddable":true,"href":"https:\/\/thanglongbeauty.vn\/index.php?rest_route=\/wp\/v2\/media\/8249"}],"wp:attachment":[{"href":"https:\/\/thanglongbeauty.vn\/index.php?rest_route=%2Fwp%2Fv2%2Fmedia&parent=9400"}],"wp:term":[{"taxonomy":"product_brand","embeddable":true,"href":"https:\/\/thanglongbeauty.vn\/index.php?rest_route=%2Fwp%2Fv2%2Fproduct_brand&post=9400"},{"taxonomy":"product_cat","embeddable":true,"href":"https:\/\/thanglongbeauty.vn\/index.php?rest_route=%2Fwp%2Fv2%2Fproduct_cat&post=9400"},{"taxonomy":"product_tag","embeddable":true,"href":"https:\/\/thanglongbeauty.vn\/index.php?rest_route=%2Fwp%2Fv2%2Fproduct_tag&post=9400"}],"curies":[{"name":"wp","href":"https:\/\/api.w.org\/{rel}","templated":true}]}}